{"id":106234,"date":"2025-02-10T14:22:06","date_gmt":"2025-02-10T14:22:06","guid":{"rendered":"https:\/\/store.evolve-fitness.eu\/?post_type=product&#038;p=106234"},"modified":"2025-10-07T13:06:17","modified_gmt":"2025-10-07T13:06:17","slug":"evolve-prime-series-plokstes-pakrauta-krutines-spauda-ir-lat-pull-down","status":"publish","type":"product","link":"https:\/\/store.evolve-fitness.eu\/lt\/produktas\/evolve-prime-series-plokstes-pakrauta-krutines-spauda-ir-lat-pull-down\/","title":{"rendered":"Evolve Prime Series laisv\u0173 svori\u0173 kr\u016btin\u0117s spaudimo ir prisitraukim\u0173 treniruoklis (PR-011)"},"content":{"rendered":"\n<section class=\"wp-block-group alignfull black-content has-white-color has-darkgray-background-color has-text-color has-background is-layout-constrained wp-block-group-is-layout-constrained\" style=\"padding-top:var(--wp--preset--spacing--section-bottom);padding-bottom:var(--wp--preset--spacing--section-bottom)\">\n<h3 class=\"wp-block-heading has-text-align-center\"><strong><strong>EVOLIUCIONUOJA LAISV\u0172 SVORI\u0172 \u012eRANGA<\/strong><\/strong><\/h3>\n\n\n\n<p>Evolve Prime Series  laisv\u0173 svori\u0173 gaminiuose meistri\u0161kumas yra standartas. Pagerinkite savo j\u0117gos treniruotes su treniruokliais, sukurtais patogiai, patvariai ir na\u0161iai. I\u0161nagrin\u0117kite vis\u0105 linij\u0105 \u0161iandien ir i\u0161 naujo apibr\u0117\u017ekite savo fitneso kelion\u0119.<\/p>\n\n\n\n<section class=\"wp-block-group alignfull black-content has-white-color has-darkgray-background-color has-text-color has-background is-layout-constrained wp-block-group-is-layout-constrained\" style=\"padding-top:var(--wp--preset--spacing--section-bottom);padding-bottom:var(--wp--preset--spacing--section-bottom)\">\n<div class=\"wp-block-columns alignwide mobile-reverse is-layout-flex wp-container-core-columns-is-layout-ca64bf2d wp-block-columns-is-layout-flex\" style=\"margin-bottom:var(--wp--preset--spacing--side-padding)\">\n<div class=\"wp-block-column is-vertically-aligned-center is-layout-flow wp-block-column-is-layout-flow\">\n<h3 class=\"wp-block-heading\" style=\"margin-bottom:var(--wp--preset--spacing--h-3-bottom)\"><strong><strong><strong>Universalus dvigubas funkcionalumas<\/strong><\/strong><\/strong><\/h3>\n\n\n\n<p><strong><strong><strong><em>Vir\u0161utin\u0117s k\u016bno dalies stiprumui<\/em><\/strong><\/strong><\/strong><\/p>\n\n\n\n<p style=\"margin-bottom:var(--wp--preset--spacing--tb-section-padding)\">Evolve Prime Series Evolve Prime Series laisv\u0173 svori\u0173 kr\u016btin\u0117s spaudimo ir prisitraukim\u0173 treniruoklis (PR-011) sukurtas taip, kad b\u016bt\u0173 galima atlikti i\u0161sami\u0105 vir\u0161utin\u0117s k\u016bno dalies treniruot\u0119, sujungiant du pagrindinius judesius viename treniruoklyje. Kr\u016btin\u0117s presas skirtas kr\u016btin\u0117s raumenims ir kartu u\u017etikrina s\u0105nari\u0173 saugum\u0105 d\u0117l tolygaus plok\u0161teli\u0173 pasiprie\u0161inimo, kur\u012f galima reguliuoti pagal naudotojo j\u0117gos lyg\u012f. Tuo tarpu lat pull down u\u017etikrina visapusi\u0161k\u0105 nugaros treniruot\u0119.<\/p>\n\n\n\n<h3 class=\"wp-block-heading\" style=\"margin-bottom:var(--wp--preset--spacing--h-3-bottom)\"><strong><strong><strong><strong><strong>Tikslioji in\u017einerija<\/strong><\/strong><\/strong><\/strong><\/strong><\/h3>\n\n\n\n<p><strong><strong><strong><strong><strong><em>Optimaliam raumen\u0173 \u012fsitraukimui<\/em><\/strong><\/strong><\/strong><\/strong><\/strong><\/p>\n\n\n\n<p>Evolve Prime Series kr\u016btin\u0117s spaudimo ir lenktinio tempimo treniruoklis sukurtas taip, kad atitikt\u0173 tiek profesional\u0173, tiek nam\u0173 sporto entuziast\u0173 poreikius, turi ergonomi\u0161kas rankenas ir reguliuojamus nustatymus. Taip u\u017etikrinama taisyklinga laikysena ir pad\u0117tis, padedanti naudotojams maksimaliai suaktyvinti raumenis ir kuo ma\u017eiau apkrauti s\u0105narius. Plok\u0161t\u0117s sistema leid\u017eia pasiekti laipsni\u0161k\u0105 perkrov\u0105, o tai labai svarbu stiprinant j\u0117g\u0105 ir formuojant raumenis. \u0160is treniruoklis pagamintas i\u0161 auk\u0161tos kokyb\u0117s komercin\u0117s klas\u0117s med\u017eiag\u0173, tod\u0117l garantuoja stabilum\u0105 ir ilgalaik\u012f veikim\u0105, tod\u0117l yra vertinga investicija visiems, norintiems pagerinti vir\u0161utin\u0117s k\u016bno dalies j\u0117gos treniruo\u010di\u0173 rutin\u0105.<\/p>\n<\/div>\n\n\n\n<div class=\"wp-block-column is-vertically-aligned-center is-layout-flow wp-block-column-is-layout-flow\">\n<figure class=\"wp-block-image size-full is-resized is-style-rounded\"><img decoding=\"async\" src=\"https:\/\/evolve-fitness.eu\/wp-content\/uploads\/2024\/10\/EV-PL-PR-011-Evolve-Prime-Series-Plate-Loaded-Chest-Press-Lat-Pull-Down.jpg\" alt=\"EV-PL-PR-011\" class=\"wp-image-157083\" style=\"width:643px;height:706px\"\/><\/figure>\n<\/div>\n<\/div>\n<\/section>\n<\/section>\n","protected":false},"excerpt":{"rendered":"<p>Evolve Prime Series laisv\u0173 svori\u0173 kr\u016btin\u0117s spaudimo ir prisitraukim\u0173 treniruoklis (PR-011) yra dviej\u0173 funkcij\u0173 treniruoklis, skirtas vir\u0161utinei k\u016bno daliai stiprinti. Treniruoklis turi reguliuojam\u0105 pasiprie\u0161inim\u0105, ergonomi\u0161kas rankenas ir tinkamo i\u0161lyginimo nustatymus, u\u017etikrinan\u010dius optimal\u0173 raumen\u0173 \u012fsitraukim\u0105 ir ma\u017eesn\u012f s\u0105nari\u0173 \u012ftempim\u0105. Pagamintas i\u0161 patvari\u0173, komercin\u0117s klas\u0117s med\u017eiag\u0173, tod\u0117l jis pasi\u017eymi stabilumu ir ilgaam\u017ei\u0161kumu tiek namuose, tiek sporto sal\u0117je.<\/p>\n","protected":false},"featured_media":109903,"template":"","meta":{"_acf_changed":true,"inline_featured_image":false},"product_cat":[129,226],"product_tag":[],"class_list":{"0":"post-106234","1":"product","2":"type-product","3":"status-publish","4":"has-post-thumbnail","6":"product_cat-laisvu-svoriu-treniruokliai","7":"product_cat-prime-series-laisvu-svoriu-treniruokliai","9":"first","10":"instock","11":"shipping-taxable","12":"purchasable","13":"product-type-simple"},"acf":[],"_links":{"self":[{"href":"https:\/\/store.evolve-fitness.eu\/lt\/wp-json\/wp\/v2\/product\/106234","targetHints":{"allow":["GET"]}}],"collection":[{"href":"https:\/\/store.evolve-fitness.eu\/lt\/wp-json\/wp\/v2\/product"}],"about":[{"href":"https:\/\/store.evolve-fitness.eu\/lt\/wp-json\/wp\/v2\/types\/product"}],"wp:featuredmedia":[{"embeddable":true,"href":"https:\/\/store.evolve-fitness.eu\/lt\/wp-json\/wp\/v2\/media\/109903"}],"wp:attachment":[{"href":"https:\/\/store.evolve-fitness.eu\/lt\/wp-json\/wp\/v2\/media?parent=106234"}],"wp:term":[{"taxonomy":"product_cat","embeddable":true,"href":"https:\/\/store.evolve-fitness.eu\/lt\/wp-json\/wp\/v2\/product_cat?post=106234"},{"taxonomy":"product_tag","embeddable":true,"href":"https:\/\/store.evolve-fitness.eu\/lt\/wp-json\/wp\/v2\/product_tag?post=106234"}],"curies":[{"name":"wp","href":"https:\/\/api.w.org\/{rel}","templated":true}]}}