{"id":105909,"date":"2025-02-10T13:51:22","date_gmt":"2025-02-10T13:51:22","guid":{"rendered":"https:\/\/store.evolve-fitness.eu\/?post_type=product&#038;p=105909"},"modified":"2025-04-04T06:31:53","modified_gmt":"2025-04-04T06:31:53","slug":"evolve-prime-serijos-dzemperis-plate-loaded-pullover-naujas-modelis","status":"publish","type":"product","link":"https:\/\/store.evolve-fitness.eu\/lt\/produktas\/evolve-prime-serijos-dzemperis-plate-loaded-pullover-naujas-modelis\/","title":{"rendered":"&#8222;Evolve Prime&#8221; serijos d\u017eemperis &#8222;Plate Loaded Pullover&#8221; Naujas modelis"},"content":{"rendered":"\n<section class=\"wp-block-group alignfull black-content has-white-color has-darkgray-background-color has-text-color has-background is-layout-constrained wp-block-group-is-layout-constrained\" style=\"padding-top:var(--wp--preset--spacing--section-bottom);padding-bottom:var(--wp--preset--spacing--section-bottom)\">\n<h3 class=\"wp-block-heading has-text-align-center\"><strong><strong>EVOLIUCIONUOJA PLOK\u0160TEL\u0116 SU PAGRINDINE \u012eKROVA<\/strong><\/strong><\/h3>\n\n\n\n<p>&#8222;Evolve Plate Loaded Prime Series&#8221; gaminiuose meistri\u0161kumas yra standartas. Pagerinkite savo j\u0117gos treniruotes su treniruokliais, sukurtais patogiai, patvariai ir na\u0161iai. I\u0161nagrin\u0117kite vis\u0105 linij\u0105 \u0161iandien ir i\u0161 naujo apibr\u0117\u017ekite savo fitneso kelion\u0119.  <\/p>\n\n\n\n<section class=\"wp-block-group alignfull black-content has-white-color has-darkgray-background-color has-text-color has-background is-layout-constrained wp-block-group-is-layout-constrained\" style=\"padding-top:var(--wp--preset--spacing--section-bottom);padding-bottom:var(--wp--preset--spacing--section-bottom)\">\n<div class=\"wp-block-columns alignwide mobile-reverse is-layout-flex wp-container-core-columns-is-layout-ca64bf2d wp-block-columns-is-layout-flex\" style=\"margin-bottom:var(--wp--preset--spacing--side-padding)\">\n<div class=\"wp-block-column is-vertically-aligned-center is-layout-flow wp-block-column-is-layout-flow\">\n<h3 class=\"wp-block-heading\" style=\"margin-bottom:var(--wp--preset--spacing--h-3-bottom)\"><strong><strong><strong>I\u0161sami vir\u0161utin\u0117s k\u016bno dalies treniruot\u0117<\/strong><\/strong><\/strong><\/h3>\n\n\n\n<p><strong><em><strong>Tikslinis raumen\u0173 \u012ftraukimas<\/strong><\/em><\/strong><\/p>\n\n\n\n<p style=\"margin-bottom:var(--wp--preset--spacing--tb-section-padding)\">&#8222;Evolve Prime Series&#8221; serijos &#8222;Plate Loaded Pullover&#8221; yra skirtas veiksmingai treniruoti vir\u0161utin\u0117s k\u016bno dalies raumenis, \u012fskaitant latissimus dorsi, kr\u016btin\u0119 ir tricepsus. Patogi treniruoklio reguliavimo sistema ir ry\u0161kiaspalviai komponentai u\u017etikrina lengv\u0105 nustatym\u0105 ir per\u0117jim\u0105 nuo vieno pratimo prie kito, tod\u0117l treniruot\u0117 yra universali. <\/p>\n\n\n\n<h3 class=\"wp-block-heading\" style=\"margin-bottom:var(--wp--preset--spacing--h-3-bottom)\"><strong><strong><strong><strong><strong>Auk\u0161\u010diausios kokyb\u0117s funkcijos<\/strong><\/strong><\/strong><\/strong><\/strong><\/h3>\n\n\n\n<p><strong><em>Ilgaam\u017ei\u0161kumas ir erdv\u0117s efektyvumas<\/em><\/strong><\/p>\n\n\n\n<p>\u0160is megztinis pagamintas i\u0161 auk\u0161tos kokyb\u0117s didelio atsparumo audinio ir ner\u016bdijan\u010diojo plieno \u012frangos, tod\u0117l jis skirtas ilgam naudojimui. Termoreaktyvi\u0173j\u0173 milteli\u0173 elektrostatinio pur\u0161kimo technologija u\u017etikrina patvari\u0105 apdail\u0105, i\u0161laikant ma\u0161inos vizualin\u012f patrauklum\u0105.  Integruoti svori\u0173 plok\u0161teli\u0173 laikymo kai\u0161\u010diai maksimaliai padidina erdv\u0117s efektyvum\u0105, tod\u0117l treniruo\u010di\u0173 erdv\u0117 yra tvarkinga.<\/p>\n<\/div>\n\n\n\n<div class=\"wp-block-column is-vertically-aligned-center is-layout-flow wp-block-column-is-layout-flow\">\n<figure class=\"wp-block-image size-large\"><img loading=\"lazy\" decoding=\"async\" width=\"1024\" height=\"1024\" src=\"https:\/\/store.evolve-fitness.eu\/wp-content\/uploads\/2025\/02\/EV-PL-PR-068-Evolve-Prime-Series-Plate-Loaded-Pullover--1024x1024.png\" alt=\"\" class=\"wp-image-117550\" srcset=\"https:\/\/store.evolve-fitness.eu\/wp-content\/uploads\/2025\/02\/EV-PL-PR-068-Evolve-Prime-Series-Plate-Loaded-Pullover--1024x1024.png 1024w, https:\/\/store.evolve-fitness.eu\/wp-content\/uploads\/2025\/02\/EV-PL-PR-068-Evolve-Prime-Series-Plate-Loaded-Pullover--300x300.png 300w, https:\/\/store.evolve-fitness.eu\/wp-content\/uploads\/2025\/02\/EV-PL-PR-068-Evolve-Prime-Series-Plate-Loaded-Pullover--150x150.png 150w, https:\/\/store.evolve-fitness.eu\/wp-content\/uploads\/2025\/02\/EV-PL-PR-068-Evolve-Prime-Series-Plate-Loaded-Pullover--768x768.png 768w, https:\/\/store.evolve-fitness.eu\/wp-content\/uploads\/2025\/02\/EV-PL-PR-068-Evolve-Prime-Series-Plate-Loaded-Pullover--1536x1536.png 1536w, https:\/\/store.evolve-fitness.eu\/wp-content\/uploads\/2025\/02\/EV-PL-PR-068-Evolve-Prime-Series-Plate-Loaded-Pullover--2048x2048.png 2048w, https:\/\/store.evolve-fitness.eu\/wp-content\/uploads\/2025\/02\/EV-PL-PR-068-Evolve-Prime-Series-Plate-Loaded-Pullover--600x600.png 600w, https:\/\/store.evolve-fitness.eu\/wp-content\/uploads\/2025\/02\/EV-PL-PR-068-Evolve-Prime-Series-Plate-Loaded-Pullover--100x100.png 100w\" sizes=\"auto, (max-width: 1024px) 100vw, 1024px\" \/><\/figure>\n<\/div>\n<\/div>\n<\/section>\n<\/section>\n","protected":false},"excerpt":{"rendered":"<p>&#8222;Evolve Prime Series&#8221; serijos treniruoklis su plok\u0161tel\u0117mis (EV-PL-PR-068) &#8211; tai pa\u017eangus treniruoklis, skirtas optimizuoti j\u016bs\u0173 j\u0117gos treniruo\u010di\u0173 re\u017eim\u0105. \u0160is pulloverio treniruoklis pagamintas i\u0161 komercin\u0117s klas\u0117s med\u017eiag\u0173, tod\u0117l u\u017etikrina patogum\u0105, ilgaam\u017ei\u0161kum\u0105 ir na\u0161um\u0105. D\u0117l ergonomi\u0161ko dizaino ir reguliuojam\u0173 funkcij\u0173 jis idealiai tinka bet kokio fizinio pasirengimo lygio naudotojams, puikiai tinka profesionalioms sporto sal\u0117ms.    <\/p>\n","protected":false},"featured_media":117564,"template":"","meta":{"_acf_changed":false,"inline_featured_image":false},"product_cat":[129,226],"product_tag":[],"class_list":{"0":"post-105909","1":"product","2":"type-product","3":"status-publish","4":"has-post-thumbnail","6":"product_cat-laisvu-svoriu-treniruokliai","7":"product_cat-prime-series-laisvu-svoriu-treniruokliai","9":"first","10":"outofstock","11":"shipping-taxable","12":"purchasable","13":"product-type-simple"},"acf":[],"_links":{"self":[{"href":"https:\/\/store.evolve-fitness.eu\/lt\/wp-json\/wp\/v2\/product\/105909","targetHints":{"allow":["GET"]}}],"collection":[{"href":"https:\/\/store.evolve-fitness.eu\/lt\/wp-json\/wp\/v2\/product"}],"about":[{"href":"https:\/\/store.evolve-fitness.eu\/lt\/wp-json\/wp\/v2\/types\/product"}],"wp:featuredmedia":[{"embeddable":true,"href":"https:\/\/store.evolve-fitness.eu\/lt\/wp-json\/wp\/v2\/media\/117564"}],"wp:attachment":[{"href":"https:\/\/store.evolve-fitness.eu\/lt\/wp-json\/wp\/v2\/media?parent=105909"}],"wp:term":[{"taxonomy":"product_cat","embeddable":true,"href":"https:\/\/store.evolve-fitness.eu\/lt\/wp-json\/wp\/v2\/product_cat?post=105909"},{"taxonomy":"product_tag","embeddable":true,"href":"https:\/\/store.evolve-fitness.eu\/lt\/wp-json\/wp\/v2\/product_tag?post=105909"}],"curies":[{"name":"wp","href":"https:\/\/api.w.org\/{rel}","templated":true}]}}