{"id":105859,"date":"2025-02-10T13:46:30","date_gmt":"2025-02-10T13:46:30","guid":{"rendered":"https:\/\/store.evolve-fitness.eu\/?post_type=product&#038;p=105859"},"modified":"2025-09-25T12:51:24","modified_gmt":"2025-09-25T12:51:24","slug":"evolve-prime-series-plokstes-pakrautas-tricepso-aparatas","status":"publish","type":"product","link":"https:\/\/store.evolve-fitness.eu\/lt\/produktas\/evolve-prime-series-plokstes-pakrautas-tricepso-aparatas\/","title":{"rendered":"&#8222;Evolve Prime Series&#8221; plok\u0161t\u0117s pakrautas tricepso aparatas"},"content":{"rendered":"\n<section class=\"wp-block-group alignfull black-content has-white-color has-darkgray-background-color has-text-color has-background is-layout-constrained wp-block-group-is-layout-constrained\" style=\"padding-top:var(--wp--preset--spacing--section-bottom);padding-bottom:var(--wp--preset--spacing--section-bottom)\">\n<h3 class=\"wp-block-heading has-text-align-center\"><strong><strong>EVOLIUCIONUOJA PLOK\u0160TEL\u0116 SU PAGRINDINE \u012eKROVA<\/strong><\/strong><\/h3>\n\n\n\n<p>&#8222;Evolve Plate Loaded Prime Series&#8221; gaminiuose meistri\u0161kumas yra standartas. Pagerinkite savo j\u0117gos treniruotes su treniruokliais, sukurtais patogiai, patvariai ir na\u0161iai. I\u0161nagrin\u0117kite vis\u0105 linij\u0105 \u0161iandien ir i\u0161 naujo apibr\u0117\u017ekite savo fitneso kelion\u0119.  <\/p>\n\n\n\n<section class=\"wp-block-group alignfull black-content has-white-color has-darkgray-background-color has-text-color has-background is-layout-constrained wp-block-group-is-layout-constrained\" style=\"padding-top:var(--wp--preset--spacing--section-bottom);padding-bottom:var(--wp--preset--spacing--section-bottom)\">\n<div class=\"wp-block-columns alignwide mobile-reverse is-layout-flex wp-container-core-columns-is-layout-ca64bf2d wp-block-columns-is-layout-flex\" style=\"margin-bottom:var(--wp--preset--spacing--side-padding)\">\n<div class=\"wp-block-column is-vertically-aligned-center is-layout-flow wp-block-column-is-layout-flow\">\n<h3 class=\"wp-block-heading\" style=\"margin-bottom:var(--wp--preset--spacing--h-3-bottom)\"><strong><strong><strong>Pla\u010dios \u012fgyvendinimo galimyb\u0117s<\/strong><\/strong><\/strong><\/h3>\n\n\n\n<p><strong><em><strong>Dviguba funkcija koj\u0173 treniruot\u0117ms<\/strong><\/em><\/strong><\/p>\n\n\n\n<p style=\"margin-bottom:var(--wp--preset--spacing--tb-section-padding)\"><strong>&#8222;Evolve Prime Series&#8221; plok\u0161t\u0117s pakrautas tricepso aparatas<\/strong>. &#8222;Evolve Prime&#8221; serija sukurta siekiant pagerinti j\u016bs\u0173 j\u0117gos treniruo\u010di\u0173 patirt\u012f, nes turi tvirtus, komercin\u0117s klas\u0117s treniruoklius. Kiekvienas \u0161ios linijos \u012frenginys pagamintas taip, kad u\u017etikrint\u0173 maksimal\u0173 komfort\u0105, ilgaam\u017ei\u0161kum\u0105 ir na\u0161um\u0105. \u0160ie treniruokliai pasi\u017eymi tokiomis savyb\u0117mis kaip ergonomi\u0161kas dizainas, reguliuojami komponentai ir auk\u0161tos kokyb\u0117s med\u017eiagos, tod\u0117l jie tinka visiems fizinio pasirengimo lygiams ir puikiai tinka profesionalioms \u012fstaigoms.   <\/p>\n<\/div>\n\n\n\n<div class=\"wp-block-column is-vertically-aligned-center is-layout-flow wp-block-column-is-layout-flow\">\n<figure class=\"wp-block-image size-large\"><img loading=\"lazy\" decoding=\"async\" width=\"1024\" height=\"1024\" src=\"https:\/\/store.evolve-fitness.eu\/wp-content\/uploads\/2025\/02\/EV-PL-PR-067-Evolve-Prime-Series-Plate-Loaded-Seated-Dip-1024x1024.png\" alt=\"\" class=\"wp-image-117473\" srcset=\"https:\/\/store.evolve-fitness.eu\/wp-content\/uploads\/2025\/02\/EV-PL-PR-067-Evolve-Prime-Series-Plate-Loaded-Seated-Dip-1024x1024.png 1024w, https:\/\/store.evolve-fitness.eu\/wp-content\/uploads\/2025\/02\/EV-PL-PR-067-Evolve-Prime-Series-Plate-Loaded-Seated-Dip-300x300.png 300w, https:\/\/store.evolve-fitness.eu\/wp-content\/uploads\/2025\/02\/EV-PL-PR-067-Evolve-Prime-Series-Plate-Loaded-Seated-Dip-150x150.png 150w, https:\/\/store.evolve-fitness.eu\/wp-content\/uploads\/2025\/02\/EV-PL-PR-067-Evolve-Prime-Series-Plate-Loaded-Seated-Dip-768x768.png 768w, https:\/\/store.evolve-fitness.eu\/wp-content\/uploads\/2025\/02\/EV-PL-PR-067-Evolve-Prime-Series-Plate-Loaded-Seated-Dip-1536x1536.png 1536w, https:\/\/store.evolve-fitness.eu\/wp-content\/uploads\/2025\/02\/EV-PL-PR-067-Evolve-Prime-Series-Plate-Loaded-Seated-Dip-2048x2048.png 2048w, https:\/\/store.evolve-fitness.eu\/wp-content\/uploads\/2025\/02\/EV-PL-PR-067-Evolve-Prime-Series-Plate-Loaded-Seated-Dip-600x600.png 600w, https:\/\/store.evolve-fitness.eu\/wp-content\/uploads\/2025\/02\/EV-PL-PR-067-Evolve-Prime-Series-Plate-Loaded-Seated-Dip-100x100.png 100w\" sizes=\"auto, (max-width: 1024px) 100vw, 1024px\" \/><\/figure>\n<\/div>\n<\/div>\n<\/section>\n<\/section>\n","protected":false},"excerpt":{"rendered":"<p>&#8222;Evolve Prime&#8221; serija sukurta siekiant pagerinti j\u016bs\u0173 j\u0117gos treniruo\u010di\u0173 patirt\u012f, nes turi tvirtus, komercin\u0117s klas\u0117s treniruoklius. Kiekviena \u0161ios linijos \u012franga sukurta taip, kad u\u017etikrint\u0173 maksimal\u0173 komfort\u0105, ilgaam\u017ei\u0161kum\u0105 ir na\u0161um\u0105. \u0160ie treniruokliai pasi\u017eymi tokiomis savyb\u0117mis kaip ergonomi\u0161kas dizainas, reguliuojami komponentai ir auk\u0161tos kokyb\u0117s med\u017eiagos, tod\u0117l jie tinka visiems treniruo\u010di\u0173 lygiams ir puikiai tinka profesionalioms \u012fstaigoms.  <\/p>\n","protected":false},"featured_media":117487,"template":"","meta":{"_acf_changed":false,"inline_featured_image":false},"product_cat":[129,226],"product_tag":[],"class_list":{"0":"post-105859","1":"product","2":"type-product","3":"status-publish","4":"has-post-thumbnail","6":"product_cat-laisvu-svoriu-treniruokliai","7":"product_cat-prime-series-laisvu-svoriu-treniruokliai","9":"first","10":"instock","11":"shipping-taxable","12":"purchasable","13":"product-type-simple"},"acf":[],"_links":{"self":[{"href":"https:\/\/store.evolve-fitness.eu\/lt\/wp-json\/wp\/v2\/product\/105859","targetHints":{"allow":["GET"]}}],"collection":[{"href":"https:\/\/store.evolve-fitness.eu\/lt\/wp-json\/wp\/v2\/product"}],"about":[{"href":"https:\/\/store.evolve-fitness.eu\/lt\/wp-json\/wp\/v2\/types\/product"}],"wp:featuredmedia":[{"embeddable":true,"href":"https:\/\/store.evolve-fitness.eu\/lt\/wp-json\/wp\/v2\/media\/117487"}],"wp:attachment":[{"href":"https:\/\/store.evolve-fitness.eu\/lt\/wp-json\/wp\/v2\/media?parent=105859"}],"wp:term":[{"taxonomy":"product_cat","embeddable":true,"href":"https:\/\/store.evolve-fitness.eu\/lt\/wp-json\/wp\/v2\/product_cat?post=105859"},{"taxonomy":"product_tag","embeddable":true,"href":"https:\/\/store.evolve-fitness.eu\/lt\/wp-json\/wp\/v2\/product_tag?post=105859"}],"curies":[{"name":"wp","href":"https:\/\/api.w.org\/{rel}","templated":true}]}}