{"id":105809,"date":"2025-02-10T13:42:14","date_gmt":"2025-02-10T13:42:14","guid":{"rendered":"https:\/\/store.evolve-fitness.eu\/?post_type=product&#038;p=105809"},"modified":"2026-01-05T12:00:17","modified_gmt":"2026-01-05T12:00:17","slug":"evolve-prime-series-plokstes-pakrautos-koju-sukimo-ir-koju-pratesimo","status":"publish","type":"product","link":"https:\/\/store.evolve-fitness.eu\/lt\/produktas\/evolve-prime-series-plokstes-pakrautos-koju-sukimo-ir-koju-pratesimo\/","title":{"rendered":"&#8222;Evolve Prime Series&#8221; plok\u0161t\u0117s pakrautos koj\u0173 sukimo ir koj\u0173 prat\u0119simo"},"content":{"rendered":"\n<section class=\"wp-block-group alignfull black-content has-white-color has-darkgray-background-color has-text-color has-background is-layout-constrained wp-block-group-is-layout-constrained\" style=\"padding-top:var(--wp--preset--spacing--section-bottom);padding-bottom:var(--wp--preset--spacing--section-bottom)\">\n<h3 class=\"wp-block-heading has-text-align-center\"><strong><strong>EVOLIUCIONUOJA PLOK\u0160TEL\u0116 SU PAGRINDINE \u012eKROVA<\/strong><\/strong><\/h3>\n\n\n\n<p>&#8222;Evolve Plate Loaded Prime Series&#8221; gaminiuose meistri\u0161kumas yra standartas. Pagerinkite savo j\u0117gos treniruotes su treniruokliais, sukurtais patogiai, patvariai ir na\u0161iai. I\u0161nagrin\u0117kite vis\u0105 linij\u0105 \u0161iandien ir i\u0161 naujo apibr\u0117\u017ekite savo fitneso kelion\u0119.  <\/p>\n\n\n\n<section class=\"wp-block-group alignfull black-content has-white-color has-darkgray-background-color has-text-color has-background is-layout-constrained wp-block-group-is-layout-constrained\" style=\"padding-top:var(--wp--preset--spacing--section-bottom);padding-bottom:var(--wp--preset--spacing--section-bottom)\">\n<div class=\"wp-block-columns alignwide mobile-reverse is-layout-flex wp-container-core-columns-is-layout-ca64bf2d wp-block-columns-is-layout-flex\" style=\"margin-bottom:var(--wp--preset--spacing--side-padding)\">\n<div class=\"wp-block-column is-vertically-aligned-center is-layout-flow wp-block-column-is-layout-flow\">\n<h3 class=\"wp-block-heading\" style=\"margin-bottom:var(--wp--preset--spacing--h-3-bottom)\"><strong><strong><strong>Pla\u010dios \u012fgyvendinimo galimyb\u0117s<\/strong><\/strong><\/strong><\/h3>\n\n\n\n<p><strong><em><strong>Dviguba funkcija koj\u0173 treniruot\u0117ms<\/strong><\/em><\/strong><\/p>\n\n\n\n<p style=\"margin-bottom:var(--wp--preset--spacing--tb-section-padding)\">&#8222;Evolve Prime Series&#8221; plok\u0161tele apkrautas koj\u0173 sukimas ir koj\u0173 i\u0161tiesimas skirtas tiek \u0161launies, tiek keturgalviams \u0161launies raumenims, tod\u0117l si\u016bloma universali koj\u0173 treniruot\u0117. Intuityvi reguliavimo sistema ir ry\u0161kiaspalviai komponentai u\u017etikrina lengv\u0105 nustatym\u0105 ir per\u0117jim\u0105 nuo vieno pratimo prie kito, taip pagerindami bendr\u0105 treniruo\u010di\u0173 patirt\u012f. <\/p>\n\n\n\n<h3 class=\"wp-block-heading\" style=\"margin-bottom:var(--wp--preset--spacing--h-3-bottom)\"><strong><strong><strong><strong><strong>Sukurtas siekiant ilgaam\u017ei\u0161kumo ir efektyvumo<\/strong><\/strong><\/strong><\/strong><\/strong><\/h3>\n\n\n\n<p><strong><em>Auk\u0161tos kokyb\u0117s funkcijos<\/em><\/strong><\/p>\n\n\n\n<p>\u0160i ma\u0161ina pagaminta i\u0161 auk\u0161tos kokyb\u0117s didelio atsparumo audinio ir ner\u016bdijan\u010dio plieno \u012frangos, tod\u0117l ji u\u017etikrina ilgalaik\u012f naudojim\u0105. Termoreaktyvi\u0173j\u0173 milteli\u0173 elektrostatinio pur\u0161kimo technologija u\u017etikrina patvari\u0105 apdail\u0105, i\u0161laikan\u010di\u0105 \u012frangos i\u0161vaizd\u0105.  Integruoti svori\u0173 plok\u0161teli\u0173 laikymo kai\u0161\u010diai maksimaliai padidina erdv\u0117s efektyvum\u0105, tod\u0117l treniruo\u010di\u0173 erdv\u0117 yra tvarkinga.<\/p>\n<\/div>\n\n\n\n<div class=\"wp-block-column is-vertically-aligned-center is-layout-flow wp-block-column-is-layout-flow\">\n<figure class=\"wp-block-image size-large\"><img loading=\"lazy\" decoding=\"async\" width=\"1024\" height=\"1024\" src=\"https:\/\/store.evolve-fitness.eu\/wp-content\/uploads\/2025\/02\/EV-PL-PR-066-Evolve-Prime-Series-Plate-Loaded-Leg-Curl-1-1024x1024.png\" alt=\"\" class=\"wp-image-117422\" srcset=\"https:\/\/store.evolve-fitness.eu\/wp-content\/uploads\/2025\/02\/EV-PL-PR-066-Evolve-Prime-Series-Plate-Loaded-Leg-Curl-1-1024x1024.png 1024w, https:\/\/store.evolve-fitness.eu\/wp-content\/uploads\/2025\/02\/EV-PL-PR-066-Evolve-Prime-Series-Plate-Loaded-Leg-Curl-1-300x300.png 300w, https:\/\/store.evolve-fitness.eu\/wp-content\/uploads\/2025\/02\/EV-PL-PR-066-Evolve-Prime-Series-Plate-Loaded-Leg-Curl-1-150x150.png 150w, https:\/\/store.evolve-fitness.eu\/wp-content\/uploads\/2025\/02\/EV-PL-PR-066-Evolve-Prime-Series-Plate-Loaded-Leg-Curl-1-768x768.png 768w, https:\/\/store.evolve-fitness.eu\/wp-content\/uploads\/2025\/02\/EV-PL-PR-066-Evolve-Prime-Series-Plate-Loaded-Leg-Curl-1-1536x1536.png 1536w, https:\/\/store.evolve-fitness.eu\/wp-content\/uploads\/2025\/02\/EV-PL-PR-066-Evolve-Prime-Series-Plate-Loaded-Leg-Curl-1-2048x2048.png 2048w, https:\/\/store.evolve-fitness.eu\/wp-content\/uploads\/2025\/02\/EV-PL-PR-066-Evolve-Prime-Series-Plate-Loaded-Leg-Curl-1-600x600.png 600w, https:\/\/store.evolve-fitness.eu\/wp-content\/uploads\/2025\/02\/EV-PL-PR-066-Evolve-Prime-Series-Plate-Loaded-Leg-Curl-1-100x100.png 100w\" sizes=\"auto, (max-width: 1024px) 100vw, 1024px\" \/><\/figure>\n<\/div>\n<\/div>\n<\/section>\n<\/section>\n","protected":false},"excerpt":{"rendered":"<p>&#8222;Evolve Prime Series&#8221; &#8222;Plate Load Leg Curl &amp; Leg Extension&#8221; (EV-PL-PR-066) &#8211; tai auk\u0161\u010diausios klas\u0117s treniruoklis, skirtas pagerinti koj\u0173 treniruotes. \u0160is treniruoklis pagamintas i\u0161 komercin\u0117s klas\u0117s med\u017eiag\u0173, tod\u0117l yra patogus, patvarus ir na\u0161us. Ergonomi\u0161kas dizainas ir reguliuojamos funkcijos pritaikytos vis\u0173 fizinio pasirengimo lygi\u0173 naudotojams, tod\u0117l \u0161is treniruoklis puikiai tinka bet kuriai profesionaliai sporto salei.  <\/p>\n","protected":false},"featured_media":117411,"template":"","meta":{"_acf_changed":false,"inline_featured_image":false},"product_cat":[129,226],"product_tag":[],"class_list":{"0":"post-105809","1":"product","2":"type-product","3":"status-publish","4":"has-post-thumbnail","6":"product_cat-laisvu-svoriu-treniruokliai","7":"product_cat-prime-series-laisvu-svoriu-treniruokliai","9":"first","10":"instock","11":"shipping-taxable","12":"purchasable","13":"product-type-simple"},"acf":[],"_links":{"self":[{"href":"https:\/\/store.evolve-fitness.eu\/lt\/wp-json\/wp\/v2\/product\/105809","targetHints":{"allow":["GET"]}}],"collection":[{"href":"https:\/\/store.evolve-fitness.eu\/lt\/wp-json\/wp\/v2\/product"}],"about":[{"href":"https:\/\/store.evolve-fitness.eu\/lt\/wp-json\/wp\/v2\/types\/product"}],"wp:featuredmedia":[{"embeddable":true,"href":"https:\/\/store.evolve-fitness.eu\/lt\/wp-json\/wp\/v2\/media\/117411"}],"wp:attachment":[{"href":"https:\/\/store.evolve-fitness.eu\/lt\/wp-json\/wp\/v2\/media?parent=105809"}],"wp:term":[{"taxonomy":"product_cat","embeddable":true,"href":"https:\/\/store.evolve-fitness.eu\/lt\/wp-json\/wp\/v2\/product_cat?post=105809"},{"taxonomy":"product_tag","embeddable":true,"href":"https:\/\/store.evolve-fitness.eu\/lt\/wp-json\/wp\/v2\/product_tag?post=105809"}],"curies":[{"name":"wp","href":"https:\/\/api.w.org\/{rel}","templated":true}]}}