{"id":105284,"date":"2025-02-10T12:44:41","date_gmt":"2025-02-10T12:44:41","guid":{"rendered":"https:\/\/store.evolve-fitness.eu\/?post_type=product&#038;p=105284"},"modified":"2026-02-19T12:00:50","modified_gmt":"2026-02-19T12:00:50","slug":"evolve-prime-series-ploksteles-pakrautos-pakreiptos-krutines-spaudimo-naujasis-modelis","status":"publish","type":"product","link":"https:\/\/store.evolve-fitness.eu\/lt\/produktas\/evolve-prime-series-ploksteles-pakrautos-pakreiptos-krutines-spaudimo-naujasis-modelis\/","title":{"rendered":"&#8222;Evolve Prime Series&#8221; plok\u0161tel\u0117s pakrautos pakreiptos kr\u016btin\u0117s spaudimo naujasis modelis"},"content":{"rendered":"\n<section class=\"wp-block-group alignfull black-content has-white-color has-darkgray-background-color has-text-color has-background is-layout-constrained wp-block-group-is-layout-constrained\" style=\"padding-top:var(--wp--preset--spacing--section-bottom);padding-bottom:var(--wp--preset--spacing--section-bottom)\">\n<h3 class=\"wp-block-heading has-text-align-center\"><strong><strong>EVOLIUCIONUOJA PLOK\u0160TEL\u0116 SU PAGRINDINE \u012eKROVA<\/strong><\/strong><\/h3>\n\n\n\n<p>&#8222;Evolve Plate Loaded Prime Series&#8221; gaminiuose meistri\u0161kumas yra standartas. Pagerinkite savo j\u0117gos treniruotes su treniruokliais, sukurtais patogiai, patvariai ir na\u0161iai. I\u0161nagrin\u0117kite vis\u0105 linij\u0105 \u0161iandien ir i\u0161 naujo apibr\u0117\u017ekite savo fitneso kelion\u0119.  <\/p>\n\n\n\n<section class=\"wp-block-group alignfull black-content has-white-color has-darkgray-background-color has-text-color has-background is-layout-constrained wp-block-group-is-layout-constrained\" style=\"padding-top:var(--wp--preset--spacing--section-bottom);padding-bottom:var(--wp--preset--spacing--section-bottom)\">\n<div class=\"wp-block-columns alignwide mobile-reverse is-layout-flex wp-container-core-columns-is-layout-ca64bf2d wp-block-columns-is-layout-flex\" style=\"margin-bottom:var(--wp--preset--spacing--side-padding)\">\n<div class=\"wp-block-column is-vertically-aligned-center is-layout-flow wp-block-column-is-layout-flow\">\n<h3 class=\"wp-block-heading\" style=\"margin-bottom:var(--wp--preset--spacing--h-3-bottom)\"><strong><strong><strong>Efektyvios kr\u016btin\u0117s treniruot\u0117s<\/strong><\/strong><\/strong><\/h3>\n\n\n\n<p><strong><em><strong>Tikslinis raumen\u0173 \u012ftraukimas<\/strong><\/em><\/strong><\/p>\n\n\n\n<p style=\"margin-bottom:var(--wp--preset--spacing--tb-section-padding)\">&#8222;Evolve Prime Series&#8221; plok\u0161tel\u0117mis apkrautas kr\u016btin\u0117s presas efektyviai veikia kr\u016btin\u0119, pe\u010dius ir tricepsus. Patogi reguliavimo sistema ir ry\u0161kiai geltonos spalvos komponentai u\u017etikrina lengv\u0105 nustatym\u0105 ir pratim\u0173 keitim\u0105, tod\u0117l treniruot\u0117s yra universalios. <\/p>\n\n\n\n<h3 class=\"wp-block-heading\" style=\"margin-bottom:var(--wp--preset--spacing--h-3-bottom)\"><strong><strong><strong><strong><strong>Auk\u0161tos kokyb\u0117s funkcijos<\/strong><\/strong><\/strong><\/strong><\/strong><\/h3>\n\n\n\n<p><strong><em>Ilgaam\u017ei\u0161kumas ir erdv\u0117s efektyvumas<\/em><\/strong><\/p>\n\n\n\n<p>\u0160i ma\u0161ina pagaminta i\u0161 auk\u0161tos kokyb\u0117s didelio atsparumo audinio ir ner\u016bdijan\u010dio plieno aparat\u016bros, tod\u0117l garantuoja ilgalaik\u012f naudojim\u0105. Termoreaktyvi\u0173j\u0173 milteli\u0173 elektrostatinio pur\u0161kimo technologija u\u017etikrina patvari\u0105 apdail\u0105, i\u0161laikan\u010di\u0105 \u012frangos i\u0161vaizd\u0105.  Integruoti svori\u0173 plok\u0161\u010di\u0173 laikymo kai\u0161\u010diai padidina erdv\u0117s efektyvum\u0105, tod\u0117l treniruo\u010di\u0173 erdv\u0117 bus tvarkinga.<\/p>\n<\/div>\n\n\n\n<div class=\"wp-block-column is-vertically-aligned-center is-layout-flow wp-block-column-is-layout-flow\">\n<figure class=\"wp-block-image size-large\"><img loading=\"lazy\" decoding=\"async\" width=\"1024\" height=\"1024\" src=\"https:\/\/store.evolve-fitness.eu\/wp-content\/uploads\/2025\/02\/EV-PL-PR-001-Evolve-Prime-Series-Plate-Loaded-Incline-Chest-Press-Recovered-1-1024x1024.png\" alt=\"\" class=\"wp-image-115156\" srcset=\"https:\/\/store.evolve-fitness.eu\/wp-content\/uploads\/2025\/02\/EV-PL-PR-001-Evolve-Prime-Series-Plate-Loaded-Incline-Chest-Press-Recovered-1-1024x1024.png 1024w, https:\/\/store.evolve-fitness.eu\/wp-content\/uploads\/2025\/02\/EV-PL-PR-001-Evolve-Prime-Series-Plate-Loaded-Incline-Chest-Press-Recovered-1-300x300.png 300w, https:\/\/store.evolve-fitness.eu\/wp-content\/uploads\/2025\/02\/EV-PL-PR-001-Evolve-Prime-Series-Plate-Loaded-Incline-Chest-Press-Recovered-1-150x150.png 150w, https:\/\/store.evolve-fitness.eu\/wp-content\/uploads\/2025\/02\/EV-PL-PR-001-Evolve-Prime-Series-Plate-Loaded-Incline-Chest-Press-Recovered-1-768x768.png 768w, https:\/\/store.evolve-fitness.eu\/wp-content\/uploads\/2025\/02\/EV-PL-PR-001-Evolve-Prime-Series-Plate-Loaded-Incline-Chest-Press-Recovered-1-1536x1536.png 1536w, https:\/\/store.evolve-fitness.eu\/wp-content\/uploads\/2025\/02\/EV-PL-PR-001-Evolve-Prime-Series-Plate-Loaded-Incline-Chest-Press-Recovered-1-2048x2048.png 2048w, https:\/\/store.evolve-fitness.eu\/wp-content\/uploads\/2025\/02\/EV-PL-PR-001-Evolve-Prime-Series-Plate-Loaded-Incline-Chest-Press-Recovered-1-600x600.png 600w, https:\/\/store.evolve-fitness.eu\/wp-content\/uploads\/2025\/02\/EV-PL-PR-001-Evolve-Prime-Series-Plate-Loaded-Incline-Chest-Press-Recovered-1-100x100.png 100w\" sizes=\"auto, (max-width: 1024px) 100vw, 1024px\" \/><\/figure>\n<\/div>\n<\/div>\n<\/section>\n<\/section>\n","protected":false},"excerpt":{"rendered":"<p>&#8222;Evolve Prime Series&#8221; &#8222;Plate-Loaded Incline Chest Press&#8221; (EV-PL-PR-001) &#8211; tai auk\u0161tos kokyb\u0117s j\u0117gos treniruoklis, skirtas vir\u0161utinei kr\u016btin\u0117s daliai vystyti, naudojant kontroliuojam\u0105, plok\u0161t\u0117mis apkraut\u0105 pasiprie\u0161inim\u0105. \u0160is treniruoklis sukurtas taip, kad b\u016bt\u0173 maksimaliai stabilus ir biomechani\u0161kai efektyvus, tod\u0117l juo atliekami skland\u016bs, nat\u016bral\u016bs spaudimo judesiai, kuriais efektyviai lavinami vir\u0161utiniai kr\u016btin\u0117s raumenys, pe\u010diai ir tricepsai. Idealiai tinka vis\u0173 fizinio pasirengimo lygi\u0173 naudotojams, nes leid\u017eia palaipsniui didinti j\u0117g\u0105, u\u017etikrinant tinkam\u0105 form\u0105 ir ma\u017einant s\u0105nari\u0173 apkrov\u0105. Nesvarbu, ar j\u016bs\u0173 tikslas yra raumen\u0173 augimas, i\u0161tverm\u0117, ar j\u0117gos lavinimas, \u0161is nuo\u017eulnus presas turi b\u016bti bet kurios rimtos treniruot\u0117s dalis.   <\/p>\n","protected":false},"featured_media":115145,"template":"","meta":{"_acf_changed":false,"inline_featured_image":false},"product_cat":[117,129,226],"product_tag":[],"class_list":{"0":"post-105284","1":"product","2":"type-product","3":"status-publish","4":"has-post-thumbnail","6":"product_cat-pagrindinis-puslapis","7":"product_cat-laisvu-svoriu-treniruokliai","8":"product_cat-prime-series-laisvu-svoriu-treniruokliai","10":"first","11":"instock","12":"shipping-taxable","13":"purchasable","14":"product-type-simple"},"acf":[],"_links":{"self":[{"href":"https:\/\/store.evolve-fitness.eu\/lt\/wp-json\/wp\/v2\/product\/105284","targetHints":{"allow":["GET"]}}],"collection":[{"href":"https:\/\/store.evolve-fitness.eu\/lt\/wp-json\/wp\/v2\/product"}],"about":[{"href":"https:\/\/store.evolve-fitness.eu\/lt\/wp-json\/wp\/v2\/types\/product"}],"wp:featuredmedia":[{"embeddable":true,"href":"https:\/\/store.evolve-fitness.eu\/lt\/wp-json\/wp\/v2\/media\/115145"}],"wp:attachment":[{"href":"https:\/\/store.evolve-fitness.eu\/lt\/wp-json\/wp\/v2\/media?parent=105284"}],"wp:term":[{"taxonomy":"product_cat","embeddable":true,"href":"https:\/\/store.evolve-fitness.eu\/lt\/wp-json\/wp\/v2\/product_cat?post=105284"},{"taxonomy":"product_tag","embeddable":true,"href":"https:\/\/store.evolve-fitness.eu\/lt\/wp-json\/wp\/v2\/product_tag?post=105284"}],"curies":[{"name":"wp","href":"https:\/\/api.w.org\/{rel}","templated":true}]}}