{"id":105205,"date":"2025-02-04T13:36:50","date_gmt":"2025-02-04T13:36:50","guid":{"rendered":"https:\/\/store.evolve-fitness.eu\/?post_type=product&#038;p=105205"},"modified":"2025-09-25T11:54:52","modified_gmt":"2025-09-25T11:54:52","slug":"evolve-dirbtines-odos-smugiavimo-maisas-150-cm","status":"publish","type":"product","link":"https:\/\/store.evolve-fitness.eu\/lt\/produktas\/evolve-dirbtines-odos-smugiavimo-maisas-150-cm\/","title":{"rendered":"&#8222;Evolve&#8221; dirbtin\u0117s odos sm\u016bgiavimo mai\u0161as 150 CM"},"content":{"rendered":"\n<section class=\"wp-block-group alignfull has-lightgray-background-color has-background is-layout-constrained wp-block-group-is-layout-constrained\">\n<div class=\"wp-block-columns alignwide is-layout-flex wp-container-core-columns-is-layout-2edb0647 wp-block-columns-is-layout-flex\" style=\"margin-top:0;margin-bottom:0\">\n<div class=\"wp-block-column is-layout-flow wp-block-column-is-layout-flow\" style=\"flex-basis:33.33%\"><\/div>\n\n\n\n<div class=\"wp-block-column is-layout-flow wp-block-column-is-layout-flow\" style=\"flex-basis:66.66%\"><\/div>\n<\/div>\n<\/section>\n\n<p><\/p>\n","protected":false},"excerpt":{"rendered":"<p>Vidinis bokso mai\u0161o sluoksnis pagamintas i\u0161 austos drob\u0117s su PVC danga, o i\u0161orinis sluoksnis &#8211; i\u0161 labai storos dirbtin\u0117s odos, sutvirtintos storu PU poliuretano sluoksniu. \u0160ie trys sluoksniai sukuria labai stor\u0105 sienel\u0119, tod\u0117l bokso mai\u0161as visada i\u0161liks lygus ir glotnus. Visos bokso mai\u0161o si\u016bl\u0117s susi\u016btos kelis kartus, kad b\u016bt\u0173 i\u0161vengta ply\u0161imo. 150 cm ilgio bokso mai\u0161as idealiai tinka sm\u016bgiams ir sm\u016bgiams kojomis, o 40 cm skersmens mai\u0161as puikiai tiks tikriems kovos men\u0173 meistrams.<\/p>\n","protected":false},"featured_media":105242,"template":"","meta":{"_acf_changed":false,"inline_featured_image":false},"product_cat":[117,119,120],"product_tag":[],"class_list":{"0":"post-105205","1":"product","2":"type-product","3":"status-publish","4":"has-post-thumbnail","6":"product_cat-pagrindinis-puslapis","7":"product_cat-kryzminis-ir-funkcinis","8":"product_cat-funkcine-iranga","10":"first","11":"instock","12":"shipping-taxable","13":"purchasable","14":"product-type-simple"},"acf":[],"_links":{"self":[{"href":"https:\/\/store.evolve-fitness.eu\/lt\/wp-json\/wp\/v2\/product\/105205","targetHints":{"allow":["GET"]}}],"collection":[{"href":"https:\/\/store.evolve-fitness.eu\/lt\/wp-json\/wp\/v2\/product"}],"about":[{"href":"https:\/\/store.evolve-fitness.eu\/lt\/wp-json\/wp\/v2\/types\/product"}],"wp:featuredmedia":[{"embeddable":true,"href":"https:\/\/store.evolve-fitness.eu\/lt\/wp-json\/wp\/v2\/media\/105242"}],"wp:attachment":[{"href":"https:\/\/store.evolve-fitness.eu\/lt\/wp-json\/wp\/v2\/media?parent=105205"}],"wp:term":[{"taxonomy":"product_cat","embeddable":true,"href":"https:\/\/store.evolve-fitness.eu\/lt\/wp-json\/wp\/v2\/product_cat?post=105205"},{"taxonomy":"product_tag","embeddable":true,"href":"https:\/\/store.evolve-fitness.eu\/lt\/wp-json\/wp\/v2\/product_tag?post=105205"}],"curies":[{"name":"wp","href":"https:\/\/api.w.org\/{rel}","templated":true}]}}