{"id":104780,"date":"2025-02-04T13:12:27","date_gmt":"2025-02-04T13:12:27","guid":{"rendered":"https:\/\/store.evolve-fitness.eu\/?post_type=product&#038;p=104780"},"modified":"2025-03-27T07:54:19","modified_gmt":"2025-03-27T07:54:19","slug":"evolve-asarinis-bokso-maisas-90-cm","status":"publish","type":"product","link":"https:\/\/store.evolve-fitness.eu\/lt\/produktas\/evolve-asarinis-bokso-maisas-90-cm\/","title":{"rendered":"&#8222;Evolve&#8221; a\u0161arinis bokso mai\u0161as 90 CM"},"content":{"rendered":"\n<section class=\"wp-block-group alignfull has-lightgray-background-color has-background is-layout-constrained wp-block-group-is-layout-constrained\">\n<div class=\"wp-block-columns alignwide is-layout-flex wp-container-core-columns-is-layout-2edb0647 wp-block-columns-is-layout-flex\" style=\"margin-top:0;margin-bottom:0\">\n<div class=\"wp-block-column is-layout-flow wp-block-column-is-layout-flow\" style=\"flex-basis:33.33%\"><\/div>\n\n\n\n<div class=\"wp-block-column is-layout-flow wp-block-column-is-layout-flow\" style=\"flex-basis:66.66%\"><\/div>\n<\/div>\n<\/section>\n","protected":false},"excerpt":{"rendered":"<p>\u0160is bokso mai\u0161as idealiai tinka treniruotis atsispaudimams, keliams ir sm\u016bgiams. Bokso mai\u0161as pagamintas i\u0161 dirbtin\u0117s odos, \u0161i med\u017eiaga tokia pat lanksti, patvari ir gra\u017ei kaip tikra oda. Bokso mai\u0161\u0105 lengva pakabinti ant metalini\u0173 kabliuk\u0173. Mai\u0161as u\u017epildytas tekstil\u0117s pluo\u0161t\u0173 mi\u0161iniu.<\/p>\n","protected":false},"featured_media":104817,"template":"","meta":{"_acf_changed":false,"inline_featured_image":false},"product_cat":[117,119,120],"product_tag":[],"class_list":{"0":"post-104780","1":"product","2":"type-product","3":"status-publish","4":"has-post-thumbnail","6":"product_cat-pagrindinis-puslapis","7":"product_cat-kryzminis-ir-funkcinis","8":"product_cat-funkcine-iranga","10":"first","11":"instock","12":"shipping-taxable","13":"purchasable","14":"product-type-simple"},"acf":[],"_links":{"self":[{"href":"https:\/\/store.evolve-fitness.eu\/lt\/wp-json\/wp\/v2\/product\/104780","targetHints":{"allow":["GET"]}}],"collection":[{"href":"https:\/\/store.evolve-fitness.eu\/lt\/wp-json\/wp\/v2\/product"}],"about":[{"href":"https:\/\/store.evolve-fitness.eu\/lt\/wp-json\/wp\/v2\/types\/product"}],"wp:featuredmedia":[{"embeddable":true,"href":"https:\/\/store.evolve-fitness.eu\/lt\/wp-json\/wp\/v2\/media\/104817"}],"wp:attachment":[{"href":"https:\/\/store.evolve-fitness.eu\/lt\/wp-json\/wp\/v2\/media?parent=104780"}],"wp:term":[{"taxonomy":"product_cat","embeddable":true,"href":"https:\/\/store.evolve-fitness.eu\/lt\/wp-json\/wp\/v2\/product_cat?post=104780"},{"taxonomy":"product_tag","embeddable":true,"href":"https:\/\/store.evolve-fitness.eu\/lt\/wp-json\/wp\/v2\/product_tag?post=104780"}],"curies":[{"name":"wp","href":"https:\/\/api.w.org\/{rel}","templated":true}]}}