{"id":104730,"date":"2025-02-04T13:00:26","date_gmt":"2025-02-04T13:00:26","guid":{"rendered":"https:\/\/store.evolve-fitness.eu\/?post_type=product&#038;p=104730"},"modified":"2025-03-27T07:55:11","modified_gmt":"2025-03-27T07:55:11","slug":"evolve-anglebag-bokso-maisas-120-cm","status":"publish","type":"product","link":"https:\/\/store.evolve-fitness.eu\/lt\/produktas\/evolve-anglebag-bokso-maisas-120-cm\/","title":{"rendered":"&#8222;Evolve Anglebag&#8221; bokso mai\u0161as 120 CM"},"content":{"rendered":"\n<section class=\"wp-block-group alignfull has-lightgray-background-color has-background is-layout-constrained wp-block-group-is-layout-constrained\">\n<div class=\"wp-block-columns alignwide is-layout-flex wp-container-core-columns-is-layout-2edb0647 wp-block-columns-is-layout-flex\" style=\"margin-top:0;margin-bottom:0\">\n<div class=\"wp-block-column is-layout-flow wp-block-column-is-layout-flow\" style=\"flex-basis:33.33%\"><\/div>\n\n\n\n<div class=\"wp-block-column is-layout-flow wp-block-column-is-layout-flow\" style=\"flex-basis:66.66%\"><\/div>\n<\/div>\n<\/section>\n","protected":false},"excerpt":{"rendered":"<p>Bokso mai\u0161o i\u0161or\u0117 pagaminta i\u0161 auk\u0161\u010diausios kokyb\u0117s dirbtin\u0117s odos, o vidus u\u017epildytas mink\u0161ta tekstile, tod\u0117l bokso mai\u0161as puikiai sugeria sm\u016bgius. \u0160iame bokso mai\u0161e galima treniruoti sm\u016bgius bet kokiu b\u016bdu &#8211; tiek kampuotus, tiek tiesius sm\u016bgius, tiek sm\u016bgius ir st\u016bmimus. Bokso mai\u0161o skersmuo yra 45 cm vir\u0161uje ir 25 cm apa\u010dioje. Puikiai tinka naudoti namuose arba sporto sal\u0117je.<\/p>\n","protected":false},"featured_media":104767,"template":"","meta":{"_acf_changed":false,"inline_featured_image":false},"product_cat":[117,119,120],"product_tag":[],"class_list":{"0":"post-104730","1":"product","2":"type-product","3":"status-publish","4":"has-post-thumbnail","6":"product_cat-pagrindinis-puslapis","7":"product_cat-kryzminis-ir-funkcinis","8":"product_cat-funkcine-iranga","10":"first","11":"outofstock","12":"shipping-taxable","13":"purchasable","14":"product-type-simple"},"acf":[],"_links":{"self":[{"href":"https:\/\/store.evolve-fitness.eu\/lt\/wp-json\/wp\/v2\/product\/104730","targetHints":{"allow":["GET"]}}],"collection":[{"href":"https:\/\/store.evolve-fitness.eu\/lt\/wp-json\/wp\/v2\/product"}],"about":[{"href":"https:\/\/store.evolve-fitness.eu\/lt\/wp-json\/wp\/v2\/types\/product"}],"wp:featuredmedia":[{"embeddable":true,"href":"https:\/\/store.evolve-fitness.eu\/lt\/wp-json\/wp\/v2\/media\/104767"}],"wp:attachment":[{"href":"https:\/\/store.evolve-fitness.eu\/lt\/wp-json\/wp\/v2\/media?parent=104730"}],"wp:term":[{"taxonomy":"product_cat","embeddable":true,"href":"https:\/\/store.evolve-fitness.eu\/lt\/wp-json\/wp\/v2\/product_cat?post=104730"},{"taxonomy":"product_tag","embeddable":true,"href":"https:\/\/store.evolve-fitness.eu\/lt\/wp-json\/wp\/v2\/product_tag?post=104730"}],"curies":[{"name":"wp","href":"https:\/\/api.w.org\/{rel}","templated":true}]}}