{"id":104591,"date":"2025-01-24T14:30:29","date_gmt":"2025-01-24T14:30:29","guid":{"rendered":"https:\/\/store.evolve-fitness.eu\/?post_type=product&#038;p=104591"},"modified":"2025-10-30T12:29:52","modified_gmt":"2025-10-30T12:29:52","slug":"evolve-econ-serijos-reguliuojamas-krutines-spaudos-suolas","status":"publish","type":"product","link":"https:\/\/store.evolve-fitness.eu\/lt\/produktas\/evolve-econ-serijos-reguliuojamas-krutines-spaudos-suolas\/","title":{"rendered":"&#8222;Evolve Econ&#8221; serijos reguliuojamas kr\u016btin\u0117s spaudos suolas"},"content":{"rendered":"\n<section class=\"wp-block-group alignfull black-content has-white-color has-darkgray-background-color has-text-color has-background is-layout-constrained wp-block-group-is-layout-constrained\" style=\"padding-top:var(--wp--preset--spacing--section-bottom);padding-bottom:var(--wp--preset--spacing--section-bottom)\">\n<h3 class=\"wp-block-heading has-text-align-center\" style=\"margin-bottom:var(--wp--preset--spacing--tb-section-padding)\"><strong>\n  <strong>\n    <strong>EVOLVE <\/strong>\n  <\/strong>\n<\/strong>&#8222;Econ&#8221; serijos suolai<\/h3>\n\n\n\n<div class=\"wp-block-columns alignwide mobile-reverse is-layout-flex wp-container-core-columns-is-layout-ca64bf2d wp-block-columns-is-layout-flex\" style=\"margin-bottom:var(--wp--preset--spacing--side-padding)\">\n<div class=\"wp-block-column is-vertically-aligned-center is-layout-flow wp-block-column-is-layout-flow\">\n<h3 class=\"wp-block-heading\" style=\"margin-bottom:var(--wp--preset--spacing--h-3-bottom)\"><strong><strong><strong><strong><strong><strong>Auk\u0161tos kokyb\u0117s<\/strong><\/strong><\/strong><\/strong><\/strong><\/strong><\/h3>\n\n\n\n<p><strong><em><strong><strong><strong><strong>Patvarus dizainas<\/strong><\/strong><\/strong><\/strong><\/em><\/strong><\/p>\n\n\n\n<p style=\"margin-bottom:var(--wp--preset--spacing--tb-section-padding)\">M\u016bs\u0173 treniruokli\u0173 suolai pagaminti taip, kad b\u016bt\u0173 ilgaam\u017eiai, o j\u0173 tvirtas metalinis r\u0117mas pagamintas i\u0161 suvirint\u0173 apskrit\u0173 vamzd\u017ei\u0173. Pa\u017eangi termoreaktyvi\u0173j\u0173 milteli\u0173 elektrostatinio pur\u0161kimo technologija ne tik suteikia pavir\u0161iui eleganti\u0161k\u0105 i\u0161vaizd\u0105, bet ir puikiai apsaugo nuo r\u016bd\u017ei\u0173. M\u016bs\u0173 &#8222;Evolve&#8221; suoliukai sukurti taip, kad atitikt\u0173 j\u016bs\u0173 poreikius, nesvarbu, ar sportuojate namuose, ar profesionalioje sporto sal\u0117je. Jie taip pat puikiai tinka komercin\u0117ms treniruokli\u0173 sal\u0117ms karin\u0117se baz\u0117se, vie\u0161bu\u010diuose, nakvyn\u0117s namuose ir reabilitacijos centruose.<\/p>\n\n\n\n<h3 class=\"wp-block-heading\" style=\"margin-bottom:var(--wp--preset--spacing--h-3-bottom)\"><strong><strong><strong><strong><strong><strong><strong><strong>Reguliuojamas kr\u016btin\u0117s spaudos suolas<\/strong><\/strong><\/strong><\/strong><\/strong><\/strong><\/strong><\/strong><\/h3>\n\n\n\n<p><strong><em><strong><strong><strong><strong><strong>Pritaikykite vir\u0161utin\u0117s k\u016bno dalies treniruotes<\/strong><\/strong><\/strong><\/strong><\/strong><\/em><\/strong><\/p>\n\n\n\n<p>\u0160is suoliukas skirtas kr\u016btin\u0117s, pe\u010di\u0173 ir triceps\u0173 raumenims treniruoti, o jo nustatymus galima reguliuoti nuo\u017eulnioje, plok\u0161\u010dioje ir \u017eem\u0117jan\u010dioje pad\u0117tyse. Ergonomi\u0161ka konstrukcija idealiai tinka \u012fvairiems pratimams, pavyzd\u017eiui, kr\u016btin\u0117s spaudimui, pe\u010di\u0173 spaudimui ir kt., atlikti, nes u\u017etikrina maksimal\u0173 komfort\u0105 ir efektyvum\u0105. Tvirtos konstrukcijos ir kompakti\u0161ko ploto suoliukas puikiai tinka bet kurioje treniruokli\u0173 sal\u0117je, nes u\u017etikrina rezultatus be kompromis\u0173.  <\/p>\n<\/div>\n\n\n\n<div class=\"wp-block-column is-vertically-aligned-center is-layout-flow wp-block-column-is-layout-flow\">\n<figure class=\"wp-block-image size-full is-style-rounded\"><img decoding=\"async\" src=\"https:\/\/evolve-fitness.eu\/wp-content\/uploads\/2025\/01\/EV-BN-EC-086-Evolve-Econ-Series-Adjustable-Chest-Press-Bench.png\" alt=\"EV-BN-EC-086\" class=\"wp-image-172329\" style=\"object-fit:cover\"\/><\/figure>\n<\/div>\n<\/div>\n<\/section>\n","protected":false},"excerpt":{"rendered":"<p>&#8222;Evolve Econ&#8221; serijos reguliuojamas kr\u016btin\u0117s spaudimo suolelis (EV-BN-EC-086) yra universali ir patvari treniruokli\u0173 \u012franga, skirta j\u016bs\u0173 j\u0117gos treniruot\u0117ms. Pagamintas i\u0161 auk\u0161tos kokyb\u0117s med\u017eiag\u0173, \u0161is suoliukas u\u017etikrina stabilum\u0105, saugum\u0105 ir pritaikomum\u0105 vis\u0173 fizinio pasirengimo lygi\u0173 naudotojams. Puikiai tinka vir\u0161utin\u0117s k\u016bno dalies raumenims lavinti, tod\u0117l j\u012f b\u016btina tur\u0117ti bet kurioje nam\u0173 ar komercin\u0117je sporto sal\u0117je.  <\/p>\n","protected":false},"featured_media":104628,"template":"","meta":{"_acf_changed":false,"inline_featured_image":false},"product_cat":[117,132,133],"product_tag":[],"class_list":{"0":"post-104591","1":"product","2":"type-product","3":"status-publish","4":"has-post-thumbnail","6":"product_cat-pagrindinis-puslapis","7":"product_cat-suoliukai","8":"product_cat-econ-serijos-suoliukai","10":"first","11":"outofstock","12":"shipping-taxable","13":"purchasable","14":"product-type-simple"},"acf":[],"_links":{"self":[{"href":"https:\/\/store.evolve-fitness.eu\/lt\/wp-json\/wp\/v2\/product\/104591","targetHints":{"allow":["GET"]}}],"collection":[{"href":"https:\/\/store.evolve-fitness.eu\/lt\/wp-json\/wp\/v2\/product"}],"about":[{"href":"https:\/\/store.evolve-fitness.eu\/lt\/wp-json\/wp\/v2\/types\/product"}],"wp:featuredmedia":[{"embeddable":true,"href":"https:\/\/store.evolve-fitness.eu\/lt\/wp-json\/wp\/v2\/media\/104628"}],"wp:attachment":[{"href":"https:\/\/store.evolve-fitness.eu\/lt\/wp-json\/wp\/v2\/media?parent=104591"}],"wp:term":[{"taxonomy":"product_cat","embeddable":true,"href":"https:\/\/store.evolve-fitness.eu\/lt\/wp-json\/wp\/v2\/product_cat?post=104591"},{"taxonomy":"product_tag","embeddable":true,"href":"https:\/\/store.evolve-fitness.eu\/lt\/wp-json\/wp\/v2\/product_tag?post=104591"}],"curies":[{"name":"wp","href":"https:\/\/api.w.org\/{rel}","templated":true}]}}