{"id":104264,"date":"2025-01-23T14:08:43","date_gmt":"2025-01-23T14:08:43","guid":{"rendered":"https:\/\/store.evolve-fitness.eu\/?post_type=product&#038;p=104264"},"modified":"2025-11-06T12:29:24","modified_gmt":"2025-11-06T12:29:24","slug":"evolve-econ-series-smith-machine-1","status":"publish","type":"product","link":"https:\/\/store.evolve-fitness.eu\/lt\/produktas\/evolve-econ-series-smith-machine-1\/","title":{"rendered":"&#8222;Evolve Econ Series Smith Machine&#8221; (EC-009)"},"content":{"rendered":"\n<section class=\"wp-block-group alignfull black-content has-white-color has-darkgray-background-color has-text-color has-background is-layout-constrained wp-block-group-is-layout-constrained\" style=\"padding-top:var(--wp--preset--spacing--section-bottom);padding-bottom:var(--wp--preset--spacing--section-bottom)\">\n<h3 class=\"wp-block-heading has-text-align-center\"><strong>Atraskite \u012fperkam\u0105 meistri\u0161kum\u0105 su &#8222;Evolve Plate Loaded Econ&#8221; serija<\/strong><\/h3>\n\n\n\n<div class=\"wp-block-columns is-layout-flex wp-container-core-columns-is-layout-9d6595d7 wp-block-columns-is-layout-flex\">\n<div class=\"wp-block-column is-layout-flow wp-block-column-is-layout-flow\"><\/div>\n<\/div>\n\n\n\n<p>&#8222;Evolve Plate Loaded Econ Series&#8221; yra j\u016bs\u0173 pasirinkimas, jei norite \u012fsigyti biud\u017eetui draugi\u0161k\u0105, ta\u010diau auk\u0161tos kokyb\u0117s j\u0117gos treniruokli\u0173 \u012frang\u0105. &#8222;Econ&#8221; serijoje si\u016blome ekonomi\u0161kumo galimybi\u0173 esm\u0119, nesuma\u017einant na\u0161umo. \u0160tai kuo i\u0161siskiria \u0161i linija:<\/p>\n\n\n\n<section class=\"wp-block-group alignfull black-content has-white-color has-darkgray-background-color has-text-color has-background is-layout-constrained wp-block-group-is-layout-constrained\" style=\"padding-top:var(--wp--preset--spacing--section-bottom);padding-bottom:var(--wp--preset--spacing--section-bottom)\">\n<div class=\"wp-block-columns alignwide mobile-reverse is-layout-flex wp-container-core-columns-is-layout-ca64bf2d wp-block-columns-is-layout-flex\" style=\"margin-bottom:var(--wp--preset--spacing--side-padding)\">\n<div class=\"wp-block-column is-vertically-aligned-center is-layout-flow wp-block-column-is-layout-flow\">\n<h3 class=\"wp-block-heading\" style=\"margin-bottom:var(--wp--preset--spacing--h-3-bottom)\"><strong><strong>Tvirtas pagrindinis kompiuteris<\/strong><\/strong><\/h3>\n\n\n\n<p><strong><em>Sunkiasvoriai 50 x 100 mm plok\u0161ti oval\u016bs vamzd\u017eiai<\/em><\/strong><\/p>\n\n\n\n<p style=\"margin-bottom:var(--wp--preset--spacing--tb-section-padding)\">&#8222;Evolve Plate Loaded Econ Series&#8221; yra j\u016bs\u0173 pasirinkimas, jei norite \u012fsigyti biud\u017eetui draugi\u0161k\u0105, ta\u010diau auk\u0161tos kokyb\u0117s j\u0117gos treniruokli\u0173 \u012frang\u0105. &#8222;Econ&#8221; serijoje si\u016blome ekonomi\u0161kumo galimybi\u0173 esm\u0119, nesuma\u017einant na\u0161umo. \u0160tai kuo i\u0161siskiria \u0161i linija:<\/p>\n\n\n\n<h3 class=\"wp-block-heading\" style=\"margin-bottom:var(--wp--preset--spacing--h-3-bottom)\"><strong><strong><strong>Organizuokite savo erdv\u0119<\/strong><\/strong><\/strong><\/h3>\n\n\n\n<p><strong><em><strong><strong>Svorio plok\u0161teli\u0173 laikymo kai\u0161\u010diai<\/strong><\/strong><\/em><\/strong><\/p>\n\n\n\n<p>I\u0161laikykite tvark\u0105 ir maksimaliai padidinkite erdv\u0117s efektyvum\u0105, naudodami <strong>svori\u0173 plok\u0161teli\u0173 laikymo kabliukus<\/strong>. Laikykite l\u0117k\u0161tes pasiekiamas, kad treniruo\u010di\u0173 aplinkoje neb\u016bt\u0173 netvarkos.<\/p>\n<\/div>\n\n\n\n<div class=\"wp-block-column is-vertically-aligned-center is-layout-flow wp-block-column-is-layout-flow\">\n<figure class=\"wp-block-image size-large is-resized is-style-rounded\"><img decoding=\"async\" src=\"https:\/\/evolve-fitness.eu\/wp-content\/uploads\/2025\/01\/EV-PL-EC-009-Evolve-Econ-Series-Smith-Machine-1-1024x1024.jpg\" alt=\"EV-PL-EC-009\" class=\"wp-image-174535\" style=\"width:643px;height:706px\"\/><\/figure>\n<\/div>\n<\/div>\n\n\n\n<div class=\"wp-block-columns alignwide mobile-reverse is-layout-flex wp-container-core-columns-is-layout-ca64bf2d wp-block-columns-is-layout-flex\" style=\"margin-bottom:var(--wp--preset--spacing--side-padding)\">\n<div class=\"wp-block-column is-vertically-aligned-center is-layout-flow wp-block-column-is-layout-flow\">\n<figure class=\"wp-block-image alignleft size-large is-resized is-style-rounded\"><img decoding=\"async\" src=\"https:\/\/evolve-fitness.eu\/wp-content\/uploads\/2023\/08\/EV-PL-EC-003-edited.jpg\" alt=\"\" class=\"wp-image-3403\" style=\"width:744px;height:558px\"\/><\/figure>\n<\/div>\n\n\n\n<div class=\"wp-block-column is-vertically-aligned-center is-layout-flow wp-block-column-is-layout-flow\">\n<h3 class=\"wp-block-heading\" style=\"margin-bottom:var(--wp--preset--spacing--h-3-bottom)\"><strong>Reguliuojama s\u0117dimoji pad\u0117tis<\/strong><\/h3>\n\n\n\n<p><strong><em><strong>Lengvai pritaikomas gyvybingos geltonos spalvos<\/strong><\/em><\/strong><\/p>\n\n\n\n<p style=\"margin-bottom:var(--wp--preset--spacing--tb-section-padding)\">M\u016bs\u0173 ma\u0161inos turi <strong>reguliuojam\u0105 s\u0117dim\u0105j\u0105 pad\u0117t\u012f<\/strong>, o reguliavimo ranken\u0117l\u0117s ir rankenos yra ry\u0161kios, lengvai matomos geltonos spalvos. \u0160is patogus dizainas leid\u017eia be vargo pritaikyti treniruot\u0119 pagal savo pageidavimus.<\/p>\n\n\n\n<h3 class=\"wp-block-heading\" style=\"margin-bottom:var(--wp--preset--spacing--h-3-bottom)\"><strong>Neslystan\u010dios rankenos<\/strong><\/h3>\n\n\n\n<p><strong><em><strong>Saugi rankena, u\u017etikrinanti saugum\u0105<\/strong><\/em><\/strong><\/p>\n\n\n\n<p>Svarbiausia &#8211; saugumas, tod\u0117l m\u016bs\u0173 <strong>neslystan\u010dios rankenos<\/strong> u\u017etikrina saug\u0173 sukibim\u0105 ir suma\u017eina nelaiming\u0173 atsitikim\u0173 rizik\u0105 treniruo\u010di\u0173 metu. Nesijaudindami susitelkite \u012f treniruotes.<\/p>\n<\/div>\n<\/div>\n\n\n\n<div class=\"wp-block-columns alignwide mobile-reverse is-layout-flex wp-container-core-columns-is-layout-ca64bf2d wp-block-columns-is-layout-flex\" style=\"margin-bottom:var(--wp--preset--spacing--side-padding)\">\n<div class=\"wp-block-column is-vertically-aligned-center is-layout-flow wp-block-column-is-layout-flow\">\n<h3 class=\"wp-block-heading\" style=\"margin-bottom:var(--wp--preset--spacing--h-3-bottom)\"><strong>Ilgalaikis veikimas<\/strong><\/h3>\n\n\n\n<p><strong><em><strong><strong><strong><strong>Auk\u0161\u010diausios kokyb\u0117s, tvirta PU oda<\/strong><\/strong><\/strong><\/strong><\/em><\/strong><\/p>\n\n\n\n<p style=\"margin-bottom:var(--wp--preset--spacing--tb-section-padding)\">Lengvai pri\u017ei\u016br\u0117kite sporto sal\u0117s grindis. &#8222;Econ&#8221; serijos treniruokliai turi <strong>patvarias grind\u0173 apsaugas,<\/strong> kurios apsaugo nuo pa\u017eeidim\u0173 ir \u012fbr\u0117\u017eim\u0173 net ir intensyvi\u0173 treniruo\u010di\u0173 metu.<\/p>\n\n\n\n<h3 class=\"wp-block-heading\" style=\"margin-bottom:var(--wp--preset--spacing--h-3-bottom)\"><strong><strong><strong>Storas apmu\u0161alas<\/strong><\/strong><\/strong><\/h3>\n\n\n\n<p><strong><em><strong>Patogumas atitinka patvarum\u0105<\/strong><\/em><\/strong><\/p>\n\n\n\n<p>M\u0117gaukit\u0117s patogumu ir patvarumu d\u0117l <strong>stor\u0173 apmu\u0161al\u0173<\/strong>. \u0160i funkcija pagerina treniruo\u010di\u0173 patirt\u012f, tod\u0117l galite treniruotis u\u017etikrintai.<\/p>\n<\/div>\n\n\n\n<div class=\"wp-block-column is-vertically-aligned-center is-layout-flow wp-block-column-is-layout-flow\">\n<figure class=\"wp-block-image size-large is-resized is-style-rounded\"><img decoding=\"async\" src=\"https:\/\/evolve-fitness.eu\/wp-content\/uploads\/2023\/08\/EV-PL-EC-011-1024x882.jpg\" alt=\"\" class=\"wp-image-3409\" style=\"width:572px;height:763px\"\/><\/figure>\n<\/div>\n<\/div>\n\n\n\n<div class=\"wp-block-columns alignwide mobile-reverse is-layout-flex wp-container-core-columns-is-layout-ca64bf2d wp-block-columns-is-layout-flex\" style=\"margin-bottom:var(--wp--preset--spacing--side-padding)\">\n<div class=\"wp-block-column is-vertically-aligned-center is-layout-flow wp-block-column-is-layout-flow\">\n<figure class=\"wp-block-image size-large is-resized is-style-rounded\"><img decoding=\"async\" src=\"https:\/\/evolve-fitness.eu\/wp-content\/uploads\/2023\/08\/EV-PL-EC-030-957x1024.jpg\" alt=\"\" class=\"wp-image-3411\" style=\"width:620px;height:827px\"\/><\/figure>\n<\/div>\n\n\n\n<div class=\"wp-block-column is-vertically-aligned-center is-layout-flow wp-block-column-is-layout-flow\">\n<h3 class=\"wp-block-heading\" style=\"margin-bottom:var(--wp--preset--spacing--h-3-bottom)\"><strong>Patvarios grind\u0173 apsaugos priemon\u0117s<\/strong><\/h3>\n\n\n\n<p><strong><em><strong>Saugokite sporto sal\u0117s grindis<\/strong><\/em><\/strong><\/p>\n\n\n\n<p style=\"margin-bottom:var(--wp--preset--spacing--tb-section-padding)\">Lengvai pri\u017ei\u016br\u0117kite sporto sal\u0117s grindis. &#8222;Econ&#8221; serijos treniruokliai turi <strong>patvarias grind\u0173 apsaugas,<\/strong> kurios apsaugo nuo pa\u017eeidim\u0173 ir \u012fbr\u0117\u017eim\u0173 net ir intensyvi\u0173 treniruo\u010di\u0173 metu.<\/p>\n\n\n\n<h3 class=\"wp-block-heading\" style=\"margin-bottom:var(--wp--preset--spacing--h-3-bottom)\"><strong><strong><strong><strong><strong><strong>Ilgaam\u017e\u0117 apdaila<\/strong><\/strong><\/strong><\/strong><\/strong><\/strong><\/h3>\n\n\n\n<p><strong><em><strong><strong><strong><strong>Termoreaktyvi\u0173j\u0173 milteli\u0173 elektrostatinio pur\u0161kimo technologija<\/strong><\/strong><\/strong><\/strong><\/em><\/strong><\/p>\n\n\n\n<p>Patirkite ilgalaik\u0119 apdail\u0105 naudodami m\u016bs\u0173 <strong>termoreaktyvi\u0173j\u0173 milteli\u0173 elektrostatinio pur\u0161kimo technologij\u0105<\/strong>. \u0160i pa\u017eangi danga u\u017etikrina, kad j\u016bs\u0173 \u012franga laikui b\u0117gant i\u0161likt\u0173 esteti\u0161ka.<\/p>\n<\/div>\n<\/div>\n<\/section>\n<\/section>\n","protected":false},"excerpt":{"rendered":"<p>&#8222;Evolve ECON Series Smith Machine&#8221; (EV-PL-EC-009) yra universalus ir patvarus treniruoklis, skirtas treniruo\u010di\u0173 patir\u010diai pagerinti. Sukurtas i\u0161 auk\u0161tos kokyb\u0117s med\u017eiag\u0173, jis u\u017etikrina skland\u0173 veikim\u0105 ir maksimal\u0173 saugum\u0105, tod\u0117l yra puikus pasirinkimas tiek pradedantiesiems, tiek patyrusiems sportininkams. Puikiai tinka kontroliuojamoms j\u0117gos treniruot\u0117ms, \u0161is Smitho treniruoklis yra patikimas bet kurios sporto sal\u0117s ar nam\u0173 treniruo\u010di\u0173 erdv\u0117s priedas, padedantis efektyviai treniruoti \u012fvairias raumen\u0173 grupes.  <\/p>\n","protected":false},"featured_media":104301,"template":"","meta":{"_acf_changed":false,"inline_featured_image":false},"product_cat":[117,129,224],"product_tag":[],"class_list":{"0":"post-104264","1":"product","2":"type-product","3":"status-publish","4":"has-post-thumbnail","6":"product_cat-pagrindinis-puslapis","7":"product_cat-laisvu-svoriu-treniruokliai","8":"product_cat-econ-serijos-laisvu-svoriu-treniruokliai","10":"first","11":"instock","12":"shipping-taxable","13":"purchasable","14":"product-type-simple"},"acf":[],"_links":{"self":[{"href":"https:\/\/store.evolve-fitness.eu\/lt\/wp-json\/wp\/v2\/product\/104264","targetHints":{"allow":["GET"]}}],"collection":[{"href":"https:\/\/store.evolve-fitness.eu\/lt\/wp-json\/wp\/v2\/product"}],"about":[{"href":"https:\/\/store.evolve-fitness.eu\/lt\/wp-json\/wp\/v2\/types\/product"}],"wp:featuredmedia":[{"embeddable":true,"href":"https:\/\/store.evolve-fitness.eu\/lt\/wp-json\/wp\/v2\/media\/104301"}],"wp:attachment":[{"href":"https:\/\/store.evolve-fitness.eu\/lt\/wp-json\/wp\/v2\/media?parent=104264"}],"wp:term":[{"taxonomy":"product_cat","embeddable":true,"href":"https:\/\/store.evolve-fitness.eu\/lt\/wp-json\/wp\/v2\/product_cat?post=104264"},{"taxonomy":"product_tag","embeddable":true,"href":"https:\/\/store.evolve-fitness.eu\/lt\/wp-json\/wp\/v2\/product_tag?post=104264"}],"curies":[{"name":"wp","href":"https:\/\/api.w.org\/{rel}","templated":true}]}}