{"id":103862,"date":"2025-01-21T13:32:11","date_gmt":"2025-01-21T13:32:11","guid":{"rendered":"https:\/\/store.evolve-fitness.eu\/?post_type=product&#038;p=103862"},"modified":"2025-12-29T12:00:51","modified_gmt":"2025-12-29T12:00:51","slug":"evolve-kulksnies-dirzelio-tvirtinimas","status":"publish","type":"product","link":"https:\/\/store.evolve-fitness.eu\/lt\/produktas\/evolve-kulksnies-dirzelio-tvirtinimas\/","title":{"rendered":"&#8222;Evolve&#8221; kulk\u0161nies dir\u017eelio tvirtinimas"},"content":{"rendered":"\n<section class=\"wp-block-group alignfull black-content has-white-color has-darkgray-background-color has-text-color has-background is-layout-constrained wp-block-group-is-layout-constrained\" style=\"padding-top:var(--wp--preset--spacing--section-bottom);padding-bottom:var(--wp--preset--spacing--section-bottom)\">\n<h3 class=\"wp-block-heading has-text-align-center\" style=\"margin-bottom:var(--wp--preset--spacing--tb-section-padding)\">Technin\u0117 kortel\u0117<\/h3>\n\n\n\n<div class=\"wp-block-columns alignwide mobile-reverse is-layout-flex wp-container-core-columns-is-layout-ca64bf2d wp-block-columns-is-layout-flex\" style=\"margin-bottom:var(--wp--preset--spacing--side-padding)\">\n<div class=\"wp-block-column is-layout-flow wp-block-column-is-layout-flow\">\n<figure class=\"wp-block-image aligncenter size-large is-style-rounded\"><img decoding=\"async\" src=\"https:\/\/evolve-fitness.eu\/wp-content\/uploads\/2025\/01\/EV-AC-GH-250-6-2-1024x683.jpg\" alt=\"\" class=\"wp-image-174480\"\/><\/figure>\n<\/div>\n<\/div>\n<\/section>\n\n<p><\/p>\n","protected":false},"excerpt":{"rendered":"<p>&#8222;Evolve&#8221; kulk\u0161nies dir\u017eo priedas (EV-AC-GH-250) yra kompakti\u0161kas, ta\u010diau labai veiksmingas \u012frankis, skirtas treniruot\u0117ms su kabeliniais treniruokliais pagerinti. \u0160is universalus priedas, sukurtas siekiant u\u017etikrinti patogum\u0105 ir ilgaam\u017ei\u0161kum\u0105, leid\u017eia atlikti tikslingus apatin\u0117s k\u016bno dalies pratimus, tod\u0117l idealiai tinka koj\u0173 ir s\u0117dmen\u0173 raumenims formuoti ir stiprinti. Puikiai tinka vis\u0173 fizinio pasirengimo lygi\u0173 naudotojams, tod\u0117l tai yra privalomas j\u016bs\u0173 funkcini\u0173 treniruo\u010di\u0173 \u012frangos priedas.<\/p>\n","protected":false},"featured_media":103899,"template":"","meta":{"_acf_changed":false,"inline_featured_image":false},"product_cat":[166,150],"product_tag":[],"class_list":{"0":"post-103862","1":"product","2":"type-product","3":"status-publish","4":"has-post-thumbnail","6":"product_cat-pasirinktines-masinos","7":"product_cat-priedai-lt","9":"first","10":"instock","11":"shipping-taxable","12":"purchasable","13":"product-type-simple"},"acf":[],"_links":{"self":[{"href":"https:\/\/store.evolve-fitness.eu\/lt\/wp-json\/wp\/v2\/product\/103862","targetHints":{"allow":["GET"]}}],"collection":[{"href":"https:\/\/store.evolve-fitness.eu\/lt\/wp-json\/wp\/v2\/product"}],"about":[{"href":"https:\/\/store.evolve-fitness.eu\/lt\/wp-json\/wp\/v2\/types\/product"}],"wp:featuredmedia":[{"embeddable":true,"href":"https:\/\/store.evolve-fitness.eu\/lt\/wp-json\/wp\/v2\/media\/103899"}],"wp:attachment":[{"href":"https:\/\/store.evolve-fitness.eu\/lt\/wp-json\/wp\/v2\/media?parent=103862"}],"wp:term":[{"taxonomy":"product_cat","embeddable":true,"href":"https:\/\/store.evolve-fitness.eu\/lt\/wp-json\/wp\/v2\/product_cat?post=103862"},{"taxonomy":"product_tag","embeddable":true,"href":"https:\/\/store.evolve-fitness.eu\/lt\/wp-json\/wp\/v2\/product_tag?post=103862"}],"curies":[{"name":"wp","href":"https:\/\/api.w.org\/{rel}","templated":true}]}}