{"id":102889,"date":"2025-01-21T12:33:39","date_gmt":"2025-01-21T12:33:39","guid":{"rendered":"https:\/\/store.evolve-fitness.eu\/?post_type=product&#038;p=102889"},"modified":"2025-11-07T11:35:37","modified_gmt":"2025-11-07T11:35:37","slug":"evolve-powerlifting-plienine-plokste-025-kg-25-kg","status":"publish","type":"product","link":"https:\/\/store.evolve-fitness.eu\/lt\/produktas\/evolve-powerlifting-plienine-plokste-025-kg-25-kg\/","title":{"rendered":"&#8222;Evolve Powerlifting&#8221; plienin\u0117 plok\u0161t\u0117 0,25 kg &#8211; 25 kg"},"content":{"rendered":"\n<section class=\"wp-block-group alignfull black-content has-white-color has-darkgray-background-color has-text-color has-background is-layout-constrained wp-block-group-is-layout-constrained\" style=\"padding-top:var(--wp--preset--spacing--section-bottom);padding-bottom:var(--wp--preset--spacing--section-bottom)\">\n<h3 class=\"wp-block-heading has-text-align-center\" style=\"margin-bottom:var(--wp--preset--spacing--tb-section-padding)\">Technin\u0117 kortel\u0117<\/h3>\n\n\n\n<div class=\"wp-block-columns alignwide mobile-reverse is-layout-flex wp-container-core-columns-is-layout-ca64bf2d wp-block-columns-is-layout-flex\" style=\"margin-bottom:var(--wp--preset--spacing--side-padding)\">\n<div class=\"wp-block-column is-layout-flow wp-block-column-is-layout-flow\">\n<figure class=\"wp-block-image aligncenter size-large is-style-rounded\"><img decoding=\"async\" src=\"https:\/\/evolve-fitness.eu\/wp-content\/uploads\/2025\/01\/EV-WP-SP_card-1024x683.jpg\" alt=\"&quot;Evolve Powerlifting&quot; plienin&#x117; plok&#x161;t&#x117;\" class=\"wp-image-174097\"\/><\/figure>\n<\/div>\n<\/div>\n\n\n\n<div class=\"wp-block-columns alignwide mobile-reverse is-layout-flex wp-container-core-columns-is-layout-ca64bf2d wp-block-columns-is-layout-flex\" style=\"margin-bottom:var(--wp--preset--spacing--side-padding)\">\n<div class=\"wp-block-column is-vertically-aligned-center is-layout-flow wp-block-column-is-layout-flow\">\n<h3 class=\"wp-block-heading\" style=\"margin-bottom:var(--wp--preset--spacing--h-3-bottom)\"><strong><strong><strong><strong><strong><strong>Auk\u0161\u010diausios kokyb\u0117s plienin\u0117 konstrukcija<\/strong><\/strong><\/strong><\/strong><\/strong><\/strong><\/h3>\n\n\n\n<p><strong><em><strong><strong><strong><strong>Patvarus ir patikimas, u\u017etikrinantis maksimal\u0173 na\u0161um\u0105<\/strong><\/strong><\/strong><\/strong><\/em><\/strong><\/p>\n\n\n\n<p style=\"margin-bottom:var(--wp--preset--spacing--tb-section-padding)\">&#8222;Evolve Powerlifting&#8221; plienin\u0117 plok\u0161t\u0117 yra nukaldinta i\u0161 auk\u0161tos kokyb\u0117s plieno, tod\u0117l u\u017etikrina i\u0161skirtin\u012f patvarum\u0105 ir ilgaam\u017ei\u0161kum\u0105. \u0160i tvirta med\u017eiaga sukurta taip, kad atlaikyt\u0173 intensyvi\u0173 j\u0117gos trikov\u0117s treniruo\u010di\u0173 reikalavimus ir u\u017etikrint\u0173 pastov\u0173 poj\u016bt\u012f bei na\u0161um\u0105 kiekvieno k\u0117limo metu. <\/p>\n\n\n\n<h3 class=\"wp-block-heading\" style=\"margin-bottom:var(--wp--preset--spacing--h-3-bottom)\"><strong><strong><strong><strong><strong><strong><strong><strong>Eleganti\u0161kas ir funkcionalus dizainas<\/strong><\/strong><\/strong><\/strong><\/strong><\/strong><\/strong><\/strong><\/h3>\n\n\n\n<p><strong><em><strong><strong><strong><strong><strong>Profesionali i\u0161vaizda ir prakti\u0161ka nauda<\/strong><\/strong><\/strong><\/strong><\/strong><\/em><\/strong><\/p>\n\n\n\n<p>Kompakti\u0161ko ir minimalistinio dizaino l\u0117k\u0161t\u0117s pasi\u017eymi eleganti\u0161ka ir profesionalia estetika, tinkan\u010dia bet kokiai sporto salei. Poliruoto plieno apdaila yra stilinga ir atspari korozijai, tod\u0117l laikui b\u0117gant i\u0161laiko savo vizualin\u012f patrauklum\u0105 ir funkcionalum\u0105. <\/p>\n<\/div>\n\n\n\n<div class=\"wp-block-column is-vertically-aligned-center is-layout-flow wp-block-column-is-layout-flow\">\n<figure class=\"wp-block-image size-full is-style-rounded\"><img decoding=\"async\" src=\"https:\/\/evolve-fitness.eu\/wp-content\/uploads\/2025\/01\/EV-WP-SP.png\" alt=\"\" class=\"wp-image-173356\" style=\"object-fit:cover\"\/><\/figure>\n<\/div>\n<\/div>\n\n\n\n<div class=\"wp-block-columns alignwide mobile-reverse is-layout-flex wp-container-core-columns-is-layout-ca64bf2d wp-block-columns-is-layout-flex\" style=\"margin-bottom:var(--wp--preset--spacing--side-padding)\">\n<div class=\"wp-block-column is-vertically-aligned-center is-layout-flow wp-block-column-is-layout-flow\">\n<figure class=\"wp-block-image size-full is-style-rounded\"><img decoding=\"async\" src=\"https:\/\/evolve-fitness.eu\/wp-content\/uploads\/2025\/01\/EV-WP-SP-1.jpg\" alt=\"&quot;Evolve Powerlifting&quot; plienin&#x117; plok&#x161;t&#x117;\" class=\"wp-image-173888\" style=\"object-fit:cover\"\/><\/figure>\n<\/div>\n\n\n\n<div class=\"wp-block-column is-vertically-aligned-center is-layout-flow wp-block-column-is-layout-flow\">\n<h3 class=\"wp-block-heading\" style=\"margin-bottom:var(--wp--preset--spacing--h-3-bottom)\"><strong><strong><strong><strong><strong><strong><strong>Puikiai tinka j\u0117gos trikov\u0117s programoms<\/strong><\/strong><\/strong><\/strong><\/strong><\/strong><\/strong><\/h3>\n\n\n\n<p><strong><em><strong><strong><strong><strong><strong>Pritaikyta rimtoms k\u0117limo treniruot\u0117ms<\/strong><\/strong><\/strong><\/strong><\/strong><\/em><\/strong><\/p>\n\n\n\n<p style=\"margin-bottom:var(--wp--preset--spacing--tb-section-padding)\">\u0160i plok\u0161t\u0117 kruop\u0161\u010diai sukurta j\u0117gos trikov\u0117s pratimams, \u012fskaitant prit\u016bpimus, \u012ft\u016bpstus ir \u0161tangos spaudim\u0105. Jos kalibruoto svorio tikslumas u\u017etikrina k\u0117limo tikslum\u0105, padeda veiksmingai ir saugiai pasiekti j\u0117gos tikslus. <\/p>\n\n\n\n<h3 class=\"wp-block-heading\" style=\"margin-bottom:var(--wp--preset--spacing--h-3-bottom)\"><strong><strong><strong><strong><strong><strong><strong><strong><strong>Erdv\u0119 taupantys privalumai<\/strong><\/strong><\/strong><\/strong><\/strong><\/strong><\/strong><\/strong><\/strong><\/h3>\n\n\n\n<p><strong><em><strong><strong><strong><strong><strong><strong>Efektyviai i\u0161naudojama sporto sal\u0117s erdv\u0117 ir maitinimo stulpai<\/strong><\/strong><\/strong><\/strong><\/strong><\/strong><\/em><\/strong><\/p>\n\n\n\n<p>Plonas \u0161i\u0173 plienini\u0173 plok\u0161\u010di\u0173 profilis leid\u017eia pasiekti did\u017eiausi\u0105 j\u0117gos trikov\u0117s \u0161tang\u0173 apkrov\u0105, tod\u0117l jos puikiai tinka sunkiaatle\u010diams. J\u0173 kompakti\u0161ka konstrukcija taip pat suma\u017eina sand\u0117liavimo vietos poreik\u012f, tod\u0117l j\u016bs\u0173 sporto sal\u0117 i\u0161liks tvarkinga ir be netvarkos. <\/p>\n<\/div>\n<\/div>\n<\/section>\n","protected":false},"excerpt":{"rendered":"<p>&#8222;Evolve Powerlifting Steel Plates&#8221; (EV-WP-SP) yra tiksliai suprojektuotos, kad atitikt\u0173 rimt\u0173 j\u0117gos treniruo\u010di\u0173 reikalavimus. Nuo 0,25 kg iki 25 kg sverian\u010dios plok\u0161t\u0117s pagamintos i\u0161 auk\u0161tos kokyb\u0117s plieno, kad b\u016bt\u0173 patvarios ir tikslios. Sukurtos taip, kad tikt\u0173 standartin\u0117ms \u0161tangoms, jos pasi\u017eymi eleganti\u0161ku, kompakti\u0161ku dizainu, kuris suma\u017eina t\u016br\u012f ir padidina svorio tank\u012f. \u0160ios plok\u0161t\u0117s puikiai tinka progresyvioms treniruot\u0117ms ir sunki\u0173 svori\u0173 k\u0117limui, tod\u0117l puikiai tinka vis\u0173 lygi\u0173 sportininkams, siekiantiems auk\u0161\u010diausi\u0173 rezultat\u0173.<\/p>\n","protected":false},"featured_media":103599,"template":"","meta":{"_acf_changed":false,"inline_featured_image":false},"product_cat":[117,127,188],"product_tag":[],"class_list":{"0":"post-102889","1":"product","2":"type-product","3":"status-publish","4":"has-post-thumbnail","6":"product_cat-pagrindinis-puslapis","7":"product_cat-laisvieji-svarmenys","8":"product_cat-svorio-plokstes","10":"first","11":"instock","12":"shipping-taxable","13":"purchasable","14":"product-type-variable"},"acf":[],"_links":{"self":[{"href":"https:\/\/store.evolve-fitness.eu\/lt\/wp-json\/wp\/v2\/product\/102889","targetHints":{"allow":["GET"]}}],"collection":[{"href":"https:\/\/store.evolve-fitness.eu\/lt\/wp-json\/wp\/v2\/product"}],"about":[{"href":"https:\/\/store.evolve-fitness.eu\/lt\/wp-json\/wp\/v2\/types\/product"}],"wp:featuredmedia":[{"embeddable":true,"href":"https:\/\/store.evolve-fitness.eu\/lt\/wp-json\/wp\/v2\/media\/103599"}],"wp:attachment":[{"href":"https:\/\/store.evolve-fitness.eu\/lt\/wp-json\/wp\/v2\/media?parent=102889"}],"wp:term":[{"taxonomy":"product_cat","embeddable":true,"href":"https:\/\/store.evolve-fitness.eu\/lt\/wp-json\/wp\/v2\/product_cat?post=102889"},{"taxonomy":"product_tag","embeddable":true,"href":"https:\/\/store.evolve-fitness.eu\/lt\/wp-json\/wp\/v2\/product_tag?post=102889"}],"curies":[{"name":"wp","href":"https:\/\/api.w.org\/{rel}","templated":true}]}}