{"id":102646,"date":"2025-01-21T12:22:02","date_gmt":"2025-01-21T12:22:02","guid":{"rendered":"https:\/\/store.evolve-fitness.eu\/?post_type=product&#038;p=102646"},"modified":"2026-01-20T12:00:47","modified_gmt":"2026-01-20T12:00:47","slug":"evolve-jegos-trikoves-stanga-220-cm-20-kg","status":"publish","type":"product","link":"https:\/\/store.evolve-fitness.eu\/lt\/produktas\/evolve-jegos-trikoves-stanga-220-cm-20-kg\/","title":{"rendered":"&#8222;Evolve&#8221; j\u0117gos trikov\u0117s \u0161tanga &#8211; 220 cm \/ 20 kg"},"content":{"rendered":"\n<section class=\"wp-block-group alignfull black-content has-white-color has-darkgray-background-color has-text-color has-background is-layout-constrained wp-block-group-is-layout-constrained\" style=\"padding-top:var(--wp--preset--spacing--section-bottom);padding-bottom:var(--wp--preset--spacing--section-bottom)\">\n<h3 class=\"wp-block-heading has-text-align-center\" style=\"margin-bottom:var(--wp--preset--spacing--tb-section-padding)\">Technin\u0117 kortel\u0117<\/h3>\n\n\n\n<div class=\"wp-block-columns alignwide mobile-reverse is-layout-flex wp-container-core-columns-is-layout-ca64bf2d wp-block-columns-is-layout-flex\" style=\"margin-bottom:var(--wp--preset--spacing--side-padding)\">\n<div class=\"wp-block-column is-layout-flow wp-block-column-is-layout-flow\">\n<figure class=\"wp-block-image aligncenter size-large is-style-rounded\"><img decoding=\"async\" src=\"https:\/\/evolve-fitness.eu\/wp-content\/uploads\/2025\/01\/Evolve-Powerlifiting-Bar-spec-3-1024x683.jpg\" alt=\"EV-OB-PL-220\" class=\"wp-image-174067\"\/><\/figure>\n<\/div>\n<\/div>\n\n\n\n<div class=\"wp-block-columns alignwide mobile-reverse is-layout-flex wp-container-core-columns-is-layout-ca64bf2d wp-block-columns-is-layout-flex\" style=\"margin-bottom:var(--wp--preset--spacing--side-padding)\">\n<div class=\"wp-block-column is-vertically-aligned-center is-layout-flow wp-block-column-is-layout-flow\">\n<h3 class=\"wp-block-heading\" style=\"margin-bottom:var(--wp--preset--spacing--h-3-bottom)\"><strong><strong><strong><strong><strong><strong>Auk\u0161tos kokyb\u0117s<\/strong><\/strong><\/strong><\/strong><\/strong><\/strong><\/h3>\n\n\n\n<p><strong><em><strong><strong><strong><strong>Patvarus dizainas<\/strong><\/strong><\/strong><\/strong><\/em><\/strong><\/p>\n\n\n\n<p style=\"margin-bottom:var(--wp--preset--spacing--tb-section-padding)\">M\u016bs\u0173 treniruokli\u0173 suolai pagaminti taip, kad b\u016bt\u0173 ilgaam\u017eiai, o j\u0173 tvirtas metalinis r\u0117mas pagamintas i\u0161 suvirint\u0173 apskrit\u0173 vamzd\u017ei\u0173. Pa\u017eangi termoreaktyvi\u0173j\u0173 milteli\u0173 elektrostatinio pur\u0161kimo technologija ne tik suteikia pavir\u0161iui eleganti\u0161k\u0105 i\u0161vaizd\u0105, bet ir puikiai apsaugo nuo r\u016bd\u017ei\u0173. M\u016bs\u0173 &#8222;Evolve&#8221; suoliukai sukurti taip, kad atitikt\u0173 j\u016bs\u0173 poreikius, nesvarbu, ar sportuojate namuose, ar profesionalioje sporto sal\u0117je. Jie taip pat puikiai tinka komercin\u0117ms treniruokli\u0173 sal\u0117ms karin\u0117se baz\u0117se, vie\u0161bu\u010diuose, nakvyn\u0117s namuose ir reabilitacijos centruose.<\/p>\n\n\n\n<h3 class=\"wp-block-heading\" style=\"margin-bottom:var(--wp--preset--spacing--h-3-bottom)\"><strong><strong><strong><strong><strong><strong><strong><strong>Puikus sukibimas ir valdymas<\/strong><\/strong><\/strong><\/strong><\/strong><\/strong><\/strong><\/strong><\/h3>\n\n\n\n<p><strong><em><strong><strong><strong><strong><strong>D\u0117ka didesnio stabilumo rai\u017eymas<\/strong><\/strong><\/strong><\/strong><\/strong><\/em><\/strong><\/p>\n\n\n\n<p>\u0160is j\u0117gos trikov\u0117s strypas turi agresyvius rauk\u0161linius ra\u0161tus, kurie u\u017etikrina saug\u0173 ir tvirt\u0105 sukibim\u0105 atliekant intensyvius pak\u0117limus. Tiksliai i\u0161d\u0117styti \u012fbr\u0117\u017eim\u0173 \u017eenklai padeda atletams i\u0161laikyti tinkam\u0105 rank\u0173 pad\u0117t\u012f atliekant prit\u016bpimus, \u0161tangos spaudim\u0105 ir negyv\u0105j\u0105 atletik\u0105. Ant \u0161tangos taip pat yra centrinis i\u0161gaubimas, u\u017etikrinantis didesn\u012f stabilum\u0105 prit\u016bpim\u0173 metu, neleid\u017eiantis \u0161tangai slysti ir didinantis saugum\u0105.  <\/p>\n<\/div>\n\n\n\n<div class=\"wp-block-column is-vertically-aligned-center is-layout-flow wp-block-column-is-layout-flow\">\n<figure class=\"wp-block-image size-full is-style-rounded\"><img decoding=\"async\" src=\"https:\/\/evolve-fitness.eu\/wp-content\/uploads\/2025\/01\/Evolve-Powerlifiting-Bar-3.jpg\" alt=\"EV-OB-PL-220\" class=\"wp-image-173253\" style=\"object-fit:cover\"\/><\/figure>\n<\/div>\n<\/div>\n\n\n\n<div class=\"wp-block-columns alignwide mobile-reverse is-layout-flex wp-container-core-columns-is-layout-ca64bf2d wp-block-columns-is-layout-flex\" style=\"margin-bottom:var(--wp--preset--spacing--side-padding)\">\n<div class=\"wp-block-column is-vertically-aligned-center is-layout-flow wp-block-column-is-layout-flow\">\n<figure class=\"wp-block-image size-full is-style-rounded\"><img decoding=\"async\" src=\"https:\/\/evolve-fitness.eu\/wp-content\/uploads\/2025\/01\/Evolve-Powerlifiting-Bar-6.jpg\" alt=\"EV-OB-PL-220\" class=\"wp-image-174016\" style=\"object-fit:cover\"\/><\/figure>\n<\/div>\n\n\n\n<div class=\"wp-block-column is-vertically-aligned-center is-layout-flow wp-block-column-is-layout-flow\">\n<h3 class=\"wp-block-heading\" style=\"margin-bottom:var(--wp--preset--spacing--h-3-bottom)\"><strong><strong><strong><strong><strong><strong><strong>Optimali apkrova ir standumas<\/strong><\/strong><\/strong><\/strong><\/strong><\/strong><\/strong><\/h3>\n\n\n\n<p><strong><em><strong><strong><strong><strong><strong>Sukurtas dideliems svoriams<\/strong><\/strong><\/strong><\/strong><\/strong><\/em><\/strong><\/p>\n\n\n\n<p style=\"margin-bottom:var(--wp--preset--spacing--tb-section-padding)\">&#8222;Evolve&#8221; j\u0117gos trikov\u0117s \u0161tanga sukurta taip, kad jos maksimalus svoris gali siekti iki 900 kg, tod\u0117l ji atitinka pa\u017eengusi\u0173 ir elitini\u0173 j\u0117gos trikovinink\u0173 poreikius. D\u0117l suma\u017e\u0117jusio plauko ir optimalaus standumo u\u017etikrinami kontroliuojami judesiai, tod\u0117l ger\u0117ja forma ir j\u0117gos perdavimas atliekant maksimali\u0173 pastang\u0173 k\u0117limus. <\/p>\n\n\n\n<h3 class=\"wp-block-heading\" style=\"margin-bottom:var(--wp--preset--spacing--h-3-bottom)\"><strong><strong><strong><strong><strong><strong><strong><strong><strong>Rankov\u0117s dizainas ir patvarumas<\/strong><\/strong><\/strong><\/strong><\/strong><\/strong><\/strong><\/strong><\/strong><\/h3>\n\n\n\n<p><strong><em><strong><strong><strong><strong><strong><strong>Sklandus sukimasis, u\u017etikrinantis ilgalaik\u012f veikim\u0105<\/strong><\/strong><\/strong><\/strong><\/strong><\/strong><\/em><\/strong><\/p>\n\n\n\n<p>D\u0117l tvirt\u0173 \u012fvori\u0173 strypas u\u017etikrina skland\u0173 ir patikim\u0105 plok\u0161t\u0117s sukim\u0105si. \u012evor\u0117s padengtos kiet\u0105ja chromo danga, tod\u0117l yra labai atsparios dilimui ir korozijai, tod\u0117l tai ilgalaik\u0117 investicija \u012f bet koki\u0105 j\u0117gos trikov\u0117s \u012frang\u0105. <\/p>\n<\/div>\n<\/div>\n<\/section>\n","protected":false},"excerpt":{"rendered":"<p>&#8222;Evolve Powerlifting Bar&#8221; (EV-OB-PL-220) yra auk\u0161\u010diausios kokyb\u0117s \u0161tanga, skirta j\u0117gos treniruo\u010di\u0173 entuziastams ir profesionaliems sportininkams. \u0160i 220 cm ilgio, 20 kg sverianti \u0161tanga sukurta atsi\u017evelgiant \u012f ilgaam\u017ei\u0161kum\u0105 ir tikslum\u0105. Jos puiki rankena ir tvirta konstrukcija u\u017etikrina stabilum\u0105 ir kontrol\u0119, tod\u0117l ji yra idealus pasirinkimas prit\u016bpimams, \u012ft\u016bpstams ir \u0161tangos spaudimui. \u0160i \u0161tanga puikiai tinka visiems fizinio pasirengimo lygiams, ji u\u017etikrina patikimum\u0105 ir pastovum\u0105.<\/p>\n","protected":false},"featured_media":102858,"template":"","meta":{"_acf_changed":false,"inline_featured_image":false},"product_cat":[127,158],"product_tag":[],"class_list":{"0":"post-102646","1":"product","2":"type-product","3":"status-publish","4":"has-post-thumbnail","6":"product_cat-laisvieji-svarmenys","7":"product_cat-barai-ir-priedai","9":"first","10":"instock","11":"shipping-taxable","12":"purchasable","13":"product-type-simple"},"acf":[],"_links":{"self":[{"href":"https:\/\/store.evolve-fitness.eu\/lt\/wp-json\/wp\/v2\/product\/102646","targetHints":{"allow":["GET"]}}],"collection":[{"href":"https:\/\/store.evolve-fitness.eu\/lt\/wp-json\/wp\/v2\/product"}],"about":[{"href":"https:\/\/store.evolve-fitness.eu\/lt\/wp-json\/wp\/v2\/types\/product"}],"wp:featuredmedia":[{"embeddable":true,"href":"https:\/\/store.evolve-fitness.eu\/lt\/wp-json\/wp\/v2\/media\/102858"}],"wp:attachment":[{"href":"https:\/\/store.evolve-fitness.eu\/lt\/wp-json\/wp\/v2\/media?parent=102646"}],"wp:term":[{"taxonomy":"product_cat","embeddable":true,"href":"https:\/\/store.evolve-fitness.eu\/lt\/wp-json\/wp\/v2\/product_cat?post=102646"},{"taxonomy":"product_tag","embeddable":true,"href":"https:\/\/store.evolve-fitness.eu\/lt\/wp-json\/wp\/v2\/product_tag?post=102646"}],"curies":[{"name":"wp","href":"https:\/\/api.w.org\/{rel}","templated":true}]}}