{"id":102543,"date":"2025-01-07T15:36:43","date_gmt":"2025-01-07T15:36:43","guid":{"rendered":"https:\/\/store.evolve-fitness.eu\/?post_type=product&#038;p=102543"},"modified":"2026-02-10T12:02:19","modified_gmt":"2026-02-10T12:02:19","slug":"evolve-ultra-series-1-stack-multigym-6","status":"publish","type":"product","link":"https:\/\/store.evolve-fitness.eu\/lt\/produktas\/evolve-ultra-series-1-stack-multigym-6\/","title":{"rendered":"&#8222;Evolve Ultra Series 1 Stack Multigym"},"content":{"rendered":"\n<section class=\"wp-block-group alignfull black-content has-white-color has-darkgray-background-color has-text-color has-background is-layout-constrained wp-block-group-is-layout-constrained\" style=\"padding-top:var(--wp--preset--spacing--section-bottom);padding-bottom:var(--wp--preset--spacing--section-bottom)\">\n<div class=\"wp-block-columns alignwide is-layout-flex wp-container-core-columns-is-layout-c45ee707 wp-block-columns-is-layout-flex\" style=\"margin-bottom:var(--wp--preset--spacing--side-padding);padding-top:var(--wp--preset--spacing--side-padding)\">\n<div class=\"wp-block-column is-vertically-aligned-center is-layout-flow wp-block-column-is-layout-flow\">\n<h3 class=\"wp-block-heading\"><strong>DENGTAS DVIGUBU MILTELINIU B\u016aDU<\/strong><\/h3>\n\n\n\n<p><strong><em><strong><em>Elektrostatiniu milteliniu b\u016bdu dengtas<\/em><\/strong><\/em><\/strong><\/p>\n\n\n\n<p style=\"margin-bottom:var(--wp--preset--spacing--tb-section-padding)\">&#8222;Evolve Ultra&#8221; serijos j\u0117gos ma\u0161inos su elektrostatiniu milteliniu b\u016bdu dengtu perlamutrin\u0117s juodos matin\u0117s spalvos r\u0117mu yra ir formos, ir funkcijos pavyzdys. Jos estetin\u012f patrauklum\u0105 didina juoda matin\u0117 apdaila, o praktin\u0117s savyb\u0117s, \u012fskaitant atsparum\u0105 trin\u010diai, antikorozines savybes ir atsparum\u0105 \u012fbr\u0117\u017eimams, u\u017etikrina, kad ji b\u016bt\u0173 patikimas ir ilgaam\u017eis treniruo\u010di\u0173 palydovas.<\/p>\n\n\n\n<h3 class=\"wp-block-heading\" style=\"margin-bottom:var(--wp--preset--spacing--h-3-bottom)\">SAUGOKITE SAVO ERDV\u0118<\/h3>\n\n\n\n<p><strong><em><strong><em>Gumin\u0117s trinkel\u0117s grindims apsaugoti<\/em><\/strong><\/em><\/strong><\/p>\n\n\n\n<p>Naudodami gumines pagalv\u0117les palaikykite \u0161vari\u0105 ir nepa\u017eeist\u0105 treniruo\u010di\u0173 aplink\u0105. Sporto sali\u0173 savininkai supranta, kaip svarbu saugoti sporto sal\u0117s grindis. M\u016bs\u0173 guma padengtos kojos apsaugo grindis nuo \u012fbr\u0117\u017eim\u0173 ir galim\u0173 pa\u017eeidim\u0173, tod\u0117l &#8222;Ultra&#8221; serij\u0105 renkasi sporto sali\u0173 savininkai, norintys apsaugoti savo erdv\u0119.<\/p>\n<\/div>\n\n\n\n<div class=\"wp-block-column is-vertically-aligned-center is-layout-flow wp-block-column-is-layout-flow\">\n<figure class=\"wp-block-image size-large\"><img decoding=\"async\" src=\"https:\/\/evolve-fitness.eu\/wp-content\/uploads\/2023\/08\/EV-SC-UL-240-14-683x1024.jpg\" alt=\"\" class=\"wp-image-167371\"\/><\/figure>\n<\/div>\n<\/div>\n\n\n\n<div class=\"wp-block-columns alignwide are-vertically-aligned-center mobile-reverse is-layout-flex wp-container-core-columns-is-layout-e8158c2f wp-block-columns-is-layout-flex\" style=\"padding-top:var(--wp--preset--spacing--side-padding)\">\n<div class=\"wp-block-column is-vertically-aligned-center is-layout-flow wp-block-column-is-layout-flow\">\n<figure class=\"wp-block-image size-large\"><img decoding=\"async\" src=\"https:\/\/evolve-fitness.eu\/wp-content\/uploads\/2023\/08\/ev-sc-ul-240-1-1024x683.jpg\" alt=\"\" class=\"wp-image-167346\"\/><\/figure>\n<\/div>\n\n\n\n<div class=\"wp-block-column is-vertically-aligned-center is-layout-flow wp-block-column-is-layout-flow\">\n<h3 class=\"wp-block-heading\" style=\"margin-bottom:var(--wp--preset--spacing--h-3-bottom)\"><strong>Optimal\u016bs rank\u0173 su\u0117mimai<\/strong><\/h3>\n\n\n\n<p><strong><em><strong><em>Fitneso patirties gerinimas<\/em><\/strong><\/em><\/strong><\/p>\n\n\n\n<p style=\"margin-bottom:var(--wp--preset--spacing--tb-section-padding)\">Sporto sali\u0173 savininkams ir sporto klub\u0173 vadovams labai svarbu pritraukti ir i\u0161laikyti klientus. &#8222;Evolve Ultra&#8221; serija si\u016blo optimalias rank\u0173 rankenas, kruop\u0161\u010diai suprojektuotas taip, kad b\u016bt\u0173 patogu ir saugu. Pagerinkite savo klient\u0173 treniruo\u010di\u0173 patirt\u012f, kad jie b\u016bt\u0173 \u012fsitrauk\u0119 ir motyvuoti siekti fitneso tiksl\u0173 j\u016bs\u0173 \u012fstaigoje.<\/p>\n\n\n\n<h3 class=\"wp-block-heading\" style=\"margin-bottom:var(--wp--preset--spacing--h-3-bottom)\">Sauga atitinka stili\u0173<\/h3>\n\n\n\n<p><strong><em>Visi\u0161kai u\u017edengtas svorio kamino gaubtas<\/em><\/strong><\/p>\n\n\n\n<p>Sporto sali\u0173 savininkams ir fitneso verslininkams svarbiausia &#8211; saugumas ir estetika. &#8222;Evolve Ultra&#8221; serijoje yra visi\u0161kai u\u017edengtas svori\u0173 kr\u016bvos gaubtas, kuriame skland\u017eiai derinamas saugumas ir stilius. \u0160is gaubtas, didinantis saugum\u0105 ir apsaugantis nuo nelaiming\u0173 atsitikim\u0173, o kartu palaikantis \u0161var\u0105 sporto sal\u0117je, yra b\u016btinas bet kurios treniruokli\u0173 sal\u0117s priedas. Padidinkite savo sporto sal\u0117s vizualin\u012f patrauklum\u0105, kartu teikdami pirmenyb\u0119 klient\u0173 saugumui kiekvienos treniruot\u0117s metu.<\/p>\n<\/div>\n<\/div>\n<\/section>\n","protected":false},"excerpt":{"rendered":"<p>&#8222;Evolve Ultra Series 1 Stack Multigym&#8221; (EV-SC-UL-012) yra universalus ir kompakti\u0161kas treniruoklis, skirtas viso k\u016bno treniruot\u0117ms namuose ar sporto sal\u0117je. \u0160is daugiafunkcis treniruoklis, sukurtas siekiant u\u017etikrinti ilgaam\u017ei\u0161kum\u0105 ir paprast\u0105 naudojim\u0105, skirtas vis\u0173 lygi\u0173 fitneso entuziastams, nes si\u016blo \u012fvairius pratimus, skirtus pagrindin\u0117ms raumen\u0173 grup\u0117ms efektyviai treniruoti. <\/p>\n","protected":false},"featured_media":102569,"template":"","meta":{"_acf_changed":false,"inline_featured_image":false},"product_cat":[117,166,167],"product_tag":[],"class_list":{"0":"post-102543","1":"product","2":"type-product","3":"status-publish","4":"has-post-thumbnail","6":"product_cat-pagrindinis-puslapis","7":"product_cat-pasirinktines-masinos","8":"product_cat-ultra-series-selektorizuoti-treniruokliai","10":"first","11":"instock","12":"shipping-taxable","13":"purchasable","14":"product-type-simple"},"acf":[],"_links":{"self":[{"href":"https:\/\/store.evolve-fitness.eu\/lt\/wp-json\/wp\/v2\/product\/102543","targetHints":{"allow":["GET"]}}],"collection":[{"href":"https:\/\/store.evolve-fitness.eu\/lt\/wp-json\/wp\/v2\/product"}],"about":[{"href":"https:\/\/store.evolve-fitness.eu\/lt\/wp-json\/wp\/v2\/types\/product"}],"wp:featuredmedia":[{"embeddable":true,"href":"https:\/\/store.evolve-fitness.eu\/lt\/wp-json\/wp\/v2\/media\/102569"}],"wp:attachment":[{"href":"https:\/\/store.evolve-fitness.eu\/lt\/wp-json\/wp\/v2\/media?parent=102543"}],"wp:term":[{"taxonomy":"product_cat","embeddable":true,"href":"https:\/\/store.evolve-fitness.eu\/lt\/wp-json\/wp\/v2\/product_cat?post=102543"},{"taxonomy":"product_tag","embeddable":true,"href":"https:\/\/store.evolve-fitness.eu\/lt\/wp-json\/wp\/v2\/product_tag?post=102543"}],"curies":[{"name":"wp","href":"https:\/\/api.w.org\/{rel}","templated":true}]}}