{"id":102481,"date":"2025-01-07T15:26:06","date_gmt":"2025-01-07T15:26:06","guid":{"rendered":"https:\/\/store.evolve-fitness.eu\/?post_type=product&#038;p=102481"},"modified":"2025-01-08T11:13:57","modified_gmt":"2025-01-08T11:13:57","slug":"evolve-ultra-series-plokstes-pakrauta-izo-sonine-pritupimu-iskyla","status":"publish","type":"product","link":"https:\/\/store.evolve-fitness.eu\/lt\/produktas\/evolve-ultra-series-plokstes-pakrauta-izo-sonine-pritupimu-iskyla\/","title":{"rendered":"&#8222;Evolve Ultra Series&#8221; plok\u0161t\u0117s pakrauta Izo \u0161onin\u0117 prit\u016bpim\u0173 i\u0161kyla"},"content":{"rendered":"\n<section class=\"wp-block-group alignfull black-content has-white-color has-darkgray-background-color has-text-color has-background is-layout-constrained wp-block-group-is-layout-constrained\" style=\"padding-top:var(--wp--preset--spacing--section-bottom);padding-bottom:var(--wp--preset--spacing--section-bottom)\">\n<section class=\"wp-block-group alignfull black-content has-white-color has-darkgray-background-color has-text-color has-background is-layout-constrained wp-block-group-is-layout-constrained\" style=\"margin-bottom:0;padding-top:var(--wp--preset--spacing--tb-padding);padding-bottom:var(--wp--preset--spacing--tb-padding)\">\n<div class=\"wp-block-columns alignwide mobile-reverse is-layout-flex wp-container-core-columns-is-layout-7a02faa9 wp-block-columns-is-layout-flex\" style=\"margin-bottom:var(--wp--preset--spacing--tb-section-padding)\">\n<div class=\"wp-block-column is-vertically-aligned-center is-layout-flow wp-block-column-is-layout-flow\">\n<h3 class=\"wp-block-heading\" style=\"margin-bottom:var(--wp--preset--spacing--h-3-bottom)\"><strong><strong><strong><strong><strong><strong><strong><strong><strong>Dinaminis apatin\u0117s k\u016bno dalies mokymas<\/strong><\/strong><\/strong><\/strong><\/strong><\/strong><\/strong><\/strong><\/strong><\/h3>\n\n\n\n<p><strong><em><strong><strong><strong><strong><strong><strong>Stiprinkite s\u0117dmenis, keturgalvius ir \u0161launis<\/strong><\/strong><\/strong><\/strong><\/strong><\/strong><\/em><\/strong><\/p>\n\n\n\n<p>&#8221; <strong>Evolve Ultra Series&#8221; &#8222;Iso-Lateral Squat Lunge&#8221; su plok\u0161tele<\/strong> yra meistri\u0161kai sukurta taip, kad tiksliai ir kontroliuojamai \u012fdarbint\u0173 s\u0117dmenis, keturgalvius ir \u0161launies raumenis. D\u0117l izo-\u0161onin\u0117s funkcijos kiekviena koja gali jud\u0117ti nepriklausomai, taip skatinant subalansuot\u0105 raumen\u0173 vystym\u0105si ir ma\u017einant disbalanso rizik\u0105. Ergonomi\u0161ka \u0161io treniruoklio konstrukcija u\u017etikrina tinkam\u0105 i\u0161lyginim\u0105 ir suma\u017eina s\u0105nari\u0173 apkrov\u0105, tod\u0117l jis yra saugus ir veiksmingas \u012fvairiems treniruo\u010di\u0173 stiliams. Puikiai tinka apatin\u0117s k\u016bno dalies j\u0117gai stiprinti, sportiniams rezultatams gerinti ir stabilumui gerinti, tod\u0117l prit\u016bpim\u0173 treniruoklis yra universalus bet kurios j\u0117gos treniruo\u010di\u0173 programos priedas.   <\/p>\n<\/div>\n\n\n\n<div class=\"wp-block-column is-vertically-aligned-center is-layout-flow wp-block-column-is-layout-flow\">\n<figure class=\"wp-block-image size-full\"><img decoding=\"async\" src=\"https:\/\/evolve-fitness.eu\/wp-content\/uploads\/2025\/01\/EV-PL-UL-580-Evolve-Ultra-Series-Plate-Loaded-Iso-Lateral-Squat-Lunge.png\" alt=\"EV-PL-UL-580\" class=\"wp-image-170992\"\/><\/figure>\n<\/div>\n<\/div>\n<\/section>\n<\/section>\n","protected":false},"excerpt":{"rendered":"<p>&#8222;Evolve Ultra Series&#8221; &#8222;Iso-Lateral Squat Lunge&#8221; (EV-PL-UL-580) &#8211; tai auk\u0161\u010diausios klas\u0117s treniruoklis, skirtas patobulinti apatin\u0117s k\u016bno dalies treniruotes. \u0160is treniruoklis, sukurtas siekiant ilgaam\u017ei\u0161kumo ir biomechaninio tikslumo, si\u016blo unikal\u0173 prit\u016bpimo ir i\u0161st\u016bmimo judesi\u0173 derin\u012f, kad vienu metu b\u016bt\u0173 treniruojamos kelios raumen\u0173 grup\u0117s. Nesvarbu, ar daugiausia d\u0117mesio skiriate j\u0117gai, galiai, ar i\u0161tvermei, &#8222;Iso-Lateral Squat Lunge&#8221; u\u017etikrina universali\u0105 ir veiksming\u0105 treniruot\u0119 vis\u0173 fizinio pasirengimo lygi\u0173 naudotojams.  <\/p>\n","protected":false},"featured_media":131152,"template":"","meta":{"_acf_changed":false,"inline_featured_image":false},"product_cat":[117,129,130],"product_tag":[],"class_list":{"0":"post-102481","1":"product","2":"type-product","3":"status-publish","4":"has-post-thumbnail","6":"product_cat-pagrindinis-puslapis","7":"product_cat-laisvu-svoriu-treniruokliai","8":"product_cat-ultra-series-laisvu-svoriu-treniruokliai","10":"first","11":"instock","12":"shipping-taxable","13":"purchasable","14":"product-type-simple"},"acf":[],"_links":{"self":[{"href":"https:\/\/store.evolve-fitness.eu\/lt\/wp-json\/wp\/v2\/product\/102481","targetHints":{"allow":["GET"]}}],"collection":[{"href":"https:\/\/store.evolve-fitness.eu\/lt\/wp-json\/wp\/v2\/product"}],"about":[{"href":"https:\/\/store.evolve-fitness.eu\/lt\/wp-json\/wp\/v2\/types\/product"}],"wp:featuredmedia":[{"embeddable":true,"href":"https:\/\/store.evolve-fitness.eu\/lt\/wp-json\/wp\/v2\/media\/131152"}],"wp:attachment":[{"href":"https:\/\/store.evolve-fitness.eu\/lt\/wp-json\/wp\/v2\/media?parent=102481"}],"wp:term":[{"taxonomy":"product_cat","embeddable":true,"href":"https:\/\/store.evolve-fitness.eu\/lt\/wp-json\/wp\/v2\/product_cat?post=102481"},{"taxonomy":"product_tag","embeddable":true,"href":"https:\/\/store.evolve-fitness.eu\/lt\/wp-json\/wp\/v2\/product_tag?post=102481"}],"curies":[{"name":"wp","href":"https:\/\/api.w.org\/{rel}","templated":true}]}}