{"id":102392,"date":"2025-01-07T14:59:36","date_gmt":"2025-01-07T14:59:36","guid":{"rendered":"https:\/\/store.evolve-fitness.eu\/?post_type=product&#038;p=102392"},"modified":"2025-12-30T12:00:25","modified_gmt":"2025-12-30T12:00:25","slug":"evolve-ultra-series-serijos-selektorinis-dvigubas-kabeliu-kryzius","status":"publish","type":"product","link":"https:\/\/store.evolve-fitness.eu\/lt\/produktas\/evolve-ultra-series-serijos-selektorinis-dvigubas-kabeliu-kryzius\/","title":{"rendered":"&#8222;Evolve Ultra Series&#8221; serijos selektorinis dvigubas kabeli\u0173 kry\u017eius"},"content":{"rendered":"\n<section class=\"wp-block-group alignfull black-content has-white-color has-darkgray-background-color has-text-color has-background is-layout-constrained wp-block-group-is-layout-constrained\" style=\"padding-top:var(--wp--preset--spacing--section-bottom);padding-bottom:var(--wp--preset--spacing--section-bottom)\">\n<section class=\"wp-block-group alignfull black-content has-white-color has-darkgray-background-color has-text-color has-background is-layout-constrained wp-block-group-is-layout-constrained\" style=\"margin-bottom:0;padding-top:var(--wp--preset--spacing--tb-padding);padding-bottom:var(--wp--preset--spacing--tb-padding)\">\n<div class=\"wp-block-columns alignwide mobile-reverse is-layout-flex wp-container-core-columns-is-layout-7a02faa9 wp-block-columns-is-layout-flex\" style=\"margin-bottom:var(--wp--preset--spacing--tb-section-padding)\">\n<div class=\"wp-block-column is-vertically-aligned-center is-layout-flow wp-block-column-is-layout-flow\">\n<h3 class=\"wp-block-heading\" style=\"margin-bottom:var(--wp--preset--spacing--h-3-bottom)\"><strong><strong><strong><strong><strong><strong><strong><strong><strong>I\u0161samus viso k\u016bno mokymas<\/strong><\/strong><\/strong><\/strong><\/strong><\/strong><\/strong><\/strong><\/strong><\/h3>\n\n\n\n<p><strong><em><strong><strong><strong><strong><strong><strong>Pritaikomas pasiprie\u0161inimas ir universalumas<\/strong><\/strong><\/strong><\/strong><\/strong><\/strong><\/em><\/strong><\/p>\n\n\n\n<p><strong>&#8222;Evolve Ultra Series&#8221; selektorinis dvigubas kabelinis krosas<\/strong> sukurtas taip, kad u\u017etikrint\u0173 dinami\u0161k\u0105 ir \u012fvairiapus\u0119 treniruo\u010di\u0173 patirt\u012f. \u0160is treniruoklis su reguliuojamais skriemuliais ir pritaikomu pasiprie\u0161inimu leid\u017eia naudotojams atlikti \u012fvairius judesius, skirtus \u012fvairioms raumen\u0173 grup\u0117ms, \u012fskaitant kr\u016btin\u0119, nugar\u0105, pe\u010dius, rankas ir \u0161erd\u012f. Dviej\u0173 kabeli\u0173 konstrukcija u\u017etikrina vis\u0105 judesi\u0173 diapazon\u0105, skatina funkcin\u0119 j\u0117g\u0105 ir raumen\u0173 koordinacij\u0105. \u0160is treniruoklis idealiai tinka tiek pavieniams pratimams, tiek sud\u0117tiniams judesiams atlikti, tod\u0117l j\u012f b\u016btina tur\u0117ti norint stiprinti j\u0117g\u0105, gerinti stabilum\u0105 ir gerinti bendr\u0105 fizin\u012f pasirengim\u0105.   <\/p>\n<\/div>\n\n\n\n<div class=\"wp-block-column is-vertically-aligned-center is-layout-flow wp-block-column-is-layout-flow\">\n<figure class=\"wp-block-image size-full\"><img decoding=\"async\" src=\"https:\/\/evolve-fitness.eu\/wp-content\/uploads\/2025\/01\/EV-SC-UL-460-Evolve-Ultra-Series-Series-Selectorized-Dual-Cable-Cross.png\" alt=\"EV-SC-UL-460\" class=\"wp-image-170862\"\/><\/figure>\n<\/div>\n<\/div>\n\n\n\n<div class=\"wp-block-columns alignwide mobile-reverse is-layout-flex wp-container-core-columns-is-layout-ca64bf2d wp-block-columns-is-layout-flex\" style=\"margin-bottom:var(--wp--preset--spacing--side-padding)\">\n<div class=\"wp-block-column is-vertically-aligned-center is-layout-flow wp-block-column-is-layout-flow\"><\/div>\n<\/div>\n<\/section>\n<\/section>\n","protected":false},"excerpt":{"rendered":"<p>&#8222;Evolve Ultra Series&#8221; selektorinis dvigubas kabelinis krosas (EV-SC-UL-460) yra universalus ir b\u016btinas \u012frenginys bet kuriai sporto salei ar fitneso entuziastui. Sukurtas i\u0161 auk\u0161\u010diausios kokyb\u0117s med\u017eiag\u0173 ir skland\u017eiai veikiantis, \u0161is treniruoklis leid\u017eia atlikti \u012fvairius pratimus, tod\u0117l puikiai tinka j\u0117gos treniruot\u0117ms, funkciniam fitnesui ir reabilitacijai. Nesvarbu, ar esate pradedantysis, ar pa\u017eeng\u0119s sportininkas, &#8222;Dual Cable Cross&#8221; sukurtas taip, kad pagerint\u0173 j\u016bs\u0173 treniruotes, nes pasi\u017eymi lankstumu, tikslumu ir ilgaam\u017ei\u0161kumu.  <\/p>\n","protected":false},"featured_media":102418,"template":"","meta":{"_acf_changed":false,"inline_featured_image":false},"product_cat":[117,166,167],"product_tag":[],"class_list":{"0":"post-102392","1":"product","2":"type-product","3":"status-publish","4":"has-post-thumbnail","6":"product_cat-pagrindinis-puslapis","7":"product_cat-pasirinktines-masinos","8":"product_cat-ultra-series-selektorizuoti-treniruokliai","10":"first","11":"outofstock","12":"shipping-taxable","13":"purchasable","14":"product-type-simple"},"acf":[],"_links":{"self":[{"href":"https:\/\/store.evolve-fitness.eu\/lt\/wp-json\/wp\/v2\/product\/102392","targetHints":{"allow":["GET"]}}],"collection":[{"href":"https:\/\/store.evolve-fitness.eu\/lt\/wp-json\/wp\/v2\/product"}],"about":[{"href":"https:\/\/store.evolve-fitness.eu\/lt\/wp-json\/wp\/v2\/types\/product"}],"wp:featuredmedia":[{"embeddable":true,"href":"https:\/\/store.evolve-fitness.eu\/lt\/wp-json\/wp\/v2\/media\/102418"}],"wp:attachment":[{"href":"https:\/\/store.evolve-fitness.eu\/lt\/wp-json\/wp\/v2\/media?parent=102392"}],"wp:term":[{"taxonomy":"product_cat","embeddable":true,"href":"https:\/\/store.evolve-fitness.eu\/lt\/wp-json\/wp\/v2\/product_cat?post=102392"},{"taxonomy":"product_tag","embeddable":true,"href":"https:\/\/store.evolve-fitness.eu\/lt\/wp-json\/wp\/v2\/product_tag?post=102392"}],"curies":[{"name":"wp","href":"https:\/\/api.w.org\/{rel}","templated":true}]}}