{"id":102367,"date":"2025-01-07T14:35:40","date_gmt":"2025-01-07T14:35:40","guid":{"rendered":"https:\/\/store.evolve-fitness.eu\/?post_type=product&#038;p=102367"},"modified":"2026-04-22T12:01:16","modified_gmt":"2026-04-22T12:01:16","slug":"evolve-ultra-series-selektorinis-pilvo-aparatas","status":"publish","type":"product","link":"https:\/\/store.evolve-fitness.eu\/lt\/produktas\/evolve-ultra-series-selektorinis-pilvo-aparatas\/","title":{"rendered":"&#8222;Evolve Ultra Series&#8221; selektorinis pilvo aparatas (UL-350)"},"content":{"rendered":"\n<section class=\"wp-block-group alignfull black-content has-white-color has-darkgray-background-color has-text-color has-background is-layout-constrained wp-block-group-is-layout-constrained\" style=\"padding-top:var(--wp--preset--spacing--section-bottom);padding-bottom:var(--wp--preset--spacing--section-bottom)\">\n<section class=\"wp-block-group alignfull black-content has-white-color has-darkgray-background-color has-text-color has-background is-layout-constrained wp-block-group-is-layout-constrained\" style=\"margin-bottom:0;padding-top:var(--wp--preset--spacing--tb-padding);padding-bottom:var(--wp--preset--spacing--tb-padding)\">\n<div class=\"wp-block-columns alignwide mobile-reverse is-layout-flex wp-container-core-columns-is-layout-7a02faa9 wp-block-columns-is-layout-flex\" style=\"margin-bottom:var(--wp--preset--spacing--tb-section-padding)\">\n<div class=\"wp-block-column is-vertically-aligned-center is-layout-flow wp-block-column-is-layout-flow\">\n<h3 class=\"wp-block-heading\" style=\"margin-bottom:var(--wp--preset--spacing--h-3-bottom)\"><strong><strong><strong><strong><strong><strong><strong><strong><strong>Pagrindini\u0173 raumen\u0173 izoliacija<\/strong><\/strong><\/strong><\/strong><\/strong><\/strong><\/strong><\/strong><\/strong><\/h3>\n\n\n\n<p><strong><em><strong><strong><strong><strong><strong><strong>Efektyvus pilvo stiprumas ir stabilumas<\/strong><\/strong><\/strong><\/strong><\/strong><\/strong><\/em><\/strong><\/p>\n\n\n\n<p>&#8221; <strong>Evolve Ultra Series&#8221; selektorinis pilvo treniruoklis &#8222;Evolve Ultra&#8221;<\/strong> yra meistri\u0161kai sukurtas taip, kad tikslingai aktyvuot\u0173 pagrindinius raumenis, \u012fskaitant tiesiuosius pilvo raumenis ir \u012fstri\u017einius raumenis. Reguliuojama pasiprie\u0161inimo sistema leid\u017eia pasiekti laipsni\u0161k\u0105 perkrov\u0105, tod\u0117l treniruoklis tinka vis\u0173 fizinio pasirengimo lygi\u0173 naudotojams. Ergonomi\u0161kas dizainas padeda palaikyti tinkam\u0105 form\u0105 ir suma\u017eina persitempimo rizik\u0105, tod\u0117l treniruot\u0117 yra saugi ir veiksminga. \u0160is treniruoklis idealiai tinka pagrindinei j\u0117gai stiprinti, stabilumui didinti ir laikysenai gerinti, tod\u0117l yra vertinga priemon\u0117 siekiant stipraus ir gerai i\u0161ry\u0161kinto vidurin\u0117s dalies k\u016bno.   <\/p>\n<\/div>\n\n\n\n<div class=\"wp-block-column is-vertically-aligned-center is-layout-flow wp-block-column-is-layout-flow\">\n<figure class=\"wp-block-image size-full\"><img decoding=\"async\" src=\"https:\/\/evolve-fitness.eu\/wp-content\/uploads\/2025\/01\/EV-SC-UL-350-Evolve-Ultra-Series-Selectorized-Abdominal-Machine.png\" alt=\"EV-SC-UL-350\" class=\"wp-image-170837\"\/><\/figure>\n<\/div>\n<\/div>\n<\/section>\n<\/section>\n","protected":false},"excerpt":{"rendered":"<p>&#8222;Evolve Ultra Series&#8221; selektorinis pilvo treniruoklis (EV-SC-UL-350) yra b\u016btinas priedas visiems, norintiems sustiprinti ir i\u0161ry\u0161kinti savo \u0161erd\u012f. \u0160is auk\u0161tos kokyb\u0117s treniruoklis, sukurtas atsi\u017evelgiant \u012f naudotojo patogum\u0105 ir efektyvum\u0105, pasi\u017eymi reguliuojamu pasiprie\u0161inimu ir ergonomi\u0161ka atrama, kad treniruot\u0117 b\u016bt\u0173 veiksminga ir saugi. Nesvarbu, ar esate pradedantysis, ar patyr\u0119s fitneso entuziastas, pilvo treniruoklis puikiai tinka izoliuoti ir \u012fdarbinti \u0161erdies raumenis, padeda tiksliai ir lengvai pasiekti fitneso tikslus.  <\/p>\n","protected":false},"featured_media":102314,"template":"","meta":{"_acf_changed":false,"inline_featured_image":false},"product_cat":[117,166,167],"product_tag":[],"class_list":{"0":"post-102367","1":"product","2":"type-product","3":"status-publish","4":"has-post-thumbnail","6":"product_cat-pagrindinis-puslapis","7":"product_cat-pasirinktines-masinos","8":"product_cat-ultra-series-selektorizuoti-treniruokliai","10":"first","11":"instock","12":"shipping-taxable","13":"purchasable","14":"product-type-simple"},"acf":[],"_links":{"self":[{"href":"https:\/\/store.evolve-fitness.eu\/lt\/wp-json\/wp\/v2\/product\/102367","targetHints":{"allow":["GET"]}}],"collection":[{"href":"https:\/\/store.evolve-fitness.eu\/lt\/wp-json\/wp\/v2\/product"}],"about":[{"href":"https:\/\/store.evolve-fitness.eu\/lt\/wp-json\/wp\/v2\/types\/product"}],"wp:featuredmedia":[{"embeddable":true,"href":"https:\/\/store.evolve-fitness.eu\/lt\/wp-json\/wp\/v2\/media\/102314"}],"wp:attachment":[{"href":"https:\/\/store.evolve-fitness.eu\/lt\/wp-json\/wp\/v2\/media?parent=102367"}],"wp:term":[{"taxonomy":"product_cat","embeddable":true,"href":"https:\/\/store.evolve-fitness.eu\/lt\/wp-json\/wp\/v2\/product_cat?post=102367"},{"taxonomy":"product_tag","embeddable":true,"href":"https:\/\/store.evolve-fitness.eu\/lt\/wp-json\/wp\/v2\/product_tag?post=102367"}],"curies":[{"name":"wp","href":"https:\/\/api.w.org\/{rel}","templated":true}]}}