{"id":102288,"date":"2025-01-07T13:40:04","date_gmt":"2025-01-07T13:40:04","guid":{"rendered":"https:\/\/store.evolve-fitness.eu\/?post_type=product&#038;p=102288"},"modified":"2026-02-06T12:04:57","modified_gmt":"2026-02-06T12:04:57","slug":"evolve-ultra-series-selektorinis-galinis-keliklis","status":"publish","type":"product","link":"https:\/\/store.evolve-fitness.eu\/lt\/produktas\/evolve-ultra-series-selektorinis-galinis-keliklis\/","title":{"rendered":"&#8222;Evolve Ultra Series&#8221; selektorinis galinis k\u0117liklis"},"content":{"rendered":"\n<section class=\"wp-block-group alignfull black-content has-white-color has-darkgray-background-color has-text-color has-background is-layout-constrained wp-block-group-is-layout-constrained\" style=\"padding-top:var(--wp--preset--spacing--section-bottom);padding-bottom:var(--wp--preset--spacing--section-bottom)\">\n<section class=\"wp-block-group alignfull black-content has-white-color has-darkgray-background-color has-text-color has-background is-layout-constrained wp-block-group-is-layout-constrained\" style=\"margin-bottom:0;padding-top:var(--wp--preset--spacing--tb-padding);padding-bottom:var(--wp--preset--spacing--tb-padding)\">\n<div class=\"wp-block-columns alignwide mobile-reverse is-layout-flex wp-container-core-columns-is-layout-7a02faa9 wp-block-columns-is-layout-flex\" style=\"margin-bottom:var(--wp--preset--spacing--tb-section-padding)\">\n<div class=\"wp-block-column is-vertically-aligned-center is-layout-flow wp-block-column-is-layout-flow\">\n<h3 class=\"wp-block-heading\" style=\"margin-bottom:var(--wp--preset--spacing--h-3-bottom)\"><strong><strong><strong><strong><strong><strong><strong><strong><strong>Sutelktos apatin\u0117s k\u016bno dalies treniruot\u0117s<\/strong><\/strong><\/strong><\/strong><\/strong><\/strong><\/strong><\/strong><\/strong><\/h3>\n\n\n\n<p><strong><em><strong><strong><strong><strong><strong><strong>Stiprinkite ir formuokite s\u0117dmenis ir \u0161laun\u0173 raumenis<\/strong><\/strong><\/strong><\/strong><\/strong><\/strong><\/em><\/strong><\/p>\n\n\n\n<p>&#8221; <strong>Evolve Ultra Series&#8221; selektorinis u\u017epakalinis kopimas<\/strong> sukurtas taip, kad tikslingai aktyvuot\u0173 s\u0117dmen\u0173 ir \u0161laun\u0173 raumenis ir pad\u0117t\u0173 naudotojams pasiekti apatin\u0117s k\u016bno dalies j\u0117g\u0105, tonus\u0105 ir pusiausvyr\u0105. Reguliuojamas pasiprie\u0161inimas leid\u017eia pasiekti laipsni\u0161k\u0105 perkrov\u0105, u\u017etikrinant nuolatin\u012f tobul\u0117jim\u0105, kai kyla fizinio pasirengimo lygis. Ergonomi\u0161ka treniruoklio konstrukcija u\u017etikrina tinkam\u0105 koordinacij\u0105 ir ma\u017eina apkrov\u0105, tod\u0117l treniruot\u0117s yra saugios ir veiksmingos. Nesvarbu, ar naudojamas sportiniams rezultatams gerinti, ar raumen\u0173 tonusui gerinti, &#8222;Rear Kick&#8221; treniruoklis u\u017etikrina efektyvi\u0105 ir tiksling\u0105 apatin\u0117s k\u016bno dalies treniruot\u0119.   <\/p>\n<\/div>\n\n\n\n<div class=\"wp-block-column is-vertically-aligned-center is-layout-flow wp-block-column-is-layout-flow\">\n<figure class=\"wp-block-image size-full\"><img decoding=\"async\" src=\"https:\/\/evolve-fitness.eu\/wp-content\/uploads\/2025\/01\/EV-SC-UL-320-Evolve-Ultra-Series-Selectorized-Rear-Kick.png\" alt=\"EV-SC-UL-320\" class=\"wp-image-170812\"\/><\/figure>\n<\/div>\n<\/div>\n<\/section>\n<\/section>\n","protected":false},"excerpt":{"rendered":"<p>&#8222;Evolve Ultra Series&#8221; selektorizuotas galinio kopimo treniruoklis (EV-SC-UL-320) yra privalomas treniruoklis visiems, norintiems ugdyti apatin\u0117s k\u016bno dalies j\u0117g\u0105 ir tonus\u0105. \u0160is treniruoklis, sukurtas atsi\u017evelgiant \u012f precizi\u0161k\u0105 in\u017einerij\u0105 ir naudotojo komfort\u0105, si\u016blo skland\u017eius, kontroliuojamus judesius, kad b\u016bt\u0173 veiksmingai treniruojami s\u0117dmenys ir \u0161laun\u0173 raumenys. Reguliuojamo pasiprie\u0161inimo ir ergonomi\u0161kos atramos d\u0117ka &#8222;Rear Kick&#8221; treniruoklis puikiai tinka vis\u0173 fizinio pasirengimo lygi\u0173 naudotojams, tod\u0117l jis yra b\u016btinas bet kurios sporto sal\u0117s ar nam\u0173 treniruo\u010di\u0173 erdv\u0117s priedas.  <\/p>\n","protected":false},"featured_media":102340,"template":"","meta":{"_acf_changed":false,"inline_featured_image":false},"product_cat":[117,166,167],"product_tag":[],"class_list":{"0":"post-102288","1":"product","2":"type-product","3":"status-publish","4":"has-post-thumbnail","6":"product_cat-pagrindinis-puslapis","7":"product_cat-pasirinktines-masinos","8":"product_cat-ultra-series-selektorizuoti-treniruokliai","10":"first","11":"instock","12":"shipping-taxable","13":"purchasable","14":"product-type-simple"},"acf":[],"_links":{"self":[{"href":"https:\/\/store.evolve-fitness.eu\/lt\/wp-json\/wp\/v2\/product\/102288","targetHints":{"allow":["GET"]}}],"collection":[{"href":"https:\/\/store.evolve-fitness.eu\/lt\/wp-json\/wp\/v2\/product"}],"about":[{"href":"https:\/\/store.evolve-fitness.eu\/lt\/wp-json\/wp\/v2\/types\/product"}],"wp:featuredmedia":[{"embeddable":true,"href":"https:\/\/store.evolve-fitness.eu\/lt\/wp-json\/wp\/v2\/media\/102340"}],"wp:attachment":[{"href":"https:\/\/store.evolve-fitness.eu\/lt\/wp-json\/wp\/v2\/media?parent=102288"}],"wp:term":[{"taxonomy":"product_cat","embeddable":true,"href":"https:\/\/store.evolve-fitness.eu\/lt\/wp-json\/wp\/v2\/product_cat?post=102288"},{"taxonomy":"product_tag","embeddable":true,"href":"https:\/\/store.evolve-fitness.eu\/lt\/wp-json\/wp\/v2\/product_tag?post=102288"}],"curies":[{"name":"wp","href":"https:\/\/api.w.org\/{rel}","templated":true}]}}