{"id":102238,"date":"2025-01-07T13:33:57","date_gmt":"2025-01-07T13:33:57","guid":{"rendered":"https:\/\/store.evolve-fitness.eu\/?post_type=product&#038;p=102238"},"modified":"2025-12-30T12:00:24","modified_gmt":"2025-12-30T12:00:24","slug":"evolve-ultra-series-pasirinktinis-izo-soninis-bicepso-lenkimas","status":"publish","type":"product","link":"https:\/\/store.evolve-fitness.eu\/lt\/produktas\/evolve-ultra-series-pasirinktinis-izo-soninis-bicepso-lenkimas\/","title":{"rendered":"&#8222;Evolve Ultra Series&#8221; pasirinktinis Izo \u0161oninis bicepso lenkimas"},"content":{"rendered":"\n<section class=\"wp-block-group alignfull black-content has-white-color has-darkgray-background-color has-text-color has-background is-layout-constrained wp-block-group-is-layout-constrained\" style=\"padding-top:var(--wp--preset--spacing--section-bottom);padding-bottom:var(--wp--preset--spacing--section-bottom)\">\n<section class=\"wp-block-group alignfull black-content has-white-color has-darkgray-background-color has-text-color has-background is-layout-constrained wp-block-group-is-layout-constrained\" style=\"margin-bottom:0;padding-top:var(--wp--preset--spacing--tb-padding);padding-bottom:var(--wp--preset--spacing--tb-padding)\">\n<div class=\"wp-block-columns alignwide mobile-reverse is-layout-flex wp-container-core-columns-is-layout-7a02faa9 wp-block-columns-is-layout-flex\" style=\"margin-bottom:var(--wp--preset--spacing--tb-section-padding)\">\n<div class=\"wp-block-column is-vertically-aligned-center is-layout-flow wp-block-column-is-layout-flow\">\n<h3 class=\"wp-block-heading\" style=\"margin-bottom:var(--wp--preset--spacing--h-3-bottom)\"><strong><strong><strong><strong><strong><strong><strong><strong><strong>Tikslus rankos mokymas<\/strong><\/strong><\/strong><\/strong><\/strong><\/strong><\/strong><\/strong><\/strong><\/h3>\n\n\n\n<p><strong><em><strong><strong><strong><strong><strong><strong>Izoliuoti ir kurti bicepsus kontroliuojamais judesiais<\/strong><\/strong><\/strong><\/strong><\/strong><\/strong><\/em><\/strong><\/p>\n\n\n\n<p>&#8221; <strong>Evolve Ultra Series&#8221; selektorinis izo-\u0161oninis dvigalvio bicepso lenkimo trenir<\/strong> uoklis sukurtas taip, kad tikslingai aktyvuot\u0173 dvigalvio bicepso raumenis ir u\u017etikrint\u0173 optimal\u0173 j\u0173 \u012fsitraukim\u0105 bei augim\u0105. Nepriklausomo rank\u0173 jud\u0117jimo konstrukcija skatina subalansuot\u0105 vystym\u0105si, tod\u0117l kiekviena ranka gali dirbti nepriklausomai ir taip pagerinti raumen\u0173 simetrij\u0105. Reguliuojamas pasiprie\u0161inimas u\u017etikrina tinkamum\u0105 visiems fizinio pasirengimo lygiams, o ergonomi\u0161ka konstrukcija padeda tinkamai i\u0161sid\u0117styti ir ma\u017eina s\u0105nari\u0173 apkrov\u0105. \u0160is treniruoklis puikiai tinka j\u0117gai stiprinti, apibr\u0117\u017etumui didinti ir rank\u0173 estetikai gerinti, tod\u0117l jis yra b\u016btinas \u012frankis efektyviai vir\u0161utin\u0117s k\u016bno dalies treniruotei.   <\/p>\n<\/div>\n\n\n\n<div class=\"wp-block-column is-vertically-aligned-center is-layout-flow wp-block-column-is-layout-flow\">\n<figure class=\"wp-block-image size-full\"><img decoding=\"async\" src=\"https:\/\/evolve-fitness.eu\/wp-content\/uploads\/2025\/01\/EV-SC-UL-310-Evolve-Ultra-Series-Selectorized-Iso-Lateral-Biceps-Curl.png\" alt=\"EV-SC-UL-310\" class=\"wp-image-170787\"\/><\/figure>\n<\/div>\n<\/div>\n\n\n\n<div class=\"wp-block-columns alignwide mobile-reverse is-layout-flex wp-container-core-columns-is-layout-ca64bf2d wp-block-columns-is-layout-flex\" style=\"margin-bottom:var(--wp--preset--spacing--side-padding)\">\n<div class=\"wp-block-column is-vertically-aligned-center is-layout-flow wp-block-column-is-layout-flow\"><\/div>\n<\/div>\n<\/section>\n<\/section>\n","protected":false},"excerpt":{"rendered":"<p>&#8222;Evolve Ultra Series&#8221; selektorinis izo-\u0161oninis bicepso lenkimo treniruoklis (EV-SC-UL-310) yra auk\u0161\u010diausios klas\u0117s treniruoklis, skirtas tiksliai ir efektyviai treniruoti bicepsus. \u0160is treniruoklis, sukurtas siekiant u\u017etikrinti ilgaam\u017ei\u0161kum\u0105 ir skland\u0173 veikim\u0105, leid\u017eia naudotojams izoliuoti ir stiprinti rank\u0173 raumenis kontroliuojamais ir subalansuotais judesiais. Nesvarbu, ar esate pradedantysis, ar pa\u017eeng\u0119s sportininkas, izo-\u0161oninis bicepso lenkimo treniruoklis puikiai tinka raumen\u0173 simetrijai pasiekti, j\u0117gai padidinti ir rank\u0173 apibr\u0117\u017etumui patobulinti.  <\/p>\n","protected":false},"featured_media":102264,"template":"","meta":{"_acf_changed":false,"inline_featured_image":false},"product_cat":[117,166,167],"product_tag":[],"class_list":{"0":"post-102238","1":"product","2":"type-product","3":"status-publish","4":"has-post-thumbnail","6":"product_cat-pagrindinis-puslapis","7":"product_cat-pasirinktines-masinos","8":"product_cat-ultra-series-selektorizuoti-treniruokliai","10":"first","11":"instock","12":"shipping-taxable","13":"purchasable","14":"product-type-simple"},"acf":[],"_links":{"self":[{"href":"https:\/\/store.evolve-fitness.eu\/lt\/wp-json\/wp\/v2\/product\/102238","targetHints":{"allow":["GET"]}}],"collection":[{"href":"https:\/\/store.evolve-fitness.eu\/lt\/wp-json\/wp\/v2\/product"}],"about":[{"href":"https:\/\/store.evolve-fitness.eu\/lt\/wp-json\/wp\/v2\/types\/product"}],"wp:featuredmedia":[{"embeddable":true,"href":"https:\/\/store.evolve-fitness.eu\/lt\/wp-json\/wp\/v2\/media\/102264"}],"wp:attachment":[{"href":"https:\/\/store.evolve-fitness.eu\/lt\/wp-json\/wp\/v2\/media?parent=102238"}],"wp:term":[{"taxonomy":"product_cat","embeddable":true,"href":"https:\/\/store.evolve-fitness.eu\/lt\/wp-json\/wp\/v2\/product_cat?post=102238"},{"taxonomy":"product_tag","embeddable":true,"href":"https:\/\/store.evolve-fitness.eu\/lt\/wp-json\/wp\/v2\/product_tag?post=102238"}],"curies":[{"name":"wp","href":"https:\/\/api.w.org\/{rel}","templated":true}]}}