{"id":102188,"date":"2025-01-07T13:26:21","date_gmt":"2025-01-07T13:26:21","guid":{"rendered":"https:\/\/store.evolve-fitness.eu\/?post_type=product&#038;p=102188"},"modified":"2026-03-26T11:59:23","modified_gmt":"2026-03-26T11:59:23","slug":"evolve-ultra-series-selektorinis-sedimasis-koju-lenkimas","status":"publish","type":"product","link":"https:\/\/store.evolve-fitness.eu\/lt\/produktas\/evolve-ultra-series-selektorinis-sedimasis-koju-lenkimas\/","title":{"rendered":"&#8222;Evolve Ultra Series&#8221; selektorinis s\u0117dimasis koj\u0173 lenkimas"},"content":{"rendered":"\n<section class=\"wp-block-group alignfull black-content has-white-color has-darkgray-background-color has-text-color has-background is-layout-constrained wp-block-group-is-layout-constrained\" style=\"padding-top:var(--wp--preset--spacing--section-bottom);padding-bottom:var(--wp--preset--spacing--section-bottom)\">\n<section class=\"wp-block-group alignfull black-content has-white-color has-darkgray-background-color has-text-color has-background is-layout-constrained wp-block-group-is-layout-constrained\" style=\"margin-bottom:0;padding-top:var(--wp--preset--spacing--tb-padding);padding-bottom:var(--wp--preset--spacing--tb-padding)\">\n<div class=\"wp-block-columns alignwide mobile-reverse is-layout-flex wp-container-core-columns-is-layout-7a02faa9 wp-block-columns-is-layout-flex\" style=\"margin-bottom:var(--wp--preset--spacing--tb-section-padding)\">\n<div class=\"wp-block-column is-vertically-aligned-center is-layout-flow wp-block-column-is-layout-flow\">\n<h3 class=\"wp-block-heading\" style=\"margin-bottom:var(--wp--preset--spacing--h-3-bottom)\"><strong><strong><strong><strong><strong><strong><strong><strong><strong>Tikslinis Hamstringo vystymasis<\/strong><\/strong><\/strong><\/strong><\/strong><\/strong><\/strong><\/strong><\/strong><\/h3>\n\n\n\n<p><strong><em><strong><strong><strong><strong><strong><strong>Stiprinkite ir didinkite apatin\u0117s k\u016bno dalies efektyvum\u0105<\/strong><\/strong><\/strong><\/strong><\/strong><\/strong><\/em><\/strong><\/p>\n\n\n\n<p>&#8221; <strong>Evolve Ultra Series&#8221; selektorinis s\u0117dimasis koj\u0173 lenkimo trenir<\/strong> uoklis specialiai sukurtas taip, kad izoliuot\u0173 ir \u012fdarbint\u0173 \u0161laun\u0173 raumenis, taip u\u017etikrinant labai veiksming\u0105 apatin\u0117s k\u016bno dalies treniruot\u0119. Reguliuojamomis nuostatomis galima pritaikyti pasiprie\u0161inim\u0105 individualiam fizinio pasirengimo lygiui ir tikslams. Ergonomi\u0161ka treniruoklio konstrukcija skatina taisykling\u0105 koordinacij\u0105 ir ma\u017eina \u012ftamp\u0105, tod\u0117l treniruot\u0117s yra saugios ir veiksmingos. Idealiai tinka stiprinant str\u0117n\u0173 raumenis, gerinant lankstum\u0105 ir palaikant sportinius rezultatus, tod\u0117l treniruoklis &#8222;Seated Leg Curl&#8221; yra vertinga priemon\u0117, padedanti visapusi\u0161kai lavinti apatin\u0119 k\u016bno dal\u012f.   <\/p>\n<\/div>\n\n\n\n<div class=\"wp-block-column is-vertically-aligned-center is-layout-flow wp-block-column-is-layout-flow\">\n<figure class=\"wp-block-image size-full\"><img decoding=\"async\" src=\"https:\/\/evolve-fitness.eu\/wp-content\/uploads\/2025\/01\/EV-SC-UL-130-Evolve-Ultra-Series-Selectorized-Seated-Leg-Curl.png\" alt=\"EV-SC-UL-130\" class=\"wp-image-170762\"\/><\/figure>\n<\/div>\n<\/div>\n\n\n\n<div class=\"wp-block-columns alignwide mobile-reverse is-layout-flex wp-container-core-columns-is-layout-ca64bf2d wp-block-columns-is-layout-flex\" style=\"margin-bottom:var(--wp--preset--spacing--side-padding)\">\n<div class=\"wp-block-column is-vertically-aligned-center is-layout-flow wp-block-column-is-layout-flow\"><\/div>\n<\/div>\n<\/section>\n<\/section>\n","protected":false},"excerpt":{"rendered":"<p>&#8222;Evolve Ultra Series Selectorized Seated Leg Curl&#8221; (EV-SC-UL-130) yra labai svarbus treniruoklis, skirtas \u0161laun\u0173 raumenims stiprinti. \u0160is auk\u0161tos kokyb\u0117s treniruoklis, sukurtas patogumui ir efektyvumui u\u017etikrinti, u\u017etikrina skland\u017eius ir kontroliuojamus judesius, kad raumenys b\u016bt\u0173 maksimaliai \u012fdarbinti. Reguliuojamo pasiprie\u0161inimo ir ergonomi\u0161ko dizaino s\u0117dim\u0173j\u0173 koj\u0173 lenkimo treniruokli\u0173 treniruoklis pritaikytas vis\u0173 fizinio pasirengimo lygi\u0173 naudotojams, tod\u0117l yra universalus bet kurios sporto sal\u0117s ar treniruo\u010di\u0173 programos priedas.  <\/p>\n","protected":false},"featured_media":102214,"template":"","meta":{"_acf_changed":false,"inline_featured_image":false},"product_cat":[166,167],"product_tag":[],"class_list":{"0":"post-102188","1":"product","2":"type-product","3":"status-publish","4":"has-post-thumbnail","6":"product_cat-pasirinktines-masinos","7":"product_cat-ultra-series-selektorizuoti-treniruokliai","9":"first","10":"instock","11":"shipping-taxable","12":"purchasable","13":"product-type-simple"},"acf":[],"_links":{"self":[{"href":"https:\/\/store.evolve-fitness.eu\/lt\/wp-json\/wp\/v2\/product\/102188","targetHints":{"allow":["GET"]}}],"collection":[{"href":"https:\/\/store.evolve-fitness.eu\/lt\/wp-json\/wp\/v2\/product"}],"about":[{"href":"https:\/\/store.evolve-fitness.eu\/lt\/wp-json\/wp\/v2\/types\/product"}],"wp:featuredmedia":[{"embeddable":true,"href":"https:\/\/store.evolve-fitness.eu\/lt\/wp-json\/wp\/v2\/media\/102214"}],"wp:attachment":[{"href":"https:\/\/store.evolve-fitness.eu\/lt\/wp-json\/wp\/v2\/media?parent=102188"}],"wp:term":[{"taxonomy":"product_cat","embeddable":true,"href":"https:\/\/store.evolve-fitness.eu\/lt\/wp-json\/wp\/v2\/product_cat?post=102188"},{"taxonomy":"product_tag","embeddable":true,"href":"https:\/\/store.evolve-fitness.eu\/lt\/wp-json\/wp\/v2\/product_tag?post=102188"}],"curies":[{"name":"wp","href":"https:\/\/api.w.org\/{rel}","templated":true}]}}