{"id":102127,"date":"2025-01-07T13:20:56","date_gmt":"2025-01-07T13:20:56","guid":{"rendered":"https:\/\/store.evolve-fitness.eu\/?post_type=product&#038;p=102127"},"modified":"2025-09-25T12:49:26","modified_gmt":"2025-09-25T12:49:26","slug":"evolve-ultra-series-plokstes-pakrauta-stovinti-klubo-trauka","status":"publish","type":"product","link":"https:\/\/store.evolve-fitness.eu\/lt\/produktas\/evolve-ultra-series-plokstes-pakrauta-stovinti-klubo-trauka\/","title":{"rendered":"&#8222;Evolve Ultra Series&#8221; plok\u0161t\u0117s pakrauta stovinti klubo trauka"},"content":{"rendered":"\n<section class=\"wp-block-group alignfull black-content has-white-color has-darkgray-background-color has-text-color has-background is-layout-constrained wp-block-group-is-layout-constrained\" style=\"padding-top:var(--wp--preset--spacing--section-bottom);padding-bottom:var(--wp--preset--spacing--section-bottom)\">\n<section class=\"wp-block-group alignfull black-content has-white-color has-darkgray-background-color has-text-color has-background is-layout-constrained wp-block-group-is-layout-constrained\" style=\"margin-bottom:0;padding-top:var(--wp--preset--spacing--tb-padding);padding-bottom:var(--wp--preset--spacing--tb-padding)\">\n<div class=\"wp-block-columns alignwide mobile-reverse is-layout-flex wp-container-core-columns-is-layout-7a02faa9 wp-block-columns-is-layout-flex\" style=\"margin-bottom:var(--wp--preset--spacing--tb-section-padding)\">\n<div class=\"wp-block-column is-vertically-aligned-center is-layout-flow wp-block-column-is-layout-flow\">\n<h3 class=\"wp-block-heading\" style=\"margin-bottom:var(--wp--preset--spacing--h-3-bottom)\"><strong><strong><strong><strong><strong><strong><strong><strong><strong>Optimizuota apatin\u0117s k\u016bno dalies aktyvacija<\/strong><\/strong><\/strong><\/strong><\/strong><\/strong><\/strong><\/strong><\/strong><\/h3>\n\n\n\n<p><strong><em><strong><strong><strong><strong><strong><strong>Stiprinkite s\u0117dmenis, \u0161laun\u0173 raumenis ir \u0161erd\u012f<\/strong><\/strong><\/strong><\/strong><\/strong><\/strong><\/em><\/strong><\/p>\n\n\n\n<p>&#8221; <strong>Evolve Ultra Series&#8221;<\/strong> treniruoklis &#8221; <strong>Standing Hip Thrust&#8221; su plok\u0161tele<\/strong> yra meistri\u0161kai suprojektuotas taip, kad treniruot\u0173 s\u0117dmenis ir kartu aktyvint\u0173 \u0161launies raumenis, \u0161erd\u012f ir atraminius raumenis. Stovima pad\u0117tis skatina kontroliuojamus, efektyvius judesius ir ma\u017eina spaudim\u0105 apatinei nugaros daliai, tod\u0117l treniruot\u0117 yra saugi ir veiksminga. \u0160is treniruoklis, kuriame daugiausia d\u0117mesio skiriama klub\u0173 i\u0161tiesimui, idealiai tinka j\u0117gai, galiai ir stabilumui gerinti, tiek siekiant sportini\u0173 rezultat\u0173, tiek bendro fizinio pasirengimo. \u012etrauk\u0119 treniruokl\u012f &#8222;Standing Hip Thrust&#8221; \u012f savo treniruotes, pagerinsite apatin\u0117s k\u016bno dalies vystym\u0105si ir pasieksite visapusi\u0161k\u0105 j\u0117g\u0105.   <\/p>\n<\/div>\n\n\n\n<div class=\"wp-block-column is-vertically-aligned-center is-layout-flow wp-block-column-is-layout-flow\">\n<figure class=\"wp-block-image size-full\"><img decoding=\"async\" src=\"https:\/\/evolve-fitness.eu\/wp-content\/uploads\/2025\/01\/EV-PL-UL-460-Evolve-Ultra-Series-Plate-Loaded-Standing-Hip-Thrust.png\" alt=\"EV-PL-UL-460\" class=\"wp-image-170704\"\/><\/figure>\n<\/div>\n<\/div>\n\n\n\n<div class=\"wp-block-columns alignwide mobile-reverse is-layout-flex wp-container-core-columns-is-layout-ca64bf2d wp-block-columns-is-layout-flex\" style=\"margin-bottom:var(--wp--preset--spacing--side-padding)\">\n<div class=\"wp-block-column is-vertically-aligned-center is-layout-flow wp-block-column-is-layout-flow\"><\/div>\n<\/div>\n<\/section>\n<\/section>\n","protected":false},"excerpt":{"rendered":"<p>&#8222;Evolve Ultra Series&#8221; plok\u0161tele pakrautas treniruoklis &#8222;Standing Hip Thrust&#8221; (EV-PL-UL-460) papildys bet kurios sporto sal\u0117s ar fitneso entuziast\u0173 kolekcij\u0105. \u0160is naujovi\u0161kas treniruoklis, sukurtas siekiant optimalaus na\u0161umo ir ilgaam\u017ei\u0161kumo, leid\u017eia lengvai ir tiksliai treniruoti ir stiprinti s\u0117dmenis, str\u0117nas ir \u0161erd\u012f. Nesvarbu, ar esate profesionalus sportininkas, ar pradedantysis, norintis sustiprinti apatin\u0117s k\u016bno dalies j\u0117g\u0105, &#8222;Standing Hip Thrust&#8221; si\u016blo saug\u0173, veiksming\u0105 ir efektyv\u0173 b\u016bd\u0105 maksimaliai i\u0161naudoti treniruo\u010di\u0173 potencial\u0105 ir pasiekti savo fitneso tikslus.  <\/p>\n","protected":false},"featured_media":102164,"template":"","meta":{"_acf_changed":false,"inline_featured_image":false},"product_cat":[117,129,130],"product_tag":[],"class_list":{"0":"post-102127","1":"product","2":"type-product","3":"status-publish","4":"has-post-thumbnail","6":"product_cat-pagrindinis-puslapis","7":"product_cat-laisvu-svoriu-treniruokliai","8":"product_cat-ultra-series-laisvu-svoriu-treniruokliai","10":"first","11":"instock","12":"shipping-taxable","13":"purchasable","14":"product-type-simple"},"acf":[],"_links":{"self":[{"href":"https:\/\/store.evolve-fitness.eu\/lt\/wp-json\/wp\/v2\/product\/102127","targetHints":{"allow":["GET"]}}],"collection":[{"href":"https:\/\/store.evolve-fitness.eu\/lt\/wp-json\/wp\/v2\/product"}],"about":[{"href":"https:\/\/store.evolve-fitness.eu\/lt\/wp-json\/wp\/v2\/types\/product"}],"wp:featuredmedia":[{"embeddable":true,"href":"https:\/\/store.evolve-fitness.eu\/lt\/wp-json\/wp\/v2\/media\/102164"}],"wp:attachment":[{"href":"https:\/\/store.evolve-fitness.eu\/lt\/wp-json\/wp\/v2\/media?parent=102127"}],"wp:term":[{"taxonomy":"product_cat","embeddable":true,"href":"https:\/\/store.evolve-fitness.eu\/lt\/wp-json\/wp\/v2\/product_cat?post=102127"},{"taxonomy":"product_tag","embeddable":true,"href":"https:\/\/store.evolve-fitness.eu\/lt\/wp-json\/wp\/v2\/product_tag?post=102127"}],"curies":[{"name":"wp","href":"https:\/\/api.w.org\/{rel}","templated":true}]}}