{"id":102077,"date":"2025-01-07T13:14:34","date_gmt":"2025-01-07T13:14:34","guid":{"rendered":"https:\/\/store.evolve-fitness.eu\/?post_type=product&#038;p=102077"},"modified":"2025-09-25T12:49:00","modified_gmt":"2025-09-25T12:49:00","slug":"evolve-ultra-series-plokste-pakrauta-pec-fly","status":"publish","type":"product","link":"https:\/\/store.evolve-fitness.eu\/lt\/produktas\/evolve-ultra-series-plokste-pakrauta-pec-fly\/","title":{"rendered":"&#8222;Evolve Ultra Series&#8221; plok\u0161t\u0117 pakrauta Pec Fly"},"content":{"rendered":"\n<section class=\"wp-block-group alignfull black-content has-white-color has-darkgray-background-color has-text-color has-background is-layout-constrained wp-block-group-is-layout-constrained\" style=\"padding-top:var(--wp--preset--spacing--section-bottom);padding-bottom:var(--wp--preset--spacing--section-bottom)\">\n<section class=\"wp-block-group alignfull black-content has-white-color has-darkgray-background-color has-text-color has-background is-layout-constrained wp-block-group-is-layout-constrained\" style=\"margin-bottom:0;padding-top:var(--wp--preset--spacing--tb-padding);padding-bottom:var(--wp--preset--spacing--tb-padding)\">\n<div class=\"wp-block-columns alignwide mobile-reverse is-layout-flex wp-container-core-columns-is-layout-7a02faa9 wp-block-columns-is-layout-flex\" style=\"margin-bottom:var(--wp--preset--spacing--tb-section-padding)\">\n<div class=\"wp-block-column is-vertically-aligned-center is-layout-flow wp-block-column-is-layout-flow\">\n<h3 class=\"wp-block-heading\" style=\"margin-bottom:var(--wp--preset--spacing--h-3-bottom)\"><strong><strong><strong><strong><strong><strong><strong><strong><strong>Tiksli kr\u016btin\u0117s izoliacija<\/strong><\/strong><\/strong><\/strong><\/strong><\/strong><\/strong><\/strong><\/strong><\/h3>\n\n\n\n<p><strong><em><strong><strong><strong><strong><strong><strong>Didesn\u0117 j\u0117ga ir raumen\u0173 apibr\u0117\u017eimas<\/strong><\/strong><\/strong><\/strong><\/strong><\/strong><\/em><\/strong><\/p>\n\n\n\n<p>&#8221; <strong>Evolve Ultra Series&#8221;<\/strong> treniruoklis &#8221; <strong>Pec Fly&#8221; su plok\u0161tele<\/strong> yra meistri\u0161kai sukurtas taip, kad tikslingai aktyvuot\u0173 kr\u016btin\u0117s raumenis ir u\u017etikrint\u0173 neprilygstam\u0105 kr\u016btin\u0117s l\u0105stos vystym\u0105si. Vedant rankas kontroliuojamu lanko judesiu, \u0161is treniruoklis izoliuoja vidinius ir i\u0161orinius kr\u016btin\u0117s raumenis, kad b\u016bt\u0173 u\u017etikrintas subalansuotas kr\u016btin\u0117s augimas ir geresnis jos apibr\u0117\u017eimas. Papildomas pe\u010di\u0173 ir vir\u0161utin\u0117s rank\u0173 dalies \u012ftraukimas u\u017etikrina visapusi\u0161k\u0105 vir\u0161utin\u0117s k\u016bno dalies treniruot\u0119. Ergonomi\u0161ka konstrukcija ir reguliuojami nustatymai leid\u017eia vis\u0173 fizinio pasirengimo lygi\u0173 naudotojams pasiekti tinkam\u0105 form\u0105 ir i\u0161lyginim\u0105, tod\u0117l kiekvienas pakartojimas bus kuo veiksmingesnis. Nesvarbu, ar tai b\u016bt\u0173 j\u0117gos stiprinimas, ar raumen\u0173 tonuso didinimas, &#8222;Pec Fly&#8221; yra esminis \u012frankis, padedantis i\u0161ry\u0161kinti vir\u0161utin\u0119 k\u016bno dal\u012f.    <\/p>\n<\/div>\n\n\n\n<div class=\"wp-block-column is-vertically-aligned-center is-layout-flow wp-block-column-is-layout-flow\">\n<figure class=\"wp-block-image size-full\"><img decoding=\"async\" src=\"https:\/\/evolve-fitness.eu\/wp-content\/uploads\/2025\/01\/EV-PL-UL-490-Evolve-Ultra-Series-Plate-Loaded-Pec-Fly.png\" alt=\"EV-PL-UL-490\" class=\"wp-image-170653\"\/><\/figure>\n<\/div>\n<\/div>\n\n\n\n<div class=\"wp-block-columns alignwide mobile-reverse is-layout-flex wp-container-core-columns-is-layout-ca64bf2d wp-block-columns-is-layout-flex\" style=\"margin-bottom:var(--wp--preset--spacing--side-padding)\">\n<div class=\"wp-block-column is-vertically-aligned-center is-layout-flow wp-block-column-is-layout-flow\"><\/div>\n<\/div>\n<\/section>\n<\/section>\n","protected":false},"excerpt":{"rendered":"<p>&#8222;Evolve Ultra Series&#8221; &#8222;Plate-Loaded Pec Fly&#8221; (EV-PL-UL-490) yra auk\u0161\u010diausio lygio papildymas bet kurio fitneso entuziasto ar treniruokli\u0173 sal\u0117s savininko \u012frangai. \u0160is prietaisas sukurtas precizi\u0161kai ir ilgaam\u017eis, tod\u0117l suteikia i\u0161skirtin\u0119 j\u0117gos treniruo\u010di\u0173 patirt\u012f. Nesvarbu, ar esate patyr\u0119s sunkum\u0173 kilnotojas, ar tik pradedate fitneso kelion\u0119, &#8222;Pec Fly&#8221; sukurtas taip, kad pad\u0117t\u0173 lengvai ir efektyviai izoliuoti ir lavinti kr\u016btin\u0117s raumenis, tod\u0117l tai yra esminis \u012frankis siekiant vir\u0161utin\u0117s k\u016bno dalies fitneso tiksl\u0173.  <\/p>\n","protected":false},"featured_media":102114,"template":"","meta":{"_acf_changed":false,"inline_featured_image":false},"product_cat":[117,129,130],"product_tag":[],"class_list":{"0":"post-102077","1":"product","2":"type-product","3":"status-publish","4":"has-post-thumbnail","6":"product_cat-pagrindinis-puslapis","7":"product_cat-laisvu-svoriu-treniruokliai","8":"product_cat-ultra-series-laisvu-svoriu-treniruokliai","10":"first","11":"instock","12":"shipping-taxable","13":"purchasable","14":"product-type-simple"},"acf":[],"_links":{"self":[{"href":"https:\/\/store.evolve-fitness.eu\/lt\/wp-json\/wp\/v2\/product\/102077","targetHints":{"allow":["GET"]}}],"collection":[{"href":"https:\/\/store.evolve-fitness.eu\/lt\/wp-json\/wp\/v2\/product"}],"about":[{"href":"https:\/\/store.evolve-fitness.eu\/lt\/wp-json\/wp\/v2\/types\/product"}],"wp:featuredmedia":[{"embeddable":true,"href":"https:\/\/store.evolve-fitness.eu\/lt\/wp-json\/wp\/v2\/media\/102114"}],"wp:attachment":[{"href":"https:\/\/store.evolve-fitness.eu\/lt\/wp-json\/wp\/v2\/media?parent=102077"}],"wp:term":[{"taxonomy":"product_cat","embeddable":true,"href":"https:\/\/store.evolve-fitness.eu\/lt\/wp-json\/wp\/v2\/product_cat?post=102077"},{"taxonomy":"product_tag","embeddable":true,"href":"https:\/\/store.evolve-fitness.eu\/lt\/wp-json\/wp\/v2\/product_tag?post=102077"}],"curies":[{"name":"wp","href":"https:\/\/api.w.org\/{rel}","templated":true}]}}