{"id":102026,"date":"2025-01-07T13:07:05","date_gmt":"2025-01-07T13:07:05","guid":{"rendered":"https:\/\/store.evolve-fitness.eu\/?post_type=product&#038;p=102026"},"modified":"2025-09-25T12:48:42","modified_gmt":"2025-09-25T12:48:42","slug":"evolve-ultra-series-plokstes-pakrautas-izo-soninis-suolelio-presas","status":"publish","type":"product","link":"https:\/\/store.evolve-fitness.eu\/lt\/produktas\/evolve-ultra-series-plokstes-pakrautas-izo-soninis-suolelio-presas\/","title":{"rendered":"&#8222;Evolve Ultra Series&#8221; plok\u0161t\u0117s pakrautas Izo-\u0161oninis suolelio presas"},"content":{"rendered":"\n<p><\/p>\n\n<section class=\"wp-block-group alignfull black-content has-white-color has-darkgray-background-color has-text-color has-background is-layout-constrained wp-block-group-is-layout-constrained\" style=\"padding-top:var(--wp--preset--spacing--section-bottom);padding-bottom:var(--wp--preset--spacing--section-bottom)\">\n<h1 class=\"wp-block-heading has-text-align-center\" style=\"padding-top:var(--wp--preset--spacing--section-title-bottom);padding-bottom:var(--wp--preset--spacing--section-title-bottom)\"><strong><strong><strong>EVOLIUCIONUOJA PLOK\u0160TEL\u0116, PAKRAUTA ULTRA SERIJA<\/strong><\/strong><\/strong> Iso-\u0161oninis suoliuko spaudimas<\/h1>\n\n\n\n<section class=\"wp-block-group alignfull black-content has-white-color has-darkgray-background-color has-text-color has-background is-layout-constrained wp-block-group-is-layout-constrained\" style=\"margin-bottom:0;padding-top:var(--wp--preset--spacing--tb-padding);padding-bottom:var(--wp--preset--spacing--tb-padding)\">\n<div class=\"wp-block-columns alignwide mobile-reverse is-layout-flex wp-container-core-columns-is-layout-035fa626 wp-block-columns-is-layout-flex\" style=\"margin-bottom:var(--wp--preset--spacing--side-padding);padding-top:var(--wp--preset--spacing--tb-padding);padding-bottom:var(--wp--preset--spacing--tb-padding)\">\n<div class=\"wp-block-column is-vertically-aligned-center is-layout-flow wp-block-column-is-layout-flow\">\n<figure class=\"wp-block-image size-full is-resized is-style-rounded\"><img loading=\"lazy\" decoding=\"async\" width=\"810\" height=\"810\" src=\"https:\/\/store.evolve-fitness.eu\/wp-content\/uploads\/2024\/05\/Dizainas-be-pavadinimo-98.png\" alt=\"\" class=\"wp-image-63283\" style=\"aspect-ratio:1.1333333333333333;object-fit:cover;width:860px;height:auto\" srcset=\"https:\/\/store.evolve-fitness.eu\/wp-content\/uploads\/2024\/05\/Dizainas-be-pavadinimo-98.png 810w, https:\/\/store.evolve-fitness.eu\/wp-content\/uploads\/2024\/05\/Dizainas-be-pavadinimo-98-300x300.png 300w, https:\/\/store.evolve-fitness.eu\/wp-content\/uploads\/2024\/05\/Dizainas-be-pavadinimo-98-150x150.png 150w, https:\/\/store.evolve-fitness.eu\/wp-content\/uploads\/2024\/05\/Dizainas-be-pavadinimo-98-768x768.png 768w, https:\/\/store.evolve-fitness.eu\/wp-content\/uploads\/2024\/05\/Dizainas-be-pavadinimo-98-600x600.png 600w, https:\/\/store.evolve-fitness.eu\/wp-content\/uploads\/2024\/05\/Dizainas-be-pavadinimo-98-100x100.png 100w\" sizes=\"auto, (max-width: 810px) 100vw, 810px\" \/><\/figure>\n<\/div>\n\n\n\n<div class=\"wp-block-column is-vertically-aligned-center is-layout-flow wp-block-column-is-layout-flow\">\n<h3 class=\"wp-block-heading\" style=\"margin-bottom:var(--wp--preset--spacing--h-3-bottom)\"><strong><strong><strong><strong><strong><strong>TIKSLINGAS RAUMEN\u0172 \u012eTRAUKIMAS<\/strong><\/strong><\/strong><\/strong><\/strong><\/strong><\/h3>\n\n\n\n<p><strong><em><strong><strong><strong><strong><strong><strong><strong><strong><strong><em><strong>Vienpusis rankos judesys (prieinamas kai kuriose ma\u0161inose)<\/strong><\/em><\/strong><\/strong><\/strong><\/strong><\/strong><\/strong><\/strong><\/strong><\/strong><\/em><\/strong><\/p>\n\n\n\n<p style=\"margin-bottom:var(--wp--preset--spacing--tb-section-padding)\">&#8222;Evolve Ultra Series&#8221; &#8222;Iso-Lateral Bench Press&#8221; su plok\u0161teli\u0173 pakrov\u0117ju u\u017etikrina i\u0161sami\u0105 vir\u0161utin\u0117s k\u016bno dalies treniruot\u0119, vienu metu \u012fdarbindamas kelias raumen\u0173 grupes. Naujovi\u0161kos konstrukcijos treniruoklis efektyviai veikia kr\u016btin\u0119, pe\u010dius ir tricepsus, skatindamas subalansuot\u0105 vystym\u0105si ir j\u0117g\u0105. Izo-\u0161oninis judesys leid\u017eia atlikti nepriklausom\u0105 rank\u0173 judes\u012f, tod\u0117l kiekviena k\u016bno pus\u0117 dirba vienodai. \u0160iame treniruoklyje galima reguliuoti pasiprie\u0161inim\u0105, tod\u0117l jis tinka ir pradedantiesiems, ir pa\u017eengusiems sportininkams. Skatindamas taisykling\u0105 form\u0105 ir technik\u0105, Izo-Lateral Bench Press padeda pagerinti j\u0117g\u0105, stabilum\u0105 ir bendr\u0105 vir\u0161utin\u0117s k\u016bno dalies funkcij\u0105. Ergonomi\u0161kas dizainas suma\u017eina s\u0105nari\u0173 apkrov\u0105 ir u\u017etikrina saugi\u0105 bei efektyvi\u0105 treniruot\u0119. Nesvarbu, ar naudotojai siekia auginti raumen\u0173 mas\u0119, didinti j\u0117g\u0105, ar stiprinti raumen\u0173 i\u0161tverm\u0119. Izolateralinis suolelio presas yra veiksmingas ir universalus sprendimas siekiant fitneso tiksl\u0173. <\/p>\n\n\n\n<h3 class=\"wp-block-heading\" style=\"margin-bottom:var(--wp--preset--spacing--h-3-bottom)\"><strong><strong><strong><strong><strong><strong><strong><strong><strong><br\/>REGULIUOJAMAS PASIPRIE\u0160INIMAS<\/strong><\/strong><\/strong><\/strong><\/strong><\/strong><\/strong><\/strong><\/strong><\/h3>\n\n\n\n<p><strong><em><strong><strong><strong><strong><strong><strong><em><strong>Pritaikomi svorio kaminai<\/strong><\/em><\/strong><\/strong><\/strong><\/strong><\/strong><\/strong><\/em><\/strong><\/p>\n\n\n\n<p style=\"margin-bottom:var(--wp--preset--spacing--tb-section-padding)\">Naudotojai gali lengvai reguliuoti pasiprie\u0161inimo lygius, prid\u0117dami arba i\u0161imdami svorio plok\u0161teles, tod\u0117l treniruot\u0117s gali b\u016bti pritaikytos individualiam blauzd\u0173 stiprumo lygiui ir progresui. Nesvarbu, ar norite padidinti blauzd\u0173 i\u0161tverm\u0119, ar j\u0117g\u0105, reguliuojamo pasiprie\u0161inimo funkcija u\u017etikrina universalum\u0105, kad gal\u0117tum\u0117te prisitaikyti prie \u012fvairi\u0173 treniruo\u010di\u0173 tiksl\u0173.<\/p>\n<\/div>\n<\/div>\n\n\n\n<div class=\"wp-block-columns alignwide mobile-reverse is-layout-flex wp-container-core-columns-is-layout-7a02faa9 wp-block-columns-is-layout-flex\" style=\"margin-bottom:var(--wp--preset--spacing--tb-section-padding)\">\n<div class=\"wp-block-column is-vertically-aligned-center is-layout-flow wp-block-column-is-layout-flow\">\n<h3 class=\"wp-block-heading\" style=\"margin-bottom:var(--wp--preset--spacing--h-3-bottom)\"><strong><strong><strong><strong><strong><strong><strong><strong><strong>PATOGUS DIZAINAS<\/strong><\/strong><\/strong><\/strong><\/strong><\/strong><\/strong><\/strong><\/strong><\/h3>\n\n\n\n<p><strong><em><strong><strong><strong><strong><strong><strong><em><strong>Ergonomi\u0161kas pamink\u0161tinimas ir rankenos<\/strong><\/em><\/strong><\/strong><\/strong><\/strong><\/strong><\/strong><\/em><\/strong><\/p>\n\n\n\n<p style=\"margin-bottom:var(--wp--preset--spacing--tb-section-padding)\">Sukurta atsi\u017evelgiant \u012f naudotojo patogum\u0105. S\u0117dimos blauzdos k\u0117limo treniruoklyje yra ergonomi\u0161kos pagalv\u0117l\u0117s ir rankenos, skatinan\u010dios tinkam\u0105 koj\u0173 pad\u0117t\u012f ir atram\u0105 atliekant pratimus. <\/p>\n\n\n\n<h3 class=\"wp-block-heading\"><strong><strong>KOMPAKTI\u0160KAS P\u0116DSAKAS<\/strong><\/strong><\/h3>\n\n\n\n<p><strong><em><strong><strong><em><strong>Erdv\u0117s po\u017ei\u016briu efektyvus dizainas<\/strong><\/em><\/strong><\/strong><\/em><\/strong><\/p>\n\n\n\n<p>Nepaisant savo funkcionalumo, stovin\u010dio koj\u0173 lenkimo treniruoklio plotas yra nedidelis, tod\u0117l jis tinka asmenims, turintiems ribot\u0105 treniruo\u010di\u0173 erdv\u0119. Jo supaprastintas dizainas maksimaliai padidina erdv\u0117s efektyvum\u0105, nesuma\u017eindamas funkcionalumo, tod\u0117l u\u017etikrinama optimali treniruo\u010di\u0173 zona, skirta veiksmingoms str\u0117n\u0173 raumen\u0173 treniruot\u0117ms.<\/p>\n<\/div>\n\n\n\n<div class=\"wp-block-column is-vertically-aligned-center is-layout-flow wp-block-column-is-layout-flow\">\n<figure class=\"wp-block-image size-full is-resized is-style-rounded\"><img loading=\"lazy\" decoding=\"async\" width=\"810\" height=\"810\" src=\"https:\/\/store.evolve-fitness.eu\/wp-content\/uploads\/2024\/05\/Dizainas-be-pavadinimo-99.png\" alt=\"\" class=\"wp-image-63308\" style=\"aspect-ratio:1.1333333333333333;object-fit:cover;width:899px;height:auto\" srcset=\"https:\/\/store.evolve-fitness.eu\/wp-content\/uploads\/2024\/05\/Dizainas-be-pavadinimo-99.png 810w, https:\/\/store.evolve-fitness.eu\/wp-content\/uploads\/2024\/05\/Dizainas-be-pavadinimo-99-300x300.png 300w, https:\/\/store.evolve-fitness.eu\/wp-content\/uploads\/2024\/05\/Dizainas-be-pavadinimo-99-150x150.png 150w, https:\/\/store.evolve-fitness.eu\/wp-content\/uploads\/2024\/05\/Dizainas-be-pavadinimo-99-768x768.png 768w, https:\/\/store.evolve-fitness.eu\/wp-content\/uploads\/2024\/05\/Dizainas-be-pavadinimo-99-600x600.png 600w, https:\/\/store.evolve-fitness.eu\/wp-content\/uploads\/2024\/05\/Dizainas-be-pavadinimo-99-100x100.png 100w\" sizes=\"auto, (max-width: 810px) 100vw, 810px\" \/><\/figure>\n<\/div>\n<\/div>\n\n\n\n<div class=\"wp-block-columns alignwide mobile-reverse is-layout-flex wp-container-core-columns-is-layout-7a02faa9 wp-block-columns-is-layout-flex\" style=\"margin-bottom:var(--wp--preset--spacing--tb-section-padding)\">\n<div class=\"wp-block-column is-vertically-aligned-center is-layout-flow wp-block-column-is-layout-flow\">\n<figure class=\"wp-block-image alignleft size-full is-resized is-style-rounded\"><img loading=\"lazy\" decoding=\"async\" width=\"810\" height=\"810\" src=\"https:\/\/store.evolve-fitness.eu\/wp-content\/uploads\/2024\/05\/Dizainas-be-pavadinimo-100.png\" alt=\"\" class=\"wp-image-63333\" style=\"aspect-ratio:1.1333333333333333;object-fit:cover;width:829px;height:auto\" srcset=\"https:\/\/store.evolve-fitness.eu\/wp-content\/uploads\/2024\/05\/Dizainas-be-pavadinimo-100.png 810w, https:\/\/store.evolve-fitness.eu\/wp-content\/uploads\/2024\/05\/Dizainas-be-pavadinimo-100-300x300.png 300w, https:\/\/store.evolve-fitness.eu\/wp-content\/uploads\/2024\/05\/Dizainas-be-pavadinimo-100-150x150.png 150w, https:\/\/store.evolve-fitness.eu\/wp-content\/uploads\/2024\/05\/Dizainas-be-pavadinimo-100-768x768.png 768w, https:\/\/store.evolve-fitness.eu\/wp-content\/uploads\/2024\/05\/Dizainas-be-pavadinimo-100-600x600.png 600w, https:\/\/store.evolve-fitness.eu\/wp-content\/uploads\/2024\/05\/Dizainas-be-pavadinimo-100-100x100.png 100w\" sizes=\"auto, (max-width: 810px) 100vw, 810px\" \/><\/figure>\n<\/div>\n\n\n\n<div class=\"wp-block-column is-vertically-aligned-center is-layout-flow wp-block-column-is-layout-flow\">\n<h3 class=\"wp-block-heading\" style=\"margin-bottom:var(--wp--preset--spacing--h-3-bottom)\"><strong><strong><strong><strong><strong><strong><strong><strong>ILGAAM\u017d\u0116 APDAILA<\/strong><\/strong><\/strong><\/strong><\/strong><\/strong><\/strong><\/strong><\/h3>\n\n\n\n<p><strong><em><strong><strong><strong><strong><strong><em><strong>Termoreaktyvi\u0173j\u0173 milteli\u0173 elektrostatinio pur\u0161kimo technologija<\/strong><\/em><\/strong><\/strong><\/strong><\/strong><\/strong><\/em><\/strong><\/p>\n\n\n\n<p style=\"margin-bottom:var(--wp--preset--spacing--tb-section-padding)\">M\u016bs\u0173 ma\u0161inose \u012fdiegta termoreaktyvi\u0173j\u0173 milteli\u0173 elektrostatinio pur\u0161kimo technologija, u\u017etikrinanti ilgalaik\u0119 apdail\u0105. \u0160i pa\u017eangi danga ilgainiui i\u0161laiko \u012frangos i\u0161vaizd\u0105.<\/p>\n<\/div>\n<\/div>\n\n\n\n<div class=\"wp-block-columns alignwide mobile-reverse is-layout-flex wp-container-core-columns-is-layout-ca64bf2d wp-block-columns-is-layout-flex\" style=\"margin-bottom:var(--wp--preset--spacing--side-padding)\">\n<div class=\"wp-block-column is-vertically-aligned-center is-layout-flow wp-block-column-is-layout-flow\"><\/div>\n<\/div>\n<\/section>\n<\/section>\n","protected":false},"excerpt":{"rendered":"<p>Patirkite geriausi\u0105 j\u0117gos treniruot\u0119 su &#8222;Evolve Ultra Series Plate V-Squat&#8221;, UL-380, auk\u0161\u010diausios klas\u0117s treniruokliu, sukurtu atsi\u017evelgiant \u012f ilgaam\u017ei\u0161kum\u0105 ir na\u0161um\u0105. \u0160iame treniruoklyje \u012frengti svori\u0173 plok\u0161\u010di\u0173 laikymo \u012ftaisai, tod\u0117l treniruot\u0117 vyksta skland\u017eiai. Ner\u016bdijan\u010dio plieno var\u017etai ir ver\u017el\u0117s u\u017etikrina bekompromis\u012f ilgaam\u017ei\u0161kum\u0105, o itin patvar\u016bs PU odos apmu\u0161alai u\u017etikrina komfort\u0105 ir prabangi\u0105 i\u0161vaizd\u0105. Svarbiausia &#8211; saugumas, nes neslystan\u010dios rankenos u\u017etikrina saug\u0173 sukibim\u0105, kad treniruo\u010di\u0173 metu b\u016bt\u0173 galima labiau pasitik\u0117ti savimi. Apsaugokite savo sporto sal\u0117s grindis naudodami pridedamas patvarias grind\u0173 apsaugas ir m\u0117gaukit\u0117s ilgaam\u017ee m\u016bs\u0173 \u012frangos apdaila d\u0117l termoreaktyvi\u0173 milteli\u0173 elektrostatinio pur\u0161kimo technologijos. 206 kg sverian\u010diam treniruokliui UL-380 suteikiama 2 met\u0173 garantija ir technin\u0117s funkcijos, pavyzd\u017eiui, reguliuojamos s\u0117dimosios vietos, tod\u0117l jis puikiai tinka auk\u0161\u010diausios kokyb\u0117s treniruot\u0117ms. \u0160iandien papildykite savo treniruokli\u0173 sal\u0119 \u0161iuo tvirtu ir efektyviu treniruokliu ir pagerinkite savo sveikatingumo re\u017eim\u0105.<\/p>\n","protected":false},"featured_media":63297,"template":"","meta":{"_acf_changed":false,"inline_featured_image":false},"product_cat":[117,129,130],"product_tag":[],"class_list":{"0":"post-102026","1":"product","2":"type-product","3":"status-publish","4":"has-post-thumbnail","6":"product_cat-pagrindinis-puslapis","7":"product_cat-laisvu-svoriu-treniruokliai","8":"product_cat-ultra-series-laisvu-svoriu-treniruokliai","10":"first","11":"outofstock","12":"shipping-taxable","13":"purchasable","14":"product-type-simple"},"acf":[],"_links":{"self":[{"href":"https:\/\/store.evolve-fitness.eu\/lt\/wp-json\/wp\/v2\/product\/102026","targetHints":{"allow":["GET"]}}],"collection":[{"href":"https:\/\/store.evolve-fitness.eu\/lt\/wp-json\/wp\/v2\/product"}],"about":[{"href":"https:\/\/store.evolve-fitness.eu\/lt\/wp-json\/wp\/v2\/types\/product"}],"wp:featuredmedia":[{"embeddable":true,"href":"https:\/\/store.evolve-fitness.eu\/lt\/wp-json\/wp\/v2\/media\/63297"}],"wp:attachment":[{"href":"https:\/\/store.evolve-fitness.eu\/lt\/wp-json\/wp\/v2\/media?parent=102026"}],"wp:term":[{"taxonomy":"product_cat","embeddable":true,"href":"https:\/\/store.evolve-fitness.eu\/lt\/wp-json\/wp\/v2\/product_cat?post=102026"},{"taxonomy":"product_tag","embeddable":true,"href":"https:\/\/store.evolve-fitness.eu\/lt\/wp-json\/wp\/v2\/product_tag?post=102026"}],"curies":[{"name":"wp","href":"https:\/\/api.w.org\/{rel}","templated":true}]}}