{"id":101797,"date":"2024-12-16T08:54:50","date_gmt":"2024-12-16T08:54:50","guid":{"rendered":"https:\/\/store.evolve-fitness.eu\/?post_type=product&#038;p=101797"},"modified":"2025-01-08T13:07:15","modified_gmt":"2025-01-08T13:07:15","slug":"evolve-artificial-turf-1","status":"publish","type":"product","link":"https:\/\/store.evolve-fitness.eu\/lt\/produktas\/evolve-artificial-turf-1\/","title":{"rendered":"&#8222;Evolve Artificial Turf"},"content":{"rendered":"\n<section class=\"wp-block-group alignfull black-content has-white-color has-darkgray-background-color has-text-color has-background is-layout-constrained wp-block-group-is-layout-constrained\" style=\"padding-top:var(--wp--preset--spacing--section-bottom);padding-bottom:var(--wp--preset--spacing--section-bottom)\">\n<div class=\"wp-block-columns alignwide is-layout-flex wp-container-core-columns-is-layout-c45ee707 wp-block-columns-is-layout-flex\" style=\"margin-bottom:var(--wp--preset--spacing--side-padding);padding-top:var(--wp--preset--spacing--side-padding)\">\n<div class=\"wp-block-column is-vertically-aligned-center is-layout-flow wp-block-column-is-layout-flow\">\n<h3 class=\"wp-block-heading\"><strong>Universali dirbtin\u0117 veja, skirta naudoti patalpose ir lauke<\/strong><\/h3>\n\n\n\n<p><strong><em><strong><em>Ilgaam\u017ei\u0161kumas ir na\u0161umas kiekvienai sporto erdvei<\/em><\/strong><\/em><\/strong><\/p>\n\n\n\n<p style=\"margin-bottom:var(--wp--preset--spacing--tb-section-padding)\">&#8222;Evolve&#8221; dirbtin\u0117 veja yra idealus grind\u0173 dangos sprendimas, skirtas sukurti universalias treniruo\u010di\u0173 zonas tiek patalpose, tiek lauke. Sukurta d\u0117l ilgaam\u017ei\u0161kumo ir funkcionalumo, \u0161i vel\u0117na si\u016blo neslid\u017ei\u0105, amortizuojan\u010di\u0105 dang\u0105, tinkan\u010di\u0105 didelio intensyvumo treniruot\u0117ms, rogu\u010di\u0173 st\u016bmimui ir vikrumo pratimams. Ma\u017eai prie\u017ei\u016bros reikalaujanti konstrukcija atspari nusid\u0117v\u0117jimui, o nat\u016bralios \u017eol\u0117s tekst\u016bra suteikia autenti\u0161k\u0105 poj\u016bt\u012f sporto ir fitneso entuziastams. Puikiai tinkanti sporto sal\u0117ms, treniruo\u010di\u0173 patalpoms ar lauko erdv\u0117ms, &#8222;Evolve&#8221; dirbtin\u0117 veja u\u017etikrina na\u0161um\u0105, patogum\u0105 ir patikimum\u0105 kiekvienai treniruotei.   <\/p>\n\n\n\n<h3 class=\"wp-block-heading\"><strong>Pritaikomas ir patogus treniruo\u010di\u0173 pavir\u0161ius<\/strong><\/h3>\n\n\n\n<p><strong><em><strong><em>Individualizuotas dizainas, padidintas patogumas ir stilius<\/em><\/strong><\/em><\/strong><\/p>\n\n\n\n<p style=\"margin-bottom:var(--wp--preset--spacing--tb-section-padding)\">&#8222;Evolve&#8221; dirbtin\u0117 veja suderina funkcionalum\u0105 ir estetik\u0105, si\u016blo visas pritaikymo parinktis, \u012fskaitant logotipus, linijas ir numerius, kad sukurt\u0173 treniruo\u010di\u0173 dang\u0105, pritaikyt\u0105 j\u016bs\u0173 poreikiams. D\u0117l 5 mm gumos sluoksnio, integruoto \u012f bendr\u0105 20 mm stor\u012f, \u0161i vel\u0117na u\u017etikrina puiki\u0105 amortizacij\u0105 ir patogesn\u012f poj\u016bt\u012f p\u0117dai, ma\u017eina nuovarg\u012f per intensyvias treniruotes. Be to, gra\u017e\u016bs ra\u0161tai pakyl\u0117ja vej\u0105 iki dekoratyvin\u0117s puo\u0161menos, padidindami bet kurios sporto sal\u0117s ar asmenin\u0117s studijos vizualin\u012f patrauklum\u0105.  <\/p>\n<\/div>\n\n\n\n<div class=\"wp-block-column is-vertically-aligned-center is-layout-flow wp-block-column-is-layout-flow\">\n<figure class=\"wp-block-image size-full\"><img decoding=\"async\" src=\"https:\/\/evolve-fitness.eu\/wp-content\/uploads\/2024\/12\/turf.jpg\" alt=\"EV-AT-CS-20\" class=\"wp-image-171269\"\/><\/figure>\n<\/div>\n<\/div>\n<\/section>\n","protected":false},"excerpt":{"rendered":"<p>Pakeiskite savo treniruokli\u0173 sal\u0119 ar treniruo\u010di\u0173 zon\u0105 naudodami &#8222;Evolve&#8221; dirbtin\u0119 vej\u0105 &#8211; puik\u0173 sprendim\u0105, kaip sukurti patvari\u0105, funkcionali\u0105 ir vizualiai \u012fsp\u016bding\u0105 treniruo\u010di\u0173 dang\u0105. \u0160i auk\u0161\u010diausios kokyb\u0117s vel\u0117na, sukurta atlaikyti intensyvias treniruotes ir didel\u012f jud\u0117jim\u0105, u\u017etikrina puik\u0173 sukibim\u0105, amortizacij\u0105 ir universalum\u0105 atliekant \u012fvairius pratimus. Nesvarbu, ar \u012frengin\u0117jate sprinto tras\u0105, rogu\u010di\u0173 st\u016bmimo zon\u0105, ar \u012fvairios paskirties treniruokli\u0173 aik\u0161tel\u0119, &#8222;Evolve&#8221; dirbtin\u0117 veja sukurta taip, kad pagerint\u0173 rezultatus ir estetik\u0105.<\/p>\n","protected":false},"featured_media":101823,"template":"","meta":{"_acf_changed":false,"inline_featured_image":false},"product_cat":[117,193,194],"product_tag":[],"class_list":{"0":"post-101797","1":"product","2":"type-product","3":"status-publish","4":"has-post-thumbnail","6":"product_cat-pagrindinis-puslapis","7":"product_cat-platformos-ir-grindys","8":"product_cat-grindys","10":"first","11":"outofstock","12":"shipping-taxable","13":"purchasable","14":"product-type-simple"},"acf":[],"_links":{"self":[{"href":"https:\/\/store.evolve-fitness.eu\/lt\/wp-json\/wp\/v2\/product\/101797","targetHints":{"allow":["GET"]}}],"collection":[{"href":"https:\/\/store.evolve-fitness.eu\/lt\/wp-json\/wp\/v2\/product"}],"about":[{"href":"https:\/\/store.evolve-fitness.eu\/lt\/wp-json\/wp\/v2\/types\/product"}],"wp:featuredmedia":[{"embeddable":true,"href":"https:\/\/store.evolve-fitness.eu\/lt\/wp-json\/wp\/v2\/media\/101823"}],"wp:attachment":[{"href":"https:\/\/store.evolve-fitness.eu\/lt\/wp-json\/wp\/v2\/media?parent=101797"}],"wp:term":[{"taxonomy":"product_cat","embeddable":true,"href":"https:\/\/store.evolve-fitness.eu\/lt\/wp-json\/wp\/v2\/product_cat?post=101797"},{"taxonomy":"product_tag","embeddable":true,"href":"https:\/\/store.evolve-fitness.eu\/lt\/wp-json\/wp\/v2\/product_tag?post=101797"}],"curies":[{"name":"wp","href":"https:\/\/api.w.org\/{rel}","templated":true}]}}