{"id":101760,"date":"2024-12-13T12:59:40","date_gmt":"2024-12-13T12:59:40","guid":{"rendered":"https:\/\/store.evolve-fitness.eu\/?post_type=product&#038;p=101760"},"modified":"2025-09-25T12:47:38","modified_gmt":"2025-09-25T12:47:38","slug":"evolve-jogos-dirzas","status":"publish","type":"product","link":"https:\/\/store.evolve-fitness.eu\/lt\/produktas\/evolve-jogos-dirzas\/","title":{"rendered":"&#8222;Evolve&#8221; jogos dir\u017eas"},"content":{"rendered":"\n<p><\/p>\n\n\n\n<p><\/p>\n","protected":false},"excerpt":{"rendered":"<p>&#8222;Evolve Yoga Belt&#8221; &#8211; b\u016btinas aksesuaras lankstumui, koordinacijai ir technikai gerinti. \u0160is patvarus ir reguliuojamas dir\u017eas, skirtas vis\u0173 lygi\u0173 jogams, padeda saugiai pagilinti tempimus, i\u0161laikyti sud\u0117tingas pozas ir tobulinti laikysen\u0105. Nesvarbu, ar tobulinate lankstum\u0105, ar jums reikia papildomos pagalbos atliekant konkre\u010dias asanas, &#8222;Evolve Yoga Belt&#8221; dir\u017eas yra patikima ir universali priemon\u0117, padedanti tobulinti praktik\u0105.    <\/p>\n<p>\n","protected":false},"featured_media":123660,"template":"","meta":{"_acf_changed":false,"inline_featured_image":false},"product_cat":[192],"product_tag":[],"class_list":{"0":"post-101760","1":"product","2":"type-product","3":"status-publish","4":"has-post-thumbnail","6":"product_cat-studija","8":"first","9":"instock","10":"shipping-taxable","11":"purchasable","12":"product-type-simple"},"acf":[],"_links":{"self":[{"href":"https:\/\/store.evolve-fitness.eu\/lt\/wp-json\/wp\/v2\/product\/101760","targetHints":{"allow":["GET"]}}],"collection":[{"href":"https:\/\/store.evolve-fitness.eu\/lt\/wp-json\/wp\/v2\/product"}],"about":[{"href":"https:\/\/store.evolve-fitness.eu\/lt\/wp-json\/wp\/v2\/types\/product"}],"wp:featuredmedia":[{"embeddable":true,"href":"https:\/\/store.evolve-fitness.eu\/lt\/wp-json\/wp\/v2\/media\/123660"}],"wp:attachment":[{"href":"https:\/\/store.evolve-fitness.eu\/lt\/wp-json\/wp\/v2\/media?parent=101760"}],"wp:term":[{"taxonomy":"product_cat","embeddable":true,"href":"https:\/\/store.evolve-fitness.eu\/lt\/wp-json\/wp\/v2\/product_cat?post=101760"},{"taxonomy":"product_tag","embeddable":true,"href":"https:\/\/store.evolve-fitness.eu\/lt\/wp-json\/wp\/v2\/product_tag?post=101760"}],"curies":[{"name":"wp","href":"https:\/\/api.w.org\/{rel}","templated":true}]}}