{"id":101367,"date":"2024-12-13T11:40:24","date_gmt":"2024-12-13T11:40:24","guid":{"rendered":"https:\/\/store.evolve-fitness.eu\/?post_type=product&#038;p=101367"},"modified":"2026-03-13T12:01:43","modified_gmt":"2026-03-13T12:01:43","slug":"evolve-prime-series-neopreno-treniruokliu-rankenu-rinkinys","status":"publish","type":"product","link":"https:\/\/store.evolve-fitness.eu\/lt\/produktas\/evolve-prime-series-neopreno-treniruokliu-rankenu-rinkinys\/","title":{"rendered":"&#8222;Evolve Prime Series&#8221; neopreno treniruokli\u0173 ranken\u0173 rinkinys"},"content":{"rendered":"\n<section class=\"wp-block-group alignfull black-content has-white-color has-darkgray-background-color has-text-color has-background is-layout-constrained wp-block-group-is-layout-constrained\" style=\"padding-top:var(--wp--preset--spacing--section-bottom);padding-bottom:var(--wp--preset--spacing--section-bottom)\">\n<div class=\"wp-block-columns alignwide mobile-reverse is-layout-flex wp-container-core-columns-is-layout-ca64bf2d wp-block-columns-is-layout-flex\" style=\"margin-bottom:var(--wp--preset--spacing--side-padding)\">\n<div class=\"wp-block-column is-vertically-aligned-center is-layout-flow wp-block-column-is-layout-flow\">\n<h3 class=\"wp-block-heading\" style=\"margin-bottom:var(--wp--preset--spacing--h-3-bottom)\">Auk\u0161\u010diausios kokyb\u0117s rankena, u\u017etikrinanti galingus rezultatus<\/h3>\n\n\n\n<p>Perkelkite treniruotes \u012f auk\u0161tesn\u012f lyg\u012f su &#8221; <strong>Evolve Prime Series&#8221; neopreno treniruokli\u0173 ranken\u0173 rinkiniu<\/strong> &#8211; puikiu funkcionalumo, patogumo ir patvarumo deriniu. Nesvarbu, ar treniruojat\u0117s treniruokliais su kabeliniais treniruokliais treniruokli\u0173 sal\u0117je, ar namie atliekate treniruotes su pasiprie\u0161inimo juostomis, \u0161ios rankenos suteiks jums reikiam\u0105 prana\u0161um\u0105. Mink\u0161ta, bet tvirta neopreno danga u\u017etikrina neslystant\u012f sukibim\u0105 net ir prakaituojant, suma\u017eina rank\u0173 apkrov\u0105 ir padidina na\u0161um\u0105.  <\/p>\n<\/div>\n\n\n\n<div class=\"wp-block-column is-vertically-aligned-center is-layout-flow wp-block-column-is-layout-flow\">\n<figure class=\"wp-block-video\"><video controls=\"\" src=\"https:\/\/evolve-fitness.eu\/wp-content\/uploads\/2024\/12\/VIDEO-EV-GH-PR-100-Evolve-Prime-Series-Neoprene-Gym-Handle-Set-2.mp4\"><\/video><\/figure>\n<\/div>\n<\/div>\n\n\n\n<div class=\"wp-block-columns is-layout-flex wp-container-core-columns-is-layout-9d6595d7 wp-block-columns-is-layout-flex\">\n<div class=\"wp-block-column is-layout-flow wp-block-column-is-layout-flow\">\n<div class=\"wp-block-columns is-layout-flex wp-container-core-columns-is-layout-9d6595d7 wp-block-columns-is-layout-flex\">\n<div class=\"wp-block-column is-layout-flow wp-block-column-is-layout-flow\">\n<figure class=\"wp-block-image size-large is-style-rounded\"><img decoding=\"async\" src=\"https:\/\/evolve-fitness.eu\/wp-content\/uploads\/2025\/03\/EV-GH-PR-100-Evolve-Prime-Series-Neoprene-Gym-Handle-Set-10-3-1024x683.jpg\" alt=\"\" class=\"wp-image-189545\"\/><\/figure>\n<\/div>\n\n\n\n<div class=\"wp-block-column is-layout-flow wp-block-column-is-layout-flow\">\n<h3 class=\"wp-block-heading\" style=\"margin-bottom:var(--wp--preset--spacing--h-3-bottom)\"><strong>Sukurtas kiekvienam treniruot\u0117s scenarijui<\/strong><\/h3>\n\n\n\n<p>\u0160is ranken\u0173 komplektas, suderinamas su \u012fvairia treniruokli\u0173 \u012franga, lengvai tvirtinamas prie lyn\u0173 treniruokli\u0173, pasiprie\u0161inimo juost\u0173 ir skriemuli\u0173 sistem\u0173. Tai puikus priedas eil\u0117ms, \u012ft\u016bpstams, prisitraukimams, atsispaudimams ir mu\u0161amiesiems. \u0160ios rankenos su sustiprintomis si\u016bl\u0117mis ir didelio atsparumo D formos \u017eiedais sukurtos taip, kad atlaikyt\u0173 intensyvias treniruotes, o judesiai b\u016bt\u0173 skland\u016bs ir tolyg\u016bs.  <\/p>\n<\/div>\n<\/div>\n<\/div>\n<\/div>\n<\/section>\n","protected":false},"excerpt":{"rendered":"<p>Patobulinkite savo treniruot\u0119 naudodami &#8222;Evolve Prime Series&#8221; neopreno treniruokli\u0173 ranken\u0173 rinkin\u012f, kuris yra geriausias priedas j\u0117gos treniruot\u0117ms ir pasiprie\u0161inimo pratimams. \u0160ios auk\u0161tos kokyb\u0117s neopreno rankenos, sukurtos atsi\u017evelgiant \u012f patogum\u0105 ir na\u0161um\u0105, u\u017etikrina saug\u0173 sukibim\u0105 ir ma\u017eina rank\u0173 nuovarg\u012f, tod\u0117l galite sutelkti d\u0117mes\u012f \u012f savo fitneso tiksl\u0173 siekim\u0105. \u0160is patvarus ranken\u0173 rinkinys puikiai tinka lyn\u0173 treniruokliams, pasiprie\u0161inimo juostoms ar nam\u0173 treniruokli\u0173 komplektams, tod\u0117l u\u017etikrina maksimal\u0173 universalum\u0105 ir ilgaam\u017ei\u0161kum\u0105 atliekant \u012fvairius pratimus.<\/p>\n","protected":false},"featured_media":101745,"template":"","meta":{"_acf_changed":false,"inline_featured_image":false},"product_cat":[117,150],"product_tag":[],"class_list":{"0":"post-101367","1":"product","2":"type-product","3":"status-publish","4":"has-post-thumbnail","6":"product_cat-pagrindinis-puslapis","7":"product_cat-priedai-lt","9":"first","10":"instock","11":"shipping-taxable","12":"purchasable","13":"product-type-simple"},"acf":[],"_links":{"self":[{"href":"https:\/\/store.evolve-fitness.eu\/lt\/wp-json\/wp\/v2\/product\/101367","targetHints":{"allow":["GET"]}}],"collection":[{"href":"https:\/\/store.evolve-fitness.eu\/lt\/wp-json\/wp\/v2\/product"}],"about":[{"href":"https:\/\/store.evolve-fitness.eu\/lt\/wp-json\/wp\/v2\/types\/product"}],"wp:featuredmedia":[{"embeddable":true,"href":"https:\/\/store.evolve-fitness.eu\/lt\/wp-json\/wp\/v2\/media\/101745"}],"wp:attachment":[{"href":"https:\/\/store.evolve-fitness.eu\/lt\/wp-json\/wp\/v2\/media?parent=101367"}],"wp:term":[{"taxonomy":"product_cat","embeddable":true,"href":"https:\/\/store.evolve-fitness.eu\/lt\/wp-json\/wp\/v2\/product_cat?post=101367"},{"taxonomy":"product_tag","embeddable":true,"href":"https:\/\/store.evolve-fitness.eu\/lt\/wp-json\/wp\/v2\/product_tag?post=101367"}],"curies":[{"name":"wp","href":"https:\/\/api.w.org\/{rel}","templated":true}]}}