{"id":100460,"date":"2024-12-13T07:10:55","date_gmt":"2024-12-13T07:10:55","guid":{"rendered":"https:\/\/store.evolve-fitness.eu\/?post_type=product&#038;p=100460"},"modified":"2026-02-24T12:01:08","modified_gmt":"2026-02-24T12:01:08","slug":"evolve-yoga-block-2","status":"publish","type":"product","link":"https:\/\/store.evolve-fitness.eu\/lt\/produktas\/evolve-yoga-block-2\/","title":{"rendered":"&#8222;Evolve Yoga Block"},"content":{"rendered":"\n<p> <mark style=\"background-color:rgba(0, 0, 0, 0);color:#ffffff\" class=\"has-inline-color\">ASD<\/mark><\/p>\n\n<p><\/p>\n","protected":false},"excerpt":{"rendered":"<p>Pagerinkite savo jogos praktik\u0105 naudodami &#8222;Evolve Yoga Block&#8221; &#8211; privalom\u0105 vis\u0173 lygi\u0173 jog\u0173 aksesuar\u0105. \u0160is lengvas, bet patvarus blokas, sukurtas stabilumui ir paramai u\u017etikrinti, padeda tinkamai i\u0161lyginti k\u016bno linijas, pagilinti atkarpas ir sustiprinti pasitik\u0117jim\u0105 pozomis. Nesvarbu, ar tobulinate sud\u0117ting\u0105 fizin\u0119 laikysen\u0105, ar jums reikia papildomos atramos atliekant atstatom\u0105sias pozas, &#8222;Evolve Yoga Block&#8221; yra patikima priemon\u0117. Jo neslidus pavir\u0161ius ir tvirta konstrukcija u\u017etikrina patogum\u0105 ir saugum\u0105.     <\/p>\n<p>\n","protected":false},"featured_media":100497,"template":"","meta":{"_acf_changed":false,"inline_featured_image":false},"product_cat":[192],"product_tag":[],"class_list":{"0":"post-100460","1":"product","2":"type-product","3":"status-publish","4":"has-post-thumbnail","6":"product_cat-studija","8":"first","9":"instock","10":"shipping-taxable","11":"purchasable","12":"product-type-simple"},"acf":[],"_links":{"self":[{"href":"https:\/\/store.evolve-fitness.eu\/lt\/wp-json\/wp\/v2\/product\/100460","targetHints":{"allow":["GET"]}}],"collection":[{"href":"https:\/\/store.evolve-fitness.eu\/lt\/wp-json\/wp\/v2\/product"}],"about":[{"href":"https:\/\/store.evolve-fitness.eu\/lt\/wp-json\/wp\/v2\/types\/product"}],"wp:featuredmedia":[{"embeddable":true,"href":"https:\/\/store.evolve-fitness.eu\/lt\/wp-json\/wp\/v2\/media\/100497"}],"wp:attachment":[{"href":"https:\/\/store.evolve-fitness.eu\/lt\/wp-json\/wp\/v2\/media?parent=100460"}],"wp:term":[{"taxonomy":"product_cat","embeddable":true,"href":"https:\/\/store.evolve-fitness.eu\/lt\/wp-json\/wp\/v2\/product_cat?post=100460"},{"taxonomy":"product_tag","embeddable":true,"href":"https:\/\/store.evolve-fitness.eu\/lt\/wp-json\/wp\/v2\/product_tag?post=100460"}],"curies":[{"name":"wp","href":"https:\/\/api.w.org\/{rel}","templated":true}]}}