{"id":99328,"date":"2024-09-05T07:55:41","date_gmt":"2024-09-05T07:55:41","guid":{"rendered":"https:\/\/store.evolve-fitness.eu\/?post_type=product&#038;p=99328"},"modified":"2025-03-27T08:03:51","modified_gmt":"2025-03-27T08:03:51","slug":"rack-verticale-evolve","status":"publish","type":"product","link":"https:\/\/store.evolve-fitness.eu\/it\/prodotto\/rack-verticale-evolve\/","title":{"rendered":"Rack verticale Evolve"},"content":{"rendered":"","protected":false},"excerpt":{"rendered":"<p>Tieni il tuo spazio di allenamento organizzato ed efficiente con la rastrelliera verticale per bilancieri Evolve, la soluzione perfetta per riporre la tua collezione di bilancieri. Progettato all&#8217;insegna della durata e della praticit\u00e0, questo rack elegante e robusto pu\u00f2 contenere pi\u00f9 bilancieri in modo sicuro, risparmiando spazio e mantenendo un&#8217;area di allenamento professionale e ordinata. Ideale per palestre domestiche, studi o strutture commerciali, la rastrelliera verticale per bilancieri Evolve garantisce un facile accesso alle tue attrezzature, cos\u00ec potrai concentrarti sull&#8217;allenamento senza disordine.  <\/p>\n","protected":false},"featured_media":101196,"template":"","meta":{"_acf_changed":false,"inline_featured_image":false},"product_cat":[528,985,986],"product_tag":[],"class_list":{"0":"post-99328","1":"product","2":"type-product","3":"status-publish","4":"has-post-thumbnail","6":"product_cat-pagina-iniziale","7":"product_cat-pesi-liberi","8":"product_cat-cremagliere-e-soluzioni-di-stoccaggio","10":"first","11":"instock","12":"shipping-taxable","13":"purchasable","14":"product-type-simple"},"acf":[],"_links":{"self":[{"href":"https:\/\/store.evolve-fitness.eu\/it\/wp-json\/wp\/v2\/product\/99328","targetHints":{"allow":["GET"]}}],"collection":[{"href":"https:\/\/store.evolve-fitness.eu\/it\/wp-json\/wp\/v2\/product"}],"about":[{"href":"https:\/\/store.evolve-fitness.eu\/it\/wp-json\/wp\/v2\/types\/product"}],"wp:featuredmedia":[{"embeddable":true,"href":"https:\/\/store.evolve-fitness.eu\/it\/wp-json\/wp\/v2\/media\/101196"}],"wp:attachment":[{"href":"https:\/\/store.evolve-fitness.eu\/it\/wp-json\/wp\/v2\/media?parent=99328"}],"wp:term":[{"taxonomy":"product_cat","embeddable":true,"href":"https:\/\/store.evolve-fitness.eu\/it\/wp-json\/wp\/v2\/product_cat?post=99328"},{"taxonomy":"product_tag","embeddable":true,"href":"https:\/\/store.evolve-fitness.eu\/it\/wp-json\/wp\/v2\/product_tag?post=99328"}],"curies":[{"name":"wp","href":"https:\/\/api.w.org\/{rel}","templated":true}]}}