{"id":92304,"date":"2024-07-16T08:35:13","date_gmt":"2024-07-16T08:35:13","guid":{"rendered":"https:\/\/store.evolve-fitness.eu\/?post_type=product&#038;p=92304"},"modified":"2026-03-18T12:00:37","modified_gmt":"2026-03-18T12:00:37","slug":"evolve-olympic-swiss-bar-220-cm-6","status":"publish","type":"product","link":"https:\/\/store.evolve-fitness.eu\/it\/prodotto\/evolve-olympic-swiss-bar-220-cm-6\/","title":{"rendered":"Evolve Olympic Swiss Bar &#8211; 220 cm"},"content":{"rendered":"","protected":false},"excerpt":{"rendered":"<p>L&#8217;Evolve Olympic Swiss Bar, che misura ben 220 cm di lunghezza, \u00e8 una scelta di alto livello per gli appassionati di fitness e gli atleti professionisti. Questo robusto bilanciere pesa 26 kg ed \u00e8 costruito per sopportare un carico massimo di 454 kg, rendendolo ideale per il sollevamento pesante e l&#8217;allenamento della forza. Il diametro dell&#8217;impugnatura di \u00d830 mm garantisce una presa comoda e sicura, mentre il diametro della boccola della piastra di peso di \u00d851 mm consente di utilizzare le piastre olimpiche standard. Con una garanzia di 1 anno, questa barra non \u00e8 solo un investimento duraturo nel vostro percorso di fitness, ma anche uno strumento affidabile per migliorare la versatilit\u00e0 e l&#8217;efficacia dell&#8217;allenamento. Perfetta per una serie di esercizi, la Evolve Olympic Swiss Bar \u00e8 un must per chi vuole migliorare il proprio regime di allenamento della forza.<\/p>\n","protected":false},"featured_media":92328,"template":"","meta":{"_acf_changed":false,"inline_featured_image":false},"product_cat":[2414,985,1037],"product_tag":[],"class_list":{"0":"post-92304","1":"product","2":"type-product","3":"status-publish","4":"has-post-thumbnail","6":"product_cat-hyrox-gear","7":"product_cat-pesi-liberi","8":"product_cat-bar-e-accessori","10":"first","11":"instock","12":"shipping-taxable","13":"purchasable","14":"product-type-simple"},"acf":[],"_links":{"self":[{"href":"https:\/\/store.evolve-fitness.eu\/it\/wp-json\/wp\/v2\/product\/92304","targetHints":{"allow":["GET"]}}],"collection":[{"href":"https:\/\/store.evolve-fitness.eu\/it\/wp-json\/wp\/v2\/product"}],"about":[{"href":"https:\/\/store.evolve-fitness.eu\/it\/wp-json\/wp\/v2\/types\/product"}],"wp:featuredmedia":[{"embeddable":true,"href":"https:\/\/store.evolve-fitness.eu\/it\/wp-json\/wp\/v2\/media\/92328"}],"wp:attachment":[{"href":"https:\/\/store.evolve-fitness.eu\/it\/wp-json\/wp\/v2\/media?parent=92304"}],"wp:term":[{"taxonomy":"product_cat","embeddable":true,"href":"https:\/\/store.evolve-fitness.eu\/it\/wp-json\/wp\/v2\/product_cat?post=92304"},{"taxonomy":"product_tag","embeddable":true,"href":"https:\/\/store.evolve-fitness.eu\/it\/wp-json\/wp\/v2\/product_tag?post=92304"}],"curies":[{"name":"wp","href":"https:\/\/api.w.org\/{rel}","templated":true}]}}