{"id":92100,"date":"2024-07-15T14:52:30","date_gmt":"2024-07-15T14:52:30","guid":{"rendered":"https:\/\/store.evolve-fitness.eu\/?post_type=product&#038;p=92100"},"modified":"2025-03-27T07:38:24","modified_gmt":"2025-03-27T07:38:24","slug":"portapalle-evolve-gym-1","status":"publish","type":"product","link":"https:\/\/store.evolve-fitness.eu\/it\/prodotto\/portapalle-evolve-gym-1\/","title":{"rendered":"Portapalle Evolve Gym"},"content":{"rendered":"\n<p> <mark style=\"background-color:rgba(0, 0, 0, 0);color:#ffffff\" class=\"has-inline-color\">ASD<\/mark><\/p>\n\n<p><\/p>\n","protected":false},"excerpt":{"rendered":"<p>Organizzate il vostro spazio per il fitness con un&#8217;efficienza senza pari utilizzando il portapalloni Evolve Gym, GB-030. Questo elegante e robusto portapalle \u00e8 un&#8217;aggiunta essenziale a qualsiasi palestra, centro fitness o area di allenamento domestica, offrendo una soluzione pratica ed elegante per riporre le palle di stabilit\u00e0. La sua struttura robusta garantisce durata e affidabilit\u00e0, mentre il design salvaspazio massimizza lo spazio a terra, mantenendo l&#8217;area di allenamento ordinata e accessibile. Ideale per palestre di tutte le dimensioni, l&#8217;Evolve Gym Ball Rack \u00e8 in grado di ospitare pi\u00f9 palloni e si adatta perfettamente agli ambienti in cui funzionalit\u00e0 e organizzazione sono fondamentali. Migliora l&#8217;ambiente e l&#8217;efficienza della tua palestra con questo portapalloni di qualit\u00e0 superiore e ottimizza il modo in cui riponi e accedi alle tue attrezzature per il fitness.  <\/p>\n<p>\n","protected":false},"featured_media":92124,"template":"","meta":{"_acf_changed":false,"inline_featured_image":false},"product_cat":[534],"product_tag":[],"class_list":{"0":"post-92100","1":"product","2":"type-product","3":"status-publish","4":"has-post-thumbnail","6":"product_cat-studio-it","8":"first","9":"instock","10":"shipping-taxable","11":"purchasable","12":"product-type-simple"},"acf":[],"_links":{"self":[{"href":"https:\/\/store.evolve-fitness.eu\/it\/wp-json\/wp\/v2\/product\/92100","targetHints":{"allow":["GET"]}}],"collection":[{"href":"https:\/\/store.evolve-fitness.eu\/it\/wp-json\/wp\/v2\/product"}],"about":[{"href":"https:\/\/store.evolve-fitness.eu\/it\/wp-json\/wp\/v2\/types\/product"}],"wp:featuredmedia":[{"embeddable":true,"href":"https:\/\/store.evolve-fitness.eu\/it\/wp-json\/wp\/v2\/media\/92124"}],"wp:attachment":[{"href":"https:\/\/store.evolve-fitness.eu\/it\/wp-json\/wp\/v2\/media?parent=92100"}],"wp:term":[{"taxonomy":"product_cat","embeddable":true,"href":"https:\/\/store.evolve-fitness.eu\/it\/wp-json\/wp\/v2\/product_cat?post=92100"},{"taxonomy":"product_tag","embeddable":true,"href":"https:\/\/store.evolve-fitness.eu\/it\/wp-json\/wp\/v2\/product_tag?post=92100"}],"curies":[{"name":"wp","href":"https:\/\/api.w.org\/{rel}","templated":true}]}}