{"id":90266,"date":"2024-07-10T13:58:50","date_gmt":"2024-07-10T13:58:50","guid":{"rendered":"https:\/\/store.evolve-fitness.eu\/?post_type=product&#038;p=90266"},"modified":"2026-04-16T12:00:26","modified_gmt":"2026-04-16T12:00:26","slug":"manubrio-in-vinile-evolve","status":"publish","type":"product","link":"https:\/\/store.evolve-fitness.eu\/it\/prodotto\/manubrio-in-vinile-evolve\/","title":{"rendered":"Manubrio in vinile Evolve"},"content":{"rendered":"\n<p> <mark style=\"background-color:rgba(0, 0, 0, 0);color:#ffffff\" class=\"has-inline-color\">ASD<\/mark><\/p>\n\n<p><\/p>\n\n<section class=\"wp-block-group alignfull black-content has-white-color has-darkgray-background-color has-text-color has-background is-layout-constrained wp-block-group-is-layout-constrained\" style=\"padding-top:var(--wp--preset--spacing--section-bottom);padding-bottom:var(--wp--preset--spacing--section-bottom)\">\n<section class=\"wp-block-group alignfull black-content has-white-color has-darkgray-background-color has-text-color has-background is-layout-constrained wp-block-group-is-layout-constrained\" style=\"padding-top:var(--wp--preset--spacing--section-bottom);padding-bottom:var(--wp--preset--spacing--section-bottom)\">\n<div class=\"wp-block-columns alignwide mobile-reverse is-layout-flex wp-container-core-columns-is-layout-ca64bf2d wp-block-columns-is-layout-flex\" style=\"margin-bottom:var(--wp--preset--spacing--side-padding)\">\n<div class=\"wp-block-column is-vertically-aligned-center is-layout-flow wp-block-column-is-layout-flow\">\n<h3 class=\"wp-block-heading\" style=\"margin-bottom:var(--wp--preset--spacing--h-3-bottom)\"><strong>Qualit\u00e0 commerciale  <\/strong><\/h3>\n\n\n\n<p><em><strong><strong><strong>Per l&#8217;uso quotidiano<\/strong><\/strong><\/strong><\/em><\/p>\n\n\n\n<p>I manubri in vinile Evolve sono progettati per resistere e per essere utilizzati frequentemente. Il robusto rivestimento in vinile non solo assicura una presa confortevole, ma rende anche facile la pulizia. Questo strato protettivo protegge le attrezzature per il fitness dall&#8217;usura, rendendole un&#8217;aggiunta duratura a qualsiasi palestra.<\/p>\n<\/div>\n\n\n\n<div class=\"wp-block-column is-vertically-aligned-center is-layout-flow wp-block-column-is-layout-flow\">\n<figure class=\"wp-block-video\"><video autoplay=\"\" controls=\"\" loop=\"\" muted=\"\" src=\"https:\/\/evolve-fitness.eu\/wp-content\/uploads\/2023\/12\/1-1.mp4\"><\/video><\/figure>\n<\/div>\n<\/div>\n\n\n\n<div class=\"wp-block-columns alignwide is-layout-flex wp-container-core-columns-is-layout-c45ee707 wp-block-columns-is-layout-flex\" style=\"margin-bottom:var(--wp--preset--spacing--side-padding);padding-top:var(--wp--preset--spacing--side-padding)\">\n<div class=\"wp-block-column is-vertically-aligned-center is-layout-flow wp-block-column-is-layout-flow\">\n<figure class=\"wp-block-image size-large\"><img decoding=\"async\" src=\"https:\/\/evolve-fitness.eu\/wp-content\/uploads\/2023\/12\/A7_05379-1024x683.jpg\" alt=\"\" class=\"wp-image-7849\"\/><\/figure>\n<\/div>\n\n\n\n<div class=\"wp-block-column is-vertically-aligned-center is-layout-constrained wp-block-column-is-layout-constrained\">\n<h3 class=\"wp-block-heading\" style=\"margin-bottom:var(--wp--preset--spacing--h-3-bottom)\">Design innovativo dell&#8217;esagono antirollio<\/h3>\n\n\n\n<p><strong><em><strong><em>Sicurezza e convenienza<\/em><\/strong><\/em><\/strong><\/p>\n\n\n\n<p>La sicurezza e la praticit\u00e0 sono in primo piano grazie alle esclusive teste a forma di esagono. Questo design innovativo impedisce ai manubri di rotolare via, garantendo un ambiente di allenamento stabile e sicuro. Sia che siate nel bel mezzo di una sessione intensa o che stiate riponendo i vostri pesi, la funzione antirollio aggiunge un ulteriore livello di sicurezza.<\/p>\n<\/div>\n<\/div>\n\n\n\n<div class=\"wp-block-columns alignwide is-layout-flex wp-container-core-columns-is-layout-c45ee707 wp-block-columns-is-layout-flex\" style=\"margin-bottom:var(--wp--preset--spacing--side-padding);padding-top:var(--wp--preset--spacing--side-padding)\">\n<div class=\"wp-block-column is-vertically-aligned-center is-layout-flow wp-block-column-is-layout-flow\">\n<h3 class=\"wp-block-heading\" style=\"margin-bottom:var(--wp--preset--spacing--h-3-bottom)\">Opzioni di peso versatili  <\/h3>\n\n\n\n<p><strong><em><strong><em>Per ogni livello di fitness<\/em><\/strong><\/em><\/strong><\/p>\n\n\n\n<p>Con pesi che vanno da 1 kg a 5 kg, i manubri in vinile Evolve soddisfano tutti i livelli di fitness. I principianti possono iniziare con pesi pi\u00f9 leggeri, mentre gli utenti pi\u00f9 esperti possono sfidare se stessi con opzioni pi\u00f9 pesanti. La variet\u00e0 consente un allenamento completamente personalizzabile, adattabile al vostro percorso di fitness in continua evoluzione.<\/p>\n<\/div>\n\n\n\n<div class=\"wp-block-column is-vertically-aligned-center is-layout-flow wp-block-column-is-layout-flow\">\n<div class=\"wp-block-columns is-layout-flex wp-container-core-columns-is-layout-9d6595d7 wp-block-columns-is-layout-flex\">\n<div class=\"wp-block-column is-layout-flow wp-block-column-is-layout-flow\">\n<figure class=\"wp-block-video\"><video autoplay=\"\" controls=\"\" loop=\"\" muted=\"\" src=\"https:\/\/evolve-fitness.eu\/wp-content\/uploads\/2023\/12\/2-1.mp4\"><\/video><\/figure>\n<\/div>\n<\/div>\n<\/div>\n<\/div>\n\n\n\n<div class=\"wp-block-columns alignwide is-layout-flex wp-container-core-columns-is-layout-c45ee707 wp-block-columns-is-layout-flex\" style=\"margin-bottom:var(--wp--preset--spacing--side-padding);padding-top:var(--wp--preset--spacing--side-padding)\">\n<div class=\"wp-block-column is-vertically-aligned-center is-layout-flow wp-block-column-is-layout-flow\">\n<div class=\"wp-block-columns is-layout-flex wp-container-core-columns-is-layout-9d6595d7 wp-block-columns-is-layout-flex\">\n<div class=\"wp-block-column is-layout-flow wp-block-column-is-layout-flow\">\n<figure class=\"wp-block-image size-full is-resized is-style-rounded\"><img decoding=\"async\" src=\"https:\/\/evolve-fitness.eu\/wp-content\/uploads\/2023\/11\/Vinyl-Dumbbells.webp\" alt=\"\" class=\"wp-image-7856\" style=\"object-fit:cover;width:680px;height:600px\"\/><\/figure>\n<\/div>\n<\/div>\n<\/div>\n\n\n\n<div class=\"wp-block-column is-vertically-aligned-center is-layout-flow wp-block-column-is-layout-flow\">\n<h3 class=\"wp-block-heading\" style=\"margin-bottom:var(--wp--preset--spacing--h-3-bottom)\">Perch\u00e9 scegliere i manubri in vinile Evolve?<\/h3>\n\n\n\n<ul class=\"wp-block-list\">\n<li><strong>Rivestimento in vinile resistente<\/strong>: Assicura una lunga durata e una presa confortevole.<\/li>\n\n\n\n<li><strong>Design antiribaltamento<\/strong>: Aumenta la sicurezza e la comodit\u00e0 durante gli allenamenti.<\/li>\n\n\n\n<li><strong>Di qualit\u00e0 commerciale<\/strong>: \u00e8 adatto sia per la casa che per le palestre professionali.<\/li>\n\n\n\n<li><strong>Opzioni di peso multiple<\/strong>: Si adatta a tutti i livelli di appassionati di fitness.<\/li>\n\n\n\n<li><strong>Facile da pulire<\/strong>: Bassa manutenzione e igiene.<\/li>\n<\/ul>\n<\/div>\n<\/div>\n\n\n\n<h5 class=\"wp-block-heading has-text-align-center\">Sfoglia la nostra selezione e trova il tuo paio di manubri in vinile Evolve perfetto oggi stesso!<\/h5>\n<\/section>\n<\/section>\n","protected":false},"excerpt":{"rendered":"<p>I manubri in vinile Evolve 2 x 1-5 kg sono la scelta perfetta per chi vuole migliorare la propria routine di fitness con un&#8217;attrezzatura affidabile, sicura e versatile. Provate la differenza nei vostri allenamenti con questi manubri di alta gamma. Acquista ora e fai il primo passo verso un regime di esercizi pi\u00f9 efficace e piacevole.  <\/p>\n<p>\n","protected":false},"featured_media":92074,"template":"","meta":{"_acf_changed":false,"inline_featured_image":false},"product_cat":[1315,534],"product_tag":[],"class_list":{"0":"post-90266","1":"product","2":"type-product","3":"status-publish","4":"has-post-thumbnail","6":"product_cat-manubri","7":"product_cat-studio-it","9":"first","10":"instock","11":"shipping-taxable","12":"purchasable","13":"product-type-variable"},"acf":[],"_links":{"self":[{"href":"https:\/\/store.evolve-fitness.eu\/it\/wp-json\/wp\/v2\/product\/90266","targetHints":{"allow":["GET"]}}],"collection":[{"href":"https:\/\/store.evolve-fitness.eu\/it\/wp-json\/wp\/v2\/product"}],"about":[{"href":"https:\/\/store.evolve-fitness.eu\/it\/wp-json\/wp\/v2\/types\/product"}],"wp:featuredmedia":[{"embeddable":true,"href":"https:\/\/store.evolve-fitness.eu\/it\/wp-json\/wp\/v2\/media\/92074"}],"wp:attachment":[{"href":"https:\/\/store.evolve-fitness.eu\/it\/wp-json\/wp\/v2\/media?parent=90266"}],"wp:term":[{"taxonomy":"product_cat","embeddable":true,"href":"https:\/\/store.evolve-fitness.eu\/it\/wp-json\/wp\/v2\/product_cat?post=90266"},{"taxonomy":"product_tag","embeddable":true,"href":"https:\/\/store.evolve-fitness.eu\/it\/wp-json\/wp\/v2\/product_tag?post=90266"}],"curies":[{"name":"wp","href":"https:\/\/api.w.org\/{rel}","templated":true}]}}