{"id":59763,"date":"2024-02-23T07:55:58","date_gmt":"2024-02-23T07:55:58","guid":{"rendered":"https:\/\/store.evolve-fitness.eu\/product\/set-di-manubri-evolve-in-tpu-uretano-125-45-kg\/"},"modified":"2025-01-27T07:51:12","modified_gmt":"2025-01-27T07:51:12","slug":"set-di-manubri-evolve-in-tpu-uretano-125-45-kg","status":"publish","type":"product","link":"https:\/\/store.evolve-fitness.eu\/it\/prodotto\/set-di-manubri-evolve-in-tpu-uretano-125-45-kg\/","title":{"rendered":"Set di manubri Evolve in TPU Uretano 12,5 &#8211; 45 kg"},"content":{"rendered":"\n<section class=\"wp-block-group alignfull black-content has-white-color has-darkgray-background-color has-text-color has-background is-layout-constrained wp-block-group-is-layout-constrained\" style=\"padding-top:var(--wp--preset--spacing--section-bottom);padding-bottom:var(--wp--preset--spacing--section-bottom)\">\n<div class=\"wp-block-columns alignwide mobile-reverse is-layout-flex wp-container-core-columns-is-layout-ca64bf2d wp-block-columns-is-layout-flex\" style=\"margin-bottom:var(--wp--preset--spacing--side-padding)\">\n<div class=\"wp-block-column is-vertically-aligned-center is-layout-flow wp-block-column-is-layout-flow\">\n<h3 class=\"wp-block-heading\" style=\"margin-bottom:var(--wp--preset--spacing--h-3-bottom)\"><strong>Perch\u00e9 l&#8217;uretano \u00e8 il migliore<\/strong><\/h3>\n\n\n\n<p><em><strong>La scelta affidabile per i proprietari di palestre<\/strong><\/em><\/p>\n\n\n\n<p style=\"margin-bottom:var(--wp--preset--spacing--tb-section-padding)\">Se siete alla ricerca di un&#8217;attrezzatura affidabile e duratura, i manubri Evolve in uretano sono la soluzione ideale. Realizzati in materiale uretanico di prima qualit\u00e0, questi manubri vantano una durata impareggiabile, che li rende ideali per le esigenze delle palestre commerciali. Dite addio alla preoccupazione di graffi, scheggiature o scrostature: questi manubri mantengono il loro aspetto immacolato per anni, offrendo un&#8217;opzione economica che elimina la necessit\u00e0 di frequenti sostituzioni.<\/p>\n<\/div>\n\n\n\n<div class=\"wp-block-column is-vertically-aligned-center is-layout-flow wp-block-column-is-layout-flow\">\n<figure class=\"wp-block-image alignright size-full is-style-rounded\"><img decoding=\"async\" src=\"https:\/\/evolve-fitness.eu\/wp-content\/uploads\/2023\/08\/8k-Render.png\" alt=\"\" class=\"wp-image-762\"\/><\/figure>\n<\/div>\n<\/div>\n\n\n\n<div class=\"wp-block-columns alignwide is-layout-flex wp-container-core-columns-is-layout-c45ee707 wp-block-columns-is-layout-flex\" style=\"margin-bottom:var(--wp--preset--spacing--side-padding);padding-top:var(--wp--preset--spacing--side-padding)\">\n<div class=\"wp-block-column is-vertically-aligned-center is-layout-flow wp-block-column-is-layout-flow\">\n<figure class=\"wp-block-video\"><video autoplay=\"\" controls=\"\" loop=\"\" muted=\"\" src=\"https:\/\/evolve-fitness.eu\/wp-content\/uploads\/2023\/08\/tvarkyta.mp4\"><\/video><\/figure>\n<\/div>\n\n\n\n<div class=\"wp-block-column is-vertically-aligned-center is-layout-constrained wp-block-column-is-layout-constrained\">\n<h3 class=\"wp-block-heading\" style=\"margin-bottom:var(--wp--preset--spacing--h-3-bottom)\">Personalizzabile ed elegante<\/h3>\n\n\n\n<p><strong><em><strong><em>Elevare il marchio della vostra palestra<\/em><\/strong><\/em><\/strong><\/p>\n\n\n\n<p style=\"margin-bottom:var(--wp--preset--spacing--tb-section-padding)\">Oltre all&#8217;eccezionale durata, i manubri Evolve Urethane offrono opzioni di personalizzazione per elevare il marchio e l&#8217;estetica della vostra palestra. Aggiungete il vostro logo e scegliete colori personalizzati per creare un&#8217;esperienza di allenamento unica, distinguendo la vostra palestra dalla concorrenza e lasciando un&#8217;impressione duratura sui vostri soci.<\/p>\n<\/div>\n<\/div>\n\n\n\n<div class=\"wp-block-columns alignwide is-layout-flex wp-container-core-columns-is-layout-c45ee707 wp-block-columns-is-layout-flex\" style=\"margin-bottom:var(--wp--preset--spacing--side-padding);padding-top:var(--wp--preset--spacing--side-padding)\">\n<div class=\"wp-block-column is-vertically-aligned-center is-layout-flow wp-block-column-is-layout-flow\">\n<h3 class=\"wp-block-heading\" style=\"margin-bottom:var(--wp--preset--spacing--h-3-bottom)\">Loghi tagliati al laser e impregnati di uretano<\/h3>\n\n\n\n<p><strong><em>Elevare l&#8217;estetica senza compromettere le prestazioni<\/em><\/strong><\/p>\n\n\n\n<p style=\"margin-bottom:var(--wp--preset--spacing--tb-section-padding)\">Con loghi tagliati al laser e indicazioni di peso in uretano resistente, i manubri Evolve Urethane vantano un design elegante e funzionale. Grazie a queste indicazioni di facile lettura, \u00e8 possibile passare da un peso all&#8217;altro durante l&#8217;allenamento, assicurando un&#8217;esperienza di allenamento senza problemi ai vostri stimati membri della palestra.<\/p>\n<\/div>\n\n\n\n<div class=\"wp-block-column is-vertically-aligned-center is-layout-flow wp-block-column-is-layout-flow\">\n<div class=\"wp-block-columns is-layout-flex wp-container-core-columns-is-layout-9d6595d7 wp-block-columns-is-layout-flex\">\n<div class=\"wp-block-column is-layout-flow wp-block-column-is-layout-flow\">\n<figure class=\"wp-block-image size-large is-style-rounded\"><img decoding=\"async\" src=\"https:\/\/evolve-fitness.eu\/wp-content\/uploads\/2023\/08\/PXL_20230804_081843655.MP_-795x1024.jpg\" alt=\"\" class=\"wp-image-771\"\/><\/figure>\n<\/div>\n<\/div>\n<\/div>\n<\/div>\n\n\n\n<div class=\"wp-block-columns alignwide is-layout-flex wp-container-core-columns-is-layout-c45ee707 wp-block-columns-is-layout-flex\" style=\"margin-bottom:var(--wp--preset--spacing--side-padding);padding-top:var(--wp--preset--spacing--side-padding)\">\n<div class=\"wp-block-column is-vertically-aligned-center is-layout-flow wp-block-column-is-layout-flow\">\n<figure class=\"wp-block-image size-large\"><img loading=\"lazy\" decoding=\"async\" width=\"1024\" height=\"683\" src=\"https:\/\/store.evolve-fitness.eu\/wp-content\/uploads\/2024\/01\/A7_06107-1024x683.jpg\" alt=\"\" class=\"wp-image-5380\" srcset=\"https:\/\/store.evolve-fitness.eu\/wp-content\/uploads\/2024\/01\/A7_06107-1024x683.jpg 1024w, https:\/\/store.evolve-fitness.eu\/wp-content\/uploads\/2024\/01\/A7_06107-300x200.jpg 300w, https:\/\/store.evolve-fitness.eu\/wp-content\/uploads\/2024\/01\/A7_06107-768x512.jpg 768w, https:\/\/store.evolve-fitness.eu\/wp-content\/uploads\/2024\/01\/A7_06107-1536x1024.jpg 1536w, https:\/\/store.evolve-fitness.eu\/wp-content\/uploads\/2024\/01\/A7_06107-600x400.jpg 600w, https:\/\/store.evolve-fitness.eu\/wp-content\/uploads\/2024\/01\/A7_06107.jpg 1920w\" sizes=\"auto, (max-width: 1024px) 100vw, 1024px\" \/><\/figure>\n<\/div>\n\n\n\n<div class=\"wp-block-column is-vertically-aligned-center is-layout-flow wp-block-column-is-layout-flow\">\n<h3 class=\"wp-block-heading\" style=\"margin-bottom:var(--wp--preset--spacing--h-3-bottom)\">Maniglie zigrinate cromate dure<\/h3>\n\n\n\n<p><strong><em>Una presa che dura nel tempo<\/em><\/strong><\/p>\n\n\n\n<p>I manubri Evolve in uretano sono dotati di maniglie zigrinate e cromate, che garantiscono una presa sicura e duratura per gli utenti della palestra. La zigrinatura assicura una presa salda anche durante gli esercizi pi\u00f9 impegnativi, mentre la cromatura offre una finitura elegante e una durata eccezionale. Riducendo l&#8217;affaticamento delle mani e dei polsi, i soci possono concentrarsi sull&#8217;ottimizzazione degli allenamenti.<\/p>\n<\/div>\n<\/div>\n\n\n\n<div class=\"wp-block-columns alignwide is-layout-flex wp-container-core-columns-is-layout-c45ee707 wp-block-columns-is-layout-flex\" style=\"margin-bottom:var(--wp--preset--spacing--side-padding);padding-top:var(--wp--preset--spacing--side-padding)\">\n<div class=\"wp-block-column is-vertically-aligned-center is-layout-flow wp-block-column-is-layout-flow\">\n<h3 class=\"wp-block-heading\" style=\"margin-bottom:var(--wp--preset--spacing--h-3-bottom)\">Ampia variet\u00e0 di peso<\/h3>\n\n\n\n<p><strong><em>Adattabile a tutti i livelli di fitness<\/em><\/strong><\/p>\n\n\n\n<p style=\"margin-bottom:var(--wp--preset--spacing--tb-section-padding)\">Da 2 kg a 60 kg, i manubri in uretano Evolve sono adatti a tutti i livelli di fitness, per soddisfare le diverse esigenze di allenamento. Disponibili con incrementi di 2 kg o 2,5 kg, questi manubri offrono aumenti di peso precisi e graduali, garantendo una progressione senza soluzione di continuit\u00e0 nel percorso di fitness dei vostri membri.<\/p>\n<\/div>\n\n\n\n<div class=\"wp-block-column is-vertically-aligned-center is-layout-flow wp-block-column-is-layout-flow\">\n<div class=\"wp-block-columns is-layout-flex wp-container-core-columns-is-layout-9d6595d7 wp-block-columns-is-layout-flex\">\n<div class=\"wp-block-column is-layout-flow wp-block-column-is-layout-flow\">\n<figure class=\"wp-block-image size-full is-style-rounded\"><img decoding=\"async\" src=\"https:\/\/evolve-fitness.eu\/wp-content\/uploads\/2023\/08\/TPU-dumbbells-23-2.jpg\" alt=\"\" class=\"wp-image-773\"\/><\/figure>\n<\/div>\n<\/div>\n<\/div>\n<\/div>\n\n\n\n<div class=\"wp-block-columns alignwide is-layout-flex wp-container-core-columns-is-layout-c45ee707 wp-block-columns-is-layout-flex\" style=\"margin-bottom:var(--wp--preset--spacing--side-padding);padding-top:var(--wp--preset--spacing--side-padding)\">\n<div class=\"wp-block-column is-vertically-aligned-center is-layout-flow wp-block-column-is-layout-flow\">\n<figure class=\"wp-block-video\"><video autoplay=\"\" controls=\"\" loop=\"\" muted=\"\" src=\"https:\/\/evolve-fitness.eu\/wp-content\/uploads\/2023\/12\/1-7.mp4\"><\/video><\/figure>\n<\/div>\n\n\n\n<div class=\"wp-block-column is-vertically-aligned-center is-layout-flow wp-block-column-is-layout-flow\">\n<h3 class=\"wp-block-heading\" style=\"margin-bottom:var(--wp--preset--spacing--h-3-bottom)\">Precisione-fusione<\/h3>\n\n\n\n<p><strong><em>Prestazioni costanti<\/em><\/strong><\/p>\n\n\n\n<p>Noi di Evolve diamo priorit\u00e0 alla fusione di precisione per garantire un peso uniforme e prestazioni costanti per ogni manubrio. A differenza dei manubri standard che presentano incongruenze di peso, i manubri Evolve sono realizzati meticolosamente secondo le specifiche esatte, garantendo un peso e una sensazione costanti per una maggiore precisione nell&#8217;allenamento.<\/p>\n<\/div>\n<\/div>\n\n\n\n<div class=\"wp-block-columns alignwide is-layout-flex wp-container-core-columns-is-layout-c45ee707 wp-block-columns-is-layout-flex\" style=\"margin-bottom:var(--wp--preset--spacing--side-padding);padding-top:var(--wp--preset--spacing--side-padding)\">\n<div class=\"wp-block-column is-vertically-aligned-center is-layout-flow wp-block-column-is-layout-flow\">\n<h3 class=\"wp-block-heading\" style=\"margin-bottom:var(--wp--preset--spacing--h-3-bottom)\">La sicurezza prima di tutto<\/h3>\n\n\n\n<p><strong><em>Un&#8217;esperienza di allenamento affidabile e sicura<\/em><\/strong><\/p>\n\n\n\n<p style=\"margin-bottom:var(--wp--preset--spacing--tb-section-padding)\">La sicurezza dei frequentatori delle palestre \u00e8 della massima importanza e i manubri Evolve Urethane garantiscono la massima tranquillit\u00e0. Realizzati in materiale uretanico di alta qualit\u00e0, atossico e inodore, questi manubri garantiscono un ambiente di allenamento sicuro e sano. La loro struttura robusta riduce al minimo il rischio di rotture o scheggiature, riducendo la probabilit\u00e0 di lesioni durante le sessioni di allenamento pi\u00f9 intense.<\/p>\n<\/div>\n\n\n\n<div class=\"wp-block-column is-vertically-aligned-center is-layout-flow wp-block-column-is-layout-flow\">\n<div class=\"wp-block-columns is-layout-flex wp-container-core-columns-is-layout-9d6595d7 wp-block-columns-is-layout-flex\">\n<div class=\"wp-block-column is-layout-flow wp-block-column-is-layout-flow\">\n<figure class=\"wp-block-image size-full is-style-rounded\"><img decoding=\"async\" src=\"https:\/\/evolve-fitness.eu\/wp-content\/uploads\/2023\/08\/TPU-dumbbells-17-1.jpg\" alt=\"\" class=\"wp-image-744\"\/><\/figure>\n<\/div>\n<\/div>\n<\/div>\n<\/div>\n\n\n\n<div class=\"wp-block-columns alignwide is-layout-flex wp-container-core-columns-is-layout-c45ee707 wp-block-columns-is-layout-flex\" style=\"margin-bottom:var(--wp--preset--spacing--side-padding);padding-top:var(--wp--preset--spacing--side-padding)\">\n<div class=\"wp-block-column is-vertically-aligned-center is-layout-flow wp-block-column-is-layout-flow\">\n<figure class=\"wp-block-image size-large\"><img decoding=\"async\" src=\"https:\/\/evolve-fitness.eu\/wp-content\/uploads\/2023\/08\/Dumbell-Handle-Dimenions-1-1024x703.jpg\" alt=\"EV-DS-TP-12,5-35\" class=\"wp-image-10507\"\/><\/figure>\n<\/div>\n\n\n\n<div class=\"wp-block-column is-vertically-aligned-center is-layout-flow wp-block-column-is-layout-flow\">\n<h3 class=\"wp-block-heading\" style=\"margin-bottom:var(--wp--preset--spacing--h-3-bottom)\">Precisione-fusione<\/h3>\n\n\n\n<p><strong><em>Prestazioni costanti<\/em><\/strong><\/p>\n\n\n\n<p>Noi di Evolve diamo priorit\u00e0 alla fusione di precisione per garantire un peso uniforme e prestazioni costanti per ogni manubrio. A differenza dei manubri standard che presentano incongruenze di peso, i manubri Evolve sono realizzati meticolosamente secondo le specifiche esatte, garantendo un peso e una sensazione costanti per una maggiore precisione nell&#8217;allenamento. Il set di manubri Evolve TPU Urethane, che va da 2 kg a 60 kg, \u00e8 caratterizzato da materiale TPU di alta qualit\u00e0 per una maggiore durata e da maniglie zigrinate cromate dure di 146 mm, per una presa sicura. Offre opzioni di personalizzazione, tra cui loghi e colori tagliati al laser per il branding della palestra. Progettati per garantire prestazioni costanti e sicurezza, questi manubri sono adatti a tutti i livelli di fitness e sono ideali sia per gli allenamenti commerciali che per quelli domestici.<\/p>\n<\/div>\n<\/div>\n\n\n\n<div class=\"wp-block-columns alignwide is-layout-flex wp-container-core-columns-is-layout-c45ee707 wp-block-columns-is-layout-flex\" style=\"margin-bottom:var(--wp--preset--spacing--side-padding);padding-top:var(--wp--preset--spacing--side-padding)\">\n<div class=\"wp-block-column is-vertically-aligned-center is-layout-flow wp-block-column-is-layout-flow\">\n<div class=\"wp-block-columns is-layout-flex wp-container-core-columns-is-layout-9d6595d7 wp-block-columns-is-layout-flex\">\n<div class=\"wp-block-column is-layout-flow wp-block-column-is-layout-flow\"><\/div>\n<\/div>\n<\/div>\n<\/div>\n<\/section>\n","protected":false},"excerpt":{"rendered":"<p>Sperimentate l&#8217;apice della forza e della longevit\u00e0 con i manubri Evolve TPU, sapientemente realizzati in materiale TPU di alta qualit\u00e0. Questi manubri vantano una durata impareggiabile, che li rende una scelta affidabile per prestazioni durature. Ideali sia per le palestre commerciali che per gli allenamenti a casa, i manubri Evolve in TPU offrono una presa sicura e confortevole, garantendo un&#8217;esperienza di fitness sicura ed efficiente. Grazie al design elegante e alla calibrazione precisa, questi manubri si rivolgono agli appassionati di fitness di tutti i livelli, offrendo una vasta gamma di opzioni di peso. Elevate la vostra routine di allenamento della forza con gli eccezionali manubri in TPU di Evolve, la scelta definitiva per prestazioni durature e progressi continui. Set di manubri Evolve TPU Urethande &#8211; 2 x 12,5 kg, 15 kg, 17,5 kg, 20 kg, 22,5 kg, 25 kg, 37,5 kg, 40 kg, 42,5 kg, 45 kg.<\/p>\n","protected":false},"featured_media":93574,"template":"","meta":{"_acf_changed":false,"inline_featured_image":false},"product_cat":[528,985,1315],"product_tag":[],"class_list":{"0":"post-59763","1":"product","2":"type-product","3":"status-publish","4":"has-post-thumbnail","6":"product_cat-pagina-iniziale","7":"product_cat-pesi-liberi","8":"product_cat-manubri","10":"first","11":"instock","12":"shipping-taxable","13":"purchasable","14":"product-type-simple"},"acf":[],"_links":{"self":[{"href":"https:\/\/store.evolve-fitness.eu\/it\/wp-json\/wp\/v2\/product\/59763","targetHints":{"allow":["GET"]}}],"collection":[{"href":"https:\/\/store.evolve-fitness.eu\/it\/wp-json\/wp\/v2\/product"}],"about":[{"href":"https:\/\/store.evolve-fitness.eu\/it\/wp-json\/wp\/v2\/types\/product"}],"wp:featuredmedia":[{"embeddable":true,"href":"https:\/\/store.evolve-fitness.eu\/it\/wp-json\/wp\/v2\/media\/93574"}],"wp:attachment":[{"href":"https:\/\/store.evolve-fitness.eu\/it\/wp-json\/wp\/v2\/media?parent=59763"}],"wp:term":[{"taxonomy":"product_cat","embeddable":true,"href":"https:\/\/store.evolve-fitness.eu\/it\/wp-json\/wp\/v2\/product_cat?post=59763"},{"taxonomy":"product_tag","embeddable":true,"href":"https:\/\/store.evolve-fitness.eu\/it\/wp-json\/wp\/v2\/product_tag?post=59763"}],"curies":[{"name":"wp","href":"https:\/\/api.w.org\/{rel}","templated":true}]}}