{"id":58703,"date":"2024-02-01T07:11:11","date_gmt":"2024-02-01T07:11:11","guid":{"rendered":"https:\/\/store.evolve-fitness.eu\/product\/serie-evolve-ultra-abduttore-dellanca-in-piedi-con-carico-su-piastra\/"},"modified":"2024-05-24T11:49:30","modified_gmt":"2024-05-24T11:49:30","slug":"serie-evolve-ultra-abduttore-dellanca-in-piedi-con-carico-su-piastra","status":"publish","type":"product","link":"https:\/\/store.evolve-fitness.eu\/it\/prodotto\/serie-evolve-ultra-abduttore-dellanca-in-piedi-con-carico-su-piastra\/","title":{"rendered":"Abduttore per l&#8217;anca in piedi con piastra della serie Evolve Ultra"},"content":{"rendered":"\n<p> <\/p>\n\n<section class=\"wp-block-group alignfull black-content has-white-color has-darkgray-background-color has-text-color has-background is-layout-constrained wp-block-group-is-layout-constrained\" style=\"padding-top:var(--wp--preset--spacing--section-bottom);padding-bottom:var(--wp--preset--spacing--section-bottom)\">\n<h3 class=\"wp-block-heading has-text-align-center\" style=\"padding-top:var(--wp--preset--spacing--section-title-bottom);padding-bottom:var(--wp--preset--spacing--section-title-bottom)\"><strong><strong><strong>EVOLVE PIASTRA CARICATA SERIE ULTRA<\/strong><\/strong><\/strong><\/h3>\n\n\n\n<section class=\"wp-block-group alignfull black-content has-white-color has-darkgray-background-color has-text-color has-background is-layout-constrained wp-block-group-is-layout-constrained\" style=\"margin-bottom:0;padding-top:var(--wp--preset--spacing--tb-padding);padding-bottom:var(--wp--preset--spacing--tb-padding)\">\n<div class=\"wp-block-columns alignwide mobile-reverse is-layout-flex wp-container-core-columns-is-layout-035fa626 wp-block-columns-is-layout-flex\" style=\"margin-bottom:var(--wp--preset--spacing--side-padding);padding-top:var(--wp--preset--spacing--tb-padding);padding-bottom:var(--wp--preset--spacing--tb-padding)\">\n<div class=\"wp-block-column is-vertically-aligned-center is-layout-flow wp-block-column-is-layout-flow\">\n<figure class=\"wp-block-image size-full is-resized is-style-rounded\"><img decoding=\"async\" src=\"https:\/\/evolve-fitness.eu\/wp-content\/uploads\/2023\/11\/EV-PL-UL-440-Recovered.png\" alt=\"\" class=\"wp-image-6140\" style=\"object-fit:cover;width:680px;height:600px\"\/><\/figure>\n<\/div>\n\n\n\n<div class=\"wp-block-column is-vertically-aligned-center is-layout-flow wp-block-column-is-layout-flow\">\n<h3 class=\"wp-block-heading\" style=\"margin-bottom:var(--wp--preset--spacing--h-3-bottom)\"><strong><strong><strong><strong><strong><strong><strong><strong>Durata senza compromessi<\/strong><\/strong><\/strong><\/strong><\/strong><\/strong><\/strong><\/strong><\/h3>\n\n\n\n<p><strong><em><strong><strong><strong><strong><strong>Bulloni e dadi in acciaio inox<\/strong><\/strong><\/strong><\/strong><\/strong><\/em><\/strong><\/p>\n\n\n\n<p>Ogni dettaglio \u00e8 importante nella Serie Ultra. Ecco perch\u00e9 tutti i bulloni e i dadi sono realizzati in <strong>acciaio inossidabile<\/strong> per garantire una durata e una resistenza senza compromessi.<\/p>\n<\/div>\n<\/div>\n\n\n\n<div class=\"wp-block-columns alignwide mobile-reverse is-layout-flex wp-container-core-columns-is-layout-7a02faa9 wp-block-columns-is-layout-flex\" style=\"margin-bottom:var(--wp--preset--spacing--tb-section-padding)\">\n<div class=\"wp-block-column is-vertically-aligned-center is-layout-flow wp-block-column-is-layout-flow\">\n<h3 class=\"wp-block-heading\" style=\"margin-bottom:var(--wp--preset--spacing--h-3-bottom)\"><strong><strong><strong><strong><strong><strong><strong><strong>Prestazioni durature<\/strong><\/strong><\/strong><\/strong><\/strong><\/strong><\/strong><\/strong><\/h3>\n\n\n\n<p><strong><em><strong><strong><strong><strong><strong>Pelle PU di qualit\u00e0 superiore, per impieghi gravosi<\/strong><\/strong><\/strong><\/strong><\/strong><\/em><\/strong><\/p>\n\n\n\n<p style=\"margin-bottom:var(--wp--preset--spacing--tb-section-padding)\">Sperimentate un comfort e delle prestazioni eccezionali con i nostri rivestimenti in <strong>pelle PU di qualit\u00e0 superiore e per impieghi gravosi<\/strong>. Combina la durata con l&#8217;estetica, offrendo il meglio del lusso del fitness.<\/p>\n<\/div>\n\n\n\n<div class=\"wp-block-column is-vertically-aligned-center is-layout-flow wp-block-column-is-layout-flow\">\n<figure class=\"wp-block-image size-full is-resized is-style-rounded\"><img decoding=\"async\" src=\"https:\/\/evolve-fitness.eu\/wp-content\/uploads\/2023\/11\/EV-PL-UL-440-Recovered-edited.png\" alt=\"\" class=\"wp-image-6142\" style=\"object-fit:cover;width:680px;height:600px\"\/><\/figure>\n<\/div>\n<\/div>\n\n\n\n<div class=\"wp-block-columns alignwide mobile-reverse is-layout-flex wp-container-core-columns-is-layout-7a02faa9 wp-block-columns-is-layout-flex\" style=\"margin-bottom:var(--wp--preset--spacing--tb-section-padding)\">\n<div class=\"wp-block-column is-vertically-aligned-center is-layout-flow wp-block-column-is-layout-flow\">\n<figure class=\"wp-block-image alignleft size-full is-resized is-style-rounded\"><img decoding=\"async\" src=\"https:\/\/evolve-fitness.eu\/wp-content\/uploads\/2023\/11\/EV-PL-UL-440-Recovered-edited-1.png\" alt=\"\" class=\"wp-image-6144\" style=\"aspect-ratio:1.1333333333333333;object-fit:cover;width:665px;height:auto\"\/><\/figure>\n<\/div>\n\n\n\n<div class=\"wp-block-column is-vertically-aligned-center is-layout-flow wp-block-column-is-layout-flow\">\n<h3 class=\"wp-block-heading\" style=\"margin-bottom:var(--wp--preset--spacing--h-3-bottom)\"><strong><strong><strong><strong><strong><strong><strong>Protezioni per pavimenti durevoli<\/strong><\/strong><\/strong><\/strong><\/strong><\/strong><\/strong><\/h3>\n\n\n\n<p><strong><em><strong><strong><strong><strong>Conservare la pavimentazione della palestra<\/strong><\/strong><\/strong><\/strong><\/em><\/strong><\/p>\n\n\n\n<p style=\"margin-bottom:var(--wp--preset--spacing--tb-section-padding)\">Le nostre attrezzature sono dotate di <strong>protezioni durevoli per il pavimento<\/strong> che proteggono la palestra da danni e graffi, anche durante gli allenamenti pi\u00f9 intensi.<\/p>\n\n\n\n<h3 class=\"wp-block-heading\" style=\"margin-bottom:var(--wp--preset--spacing--h-3-bottom)\"><strong><strong><strong><strong><strong><strong><strong><strong><strong>Finitura duratura<\/strong><\/strong><\/strong><\/strong><\/strong><\/strong><\/strong><\/strong><\/strong><\/h3>\n\n\n\n<p><strong><em><strong><strong><strong><strong><strong><strong>Tecnologia di spruzzatura elettrostatica di polveri termoindurenti<\/strong><\/strong><\/strong><\/strong><\/strong><\/strong><\/em><\/strong><\/p>\n\n\n\n<p>Le nostre macchine sono dotate di una <strong>tecnologia di spruzzatura elettrostatica di polveri termoindurenti<\/strong> che garantisce una finitura duratura. Questo rivestimento avanzato mantiene l&#8217;estetica dell&#8217;apparecchiatura nel tempo.<\/p>\n<\/div>\n<\/div>\n<\/section>\n<\/section>\n","protected":false},"excerpt":{"rendered":"<p>L&#8217;adduttore per l&#8217;anca in piedi con carico su piastra UL-440 di Evolve Ultra Series \u00e8 un paradigma di forza ed eleganza nelle attrezzature da palestra. Realizzato con bulloni e dadi in acciaio inox, promette una resistenza e una longevit\u00e0 senza pari. Il rivestimento in pelle PU per impieghi gravosi non \u00e8 solo una questione di comfort, ma anche una testimonianza di prestazioni durature e di fascino visivo. Questa macchina \u00e8 progettata per proteggere la pavimentazione della palestra grazie a robuste protezioni per il pavimento, che garantiscono l&#8217;assenza di danni o graffi anche negli allenamenti ad alta intensit\u00e0. L&#8217;estetica dell&#8217;apparecchiatura si conserva nel tempo grazie alla tecnologia di spruzzatura elettrostatica di polveri termoindurenti, che garantisce una finitura duratura. Grazie alla garanzia di 2 anni, alla possibilit\u00e0 di personalizzare i colori del telaio e del rivestimento e alla sua struttura di qualit\u00e0 superiore, UL-440 \u00e8 un investimento in termini di funzionalit\u00e0 e stile per qualsiasi ambiente fitness.<\/p>\n","protected":false},"featured_media":63477,"template":"","meta":{"_acf_changed":false,"inline_featured_image":false},"product_cat":[528,796,798],"product_tag":[],"class_list":{"0":"post-58703","1":"product","2":"type-product","3":"status-publish","4":"has-post-thumbnail","6":"product_cat-pagina-iniziale","7":"product_cat-macchine-a-piastre","8":"product_cat-serie-ultra-con-carico-a-piastra","10":"first","11":"instock","12":"shipping-taxable","13":"purchasable","14":"product-type-simple"},"acf":[],"_links":{"self":[{"href":"https:\/\/store.evolve-fitness.eu\/it\/wp-json\/wp\/v2\/product\/58703","targetHints":{"allow":["GET"]}}],"collection":[{"href":"https:\/\/store.evolve-fitness.eu\/it\/wp-json\/wp\/v2\/product"}],"about":[{"href":"https:\/\/store.evolve-fitness.eu\/it\/wp-json\/wp\/v2\/types\/product"}],"wp:featuredmedia":[{"embeddable":true,"href":"https:\/\/store.evolve-fitness.eu\/it\/wp-json\/wp\/v2\/media\/63477"}],"wp:attachment":[{"href":"https:\/\/store.evolve-fitness.eu\/it\/wp-json\/wp\/v2\/media?parent=58703"}],"wp:term":[{"taxonomy":"product_cat","embeddable":true,"href":"https:\/\/store.evolve-fitness.eu\/it\/wp-json\/wp\/v2\/product_cat?post=58703"},{"taxonomy":"product_tag","embeddable":true,"href":"https:\/\/store.evolve-fitness.eu\/it\/wp-json\/wp\/v2\/product_tag?post=58703"}],"curies":[{"name":"wp","href":"https:\/\/api.w.org\/{rel}","templated":true}]}}