{"id":58540,"date":"2024-02-01T07:30:55","date_gmt":"2024-02-01T07:30:55","guid":{"rendered":"https:\/\/store.evolve-fitness.eu\/product\/panca-regolabile-serie-evolve-econ-2\/"},"modified":"2026-04-16T12:00:19","modified_gmt":"2026-04-16T12:00:19","slug":"panca-regolabile-serie-evolve-econ-2","status":"publish","type":"product","link":"https:\/\/store.evolve-fitness.eu\/it\/prodotto\/panca-regolabile-serie-evolve-econ-2\/","title":{"rendered":"Panca regolabile serie Evolve Econ"},"content":{"rendered":"\n<section class=\"wp-block-group alignfull black-content has-white-color has-darkgray-background-color has-text-color has-background is-layout-constrained wp-block-group-is-layout-constrained\" style=\"padding-top:var(--wp--preset--spacing--section-bottom);padding-bottom:var(--wp--preset--spacing--section-bottom)\">\n<div class=\"wp-block-columns alignwide mobile-reverse is-layout-flex wp-container-core-columns-is-layout-ca64bf2d wp-block-columns-is-layout-flex\" style=\"margin-bottom:var(--wp--preset--spacing--side-padding)\">\n<div class=\"wp-block-column is-vertically-aligned-center is-layout-flow wp-block-column-is-layout-flow\">\n<h3 class=\"wp-block-heading\" style=\"margin-bottom:var(--wp--preset--spacing--h-3-bottom)\">Impostazioni regolabili<\/h3>\n\n\n\n<p><strong><em><strong>Flessibilit\u00e0 per ogni allenamento<\/strong><\/em><\/strong><\/p>\n\n\n\n<p style=\"margin-bottom:var(--wp--preset--spacing--tb-section-padding)\">Questa panca offre molteplici posizioni dello schienale e del sedile, garantendo la versatilit\u00e0 per un&#8217;ampia gamma di esercizi, consentendo agli utenti di mirare efficacemente a gruppi muscolari specifici.<\/p>\n<\/div>\n\n\n\n<div class=\"wp-block-column is-vertically-aligned-center is-layout-flow wp-block-column-is-layout-flow\">\n<figure class=\"wp-block-video\"><video height=\"1200\" style=\"aspect-ratio: 1600 \/ 1200;\" width=\"1600\" autoplay=\"\" controls=\"\" loop=\"\" muted=\"\" src=\"https:\/\/evolve-fitness.eu\/wp-content\/uploads\/2024\/01\/Evolve-Econ-Series-Adjustable-Bench-EC-100-V1.mp4\"><\/video><\/figure>\n<\/div>\n<\/div>\n\n\n\n<div class=\"wp-block-columns alignwide is-layout-flex wp-container-core-columns-is-layout-c45ee707 wp-block-columns-is-layout-flex\" style=\"margin-bottom:var(--wp--preset--spacing--side-padding);padding-top:var(--wp--preset--spacing--side-padding)\">\n<div class=\"wp-block-column is-vertically-aligned-center is-layout-flow wp-block-column-is-layout-flow\">\n<figure class=\"wp-block-image size-large\"><img decoding=\"async\" src=\"https:\/\/evolve-fitness.eu\/wp-content\/uploads\/2024\/01\/Evolve-Econ-Series-Adjustable-Bench-EC-100-C3-1024x683.jpg\" alt=\"\" class=\"wp-image-10822\"\/><\/figure>\n<\/div>\n\n\n\n<div class=\"wp-block-column is-vertically-aligned-center is-layout-flow wp-block-column-is-layout-flow\">\n<h3 class=\"wp-block-heading\" style=\"margin-bottom:var(--wp--preset--spacing--h-3-bottom)\"><strong>Struttura durevole<\/strong><\/h3>\n\n\n\n<p><strong><em> <strong>La stabilit\u00e0 incontra la forza<\/strong><\/em><\/strong><\/p>\n\n\n\n<p>Costruito con materiali robusti, assicura una durata e una stabilit\u00e0 durature, supportando gli utenti durante allenamenti intensi e vari.<\/p>\n<\/div>\n<\/div>\n\n\n\n<div class=\"wp-block-columns alignwide is-layout-flex wp-container-core-columns-is-layout-c45ee707 wp-block-columns-is-layout-flex\" style=\"margin-bottom:var(--wp--preset--spacing--side-padding);padding-top:var(--wp--preset--spacing--side-padding)\">\n<div class=\"wp-block-column is-vertically-aligned-center is-layout-flow wp-block-column-is-layout-flow\">\n<h3 class=\"wp-block-heading\" style=\"margin-bottom:var(--wp--preset--spacing--h-3-bottom)\"><strong>Comfort migliorato<\/strong><\/h3>\n\n\n\n<p><strong><em>Design ergonomico per un supporto ottimale<\/em><\/strong><\/p>\n\n\n\n<p style=\"margin-bottom:var(--wp--preset--spacing--tb-section-padding)\">La panca regolabile Evolve Econ Series \u00e8 un attrezzo versatile progettato per un&#8217;ampia gamma di esercizi, adatto sia alle palestre domestiche che a quelle commerciali. La sua regolabilit\u00e0 consente di eseguire esercizi su panca inclinata, inclinata e piana, rendendola perfetta per gli allenamenti di tutto il corpo. Pu\u00f2 essere utilizzato per l&#8217;allenamento della forza, mirando a muscoli come il petto, le spalle, la schiena e il core, supportando una variet\u00e0 di allenamenti, dalla panca agli esercizi con i manubri, migliorando la forza della parte superiore e inferiore del corpo.<\/p>\n<\/div>\n\n\n\n<div class=\"wp-block-column is-vertically-aligned-center is-layout-flow wp-block-column-is-layout-flow\">\n<figure class=\"wp-block-image size-large\"><img decoding=\"async\" src=\"https:\/\/evolve-fitness.eu\/wp-content\/uploads\/2024\/01\/Evolve-Econ-Series-Adjustable-Bench-EC-100-C2-1024x683.jpg\" alt=\"\" class=\"wp-image-10824\"\/><\/figure>\n<\/div>\n<\/div>\n\n\n\n<div class=\"wp-block-columns alignwide is-layout-flex wp-container-core-columns-is-layout-c45ee707 wp-block-columns-is-layout-flex\" style=\"margin-bottom:var(--wp--preset--spacing--side-padding);padding-top:var(--wp--preset--spacing--side-padding)\">\n<div class=\"wp-block-column is-vertically-aligned-center is-layout-flow wp-block-column-is-layout-flow\">\n<figure class=\"wp-block-image size-large\"><img decoding=\"async\" src=\"https:\/\/evolve-fitness.eu\/wp-content\/uploads\/2024\/01\/Evolve-Econ-Series-Adjustable-Bench-EC-100-C5-1024x683.jpg\" alt=\"\" class=\"wp-image-10826\"\/><\/figure>\n<\/div>\n\n\n\n<div class=\"wp-block-column is-vertically-aligned-center is-layout-flow wp-block-column-is-layout-flow\">\n<h3 class=\"wp-block-heading\" style=\"margin-bottom:var(--wp--preset--spacing--h-3-bottom)\"><strong><strong><strong><strong>Manutenzione semplice<\/strong><\/strong><\/strong><\/strong><\/h3>\n\n\n\n<p><strong><em><strong><strong>Semplicit\u00e0 e facilit\u00e0<\/strong><\/strong><\/em><\/strong><\/p>\n\n\n\n<p>La panca regolabile della serie Evolve Econ \u00e8 dotata di un meccanismo di regolazione a rotelle, progettato per passare agevolmente da un angolo all&#8217;altro e da una posizione all&#8217;altra. Ci\u00f2 consente agli utenti di passare rapidamente dall&#8217;impostazione piana a quella inclinata o declinata, permettendo di eseguire una vasta gamma di esercizi per colpire diversi gruppi muscolari in modo efficace ed efficiente. I materiali e il design della panchina facilitano la pulizia e la manutenzione, assicurando che rimanga in ottime condizioni nel tempo.<\/p>\n<\/div>\n<\/div>\n\n\n\n<div class=\"wp-block-columns alignwide is-layout-flex wp-container-core-columns-is-layout-c45ee707 wp-block-columns-is-layout-flex\" style=\"margin-bottom:var(--wp--preset--spacing--side-padding);padding-top:var(--wp--preset--spacing--side-padding)\">\n<div class=\"wp-block-column is-vertically-aligned-center is-layout-flow wp-block-column-is-layout-flow\">\n<h3 class=\"wp-block-heading\" style=\"margin-bottom:var(--wp--preset--spacing--h-3-bottom)\"><strong><strong><strong><strong>Funzione di risparmio di spazio<\/strong><\/strong><\/strong><\/strong><\/h3>\n\n\n\n<p><strong><em><strong>Ideale per spazi limitati<\/strong><\/em><\/strong><\/p>\n\n\n\n<p>La panca regolabile della serie Evolve Econ \u00e8 dotata di ruote per il trasporto, che ne migliorano la portabilit\u00e0 e la comodit\u00e0. Le ruote facilitano lo spostamento della panca nello spazio di allenamento, consentendo di riposizionare o riporre la panca in base alle esigenze, senza dover sollevare grossi carichi o compiere sforzi fisici significativi. Questa caratteristica \u00e8 particolarmente utile negli spazi multiuso o nelle palestre domestiche, dove le attrezzature devono essere spostate di frequente per adattarsi alle diverse attivit\u00e0 o per liberare spazio. Il suo design consente una facile regolazione e conservazione, rendendolo perfetto per le palestre domestiche o per gli spazi in cui l&#8217;efficienza \u00e8 fondamentale.<\/p>\n<\/div>\n\n\n\n<div class=\"wp-block-column is-vertically-aligned-center is-layout-flow wp-block-column-is-layout-flow\">\n<figure class=\"wp-block-video\"><video height=\"1200\" style=\"aspect-ratio: 1600 \/ 1200;\" width=\"1600\" autoplay=\"\" controls=\"\" loop=\"\" muted=\"\" src=\"https:\/\/evolve-fitness.eu\/wp-content\/uploads\/2024\/01\/Evolve-Econ-Series-Adjustable-Bench-EC-100-V3.mp4\"><\/video><\/figure>\n<\/div>\n<\/div>\n<\/section>\n","protected":false},"excerpt":{"rendered":"<p>La panca regolabile Evolve Econ Series, EC-100, combina versatilit\u00e0 e durata, offrendo una gamma di impostazioni di inclinazione e declinazione per migliorare la variet\u00e0 dell&#8217;allenamento. La sua struttura robusta garantisce stabilit\u00e0 durante gli esercizi pi\u00f9 intensi, mentre le funzioni regolabili consentono un impegno muscolare mirato. Ideale per l&#8217;uso domestico e commerciale, questa panca \u00e8 un&#8217;aggiunta preziosa a qualsiasi routine di fitness, per gli atleti di tutti i livelli che desiderano massimizzare l&#8217;efficienza dell&#8217;allenamento.<\/p>\n","protected":false},"featured_media":58547,"template":"","meta":{"_acf_changed":false,"inline_featured_image":false},"product_cat":[528,1266,1267],"product_tag":[],"class_list":{"0":"post-58540","1":"product","2":"type-product","3":"status-publish","4":"has-post-thumbnail","6":"product_cat-pagina-iniziale","7":"product_cat-panchine","8":"product_cat-banchi-della-serie-econ","10":"first","11":"instock","12":"shipping-taxable","13":"purchasable","14":"product-type-simple"},"acf":[],"_links":{"self":[{"href":"https:\/\/store.evolve-fitness.eu\/it\/wp-json\/wp\/v2\/product\/58540","targetHints":{"allow":["GET"]}}],"collection":[{"href":"https:\/\/store.evolve-fitness.eu\/it\/wp-json\/wp\/v2\/product"}],"about":[{"href":"https:\/\/store.evolve-fitness.eu\/it\/wp-json\/wp\/v2\/types\/product"}],"wp:featuredmedia":[{"embeddable":true,"href":"https:\/\/store.evolve-fitness.eu\/it\/wp-json\/wp\/v2\/media\/58547"}],"wp:attachment":[{"href":"https:\/\/store.evolve-fitness.eu\/it\/wp-json\/wp\/v2\/media?parent=58540"}],"wp:term":[{"taxonomy":"product_cat","embeddable":true,"href":"https:\/\/store.evolve-fitness.eu\/it\/wp-json\/wp\/v2\/product_cat?post=58540"},{"taxonomy":"product_tag","embeddable":true,"href":"https:\/\/store.evolve-fitness.eu\/it\/wp-json\/wp\/v2\/product_tag?post=58540"}],"curies":[{"name":"wp","href":"https:\/\/api.w.org\/{rel}","templated":true}]}}