{"id":57913,"date":"2024-01-30T15:06:19","date_gmt":"2024-01-30T15:06:19","guid":{"rendered":"https:\/\/store.evolve-fitness.eu\/product\/calcio-posteriore-caricato-a-piastra-della-serie-evolve-ultra\/"},"modified":"2025-12-03T13:28:13","modified_gmt":"2025-12-03T13:28:13","slug":"calcio-posteriore-caricato-a-piastra-della-serie-evolve-ultra","status":"publish","type":"product","link":"https:\/\/store.evolve-fitness.eu\/it\/prodotto\/calcio-posteriore-caricato-a-piastra-della-serie-evolve-ultra\/","title":{"rendered":"Calciatura posteriore caricata a piastra della serie Evolve Ultra"},"content":{"rendered":"\n<section class=\"wp-block-group alignfull black-content has-white-color has-darkgray-background-color has-text-color has-background is-layout-constrained wp-block-group-is-layout-constrained\" style=\"padding-top:var(--wp--preset--spacing--section-bottom);padding-bottom:var(--wp--preset--spacing--section-bottom)\">\n<section class=\"wp-block-group alignfull black-content has-white-color has-darkgray-background-color has-text-color has-background is-layout-constrained wp-block-group-is-layout-constrained\" style=\"padding-top:var(--wp--preset--spacing--section-bottom);padding-bottom:var(--wp--preset--spacing--section-bottom)\">\n<div class=\"wp-block-columns alignwide mobile-reverse is-layout-flex wp-container-core-columns-is-layout-ca64bf2d wp-block-columns-is-layout-flex\" style=\"margin-bottom:var(--wp--preset--spacing--side-padding)\">\n<div class=\"wp-block-column is-vertically-aligned-center is-layout-flow wp-block-column-is-layout-flow\">\n<h3 class=\"wp-block-heading\" style=\"margin-bottom:var(--wp--preset--spacing--h-3-bottom)\"><strong><strong><strong><strong>Gruppi muscolari<\/strong><\/strong><\/strong><\/strong><\/h3>\n\n\n\n<p><strong><em><strong><strong>Attivazione muscolare focalizzata<\/strong><\/strong><\/em><\/strong><\/p>\n\n\n\n<p style=\"margin-bottom:var(--wp--preset--spacing--tb-section-padding)\">L&#8217;Evolve Ultra Series Plate Loaded Rear Kick, UL-070, \u00e8 stato progettato per stimolare i glutei, i tendini del ginocchio e i muscoli della schiena. Grazie al suo design specializzato, questa macchina garantisce un&#8217;attivazione precisa dei muscoli interessati, facilitando lo sviluppo completo e la forza.<\/p>\n\n\n\n<h3 class=\"wp-block-heading\" style=\"margin-bottom:var(--wp--preset--spacing--h-3-bottom)\"><strong><strong><strong><strong><strong><strong>Resistenza regolabile<\/strong><\/strong><\/strong><\/strong><\/strong><\/strong><\/h3>\n\n\n\n<p><strong><em><strong><strong><strong><strong>Pile di peso personalizzabili<\/strong><\/strong><\/strong><\/strong><\/em><\/strong><\/p>\n\n\n\n<p>Gli utenti possono facilmente regolare i livelli di resistenza aggiungendo o rimuovendo le piastre di peso, consentendo allenamenti personalizzati per soddisfare i livelli di forma fisica e gli obiettivi individuali. Sia che gli utenti puntino alla resistenza, all&#8217;ipertrofia o all&#8217;aumento della forza, la funzione di resistenza regolabile consente di adattare l&#8217;allenamento ai vari obiettivi di fitness.<\/p>\n<\/div>\n\n\n\n<div class=\"wp-block-column is-vertically-aligned-center is-layout-flow wp-block-column-is-layout-flow\">\n<figure class=\"wp-block-video\"><video height=\"1080\" style=\"aspect-ratio: 1920 \/ 1080;\" width=\"1920\" autoplay=\"\" controls=\"\" loop=\"\" muted=\"\" src=\"https:\/\/evolve-fitness.eu\/wp-content\/uploads\/2024\/03\/EV-PL-UL-070-Evolve-Ultra-Series-Plate-Loaded-Rear-Kick-1.mp4\"><\/video><\/figure>\n<\/div>\n<\/div>\n\n\n\n<div class=\"wp-block-columns alignwide mobile-reverse is-layout-flex wp-container-core-columns-is-layout-ca64bf2d wp-block-columns-is-layout-flex\" style=\"margin-bottom:var(--wp--preset--spacing--side-padding)\">\n<div class=\"wp-block-column is-vertically-aligned-center is-layout-flow wp-block-column-is-layout-flow\">\n<figure class=\"wp-block-image size-large\"><img decoding=\"async\" src=\"https:\/\/evolve-fitness.eu\/wp-content\/uploads\/2023\/09\/EV-PL-UL-070-4-683x1024.jpg\" alt=\"EV-PL-UL-070\" class=\"wp-image-166586\"\/><\/figure>\n<\/div>\n\n\n\n<div class=\"wp-block-column is-vertically-aligned-center is-layout-flow wp-block-column-is-layout-flow\">\n<h3 class=\"wp-block-heading\" style=\"margin-bottom:var(--wp--preset--spacing--h-3-bottom)\"><strong><strong><strong>Design confortevole<\/strong><\/strong><\/strong><\/h3>\n\n\n\n<p><strong><strong><em>Imbottitura e maniglie ergonomiche<\/em><\/strong><\/strong><\/p>\n\n\n\n<p style=\"margin-bottom:var(--wp--preset--spacing--tb-section-padding)\">Progettato per il comfort dell&#8217;utente, il Rear Kick \u00e8 dotato di cuscinetti e maniglie ergonomiche che favoriscono il corretto allineamento del corpo e il sostegno durante gli esercizi. L&#8217;inclusione di un sedile e di un cuscinetto per le gambe regolabili aumenta il comfort e la personalizzazione dell&#8217;utente, riducendo al minimo i disagi e le potenziali tensioni durante gli allenamenti.<\/p>\n<\/div>\n<\/div>\n\n\n\n<div class=\"wp-block-columns alignwide mobile-reverse is-layout-flex wp-container-core-columns-is-layout-ca64bf2d wp-block-columns-is-layout-flex\" style=\"margin-bottom:var(--wp--preset--spacing--side-padding)\">\n<div class=\"wp-block-column is-vertically-aligned-center is-layout-flow wp-block-column-is-layout-flow\">\n<h3 class=\"wp-block-heading\" style=\"margin-bottom:var(--wp--preset--spacing--h-3-bottom)\"><strong><strong><strong>Durata e stabilit\u00e0<\/strong><\/strong><\/strong><\/h3>\n\n\n\n<p><strong><em><strong><strong><strong><strong><strong><strong>Costruzione di alta qualit\u00e0<\/strong><\/strong><\/strong><\/strong><\/strong><\/strong><\/em><\/strong><\/p>\n\n\n\n<p style=\"margin-bottom:var(--wp--preset--spacing--tb-section-padding)\">Costruita con materiali durevoli e ingegneria di precisione, la pedana posteriore caricata a piastre della serie Evolve Ultra garantisce longevit\u00e0 e affidabilit\u00e0, adatta sia alle palestre domestiche che a quelle commerciali. Il suo robusto telaio garantisce stabilit\u00e0 e sicurezza durante gli allenamenti pi\u00f9 impegnativi, consentendo agli utenti di eseguire esercizi di calcio posteriore con fiducia e senza compromessi.<\/p>\n\n\n\n<h3 class=\"wp-block-heading\" style=\"margin-bottom:var(--wp--preset--spacing--h-3-bottom)\"><strong><strong><strong><strong>Maniglie antiscivolo<\/strong><\/strong><\/strong><\/strong><\/h3>\n\n\n\n<p><strong><em><strong><strong>Impugnatura sicura per una maggiore sicurezza<\/strong><\/strong><\/em><\/strong><\/p>\n\n\n\n<p>Privilegiate la sicurezza e la fiducia con le nostre <strong>impugnature antiscivolo<\/strong>. Offrono una presa sicura, riducendo il rischio di incidenti durante gli allenamenti.<\/p>\n<\/div>\n\n\n\n<div class=\"wp-block-column is-vertically-aligned-center is-layout-flow wp-block-column-is-layout-flow\">\n<figure class=\"wp-block-image size-large\"><img decoding=\"async\" src=\"https:\/\/evolve-fitness.eu\/wp-content\/uploads\/2023\/09\/EV-PL-UL-070-1-683x1024.jpg\" alt=\"\" class=\"wp-image-166611\"\/><\/figure>\n<\/div>\n<\/div>\n\n\n\n<div class=\"wp-block-columns alignwide mobile-reverse is-layout-flex wp-container-core-columns-is-layout-ca64bf2d wp-block-columns-is-layout-flex\" style=\"margin-bottom:var(--wp--preset--spacing--side-padding)\">\n<div class=\"wp-block-column is-vertically-aligned-center is-layout-flow wp-block-column-is-layout-flow\">\n<figure class=\"wp-block-image size-large\"><img decoding=\"async\" src=\"https:\/\/evolve-fitness.eu\/wp-content\/uploads\/2023\/09\/EV-PL-UL-070-6-1024x683.jpg\" alt=\"\" class=\"wp-image-166637\"\/><\/figure>\n<\/div>\n\n\n\n<div class=\"wp-block-column is-vertically-aligned-center is-layout-flow wp-block-column-is-layout-flow\">\n<h3 class=\"wp-block-heading\" style=\"margin-bottom:var(--wp--preset--spacing--h-3-bottom)\"><strong><strong><strong>Prestazioni di lunga durata<\/strong><\/strong><\/strong><\/h3>\n\n\n\n<p><strong><em><strong><strong>Pelle PU di qualit\u00e0 superiore, per impieghi gravosi<\/strong><\/strong><\/em><\/strong><\/p>\n\n\n\n<p style=\"margin-bottom:var(--wp--preset--spacing--tb-section-padding)\">Le nostre attrezzature sono dotate di pelle PU di qualit\u00e0 premium e per impieghi gravosi, progettata per resistere anche agli allenamenti pi\u00f9 duri. Non solo ha un aspetto magnifico, ma offre anche prestazioni di lunga durata.<\/p>\n\n\n\n<h3 class=\"wp-block-heading\" style=\"margin-bottom:var(--wp--preset--spacing--h-3-bottom)\"><strong><strong><strong><strong><strong><strong><strong>Finitura resistente<\/strong><\/strong><\/strong><\/strong><\/strong><\/strong><\/strong><\/h3>\n\n\n\n<p><strong><em><strong><strong><strong><strong><strong>Tecnologia di spruzzatura elettrostatica di polveri termoindurenti<\/strong><\/strong><\/strong><\/strong><\/strong><\/em><\/strong><\/p>\n\n\n\n<p>Provate una finitura durevole con la nostra <strong>tecnologia di spruzzatura elettrostatica di polveri termoindurenti<\/strong>. Questo rivestimento avanzato garantisce che le apparecchiature mantengano il loro aspetto nel tempo.<\/p>\n\n\n\n<p><\/p>\n\n\n\n<h3 class=\"wp-block-heading\" style=\"margin-bottom:var(--wp--preset--spacing--h-3-bottom)\"><strong><strong><strong><strong>Costruito per durare<\/strong><\/strong><\/strong><\/strong><\/h3>\n\n\n\n<p><strong><em><strong><strong><strong>Bulloni e dadi in acciaio inox<\/strong><\/strong><\/strong><\/em><\/strong><\/p>\n\n\n\n<p style=\"margin-bottom:var(--wp--preset--spacing--tb-section-padding)\">La Serie Prime \u00e8 costruita per durare nel tempo, con tutti i bulloni e i dadi in <strong>acciaio inossidabile<\/strong>. Questa qualit\u00e0 costruttiva garantisce la longevit\u00e0 dell&#8217;apparecchiatura.<\/p>\n<\/div>\n<\/div>\n<\/section>\n<\/section>\n","protected":false},"excerpt":{"rendered":"<p>Migliorate l&#8217;allenamento delle gambe e dei glutei con l&#8217;Evolve Ultra Series Plate Loaded Rear Kick UL-070. Progettata per le palestre commerciali, questa macchina offre stabilit\u00e0 grazie a un robusto telaio in acciaio e alla protezione dalla ruggine. Il poggiapiedi sovradimensionato consente un puntamento preciso, mentre l&#8217;imbottitura confortevole e le maniglie antiscivolo assicurano una forma corretta. I colori personalizzabili si adattano al marchio della vostra palestra e ne fanno una scelta elegante e duratura. Con imbottitura resistente alla deformazione, maniglie antiscivolo e protezioni per il pavimento, \u00e8 ideale per le strutture di fitness. Elevate la vostra palestra con l&#8217;Evolve Rear Kick per qualit\u00e0 e prestazioni.  <\/p>\n","protected":false},"featured_media":61035,"template":"","meta":{"_acf_changed":false,"inline_featured_image":false},"product_cat":[528,796,798],"product_tag":[],"class_list":{"0":"post-57913","1":"product","2":"type-product","3":"status-publish","4":"has-post-thumbnail","6":"product_cat-pagina-iniziale","7":"product_cat-macchine-a-piastre","8":"product_cat-serie-ultra-con-carico-a-piastra","10":"first","11":"instock","12":"shipping-taxable","13":"purchasable","14":"product-type-simple"},"acf":[],"_links":{"self":[{"href":"https:\/\/store.evolve-fitness.eu\/it\/wp-json\/wp\/v2\/product\/57913","targetHints":{"allow":["GET"]}}],"collection":[{"href":"https:\/\/store.evolve-fitness.eu\/it\/wp-json\/wp\/v2\/product"}],"about":[{"href":"https:\/\/store.evolve-fitness.eu\/it\/wp-json\/wp\/v2\/types\/product"}],"wp:featuredmedia":[{"embeddable":true,"href":"https:\/\/store.evolve-fitness.eu\/it\/wp-json\/wp\/v2\/media\/61035"}],"wp:attachment":[{"href":"https:\/\/store.evolve-fitness.eu\/it\/wp-json\/wp\/v2\/media?parent=57913"}],"wp:term":[{"taxonomy":"product_cat","embeddable":true,"href":"https:\/\/store.evolve-fitness.eu\/it\/wp-json\/wp\/v2\/product_cat?post=57913"},{"taxonomy":"product_tag","embeddable":true,"href":"https:\/\/store.evolve-fitness.eu\/it\/wp-json\/wp\/v2\/product_tag?post=57913"}],"curies":[{"name":"wp","href":"https:\/\/api.w.org\/{rel}","templated":true}]}}