{"id":56545,"date":"2024-01-29T14:21:19","date_gmt":"2024-01-29T14:21:19","guid":{"rendered":"https:\/\/store.evolve-fitness.eu\/product\/curl-per-bicipiti-con-carico-su-piastra-evolve-ultra-series\/"},"modified":"2026-03-04T12:00:02","modified_gmt":"2026-03-04T12:00:02","slug":"curl-per-bicipiti-con-carico-su-piastra-evolve-ultra-series","status":"publish","type":"product","link":"https:\/\/store.evolve-fitness.eu\/it\/prodotto\/curl-per-bicipiti-con-carico-su-piastra-evolve-ultra-series\/","title":{"rendered":"Curl per bicipiti con carico su piastra Evolve Ultra Series"},"content":{"rendered":"\n<section class=\"wp-block-group alignfull black-content has-white-color has-darkgray-background-color has-text-color has-background is-layout-constrained wp-block-group-is-layout-constrained\" style=\"padding-top:var(--wp--preset--spacing--section-bottom);padding-bottom:var(--wp--preset--spacing--section-bottom)\">\n<section class=\"wp-block-group alignfull black-content has-white-color has-darkgray-background-color has-text-color has-background is-layout-constrained wp-block-group-is-layout-constrained\" style=\"padding-top:var(--wp--preset--spacing--section-bottom);padding-bottom:var(--wp--preset--spacing--section-bottom)\">\n<div class=\"wp-block-columns alignwide mobile-reverse is-layout-flex wp-container-core-columns-is-layout-ca64bf2d wp-block-columns-is-layout-flex\" style=\"margin-bottom:var(--wp--preset--spacing--side-padding)\">\n<div class=\"wp-block-column is-vertically-aligned-center is-layout-flow wp-block-column-is-layout-flow\">\n<h3 class=\"wp-block-heading\" style=\"margin-bottom:var(--wp--preset--spacing--h-3-bottom)\"><strong><strong><strong><strong><strong>Tappezzeria spessa<\/strong><\/strong><\/strong><\/strong><\/strong><\/h3>\n\n\n\n<p><strong><em><strong><strong><strong>Comfort e durata supremi<\/strong><\/strong><\/strong><\/em><\/strong><\/p>\n\n\n\n<p style=\"margin-bottom:var(--wp--preset--spacing--tb-section-padding)\">La nostra imbottitura spessa offre un comfort ineguagliabile durante gli allenamenti, garantendo al tempo stesso una lunga durata. Questa caratteristica rende le sessioni di allenamento un piacere da sopportare.<\/p>\n\n\n\n<h3 class=\"wp-block-heading\" style=\"margin-bottom:var(--wp--preset--spacing--h-3-bottom)\"><strong><strong><strong><strong><strong><strong><strong><strong>Coinvolgimento muscolare mirato<\/strong><\/strong><\/strong><\/strong><\/strong><\/strong><\/strong><\/strong><\/h3>\n\n\n\n<p><strong><em><strong><strong><strong><strong><strong><strong>Gruppi muscolari interessati<\/strong><\/strong><\/strong><\/strong><\/strong><\/strong><\/em><\/strong><\/p>\n\n\n\n<p>L&#8217;Evolve Ultra Series Plate Loaded Biceps Curl, UL-180, si rivolge principalmente ai muscoli bicipiti brachiali. Il suo design specializzato garantisce un impegno mirato dei bicipiti, favorendo uno sviluppo e una forza mirati.<\/p>\n<\/div>\n\n\n\n<div class=\"wp-block-column is-vertically-aligned-center is-layout-flow wp-block-column-is-layout-flow\">\n<figure class=\"wp-block-video\"><video height=\"1080\" style=\"aspect-ratio: 1920 \/ 1080;\" width=\"1920\" autoplay=\"\" controls=\"\" loop=\"\" muted=\"\" src=\"https:\/\/evolve-fitness.eu\/wp-content\/uploads\/2024\/03\/EV-PL-UL-180-Evolve-Ultra-Series-Plate-Loaded-Biceps-Curl-1.mp4\"><\/video><\/figure>\n<\/div>\n<\/div>\n\n\n\n<div class=\"wp-block-columns alignwide mobile-reverse is-layout-flex wp-container-core-columns-is-layout-ca64bf2d wp-block-columns-is-layout-flex\" style=\"margin-bottom:var(--wp--preset--spacing--side-padding)\">\n<div class=\"wp-block-column is-vertically-aligned-center is-layout-flow wp-block-column-is-layout-flow\">\n<figure class=\"wp-block-image size-large\"><img decoding=\"async\" src=\"https:\/\/evolve-fitness.eu\/wp-content\/uploads\/2023\/09\/EV-PL-UL-180-1-683x1024.jpg\" alt=\"EV-PL-UL-180\" class=\"wp-image-166663\"\/><\/figure>\n<\/div>\n\n\n\n<div class=\"wp-block-column is-vertically-aligned-center is-layout-flow wp-block-column-is-layout-flow\">\n<h3 class=\"wp-block-heading\" style=\"margin-bottom:var(--wp--preset--spacing--h-3-bottom)\"><strong><strong><strong><strong>Posizione di seduta regolabile<\/strong><\/strong><\/strong><\/strong><\/h3>\n\n\n\n<p><strong><strong><em>Facile personalizzazione in giallo vibrante<\/em><\/strong><\/strong><\/p>\n\n\n\n<p style=\"margin-bottom:var(--wp--preset--spacing--tb-section-padding)\">Le nostre macchine sono dotate di una posizione di seduta regolabile con manopole e maniglie di colore giallo brillante e ben visibile. Questo design facile da usare rende facile la personalizzazione, assicurando che l&#8217;allenamento si adatti alle vostre preferenze.<\/p>\n\n\n\n<h3 class=\"wp-block-heading\" style=\"margin-bottom:var(--wp--preset--spacing--h-3-bottom)\"><strong><strong><strong><strong><strong><strong><strong><strong>Durata senza compromessi<\/strong><\/strong><\/strong><\/strong><\/strong><\/strong><\/strong><\/strong><\/h3>\n\n\n\n<p><strong><em><strong><strong><strong><strong><strong>Bulloni e dadi in acciaio inox<\/strong><\/strong><\/strong><\/strong><\/strong><\/em><\/strong><\/p>\n\n\n\n<p>Costruita con materiali durevoli e ingegneria di precisione, la macchina Biceps Curl garantisce durata e affidabilit\u00e0, adatta sia agli ambienti domestici che alle palestre commerciali. Il suo robusto telaio garantisce stabilit\u00e0 e sicurezza durante gli allenamenti, consentendo agli utenti di eseguire gli esercizi con fiducia e senza preoccuparsi della stabilit\u00e0 dell&#8217;attrezzatura.<\/p>\n<\/div>\n<\/div>\n\n\n\n<div class=\"wp-block-columns alignwide mobile-reverse is-layout-flex wp-container-core-columns-is-layout-ca64bf2d wp-block-columns-is-layout-flex\" style=\"margin-bottom:var(--wp--preset--spacing--side-padding)\">\n<div class=\"wp-block-column is-vertically-aligned-center is-layout-flow wp-block-column-is-layout-flow\">\n<h3 class=\"wp-block-heading\" style=\"margin-bottom:var(--wp--preset--spacing--h-3-bottom)\"><strong><strong><strong><strong><strong>Ingombro ridotto<\/strong><\/strong><\/strong><\/strong><\/strong><\/h3>\n\n\n\n<p><strong><em><strong><strong><strong><strong><strong><strong><strong><strong>Design efficiente dal punto di vista dello spazio<\/strong><\/strong><\/strong><\/strong><\/strong><\/strong><\/strong><\/strong><\/em><\/strong><\/p>\n\n\n\n<p style=\"margin-bottom:var(--wp--preset--spacing--tb-section-padding)\">Nonostante la sua funzionalit\u00e0, la macchina Biceps Curl mantiene un ingombro ridotto, che la rende adatta a chi ha uno spazio di allenamento limitato. Il suo design snello massimizza l&#8217;efficienza dello spazio senza compromettere la funzionalit\u00e0, garantendo un&#8217;area di allenamento ottimizzata per un efficace allenamento dei bicipiti.<\/p>\n\n\n\n<h3 class=\"wp-block-heading\" style=\"margin-bottom:var(--wp--preset--spacing--h-3-bottom)\"><strong><strong><strong><strong><strong><strong><strong>Protezioni per pavimenti durevoli<\/strong><\/strong><\/strong><\/strong><\/strong><\/strong><\/strong><\/h3>\n\n\n\n<p><strong><em><strong><strong><strong><strong>Conservare la pavimentazione della palestra<\/strong><\/strong><\/strong><\/strong><\/em><\/strong><\/p>\n\n\n\n<p>Le nostre attrezzature sono dotate di resistenti protezioni per il pavimento per proteggere la vostra palestra da danni e graffi, anche durante gli allenamenti pi\u00f9 intensi.<\/p>\n\n\n\n<p><\/p>\n\n\n\n<h3 class=\"wp-block-heading\" style=\"margin-bottom:var(--wp--preset--spacing--h-3-bottom)\"><strong><strong><strong><strong><strong>Organizzati ed efficienti<\/strong><\/strong><\/strong><\/strong><\/strong><\/h3>\n\n\n\n<p><strong><em><strong><strong><strong><strong><strong><strong><strong><strong>Pioli per la conservazione delle piastre portapesi<\/strong><\/strong><\/strong><\/strong><\/strong><\/strong><\/strong><\/strong><\/em><\/strong><\/p>\n\n\n\n<p style=\"margin-bottom:var(--wp--preset--spacing--tb-section-padding)\">Grazie ai pioli per riporre le piastre ponderali, l&#8217;organizzazione e l&#8217;efficienza sono garantite. Tenete i vostri piatti a portata di mano, semplificando le vostre sessioni di allenamento.<\/p>\n<\/div>\n\n\n\n<div class=\"wp-block-column is-vertically-aligned-center is-layout-flow wp-block-column-is-layout-flow\">\n<figure class=\"wp-block-image size-large\"><img decoding=\"async\" src=\"https:\/\/evolve-fitness.eu\/wp-content\/uploads\/2023\/09\/EV-PL-UL-180-3-683x1024.jpg\" alt=\"\" class=\"wp-image-166738\"\/><\/figure>\n<\/div>\n<\/div>\n\n\n\n<div class=\"wp-block-columns alignwide mobile-reverse is-layout-flex wp-container-core-columns-is-layout-ca64bf2d wp-block-columns-is-layout-flex\" style=\"margin-bottom:var(--wp--preset--spacing--side-padding)\">\n<div class=\"wp-block-column is-vertically-aligned-center is-layout-flow wp-block-column-is-layout-flow\">\n<figure class=\"wp-block-image size-large\"><img decoding=\"async\" src=\"https:\/\/evolve-fitness.eu\/wp-content\/uploads\/2023\/09\/EV-PL-UL-180-10-683x1024.jpg\" alt=\"\" class=\"wp-image-166688\"\/><\/figure>\n<\/div>\n\n\n\n<div class=\"wp-block-column is-vertically-aligned-center is-layout-flow wp-block-column-is-layout-flow\">\n<p><\/p>\n\n\n\n<h3 class=\"wp-block-heading\" style=\"margin-bottom:var(--wp--preset--spacing--h-3-bottom)\"><strong><strong><strong><strong><strong><strong><strong><strong>Prestazioni durature<\/strong><\/strong><\/strong><\/strong><\/strong><\/strong><\/strong><\/strong><\/h3>\n\n\n\n<p><strong><em><strong><strong><strong><strong><strong>Pelle PU di qualit\u00e0 superiore, per impieghi gravosi<\/strong><\/strong><\/strong><\/strong><\/strong><\/em><\/strong><\/p>\n\n\n\n<p>Sperimentate un comfort e delle prestazioni eccezionali con i nostri rivestimenti in pelle PU di qualit\u00e0 superiore e per impieghi gravosi. Combina la durata con l&#8217;estetica, offrendo il meglio del lusso del fitness.<\/p>\n\n\n\n<p><\/p>\n\n\n\n<h3 class=\"wp-block-heading\" style=\"margin-bottom:var(--wp--preset--spacing--h-3-bottom)\"><strong><strong><strong><strong><strong><strong><strong><strong><strong>Finitura duratura<\/strong><\/strong><\/strong><\/strong><\/strong><\/strong><\/strong><\/strong><\/strong><\/h3>\n\n\n\n<p><strong><em><strong><strong><strong><strong><strong><strong>Tecnologia di spruzzatura elettrostatica di polveri termoindurenti<\/strong><\/strong><\/strong><\/strong><\/strong><\/strong><\/em><\/strong><\/p>\n\n\n\n<p>Le nostre macchine sono dotate di una tecnologia di spruzzatura elettrostatica di polveri termoindurenti che garantisce una finitura duratura. Questo rivestimento avanzato mantiene l&#8217;estetica dell&#8217;apparecchiatura nel tempo.<\/p>\n<\/div>\n<\/div>\n<\/section>\n<\/section>\n","protected":false},"excerpt":{"rendered":"<p>Evolve Ultra Series Plate Loaded Biceps Curl UL-180 \u00e8 la scelta migliore per i proprietari di palestre commerciali che cercano attrezzature di alto livello. Questa macchina per i curl dei bicipiti offre un&#8217;esperienza di allenamento efficace grazie al suo resistente telaio in tubi ovali saldati in acciaio massiccio, al rivestimento in polvere termoindurente resistente alla ruggine e ai bulloni e dadi in acciaio inossidabile per la massima stabilit\u00e0. Il suo design funzionale comprende un comodo schienale, un sedile regolabile e maniglie antiscivolo, che assicurano una postura corretta e stabilit\u00e0 durante gli allenamenti pi\u00f9 intensi. Ci\u00f2 che la distingue \u00e8 la possibilit\u00e0 di personalizzare i colori delle attrezzature per adattarle al marchio della palestra. Inoltre, l&#8217;imbottitura ergonomica garantisce comfort e durata. Con una garanzia di 2 anni e un carico massimo di 200 kg, l&#8217;Evolve Biceps Curl \u00e8 il complemento ideale per elevare l&#8217;immagine e le prestazioni della vostra palestra.<\/p>\n","protected":false},"featured_media":60904,"template":"","meta":{"_acf_changed":false,"inline_featured_image":false},"product_cat":[528,796,798],"product_tag":[],"class_list":{"0":"post-56545","1":"product","2":"type-product","3":"status-publish","4":"has-post-thumbnail","6":"product_cat-pagina-iniziale","7":"product_cat-macchine-a-piastre","8":"product_cat-serie-ultra-con-carico-a-piastra","10":"first","11":"instock","12":"shipping-taxable","13":"purchasable","14":"product-type-simple"},"acf":[],"_links":{"self":[{"href":"https:\/\/store.evolve-fitness.eu\/it\/wp-json\/wp\/v2\/product\/56545","targetHints":{"allow":["GET"]}}],"collection":[{"href":"https:\/\/store.evolve-fitness.eu\/it\/wp-json\/wp\/v2\/product"}],"about":[{"href":"https:\/\/store.evolve-fitness.eu\/it\/wp-json\/wp\/v2\/types\/product"}],"wp:featuredmedia":[{"embeddable":true,"href":"https:\/\/store.evolve-fitness.eu\/it\/wp-json\/wp\/v2\/media\/60904"}],"wp:attachment":[{"href":"https:\/\/store.evolve-fitness.eu\/it\/wp-json\/wp\/v2\/media?parent=56545"}],"wp:term":[{"taxonomy":"product_cat","embeddable":true,"href":"https:\/\/store.evolve-fitness.eu\/it\/wp-json\/wp\/v2\/product_cat?post=56545"},{"taxonomy":"product_tag","embeddable":true,"href":"https:\/\/store.evolve-fitness.eu\/it\/wp-json\/wp\/v2\/product_tag?post=56545"}],"curies":[{"name":"wp","href":"https:\/\/api.w.org\/{rel}","templated":true}]}}