{"id":56231,"date":"2024-01-29T13:33:58","date_gmt":"2024-01-29T13:33:58","guid":{"rendered":"https:\/\/store.evolve-fitness.eu\/product\/crunch-addominali-con-carico-su-piastra-di-evolve-ultra-series\/"},"modified":"2024-05-27T08:05:07","modified_gmt":"2024-05-27T08:05:07","slug":"crunch-addominali-con-carico-su-piastra-di-evolve-ultra-series","status":"publish","type":"product","link":"https:\/\/store.evolve-fitness.eu\/it\/prodotto\/crunch-addominali-con-carico-su-piastra-di-evolve-ultra-series\/","title":{"rendered":"Crunch addominali con carico su piastra di Evolve Ultra Series"},"content":{"rendered":"\n<section class=\"wp-block-group alignfull black-content has-white-color has-darkgray-background-color has-text-color has-background is-layout-constrained wp-block-group-is-layout-constrained\" style=\"padding-top:var(--wp--preset--spacing--section-bottom);padding-bottom:var(--wp--preset--spacing--section-bottom)\">\n<h3 class=\"wp-block-heading has-text-align-center\"><strong><strong><strong>EVOLVE PIASTRA CARICATA SERIE ULTRA<\/strong><\/strong><\/strong><\/h3>\n\n\n\n<p>La serie Evolve Plate Loaded Ultra \u00e8 l&#8217;epitome dell&#8217;eccellenza e offre una qualit\u00e0 superiore al miglior prezzo possibile. Elevate il vostro allenamento per la forza con attrezzature che combinano lusso, prestazioni e convenienza. Esplorate oggi stesso la linea completa e sperimentate il fitness come mai prima d&#8217;ora.<\/p>\n\n\n\n<section class=\"wp-block-group alignfull black-content has-white-color has-darkgray-background-color has-text-color has-background is-layout-constrained wp-block-group-is-layout-constrained\" style=\"padding-top:var(--wp--preset--spacing--section-bottom);padding-bottom:var(--wp--preset--spacing--section-bottom)\">\n<div class=\"wp-block-columns alignwide mobile-reverse is-layout-flex wp-container-core-columns-is-layout-ca64bf2d wp-block-columns-is-layout-flex\" style=\"margin-bottom:var(--wp--preset--spacing--side-padding)\">\n<div class=\"wp-block-column is-vertically-aligned-center is-layout-flow wp-block-column-is-layout-flow\">\n<figure class=\"wp-block-image alignleft size-full is-resized is-style-rounded\"><img loading=\"lazy\" decoding=\"async\" width=\"810\" height=\"810\" src=\"https:\/\/store.evolve-fitness.eu\/wp-content\/uploads\/2024\/05\/Dizainas-be-pavadinimo-73.png\" alt=\"\" class=\"wp-image-62699\" style=\"aspect-ratio:1.1333333333333333;object-fit:cover;width:900px;height:auto\" srcset=\"https:\/\/store.evolve-fitness.eu\/wp-content\/uploads\/2024\/05\/Dizainas-be-pavadinimo-73.png 810w, https:\/\/store.evolve-fitness.eu\/wp-content\/uploads\/2024\/05\/Dizainas-be-pavadinimo-73-300x300.png 300w, https:\/\/store.evolve-fitness.eu\/wp-content\/uploads\/2024\/05\/Dizainas-be-pavadinimo-73-150x150.png 150w, https:\/\/store.evolve-fitness.eu\/wp-content\/uploads\/2024\/05\/Dizainas-be-pavadinimo-73-768x768.png 768w, https:\/\/store.evolve-fitness.eu\/wp-content\/uploads\/2024\/05\/Dizainas-be-pavadinimo-73-600x600.png 600w, https:\/\/store.evolve-fitness.eu\/wp-content\/uploads\/2024\/05\/Dizainas-be-pavadinimo-73-100x100.png 100w\" sizes=\"auto, (max-width: 810px) 100vw, 810px\" \/><\/figure>\n<\/div>\n\n\n\n<div class=\"wp-block-column is-vertically-aligned-center is-layout-flow wp-block-column-is-layout-flow\">\n<h3 class=\"wp-block-heading\" style=\"margin-bottom:var(--wp--preset--spacing--h-3-bottom)\"><strong><strong><strong><strong>Posizione di seduta regolabile<\/strong><\/strong><\/strong><\/strong><\/h3>\n\n\n\n<p><strong><strong>Facile personalizzazione in giallo vibrante<\/strong><\/strong><\/p>\n\n\n\n<p style=\"margin-bottom:var(--wp--preset--spacing--tb-section-padding)\">Le nostre macchine sono dotate di una <strong>posizione di seduta regolabile<\/strong> con manopole e maniglie di regolazione di colore giallo brillante e facile da vedere. Questo design facile da usare rende facile la personalizzazione, assicurando che l&#8217;allenamento si adatti alle vostre preferenze.<\/p>\n\n\n\n<h3 class=\"wp-block-heading\" style=\"margin-bottom:var(--wp--preset--spacing--h-3-bottom)\"><strong><strong><strong><strong><strong><strong><strong><strong>Durata senza compromessi<\/strong><\/strong><\/strong><\/strong><\/strong><\/strong><\/strong><\/strong><\/h3>\n\n\n\n<p><strong><em><strong><strong><strong><strong><strong>Bulloni e dadi in acciaio inox<\/strong><\/strong><\/strong><\/strong><\/strong><\/em><\/strong><\/p>\n\n\n\n<p>Ogni dettaglio \u00e8 importante nella Serie Ultra. Ecco perch\u00e9 tutti i bulloni e i dadi sono realizzati in <strong>acciaio inossidabile<\/strong> per garantire una durata e una resistenza senza compromessi.<\/p>\n<\/div>\n<\/div>\n\n\n\n<div class=\"wp-block-columns alignwide mobile-reverse is-layout-flex wp-container-core-columns-is-layout-ca64bf2d wp-block-columns-is-layout-flex\" style=\"margin-bottom:var(--wp--preset--spacing--side-padding)\">\n<div class=\"wp-block-column is-vertically-aligned-center is-layout-flow wp-block-column-is-layout-flow\">\n<h3 class=\"wp-block-heading\"><strong>MANIGLIE ANTISCIVOLO<\/strong><\/h3>\n\n\n\n<p><strong><em><strong>Impugnatura sicura per una maggiore sicurezza<\/strong><\/em><\/strong><\/p>\n\n\n\n<p style=\"margin-bottom:var(--wp--preset--spacing--tb-section-padding)\">Privilegiate la sicurezza e la fiducia con le nostre <strong>impugnature antiscivolo<\/strong>. Offrono una presa sicura, riducendo il rischio di incidenti durante gli allenamenti.<\/p>\n\n\n\n<h3 class=\"wp-block-heading\" style=\"margin-bottom:var(--wp--preset--spacing--h-3-bottom)\"><strong><strong><strong><strong><strong><strong><strong>Protezioni per pavimenti durevoli<\/strong><\/strong><\/strong><\/strong><\/strong><\/strong><\/strong><\/h3>\n\n\n\n<p><strong><em><strong><strong><strong><strong>Conservare la pavimentazione della palestra<\/strong><\/strong><\/strong><\/strong><\/em><\/strong><\/p>\n\n\n\n<p style=\"margin-bottom:var(--wp--preset--spacing--tb-section-padding)\">Le nostre attrezzature sono dotate di <strong>protezioni durevoli per il pavimento<\/strong> che proteggono la palestra da danni e graffi, anche durante gli allenamenti pi\u00f9 intensi.<\/p>\n<\/div>\n\n\n\n<div class=\"wp-block-column is-vertically-aligned-center is-layout-flow wp-block-column-is-layout-flow\">\n<figure class=\"wp-block-image size-full is-resized is-style-rounded\"><img loading=\"lazy\" decoding=\"async\" width=\"810\" height=\"810\" src=\"https:\/\/store.evolve-fitness.eu\/wp-content\/uploads\/2024\/05\/Dizainas-be-pavadinimo-74.png\" alt=\"\" class=\"wp-image-62724\" style=\"aspect-ratio:0.7496757457846952;object-fit:cover;width:654px;height:auto\" srcset=\"https:\/\/store.evolve-fitness.eu\/wp-content\/uploads\/2024\/05\/Dizainas-be-pavadinimo-74.png 810w, https:\/\/store.evolve-fitness.eu\/wp-content\/uploads\/2024\/05\/Dizainas-be-pavadinimo-74-300x300.png 300w, https:\/\/store.evolve-fitness.eu\/wp-content\/uploads\/2024\/05\/Dizainas-be-pavadinimo-74-150x150.png 150w, https:\/\/store.evolve-fitness.eu\/wp-content\/uploads\/2024\/05\/Dizainas-be-pavadinimo-74-768x768.png 768w, https:\/\/store.evolve-fitness.eu\/wp-content\/uploads\/2024\/05\/Dizainas-be-pavadinimo-74-600x600.png 600w, https:\/\/store.evolve-fitness.eu\/wp-content\/uploads\/2024\/05\/Dizainas-be-pavadinimo-74-100x100.png 100w\" sizes=\"auto, (max-width: 810px) 100vw, 810px\" \/><\/figure>\n<\/div>\n<\/div>\n\n\n\n<div class=\"wp-block-columns alignwide mobile-reverse is-layout-flex wp-container-core-columns-is-layout-ca64bf2d wp-block-columns-is-layout-flex\" style=\"margin-bottom:var(--wp--preset--spacing--side-padding)\">\n<div class=\"wp-block-column is-vertically-aligned-center is-layout-flow wp-block-column-is-layout-flow\">\n<figure class=\"wp-block-image size-full is-resized is-style-rounded\"><img loading=\"lazy\" decoding=\"async\" width=\"810\" height=\"810\" src=\"https:\/\/store.evolve-fitness.eu\/wp-content\/uploads\/2024\/05\/Dizainas-be-pavadinimo-75.png\" alt=\"\" class=\"wp-image-62749\" style=\"aspect-ratio:1.1333333333333333;object-fit:cover;width:860px;height:auto\" srcset=\"https:\/\/store.evolve-fitness.eu\/wp-content\/uploads\/2024\/05\/Dizainas-be-pavadinimo-75.png 810w, https:\/\/store.evolve-fitness.eu\/wp-content\/uploads\/2024\/05\/Dizainas-be-pavadinimo-75-300x300.png 300w, https:\/\/store.evolve-fitness.eu\/wp-content\/uploads\/2024\/05\/Dizainas-be-pavadinimo-75-150x150.png 150w, https:\/\/store.evolve-fitness.eu\/wp-content\/uploads\/2024\/05\/Dizainas-be-pavadinimo-75-768x768.png 768w, https:\/\/store.evolve-fitness.eu\/wp-content\/uploads\/2024\/05\/Dizainas-be-pavadinimo-75-600x600.png 600w, https:\/\/store.evolve-fitness.eu\/wp-content\/uploads\/2024\/05\/Dizainas-be-pavadinimo-75-100x100.png 100w\" sizes=\"auto, (max-width: 810px) 100vw, 810px\" \/><\/figure>\n<\/div>\n\n\n\n<div class=\"wp-block-column is-vertically-aligned-center is-layout-flow wp-block-column-is-layout-flow\">\n<h3 class=\"wp-block-heading\" style=\"margin-bottom:var(--wp--preset--spacing--h-3-bottom)\"><strong><strong><strong><strong><strong><strong><strong><strong>Prestazioni durature<\/strong><\/strong><\/strong><\/strong><\/strong><\/strong><\/strong><\/strong><\/h3>\n\n\n\n<p><strong><em><strong><strong><strong><strong><strong>Pelle PU di qualit\u00e0 superiore, per impieghi gravosi<\/strong><\/strong><\/strong><\/strong><\/strong><\/em><\/strong><\/p>\n\n\n\n<p style=\"margin-bottom:var(--wp--preset--spacing--tb-section-padding)\">Sperimentate un comfort e delle prestazioni eccezionali con i nostri rivestimenti in <strong>pelle PU di qualit\u00e0 superiore e per impieghi gravosi<\/strong>. Combina la durata con l&#8217;estetica, offrendo il meglio del lusso del fitness.<\/p>\n\n\n\n<h3 class=\"wp-block-heading\" style=\"margin-bottom:var(--wp--preset--spacing--h-3-bottom)\"><strong><strong><strong><strong><strong><strong><strong><strong><strong>Finitura duratura<\/strong><\/strong><\/strong><\/strong><\/strong><\/strong><\/strong><\/strong><\/strong><\/h3>\n\n\n\n<p><strong><em><strong><strong><strong><strong><strong><strong>Tecnologia di spruzzatura elettrostatica di polveri termoindurenti<\/strong><\/strong><\/strong><\/strong><\/strong><\/strong><\/em><\/strong><\/p>\n\n\n\n<p>Le nostre macchine sono dotate di una <strong>tecnologia di spruzzatura elettrostatica di polveri termoindurenti<\/strong> che garantisce una finitura duratura. Questo rivestimento avanzato mantiene l&#8217;estetica dell&#8217;apparecchiatura nel tempo.<\/p>\n<\/div>\n<\/div>\n<\/section>\n<\/section>\n\n<p><\/p>\n","protected":false},"excerpt":{"rendered":"<p>L&#8217;Evolve UL-250 Plate Loaded Abdominal Crunch \u00e8 una macchina commerciale resistente ed efficace per l&#8217;allenamento degli addominali. Grazie alla solida struttura in acciaio, alle maniglie antiscivolo, all&#8217;angolo di seduta regolabile e alla compatibilit\u00e0 con pesi olimpici da 50-51 mm, \u00e8 perfetta per le palestre professionali e per gli utenti domestici pi\u00f9 esigenti. Il rivestimento in pelle PU di prima qualit\u00e0, le protezioni per il pavimento e la capacit\u00e0 di carico massima di 200 kg ne fanno una scelta comoda e duratura. Inoltre, viene fornito con una garanzia di 2 anni, che garantisce l&#8217;affidabilit\u00e0 della vostra routine di fitness.  <\/p>\n","protected":false},"featured_media":61216,"template":"","meta":{"_acf_changed":false,"inline_featured_image":false},"product_cat":[528,796,798],"product_tag":[],"class_list":{"0":"post-56231","1":"product","2":"type-product","3":"status-publish","4":"has-post-thumbnail","6":"product_cat-pagina-iniziale","7":"product_cat-macchine-a-piastre","8":"product_cat-serie-ultra-con-carico-a-piastra","10":"first","11":"instock","12":"shipping-taxable","13":"purchasable","14":"product-type-simple"},"acf":[],"_links":{"self":[{"href":"https:\/\/store.evolve-fitness.eu\/it\/wp-json\/wp\/v2\/product\/56231","targetHints":{"allow":["GET"]}}],"collection":[{"href":"https:\/\/store.evolve-fitness.eu\/it\/wp-json\/wp\/v2\/product"}],"about":[{"href":"https:\/\/store.evolve-fitness.eu\/it\/wp-json\/wp\/v2\/types\/product"}],"wp:featuredmedia":[{"embeddable":true,"href":"https:\/\/store.evolve-fitness.eu\/it\/wp-json\/wp\/v2\/media\/61216"}],"wp:attachment":[{"href":"https:\/\/store.evolve-fitness.eu\/it\/wp-json\/wp\/v2\/media?parent=56231"}],"wp:term":[{"taxonomy":"product_cat","embeddable":true,"href":"https:\/\/store.evolve-fitness.eu\/it\/wp-json\/wp\/v2\/product_cat?post=56231"},{"taxonomy":"product_tag","embeddable":true,"href":"https:\/\/store.evolve-fitness.eu\/it\/wp-json\/wp\/v2\/product_tag?post=56231"}],"curies":[{"name":"wp","href":"https:\/\/api.w.org\/{rel}","templated":true}]}}