{"id":54899,"date":"2024-01-25T13:50:49","date_gmt":"2024-01-25T13:50:49","guid":{"rendered":"https:\/\/store.evolve-fitness.eu\/product\/corda-evolve-speed-300-cm\/"},"modified":"2026-04-10T12:00:22","modified_gmt":"2026-04-10T12:00:22","slug":"corda-evolve-speed-300-cm","status":"publish","type":"product","link":"https:\/\/store.evolve-fitness.eu\/it\/prodotto\/corda-evolve-speed-300-cm\/","title":{"rendered":"Corda Evolve Speed &#8211; 300 cm"},"content":{"rendered":"\n<section class=\"wp-block-group alignfull has-lightgray-background-color has-background is-layout-constrained wp-block-group-is-layout-constrained\">\n<div class=\"wp-block-columns alignwide is-layout-flex wp-container-core-columns-is-layout-2edb0647 wp-block-columns-is-layout-flex\" style=\"margin-top:0;margin-bottom:0\">\n<div class=\"wp-block-column is-layout-flow wp-block-column-is-layout-flow\" style=\"flex-basis:33.33%\"><\/div>\n\n\n\n<div class=\"wp-block-column is-layout-flow wp-block-column-is-layout-flow\" style=\"flex-basis:66.66%\"><\/div>\n<\/div>\n<\/section>\n","protected":false},"excerpt":{"rendered":"<p>La corda Evolve Speed Rope, che misura 300 cm, \u00e8 progettata per migliorare la forma cardiovascolare e la coordinazione. Questa corda per la velocit\u00e0 \u00e8 adatta a vari livelli di abilit\u00e0 e forma fisica, dai principianti agli atleti esperti. \u00c8 uno strumento efficace per un&#8217;ampia gamma di allenamenti, tra cui l&#8217;interval training ad alta intensit\u00e0 e gli esercizi di condizionamento.<\/p>\n","protected":false},"featured_media":54901,"template":"","meta":{"_acf_changed":false,"inline_featured_image":false},"product_cat":[611,613],"product_tag":[],"class_list":{"0":"post-54899","1":"product","2":"type-product","3":"status-publish","4":"has-post-thumbnail","6":"product_cat-interdisciplinare-e-funzionale","7":"product_cat-apparecchiature-funzionali","9":"first","10":"instock","11":"shipping-taxable","12":"purchasable","13":"product-type-simple"},"acf":[],"_links":{"self":[{"href":"https:\/\/store.evolve-fitness.eu\/it\/wp-json\/wp\/v2\/product\/54899","targetHints":{"allow":["GET"]}}],"collection":[{"href":"https:\/\/store.evolve-fitness.eu\/it\/wp-json\/wp\/v2\/product"}],"about":[{"href":"https:\/\/store.evolve-fitness.eu\/it\/wp-json\/wp\/v2\/types\/product"}],"wp:featuredmedia":[{"embeddable":true,"href":"https:\/\/store.evolve-fitness.eu\/it\/wp-json\/wp\/v2\/media\/54901"}],"wp:attachment":[{"href":"https:\/\/store.evolve-fitness.eu\/it\/wp-json\/wp\/v2\/media?parent=54899"}],"wp:term":[{"taxonomy":"product_cat","embeddable":true,"href":"https:\/\/store.evolve-fitness.eu\/it\/wp-json\/wp\/v2\/product_cat?post=54899"},{"taxonomy":"product_tag","embeddable":true,"href":"https:\/\/store.evolve-fitness.eu\/it\/wp-json\/wp\/v2\/product_tag?post=54899"}],"curies":[{"name":"wp","href":"https:\/\/api.w.org\/{rel}","templated":true}]}}