{"id":53961,"date":"2024-01-25T07:05:37","date_gmt":"2024-01-25T07:05:37","guid":{"rendered":"https:\/\/store.evolve-fitness.eu\/product\/panca-regolabile-della-serie-evolve-prime\/"},"modified":"2025-12-19T12:00:28","modified_gmt":"2025-12-19T12:00:28","slug":"panca-regolabile-della-serie-evolve-prime","status":"publish","type":"product","link":"https:\/\/store.evolve-fitness.eu\/it\/prodotto\/panca-regolabile-della-serie-evolve-prime\/","title":{"rendered":"Panca regolabile della serie Evolve Prime"},"content":{"rendered":"\n<section class=\"wp-block-group alignfull black-content has-white-color has-darkgray-background-color has-text-color has-background is-layout-constrained wp-block-group-is-layout-constrained\" style=\"padding-top:var(--wp--preset--spacing--section-bottom);padding-bottom:var(--wp--preset--spacing--section-bottom)\">\n<div class=\"wp-block-columns alignwide mobile-reverse is-layout-flex wp-container-core-columns-is-layout-ca64bf2d wp-block-columns-is-layout-flex\" style=\"margin-bottom:var(--wp--preset--spacing--side-padding)\">\n<div class=\"wp-block-column is-vertically-aligned-center is-layout-flow wp-block-column-is-layout-flow\">\n<h3 class=\"wp-block-heading\" style=\"margin-bottom:var(--wp--preset--spacing--h-3-bottom)\"><strong><strong><strong><strong><strong><strong><strong>Durevole e personalizzabile<\/strong><\/strong><\/strong><\/strong><\/strong><\/strong><\/strong><\/h3>\n\n\n\n<p><strong><em><strong><em><strong><strong><strong><strong><strong>Panche per il fitness<\/strong><\/strong><\/strong><\/strong><\/strong><\/em><\/strong><\/em><\/strong><\/p>\n\n\n\n<p style=\"margin-bottom:var(--wp--preset--spacing--tb-section-padding)\">Elevate il vostro spazio fitness con le nostre panche Evolve. Realizzate con una solida struttura metallica utilizzando una tecnologia all&#8217;avanguardia di spruzzatura elettrostatica di polveri termoindurenti, queste panche sono costruite per durare nel tempo. Il design robusto garantisce la resistenza alle esigenze di utenti domestici, palestre professionali e strutture commerciali per il fitness, tra cui basi militari, hotel, ostelli e centri di riabilitazione.<\/p>\n<\/div>\n\n\n\n<div class=\"wp-block-column is-vertically-aligned-center is-layout-flow wp-block-column-is-layout-flow\">\n<figure class=\"wp-block-video\"><video autoplay=\"\" controls=\"\" loop=\"\" muted=\"\" src=\"https:\/\/evolve-fitness.eu\/wp-content\/uploads\/2023\/09\/1-2.mp4\"><\/video><\/figure>\n<\/div>\n<\/div>\n\n\n\n<div class=\"wp-block-columns alignwide is-layout-flex wp-container-core-columns-is-layout-c45ee707 wp-block-columns-is-layout-flex\" style=\"margin-bottom:var(--wp--preset--spacing--side-padding);padding-top:var(--wp--preset--spacing--side-padding)\">\n<div class=\"wp-block-column is-vertically-aligned-center is-layout-flow wp-block-column-is-layout-flow\">\n<figure class=\"wp-block-image size-large is-resized is-style-rounded\"><img decoding=\"async\" src=\"https:\/\/evolve-fitness.eu\/wp-content\/uploads\/2023\/09\/Lemon-Gym-Saharova-15-1024x768.jpg\" alt=\"\" class=\"wp-image-4047\" style=\"object-fit:cover;width:680px;height:600px\"\/><\/figure>\n<\/div>\n\n\n\n<div class=\"wp-block-column is-vertically-aligned-center is-layout-flow wp-block-column-is-layout-flow\">\n<h3 class=\"wp-block-heading\" style=\"margin-bottom:var(--wp--preset--spacing--h-3-bottom)\"><strong>Personalizzati per il vostro marchio<\/strong><\/h3>\n\n\n\n<p><strong><em><strong><em>Si abbina alla combinazione di colori degli interni<\/em><\/strong><\/em><\/strong><\/p>\n\n\n\n<p style=\"margin-bottom:var(--wp--preset--spacing--tb-section-padding)\">Migliorate l&#8217;immagine del marchio della vostra palestra scegliendo le attrezzature Evolve. Offriamo opzioni di personalizzazione per adattarsi alla combinazione di colori degli interni. \u00c8 anche possibile personalizzare i colori del telaio e del rivestimento per integrarli perfettamente con l&#8217;estetica della struttura. Ottenete l&#8217;attrezzatura per il fitness che stavate aspettando: durevole, elegante e su misura per le vostre esigenze specifiche. Scegliete Evolve per avere attrezzature per il fitness di altissimo livello che eccellono negli ambienti commerciali e completano la vostra visione del design.<\/p>\n<\/div>\n<\/div>\n\n\n\n<div class=\"wp-block-columns alignwide is-layout-flex wp-container-core-columns-is-layout-c45ee707 wp-block-columns-is-layout-flex\" style=\"margin-bottom:var(--wp--preset--spacing--side-padding);padding-top:var(--wp--preset--spacing--side-padding)\">\n<div class=\"wp-block-column is-vertically-aligned-center is-layout-flow wp-block-column-is-layout-flow\">\n<h3 class=\"wp-block-heading\" style=\"margin-bottom:var(--wp--preset--spacing--h-3-bottom)\"><strong><strong><strong><strong><strong><strong><strong><strong>Funzionale<\/strong> <strong>Stabilit\u00e0<\/strong><\/strong><\/strong><\/strong><\/strong><\/strong><\/strong><\/strong><\/h3>\n\n\n\n<p><strong><em><strong><em><strong><strong><strong><strong><strong><strong><em><strong><em><strong><strong><strong><strong><strong>Coperture in PVC<\/strong><\/strong><\/strong><\/strong><\/strong><\/em><\/strong><\/em><\/strong><\/strong><\/strong><\/strong><\/strong><\/strong><\/em><\/strong><\/em><\/strong><\/p>\n\n\n\n<p style=\"margin-bottom:var(--wp--preset--spacing--tb-section-padding)\">Le nostre panche Evolve sono dotate di morbidi rivestimenti in PVC sui piedi per proteggere i pavimenti e garantire un&#8217;eccezionale stabilit\u00e0 anche durante gli allenamenti pi\u00f9 intensi. Potete contare su queste panche per un allenamento completo del corpo con la massima stabilit\u00e0. L&#8217;imbottitura, morbida e confortevole, \u00e8 riempita con schiuma densa e resistente che non perde la sua forma nel tempo. Inoltre, \u00e8 rivestito in pelle PU di alta qualit\u00e0 e resistente per una lunga durata.<\/p>\n<\/div>\n\n\n\n<div class=\"wp-block-column is-vertically-aligned-center is-layout-flow wp-block-column-is-layout-flow\">\n<figure class=\"wp-block-video\"><video autoplay=\"\" controls=\"\" loop=\"\" muted=\"\" src=\"https:\/\/evolve-fitness.eu\/wp-content\/uploads\/2023\/09\/2-1.mp4\"><\/video><\/figure>\n<\/div>\n<\/div>\n<\/section>\n","protected":false},"excerpt":{"rendered":"<p>La panca regolabile Evolve Prime Series, PR-204, \u00e8 una panca per fitness commerciale di alta qualit\u00e0 e durata. Presenta una robusta struttura in metallo con rivestimento antiruggine, angoli regolabili per il massimo comfort e un design stabile con protezioni per il pavimento. Il banco \u00e8 compatto e facile da spostare grazie alle ruote di trasporto e alla maniglia. La sua confortevole imbottitura \u00e8 riempita di schiuma densa e rivestita in pelle PU per impieghi gravosi. \u00c8 possibile anche personalizzarne i colori per adattarli agli interni della palestra. Con una garanzia di 2 anni e una capacit\u00e0 di peso di 280 kg, questa panca \u00e8 una scelta fantastica per le strutture di fitness professionali.<\/p>\n","protected":false},"featured_media":53967,"template":"","meta":{"_acf_changed":false,"inline_featured_image":false},"product_cat":[528,1266,1303],"product_tag":[],"class_list":{"0":"post-53961","1":"product","2":"type-product","3":"status-publish","4":"has-post-thumbnail","6":"product_cat-pagina-iniziale","7":"product_cat-panchine","8":"product_cat-panche-prime-series","10":"first","11":"outofstock","12":"shipping-taxable","13":"purchasable","14":"product-type-simple"},"acf":[],"_links":{"self":[{"href":"https:\/\/store.evolve-fitness.eu\/it\/wp-json\/wp\/v2\/product\/53961","targetHints":{"allow":["GET"]}}],"collection":[{"href":"https:\/\/store.evolve-fitness.eu\/it\/wp-json\/wp\/v2\/product"}],"about":[{"href":"https:\/\/store.evolve-fitness.eu\/it\/wp-json\/wp\/v2\/types\/product"}],"wp:featuredmedia":[{"embeddable":true,"href":"https:\/\/store.evolve-fitness.eu\/it\/wp-json\/wp\/v2\/media\/53967"}],"wp:attachment":[{"href":"https:\/\/store.evolve-fitness.eu\/it\/wp-json\/wp\/v2\/media?parent=53961"}],"wp:term":[{"taxonomy":"product_cat","embeddable":true,"href":"https:\/\/store.evolve-fitness.eu\/it\/wp-json\/wp\/v2\/product_cat?post=53961"},{"taxonomy":"product_tag","embeddable":true,"href":"https:\/\/store.evolve-fitness.eu\/it\/wp-json\/wp\/v2\/product_tag?post=53961"}],"curies":[{"name":"wp","href":"https:\/\/api.w.org\/{rel}","templated":true}]}}