{"id":53688,"date":"2024-01-24T14:24:32","date_gmt":"2024-01-24T14:24:32","guid":{"rendered":"https:\/\/store.evolve-fitness.eu\/product\/panca-regolabile-serie-evolve-econ\/"},"modified":"2025-09-25T17:14:52","modified_gmt":"2025-09-25T17:14:52","slug":"panca-regolabile-serie-evolve-econ","status":"publish","type":"product","link":"https:\/\/store.evolve-fitness.eu\/it\/prodotto\/panca-regolabile-serie-evolve-econ\/","title":{"rendered":"Panca regolabile serie Evolve Econ"},"content":{"rendered":"\n<section class=\"wp-block-group alignfull black-content has-white-color has-darkgray-background-color has-text-color has-background is-layout-constrained wp-block-group-is-layout-constrained\" style=\"padding-top:var(--wp--preset--spacing--section-bottom);padding-bottom:var(--wp--preset--spacing--section-bottom)\">\n<div class=\"wp-block-columns alignwide is-layout-flex wp-container-core-columns-is-layout-c45ee707 wp-block-columns-is-layout-flex\" style=\"margin-bottom:var(--wp--preset--spacing--side-padding);padding-top:var(--wp--preset--spacing--side-padding)\">\n<div class=\"wp-block-column is-vertically-aligned-center is-layout-flow wp-block-column-is-layout-flow\">\n<figure class=\"wp-block-image size-large is-style-rounded\"><img decoding=\"async\" src=\"https:\/\/evolve-fitness.eu\/wp-content\/uploads\/2023\/09\/EV-BN-EC-117-1-2-1024x683.jpg\" alt=\"\" class=\"wp-image-165551\"\/><\/figure>\n<\/div>\n\n\n\n<div class=\"wp-block-column is-vertically-aligned-center is-layout-flow wp-block-column-is-layout-flow\">\n<h3 class=\"wp-block-heading\" style=\"margin-bottom:var(--wp--preset--spacing--h-3-bottom)\"><strong><strong><strong><strong><strong><strong><strong><strong><strong><strong><strong>Alta qualit\u00e0<\/strong><\/strong><\/strong><\/strong><\/strong><\/strong><\/strong><\/strong><\/strong><\/strong><\/strong><\/h3>\n\n\n\n<p>Le nostre panche per il fitness sono costruite per durare nel tempo, con una solida struttura metallica realizzata con tubi circolari saldati. L&#8217;avanzata tecnologia di spruzzatura elettrostatica di polveri termoindurenti non solo conferisce alla superficie un aspetto elegante, ma fornisce anche un&#8217;eccellente protezione dalla ruggine. Che si tratti di un appassionato di home fitness o di una palestra professionale, le nostre panche Evolve sono progettate per soddisfare le vostre esigenze. Sono perfetti anche per le strutture fitness commerciali nelle basi militari, negli hotel, negli ostelli e nei centri di riabilitazione.<\/p>\n<\/div>\n<\/div>\n\n\n\n<div class=\"wp-block-columns alignwide is-layout-flex wp-container-core-columns-is-layout-c45ee707 wp-block-columns-is-layout-flex\" style=\"margin-bottom:var(--wp--preset--spacing--side-padding);padding-top:var(--wp--preset--spacing--side-padding)\">\n<div class=\"wp-block-column is-vertically-aligned-center is-layout-flow wp-block-column-is-layout-flow\">\n<h3 class=\"wp-block-heading\" style=\"margin-bottom:var(--wp--preset--spacing--h-3-bottom)\"><strong><strong><strong><strong><strong><strong><strong><strong><strong>Design regolabile<\/strong><\/strong><\/strong><\/strong><\/strong><\/strong><\/strong><\/strong><\/strong><\/h3>\n\n\n\n<p style=\"margin-bottom:var(--wp--preset--spacing--tb-section-padding)\">La panca consente di regolare le posizioni <strong>inclinata<\/strong>, <strong>piana<\/strong> e <strong>declinata<\/strong>, per soddisfare un&#8217;ampia gamma di esercizi. Le molteplici regolazioni dello schienale e della seduta assicurano un&#8217;ergonomia e una flessibilit\u00e0 ottimali durante gli allenamenti. <\/p>\n<\/div>\n\n\n\n<div class=\"wp-block-column is-vertically-aligned-center is-layout-flow wp-block-column-is-layout-flow\">\n<figure class=\"wp-block-image size-large is-style-rounded\"><img decoding=\"async\" src=\"https:\/\/evolve-fitness.eu\/wp-content\/uploads\/2023\/09\/Untitled-1-1-1024x768.png\" alt=\"\" class=\"wp-image-165576\"\/><\/figure>\n<\/div>\n<\/div>\n\n\n\n<div class=\"wp-block-columns alignwide is-layout-flex wp-container-core-columns-is-layout-c45ee707 wp-block-columns-is-layout-flex\" style=\"margin-bottom:var(--wp--preset--spacing--side-padding);padding-top:var(--wp--preset--spacing--side-padding)\">\n<div class=\"wp-block-column is-vertically-aligned-center is-layout-flow wp-block-column-is-layout-flow\">\n<figure class=\"wp-block-image size-large is-style-rounded\"><img decoding=\"async\" src=\"https:\/\/evolve-fitness.eu\/wp-content\/uploads\/2023\/09\/EV-BN-EC-117-4-3-1024x683.jpg\" alt=\"\" class=\"wp-image-165475\"\/><\/figure>\n<\/div>\n\n\n\n<div class=\"wp-block-column is-vertically-aligned-center is-layout-flow wp-block-column-is-layout-flow\">\n<h3 class=\"wp-block-heading\" style=\"margin-bottom:var(--wp--preset--spacing--h-3-bottom)\"><strong><strong>Robusto e durevole<\/strong><\/strong><\/h3>\n\n\n\n<p>Costruita con materiali di alta qualit\u00e0, supporta un carico pesante, rendendola adatta a sessioni di allenamento intense.<\/p>\n<\/div>\n<\/div>\n\n\n\n<div class=\"wp-block-columns alignwide is-layout-flex wp-container-core-columns-is-layout-c45ee707 wp-block-columns-is-layout-flex\" style=\"margin-bottom:var(--wp--preset--spacing--side-padding);padding-top:var(--wp--preset--spacing--side-padding)\">\n<div class=\"wp-block-column is-vertically-aligned-center is-layout-flow wp-block-column-is-layout-flow\">\n<h3 class=\"wp-block-heading\" style=\"margin-bottom:var(--wp--preset--spacing--h-3-bottom)\"><strong><strong>Comfort<\/strong><\/strong><\/h3>\n\n\n\n<p style=\"margin-bottom:var(--wp--preset--spacing--tb-section-padding)\">Imbottito con schiuma resistente e rivestito in pelle PU per una superficie confortevole e di supporto.<\/p>\n<\/div>\n\n\n\n<div class=\"wp-block-column is-vertically-aligned-center is-layout-flow wp-block-column-is-layout-flow\">\n<figure class=\"wp-block-image size-large is-style-rounded\"><img decoding=\"async\" src=\"https:\/\/evolve-fitness.eu\/wp-content\/uploads\/2023\/09\/EV-BN-EC-117-9-1-1024x683.jpg\" alt=\"\" class=\"wp-image-165500\"\/><\/figure>\n<\/div>\n<\/div>\n\n\n\n<div class=\"wp-block-columns alignwide is-layout-flex wp-container-core-columns-is-layout-c45ee707 wp-block-columns-is-layout-flex\" style=\"margin-bottom:var(--wp--preset--spacing--side-padding);padding-top:var(--wp--preset--spacing--side-padding)\">\n<div class=\"wp-block-column is-vertically-aligned-center is-layout-flow wp-block-column-is-layout-flow\">\n<figure class=\"wp-block-image size-large is-style-rounded\"><img decoding=\"async\" src=\"https:\/\/evolve-fitness.eu\/wp-content\/uploads\/2023\/09\/EV-BN-EC-117-5-1024x683.jpg\" alt=\"\" class=\"wp-image-165525\"\/><\/figure>\n<\/div>\n\n\n\n<div class=\"wp-block-column is-vertically-aligned-center is-layout-flow wp-block-column-is-layout-flow\">\n<h3 class=\"wp-block-heading\" style=\"margin-bottom:var(--wp--preset--spacing--h-3-bottom)\"><strong><strong><strong><strong><strong>Uso commerciale e domestico<\/strong><\/strong><\/strong><\/strong><\/strong><\/h3>\n\n\n\n<p>Adatto a palestre e spazi di allenamento personali.<\/p>\n<\/div>\n<\/div>\n<\/section>\n","protected":false},"excerpt":{"rendered":"<p>La panca regolabile Evolve Econ Series EC-117 \u00e8 una scelta robusta e affidabile per gli ambienti fitness commerciali. Realizzato con una solida struttura in metallo e un rivestimento in polvere resistente alla corrosione, garantisce durata e stabilit\u00e0 per gli allenamenti pi\u00f9 intensi. Con 3 coppie di supporti per barre e 8 barre portapiatti integrate, questa panca offre versatilit\u00e0 e organizzazione. Il design ergonomico e la comoda imbottitura lo rendono adatto a utenti di tutte le taglie. Ideale per palestre, basi militari, hotel e altro ancora.<\/p>\n","protected":false},"featured_media":78713,"template":"","meta":{"_acf_changed":false,"inline_featured_image":false},"product_cat":[528,1266,1267],"product_tag":[],"class_list":{"0":"post-53688","1":"product","2":"type-product","3":"status-publish","4":"has-post-thumbnail","6":"product_cat-pagina-iniziale","7":"product_cat-panchine","8":"product_cat-banchi-della-serie-econ","10":"first","11":"instock","12":"shipping-taxable","13":"purchasable","14":"product-type-simple"},"acf":[],"_links":{"self":[{"href":"https:\/\/store.evolve-fitness.eu\/it\/wp-json\/wp\/v2\/product\/53688","targetHints":{"allow":["GET"]}}],"collection":[{"href":"https:\/\/store.evolve-fitness.eu\/it\/wp-json\/wp\/v2\/product"}],"about":[{"href":"https:\/\/store.evolve-fitness.eu\/it\/wp-json\/wp\/v2\/types\/product"}],"wp:featuredmedia":[{"embeddable":true,"href":"https:\/\/store.evolve-fitness.eu\/it\/wp-json\/wp\/v2\/media\/78713"}],"wp:attachment":[{"href":"https:\/\/store.evolve-fitness.eu\/it\/wp-json\/wp\/v2\/media?parent=53688"}],"wp:term":[{"taxonomy":"product_cat","embeddable":true,"href":"https:\/\/store.evolve-fitness.eu\/it\/wp-json\/wp\/v2\/product_cat?post=53688"},{"taxonomy":"product_tag","embeddable":true,"href":"https:\/\/store.evolve-fitness.eu\/it\/wp-json\/wp\/v2\/product_tag?post=53688"}],"curies":[{"name":"wp","href":"https:\/\/api.w.org\/{rel}","templated":true}]}}