{"id":53057,"date":"2024-01-25T09:12:14","date_gmt":"2024-01-25T09:12:14","guid":{"rendered":"https:\/\/store.evolve-fitness.eu\/product\/palla-medica-evolve-da-1-a-5-kg\/"},"modified":"2026-03-18T12:00:57","modified_gmt":"2026-03-18T12:00:57","slug":"palla-medica-evolve-da-1-a-5-kg","status":"publish","type":"product","link":"https:\/\/store.evolve-fitness.eu\/it\/prodotto\/palla-medica-evolve-da-1-a-5-kg\/","title":{"rendered":"Palla medica Evolve da 1 a 5 kg"},"content":{"rendered":"\n<section class=\"wp-block-group alignfull black-content has-white-color has-darkgray-background-color has-text-color has-background is-layout-constrained wp-block-group-is-layout-constrained\" style=\"padding-top:var(--wp--preset--spacing--section-bottom);padding-bottom:var(--wp--preset--spacing--section-bottom)\">\n<section class=\"wp-block-group alignfull black-content has-white-color has-darkgray-background-color has-text-color has-background is-layout-constrained wp-block-group-is-layout-constrained\" style=\"margin-bottom:0;padding-top:var(--wp--preset--spacing--tb-padding);padding-bottom:var(--wp--preset--spacing--tb-padding)\">\n<div class=\"wp-block-columns alignwide mobile-reverse is-layout-flex wp-container-core-columns-is-layout-7a02faa9 wp-block-columns-is-layout-flex\" style=\"margin-bottom:var(--wp--preset--spacing--tb-section-padding)\">\n<div class=\"wp-block-column is-vertically-aligned-center is-layout-flow wp-block-column-is-layout-flow\">\n<h3 class=\"wp-block-heading\" style=\"margin-bottom:var(--wp--preset--spacing--h-3-bottom)\"><strong><strong><strong><strong><strong><strong><strong><strong><strong><strong><strong><strong><strong><strong><strong>disponibile in pesi<\/strong><\/strong><\/strong><\/strong><\/strong><\/strong><\/strong><\/strong><\/strong><\/strong><\/strong><\/strong><\/strong><\/strong><\/strong> <strong><strong><strong><strong><strong><strong><strong><strong><strong><strong><strong><strong><strong><strong><strong>da 1 kg a 5 kg<\/strong><\/strong><\/strong><\/strong><\/strong><\/strong><\/strong><\/strong><\/strong><\/strong><\/strong><\/strong><\/strong><\/strong><\/strong><\/h3>\n\n\n\n<p><strong><em>Progettato per un allenamento versatile e funzionale<\/em><\/strong><\/p>\n\n\n\n<p style=\"margin-bottom:var(--wp--preset--spacing--tb-section-padding)\">\u00c8 stato realizzato per resistere a sessioni intensive, offrendo una presa confortevole per vari esercizi. Questa palla medica fa parte delle attrezzature multifunzionali e durevoli di Evolve, volte a potenziare la forza e la coordinazione, ideali per elevare qualsiasi regime di fitness. \u00c8 parte integrante di uno spazio di allenamento ben attrezzato, incentrato su un design incentrato sull&#8217;utente per un allenamento efficace e sicuro.<\/p>\n<\/div>\n\n\n\n<div class=\"wp-block-column is-vertically-aligned-center is-layout-flow wp-block-column-is-layout-flow\">\n<figure class=\"wp-block-video\"><video height=\"1920\" style=\"aspect-ratio: 2560 \/ 1920;\" width=\"2560\" autoplay=\"\" controls=\"\" loop=\"\" muted=\"\" src=\"https:\/\/evolve-fitness.eu\/wp-content\/uploads\/2024\/01\/Evolve-Medicine-Ball-1-5-kg.mp4\"><\/video><\/figure>\n<\/div>\n<\/div>\n\n\n\n<div class=\"wp-block-columns alignwide mobile-reverse is-layout-flex wp-container-core-columns-is-layout-7a02faa9 wp-block-columns-is-layout-flex\" style=\"margin-bottom:var(--wp--preset--spacing--tb-section-padding)\">\n<div class=\"wp-block-column is-vertically-aligned-center is-layout-flow wp-block-column-is-layout-flow\">\n<figure class=\"wp-block-image size-large\"><img decoding=\"async\" src=\"https:\/\/evolve-fitness.eu\/wp-content\/uploads\/2024\/01\/Evolve-Medicine-Ball-1-kg-1-683x1024.jpg\" alt=\"EV-BL-MB\" class=\"wp-image-9759\"\/><\/figure>\n<\/div>\n\n\n\n<div class=\"wp-block-column is-vertically-aligned-center is-layout-flow wp-block-column-is-layout-flow\">\n<h3 class=\"wp-block-heading\" style=\"margin-bottom:var(--wp--preset--spacing--h-3-bottom)\"><strong><strong><strong><strong><strong>Realizzato con materiali durevoli e di alta qualit\u00e0<\/strong><\/strong><\/strong><\/strong><\/strong><\/h3>\n\n\n\n<p><strong><em>Costruito per resistere ai rigori degli allenamenti pi\u00f9 intensi<\/em><\/strong><\/p>\n\n\n\n<p style=\"margin-bottom:var(--wp--preset--spacing--tb-section-padding)\">I suoi benefici includono il miglioramento della forza, della coordinazione e della flessibilit\u00e0. \u00c8 abbastanza versatile da poter essere utilizzato in un&#8217;ampia gamma di esercizi, il che lo rende uno strumento prezioso sia per gli allenamenti a casa che in palestra.<\/p>\n<\/div>\n<\/div>\n\n\n\n<div class=\"wp-block-columns alignwide mobile-reverse is-layout-flex wp-container-core-columns-is-layout-035fa626 wp-block-columns-is-layout-flex\" style=\"margin-bottom:var(--wp--preset--spacing--side-padding);padding-top:var(--wp--preset--spacing--tb-padding);padding-bottom:var(--wp--preset--spacing--tb-padding)\">\n<div class=\"wp-block-column is-vertically-aligned-center is-layout-flow wp-block-column-is-layout-flow\">\n<h3 class=\"wp-block-heading\" style=\"margin-bottom:var(--wp--preset--spacing--h-3-bottom)\"><strong><strong><strong><strong><strong><strong><strong><strong>prodotto fondamentale per migliorare l&#8217;equilibrio e la coordinazione<\/strong><\/strong><\/strong><\/strong><\/strong><\/strong><\/strong><\/strong><\/h3>\n\n\n\n<p><strong><em>Ideale per la riabilitazione e l&#8217;allenamento sportivo<\/em><\/strong><\/p>\n\n\n\n<p style=\"margin-bottom:var(--wp--preset--spacing--tb-section-padding)\">La palla medica Evolve \u00e8 uno strumento efficace per migliorare la propriocezione, ovvero la capacit\u00e0 del corpo di percepire la propria posizione nello spazio. \u00c8 particolarmente utile per gli atleti e le persone che si stanno riprendendo da infortuni, aiutandoli a recuperare forza e stabilit\u00e0.<\/p>\n<\/div>\n\n\n\n<div class=\"wp-block-column is-vertically-aligned-center is-layout-flow wp-block-column-is-layout-flow\">\n<figure class=\"wp-block-image size-large\"><img decoding=\"async\" src=\"https:\/\/evolve-fitness.eu\/wp-content\/uploads\/2024\/01\/Evolve-Medicine-Ball-3-kg-1-1024x683.jpg\" alt=\"EV-BL-MB\" class=\"wp-image-9761\"\/><\/figure>\n<\/div>\n<\/div>\n\n\n\n<div class=\"wp-block-columns alignwide mobile-reverse is-layout-flex wp-container-core-columns-is-layout-7a02faa9 wp-block-columns-is-layout-flex\" style=\"margin-bottom:var(--wp--preset--spacing--tb-section-padding)\">\n<div class=\"wp-block-column is-vertically-aligned-center is-layout-flow wp-block-column-is-layout-flow\">\n<figure class=\"wp-block-video\"><video autoplay=\"\" controls=\"\" loop=\"\" muted=\"\" src=\"https:\/\/evolve-fitness.eu\/wp-content\/uploads\/2023\/12\/2-12.mp4\"><\/video><\/figure>\n<\/div>\n\n\n\n<div class=\"wp-block-column is-vertically-aligned-center is-layout-flow wp-block-column-is-layout-flow\">\n<h3 class=\"wp-block-heading\" style=\"margin-bottom:var(--wp--preset--spacing--h-3-bottom)\"><strong><strong><strong><strong><strong><strong>Pacchetti di attrezzature<\/strong><\/strong><\/strong><\/strong><\/strong><\/strong><\/h3>\n\n\n\n<p style=\"margin-bottom:var(--wp--preset--spacing--tb-section-padding)\">Esplorate i nostri pacchetti completi di attrezzature che semplificano il processo di allestimento della vostra palestra. Con tutto il necessario per un allenamento di Cross Training o funzionale, raggiungere i vostri obiettivi di fitness non \u00e8 mai stato cos\u00ec facile.<\/p>\n<\/div>\n<\/div>\n\n\n\n<p class=\"has-text-align-center\"><strong>Rinnovate il vostro spazio per l&#8217;allenamento e raggiungete un nuovo livello di fitness con le nostre attrezzature multifunzionali robuste e facili da usare.<\/strong><\/p>\n<\/section>\n<\/section>\n\n<section class=\"wp-block-group alignfull has-lightgray-background-color has-background is-layout-constrained wp-block-group-is-layout-constrained\">\n<div class=\"wp-block-columns alignwide is-layout-flex wp-container-core-columns-is-layout-2edb0647 wp-block-columns-is-layout-flex\" style=\"margin-top:0;margin-bottom:0\">\n<div class=\"wp-block-column is-layout-flow wp-block-column-is-layout-flow\" style=\"flex-basis:33.33%\"><\/div>\n\n\n\n<div class=\"wp-block-column is-layout-flow wp-block-column-is-layout-flow\" style=\"flex-basis:66.66%\"><\/div>\n<\/div>\n<\/section>\n","protected":false},"excerpt":{"rendered":"<p>Vi presentiamo la gamma di palle mediche Evolve, disponibili con pesi da 1 kg a 5 kg. Progettate per la versatilit\u00e0 e la funzionalit\u00e0, queste palle mediche sono essenziali per aggiungere resistenza dinamica ai vostri allenamenti. Realizzata con precisione e durata, ogni palla offre una presa confortevole ed \u00e8 adatta a una serie di esercizi per migliorare la forza e la coordinazione. Elevate il vostro regime di fitness con le palle mediche Evolve, una soluzione completa per allenamenti efficaci e coinvolgenti per tutto il corpo. Scegliete il peso che preferite e portate il vostro allenamento a un livello superiore.<\/p>\n","protected":false},"featured_media":53086,"template":"","meta":{"_acf_changed":false,"inline_featured_image":false},"product_cat":[611,613],"product_tag":[],"class_list":{"0":"post-53057","1":"product","2":"type-product","3":"status-publish","4":"has-post-thumbnail","6":"product_cat-interdisciplinare-e-funzionale","7":"product_cat-apparecchiature-funzionali","9":"first","10":"instock","11":"shipping-taxable","12":"purchasable","13":"product-type-variable"},"acf":[],"_links":{"self":[{"href":"https:\/\/store.evolve-fitness.eu\/it\/wp-json\/wp\/v2\/product\/53057","targetHints":{"allow":["GET"]}}],"collection":[{"href":"https:\/\/store.evolve-fitness.eu\/it\/wp-json\/wp\/v2\/product"}],"about":[{"href":"https:\/\/store.evolve-fitness.eu\/it\/wp-json\/wp\/v2\/types\/product"}],"wp:featuredmedia":[{"embeddable":true,"href":"https:\/\/store.evolve-fitness.eu\/it\/wp-json\/wp\/v2\/media\/53086"}],"wp:attachment":[{"href":"https:\/\/store.evolve-fitness.eu\/it\/wp-json\/wp\/v2\/media?parent=53057"}],"wp:term":[{"taxonomy":"product_cat","embeddable":true,"href":"https:\/\/store.evolve-fitness.eu\/it\/wp-json\/wp\/v2\/product_cat?post=53057"},{"taxonomy":"product_tag","embeddable":true,"href":"https:\/\/store.evolve-fitness.eu\/it\/wp-json\/wp\/v2\/product_tag?post=53057"}],"curies":[{"name":"wp","href":"https:\/\/api.w.org\/{rel}","templated":true}]}}