{"id":52393,"date":"2024-01-24T10:00:51","date_gmt":"2024-01-24T10:00:51","guid":{"rendered":"https:\/\/store.evolve-fitness.eu\/product\/panca-per-la-spinta-dellanca-della-serie-evolve-prime\/"},"modified":"2026-03-03T12:01:44","modified_gmt":"2026-03-03T12:01:44","slug":"panca-per-la-spinta-dellanca-della-serie-evolve-prime","status":"publish","type":"product","link":"https:\/\/store.evolve-fitness.eu\/it\/prodotto\/panca-per-la-spinta-dellanca-della-serie-evolve-prime\/","title":{"rendered":"Panca per la spinta dell&#8217;anca della serie Evolve Prime"},"content":{"rendered":"\n<section class=\"wp-block-group alignfull black-content has-white-color has-darkgray-background-color has-text-color has-background is-layout-constrained wp-block-group-is-layout-constrained\" style=\"padding-top:var(--wp--preset--spacing--section-bottom);padding-bottom:var(--wp--preset--spacing--section-bottom)\">\n<div class=\"wp-block-columns alignwide mobile-reverse is-layout-flex wp-container-core-columns-is-layout-ca64bf2d wp-block-columns-is-layout-flex\" style=\"margin-bottom:var(--wp--preset--spacing--side-padding)\">\n<div class=\"wp-block-column is-vertically-aligned-center is-layout-flow wp-block-column-is-layout-flow\">\n<h3 class=\"wp-block-heading\" style=\"margin-bottom:var(--wp--preset--spacing--h-3-bottom)\"><strong><strong><strong><strong><strong><strong><strong>Durevole e personalizzabile<\/strong><\/strong><\/strong><\/strong><\/strong><\/strong><\/strong><\/h3>\n\n\n\n<p><strong><em><strong><em><strong><strong><strong><strong><strong>Panche per il fitness<\/strong><\/strong><\/strong><\/strong><\/strong><\/em><\/strong><\/em><\/strong><\/p>\n\n\n\n<p style=\"margin-bottom:var(--wp--preset--spacing--tb-section-padding)\">Elevate il vostro spazio fitness con le nostre panche Evolve. Realizzate con una solida struttura metallica utilizzando una tecnologia all&#8217;avanguardia di spruzzatura elettrostatica di polveri termoindurenti, queste panche sono costruite per durare nel tempo. Il design robusto garantisce la resistenza alle esigenze di utenti domestici, palestre professionali e strutture commerciali per il fitness, tra cui basi militari, hotel, ostelli e centri di riabilitazione.<\/p>\n\n\n\n<h3 class=\"wp-block-heading\" style=\"margin-bottom:var(--wp--preset--spacing--h-3-bottom)\"><strong>Funzionale<\/strong> <strong>Stabilit\u00e0<\/strong><\/h3>\n\n\n\n<p><strong><em><strong><em><strong><strong><strong><strong><strong>Coperture in PVC<\/strong><\/strong><\/strong><\/strong><\/strong><\/em><\/strong><\/em><\/strong><\/p>\n\n\n\n<p>Le nostre panche Evolve sono dotate di morbidi rivestimenti in PVC sui piedi per proteggere i pavimenti e garantire un&#8217;eccezionale stabilit\u00e0 anche durante gli allenamenti pi\u00f9 intensi. Potete contare su queste panche per un allenamento completo del corpo con la massima stabilit\u00e0. L&#8217;imbottitura, morbida e confortevole, \u00e8 riempita con schiuma densa e resistente che non perde la sua forma nel tempo. Inoltre, \u00e8 rivestito in pelle PU di alta qualit\u00e0 e resistente per una lunga durata.<\/p>\n<\/div>\n\n\n\n<div class=\"wp-block-column is-vertically-aligned-center is-layout-flow wp-block-column-is-layout-flow\">\n<figure class=\"wp-block-image size-full\"><img loading=\"lazy\" decoding=\"async\" width=\"680\" height=\"600\" src=\"https:\/\/store.evolve-fitness.eu\/wp-content\/uploads\/2024\/06\/EV-BN-PR-410-Evolve-Prime-Series-Hip-Thrust-Bench-1.png\" alt=\"\" class=\"wp-image-79007\" srcset=\"https:\/\/store.evolve-fitness.eu\/wp-content\/uploads\/2024\/06\/EV-BN-PR-410-Evolve-Prime-Series-Hip-Thrust-Bench-1.png 680w, https:\/\/store.evolve-fitness.eu\/wp-content\/uploads\/2024\/06\/EV-BN-PR-410-Evolve-Prime-Series-Hip-Thrust-Bench-1-300x265.png 300w, https:\/\/store.evolve-fitness.eu\/wp-content\/uploads\/2024\/06\/EV-BN-PR-410-Evolve-Prime-Series-Hip-Thrust-Bench-1-600x529.png 600w\" sizes=\"auto, (max-width: 680px) 100vw, 680px\" \/><\/figure>\n<\/div>\n<\/div>\n\n\n\n<div class=\"wp-block-columns alignwide is-layout-flex wp-container-core-columns-is-layout-c45ee707 wp-block-columns-is-layout-flex\" style=\"margin-bottom:var(--wp--preset--spacing--side-padding);padding-top:var(--wp--preset--spacing--side-padding)\">\n<div class=\"wp-block-column is-vertically-aligned-center is-layout-flow wp-block-column-is-layout-flow\">\n<h3 class=\"wp-block-heading\" style=\"margin-bottom:var(--wp--preset--spacing--h-3-bottom)\"><strong>Personalizzati per il vostro marchio<\/strong><\/h3>\n\n\n\n<p><strong><em><strong><em>Si abbina alla combinazione di colori degli interni<\/em><\/strong><\/em><\/strong><\/p>\n\n\n\n<p style=\"margin-bottom:var(--wp--preset--spacing--tb-section-padding)\">Migliorate l&#8217;immagine del marchio della vostra palestra scegliendo le attrezzature Evolve. Offriamo opzioni di personalizzazione per adattarsi alla combinazione di colori degli interni. \u00c8 anche possibile personalizzare i colori del telaio e del rivestimento per integrarli perfettamente con l&#8217;estetica della struttura. Ottenete l&#8217;attrezzatura per il fitness che stavate aspettando: durevole, elegante e su misura per le vostre esigenze specifiche. Scegliete Evolve per avere attrezzature per il fitness di altissimo livello che eccellono negli ambienti commerciali e completano la vostra visione del design.<\/p>\n<\/div>\n<\/div>\n<\/section>\n","protected":false},"excerpt":{"rendered":"<p>La panca per la spinta dell&#8217;anca della serie Evolve Prime \u00e8 un&#8217;aggiunta innovativa a qualsiasi regime di fitness, progettata con competenza per elevare gli allenamenti della parte inferiore del corpo. Questa panca innovativa si rivolge specificamente ai glutei e ai tendini del ginocchio, fornendo una solida piattaforma per l&#8217;esecuzione delle spinte dell&#8217;anca, un esercizio fondamentale per lo sviluppo della forza, il potenziamento delle prestazioni e il miglioramento delle capacit\u00e0 atletiche. La struttura robusta e l&#8217;imbottitura confortevole garantiscono la massima sicurezza e il massimo sostegno, rendendolo ideale per gli utenti di tutti i livelli di fitness. La panca per la spinta dell&#8217;anca della serie Evolve Prime non \u00e8 solo funzionale, ma si integra perfettamente in qualsiasi ambiente di palestra grazie al suo design elegante. Perfetta per le palestre domestiche, i centri fitness commerciali e le strutture di riabilitazione, questa panca \u00e8 uno strumento versatile per chiunque voglia concentrarsi sulla forza e sul condizionamento della parte inferiore del corpo. Incorporando la panca per la spinta dell&#8217;anca Evolve Prime Series nella vostra routine di allenamento, investirete in un attrezzo che promette durata, efficacia e un percorso per raggiungere i vostri obiettivi di fitness.<\/p>\n","protected":false},"featured_media":52394,"template":"","meta":{"_acf_changed":false,"inline_featured_image":false},"product_cat":[528,1266,1303],"product_tag":[],"class_list":{"0":"post-52393","1":"product","2":"type-product","3":"status-publish","4":"has-post-thumbnail","6":"product_cat-pagina-iniziale","7":"product_cat-panchine","8":"product_cat-panche-prime-series","10":"first","11":"outofstock","12":"shipping-taxable","13":"purchasable","14":"product-type-simple"},"acf":[],"_links":{"self":[{"href":"https:\/\/store.evolve-fitness.eu\/it\/wp-json\/wp\/v2\/product\/52393","targetHints":{"allow":["GET"]}}],"collection":[{"href":"https:\/\/store.evolve-fitness.eu\/it\/wp-json\/wp\/v2\/product"}],"about":[{"href":"https:\/\/store.evolve-fitness.eu\/it\/wp-json\/wp\/v2\/types\/product"}],"wp:featuredmedia":[{"embeddable":true,"href":"https:\/\/store.evolve-fitness.eu\/it\/wp-json\/wp\/v2\/media\/52394"}],"wp:attachment":[{"href":"https:\/\/store.evolve-fitness.eu\/it\/wp-json\/wp\/v2\/media?parent=52393"}],"wp:term":[{"taxonomy":"product_cat","embeddable":true,"href":"https:\/\/store.evolve-fitness.eu\/it\/wp-json\/wp\/v2\/product_cat?post=52393"},{"taxonomy":"product_tag","embeddable":true,"href":"https:\/\/store.evolve-fitness.eu\/it\/wp-json\/wp\/v2\/product_tag?post=52393"}],"curies":[{"name":"wp","href":"https:\/\/api.w.org\/{rel}","templated":true}]}}