{"id":52211,"date":"2024-01-24T15:36:22","date_gmt":"2024-01-24T15:36:22","guid":{"rendered":"https:\/\/store.evolve-fitness.eu\/product\/panca-declinata-olimpica-della-serie-evolve-econ\/"},"modified":"2025-03-07T07:19:13","modified_gmt":"2025-03-07T07:19:13","slug":"panca-declinata-olimpica-della-serie-evolve-econ","status":"publish","type":"product","link":"https:\/\/store.evolve-fitness.eu\/it\/prodotto\/panca-declinata-olimpica-della-serie-evolve-econ\/","title":{"rendered":"Panca declinata olimpica della serie Evolve Econ"},"content":{"rendered":"\n<section class=\"wp-block-group alignfull black-content has-white-color has-darkgray-background-color has-text-color has-background is-layout-constrained wp-block-group-is-layout-constrained\" style=\"padding-top:var(--wp--preset--spacing--section-bottom);padding-bottom:var(--wp--preset--spacing--section-bottom)\">\n<h3 class=\"wp-block-heading has-text-align-center\" style=\"margin-bottom:var(--wp--preset--spacing--tb-section-padding)\"><strong>\n  <strong>\n    <strong>EVOLVE <\/strong>\n  <\/strong>\n<\/strong>Panche serie Econ<\/h3>\n\n\n\n<div class=\"wp-block-columns alignwide mobile-reverse is-layout-flex wp-container-core-columns-is-layout-ca64bf2d wp-block-columns-is-layout-flex\" style=\"margin-bottom:var(--wp--preset--spacing--side-padding)\">\n<div class=\"wp-block-column is-vertically-aligned-center is-layout-flow wp-block-column-is-layout-flow\">\n<h3 class=\"wp-block-heading\" style=\"margin-bottom:var(--wp--preset--spacing--h-3-bottom)\"><strong><strong><strong><strong><strong><strong>Alta qualit\u00e0<\/strong><\/strong><\/strong><\/strong><\/strong><\/strong><\/h3>\n\n\n\n<p><strong><em><strong><strong><strong><strong>Design resistente<\/strong><\/strong><\/strong><\/strong><\/em><\/strong><\/p>\n\n\n\n<p style=\"margin-bottom:var(--wp--preset--spacing--tb-padding)\">Le nostre panche per il fitness sono costruite per durare nel tempo, con una solida struttura metallica realizzata con tubi circolari saldati. L&#8217;avanzata tecnologia di spruzzatura elettrostatica di polveri termoindurenti non solo conferisce alla superficie un aspetto elegante, ma fornisce anche un&#8217;eccellente protezione dalla ruggine. Che si tratti di un appassionato di home fitness o di una palestra professionale, le nostre panche Evolve sono progettate per soddisfare le vostre esigenze. Sono perfetti anche per le strutture fitness commerciali nelle basi militari, negli hotel, negli ostelli e nei centri di riabilitazione.<\/p>\n\n\n\n<h3 class=\"wp-block-heading\" style=\"margin-bottom:var(--wp--preset--spacing--h-3-bottom)\"><strong><strong><strong><strong><strong><strong><strong><strong>Funzionalit\u00e0 eccezionale<\/strong><\/strong><\/strong><\/strong><\/strong><\/strong><\/strong><\/strong><\/h3>\n\n\n\n<p><strong><em><strong><strong><strong><strong><strong>Coperture in PVC<\/strong><\/strong><\/strong><\/strong><\/strong><\/em><\/strong><\/p>\n\n\n\n<p>Le nostre panchine non solo sono resistenti, ma sono anche progettate per garantire la massima funzionalit\u00e0. I morbidi rivestimenti in PVC sui piedi proteggono i pavimenti e garantiscono la stabilit\u00e0 anche durante gli allenamenti pi\u00f9 intensi. La panca Evolve Utility Bench offre una piattaforma stabile per un allenamento completo del corpo. L&#8217;imbottitura, morbida e confortevole, \u00e8 riempita con una schiuma densa e duratura che non perde la sua forma. Inoltre, \u00e8 rivestito in pelle PU di alta qualit\u00e0 per una maggiore durata.<\/p>\n<\/div>\n\n\n\n<div class=\"wp-block-column is-vertically-aligned-center is-layout-flow wp-block-column-is-layout-flow\">\n<figure class=\"wp-block-image size-full is-style-rounded\"><img loading=\"lazy\" decoding=\"async\" width=\"1080\" height=\"1080\" src=\"https:\/\/store.evolve-fitness.eu\/wp-content\/uploads\/2024\/06\/Dizainas-be-pavadinimo-4-3.png\" alt=\"\" class=\"wp-image-78271\" style=\"object-fit:cover\" srcset=\"https:\/\/store.evolve-fitness.eu\/wp-content\/uploads\/2024\/06\/Dizainas-be-pavadinimo-4-3.png 1080w, https:\/\/store.evolve-fitness.eu\/wp-content\/uploads\/2024\/06\/Dizainas-be-pavadinimo-4-3-300x300.png 300w, https:\/\/store.evolve-fitness.eu\/wp-content\/uploads\/2024\/06\/Dizainas-be-pavadinimo-4-3-1024x1024.png 1024w, https:\/\/store.evolve-fitness.eu\/wp-content\/uploads\/2024\/06\/Dizainas-be-pavadinimo-4-3-150x150.png 150w, https:\/\/store.evolve-fitness.eu\/wp-content\/uploads\/2024\/06\/Dizainas-be-pavadinimo-4-3-768x768.png 768w, https:\/\/store.evolve-fitness.eu\/wp-content\/uploads\/2024\/06\/Dizainas-be-pavadinimo-4-3-600x600.png 600w, https:\/\/store.evolve-fitness.eu\/wp-content\/uploads\/2024\/06\/Dizainas-be-pavadinimo-4-3-100x100.png 100w\" sizes=\"auto, (max-width: 1080px) 100vw, 1080px\" \/><\/figure>\n<\/div>\n<\/div>\n<\/section>\n","protected":false},"excerpt":{"rendered":"<p>Provate un allenamento di forza superiore con la panca olimpica declinata Evolve Econ Series, EC-511. Progettata per le prestazioni e costruita per durare nel tempo, questa panca \u00e8 un&#8217;aggiunta essenziale a qualsiasi palestra domestica. L&#8217;EC-511 \u00e8 stato progettato per migliorare la muscolatura del torace e della parte superiore del corpo con precisione, fornendo una piattaforma comoda e stabile per gli esercizi di panca olimpica con declinazione. Grazie alla sua struttura robusta e alle caratteristiche di facile utilizzo, questa panca garantisce un allenamento sicuro ed efficace. Con la serie Evolve Econ, la vostra routine di home fitness si arricchisce di una parte superiore del corpo potente e ben definita, per risultati duraturi.<\/p>\n","protected":false},"featured_media":52220,"template":"","meta":{"_acf_changed":false,"inline_featured_image":false},"product_cat":[528,1266,1267],"product_tag":[],"class_list":{"0":"post-52211","1":"product","2":"type-product","3":"status-publish","4":"has-post-thumbnail","6":"product_cat-pagina-iniziale","7":"product_cat-panchine","8":"product_cat-banchi-della-serie-econ","10":"first","11":"instock","12":"shipping-taxable","13":"purchasable","14":"product-type-simple"},"acf":[],"_links":{"self":[{"href":"https:\/\/store.evolve-fitness.eu\/it\/wp-json\/wp\/v2\/product\/52211","targetHints":{"allow":["GET"]}}],"collection":[{"href":"https:\/\/store.evolve-fitness.eu\/it\/wp-json\/wp\/v2\/product"}],"about":[{"href":"https:\/\/store.evolve-fitness.eu\/it\/wp-json\/wp\/v2\/types\/product"}],"wp:featuredmedia":[{"embeddable":true,"href":"https:\/\/store.evolve-fitness.eu\/it\/wp-json\/wp\/v2\/media\/52220"}],"wp:attachment":[{"href":"https:\/\/store.evolve-fitness.eu\/it\/wp-json\/wp\/v2\/media?parent=52211"}],"wp:term":[{"taxonomy":"product_cat","embeddable":true,"href":"https:\/\/store.evolve-fitness.eu\/it\/wp-json\/wp\/v2\/product_cat?post=52211"},{"taxonomy":"product_tag","embeddable":true,"href":"https:\/\/store.evolve-fitness.eu\/it\/wp-json\/wp\/v2\/product_tag?post=52211"}],"curies":[{"name":"wp","href":"https:\/\/api.w.org\/{rel}","templated":true}]}}