{"id":50635,"date":"2024-01-19T08:20:17","date_gmt":"2024-01-19T08:20:17","guid":{"rendered":"https:\/\/store.evolve-fitness.eu\/product\/bilanciere-fisso-per-curl-in-uretano-evolve-cpu\/"},"modified":"2026-03-13T13:00:22","modified_gmt":"2026-03-13T13:00:22","slug":"bilanciere-fisso-per-curl-in-uretano-evolve-cpu","status":"publish","type":"product","link":"https:\/\/store.evolve-fitness.eu\/it\/prodotto\/bilanciere-fisso-per-curl-in-uretano-evolve-cpu\/","title":{"rendered":"Bilanciere fisso per curl in uretano Evolve CPU"},"content":{"rendered":"\n<section class=\"wp-block-group alignfull black-content has-white-color has-darkgray-background-color has-text-color has-background is-layout-constrained wp-block-group-is-layout-constrained\" style=\"padding-top:var(--wp--preset--spacing--section-bottom);padding-bottom:var(--wp--preset--spacing--section-bottom)\">\n<div class=\"wp-block-columns alignwide is-layout-flex wp-container-core-columns-is-layout-c45ee707 wp-block-columns-is-layout-flex\" style=\"margin-bottom:var(--wp--preset--spacing--side-padding);padding-top:var(--wp--preset--spacing--side-padding)\">\n<div class=\"wp-block-column is-vertically-aligned-center is-layout-flow wp-block-column-is-layout-flow\">\n<h3 class=\"wp-block-heading\" style=\"margin-bottom:var(--wp--preset--spacing--h-3-bottom)\">Elevate la vostra palestra con Evolve<\/h3>\n\n\n\n<p><em><strong>Prestazioni durature e personalizzazione per i proprietari di palestre<\/strong><\/em><\/p>\n\n\n\n<p style=\"margin-bottom:var(--wp--preset--spacing--tb-section-padding)\">Un nuovo livello di durata e versatilit\u00e0 con il set di bilancieri a peso fisso dritto o curvo Evolve Urethane. Progettato per soddisfare le esigenze delle palestre commerciali e degli appassionati di home fitness, questo set ridefinisce la resistenza grazie al materiale in uretano di prima qualit\u00e0. Non preoccupatevi di usura, scheggiature o sbucciature: questi bilancieri mantengono un aspetto impeccabile nel tempo e rappresentano una soluzione economica che evita le frequenti sostituzioni.<\/p>\n<\/div>\n\n\n\n<div class=\"wp-block-column is-vertically-aligned-center is-layout-flow wp-block-column-is-layout-flow\">\n<div class=\"wp-block-columns is-layout-flex wp-container-core-columns-is-layout-9d6595d7 wp-block-columns-is-layout-flex\">\n<div class=\"wp-block-column is-layout-flow wp-block-column-is-layout-flow\">\n<figure class=\"wp-block-video\"><video autoplay=\"\" controls=\"\" loop=\"\" muted=\"\" src=\"https:\/\/evolve-fitness.eu\/wp-content\/uploads\/2023\/12\/2-5.mp4\"><\/video><\/figure>\n<\/div>\n<\/div>\n<\/div>\n<\/div>\n\n\n\n<div class=\"wp-block-columns alignwide is-layout-flex wp-container-core-columns-is-layout-c45ee707 wp-block-columns-is-layout-flex\" style=\"margin-bottom:var(--wp--preset--spacing--side-padding);padding-top:var(--wp--preset--spacing--side-padding)\">\n<div class=\"wp-block-column is-vertically-aligned-center is-layout-flow wp-block-column-is-layout-flow\">\n<figure class=\"wp-block-image alignright size-large is-style-rounded\"><img decoding=\"async\" src=\"https:\/\/evolve-fitness.eu\/wp-content\/uploads\/2023\/08\/Dizainas-be-pavadinimo-1024x481.png\" alt=\"\" class=\"wp-image-988\"\/><\/figure>\n<\/div>\n\n\n\n<div class=\"wp-block-column is-vertically-aligned-center is-layout-constrained wp-block-column-is-layout-constrained\">\n<h3 class=\"wp-block-heading\" style=\"margin-bottom:var(--wp--preset--spacing--h-3-bottom)\">Personalizzabile ed elegante<\/h3>\n\n\n\n<p><strong><em><strong><em>Elevare il marchio della vostra palestra<\/em><\/strong><\/em><\/strong><\/p>\n\n\n\n<p style=\"margin-bottom:var(--wp--preset--spacing--tb-section-padding)\">Oltre alla loro eccezionale durata, i bilancieri a peso fisso dritti o curvi Evolve Urethane offrono la possibilit\u00e0 di personalizzazione, consentendo di accentuare l&#8217;impatto visivo e il marchio unico della palestra. Incorporando il logo della vostra palestra e scegliendo colori personalizzati, potrete distinguere la vostra palestra e fare un&#8217;impressione duratura sui vostri soci.<\/p>\n<\/div>\n<\/div>\n\n\n\n<div class=\"wp-block-columns alignwide is-layout-flex wp-container-core-columns-is-layout-c45ee707 wp-block-columns-is-layout-flex\" style=\"margin-bottom:var(--wp--preset--spacing--side-padding);padding-top:var(--wp--preset--spacing--side-padding)\">\n<div class=\"wp-block-column is-vertically-aligned-center is-layout-flow wp-block-column-is-layout-flow\">\n<h3 class=\"wp-block-heading\" style=\"margin-bottom:var(--wp--preset--spacing--h-3-bottom)\">Loghi tagliati al laser e impregnati di uretano<\/h3>\n\n\n\n<p><strong><em>Elevare l&#8217;estetica senza compromettere le prestazioni<\/em><\/strong><\/p>\n\n\n\n<p style=\"margin-bottom:var(--wp--preset--spacing--tb-section-padding)\">Ornati da loghi tagliati al laser e da indicazioni di peso durevoli in uretano, i bilancieri a peso fisso dritti o ricurvi Evolve Urethane fondono perfettamente estetica e praticit\u00e0. Grazie a queste marcature evidenti, \u00e8 possibile passare agevolmente da un peso all&#8217;altro durante l&#8217;allenamento, facilitando un&#8217;esperienza di allenamento efficace e senza interruzioni per i vostri stimati membri della palestra.<\/p>\n<\/div>\n\n\n\n<div class=\"wp-block-column is-vertically-aligned-center is-layout-flow wp-block-column-is-layout-flow\">\n<div class=\"wp-block-columns is-layout-flex wp-container-core-columns-is-layout-9d6595d7 wp-block-columns-is-layout-flex\">\n<div class=\"wp-block-column is-layout-flow wp-block-column-is-layout-flow\">\n<figure class=\"wp-block-image size-full is-style-rounded\"><img decoding=\"async\" src=\"https:\/\/evolve-fitness.eu\/wp-content\/uploads\/2023\/08\/TPU-fixed-barbells-edited.jpg\" alt=\"\" class=\"wp-image-1010\"\/><\/figure>\n<\/div>\n<\/div>\n<\/div>\n<\/div>\n\n\n\n<div class=\"wp-block-columns alignwide is-layout-flex wp-container-core-columns-is-layout-c45ee707 wp-block-columns-is-layout-flex\" style=\"margin-bottom:var(--wp--preset--spacing--side-padding);padding-top:var(--wp--preset--spacing--side-padding)\">\n<div class=\"wp-block-column is-vertically-aligned-center is-layout-flow wp-block-column-is-layout-flow\">\n<figure class=\"wp-block-image size-full is-style-rounded\"><img loading=\"lazy\" decoding=\"async\" width=\"680\" height=\"600\" src=\"https:\/\/store.evolve-fitness.eu\/wp-content\/uploads\/2024\/01\/Evolve-Urethane-Fixed-Weight-Barbells-grip.png\" alt=\"\" class=\"wp-image-4992\" srcset=\"https:\/\/store.evolve-fitness.eu\/wp-content\/uploads\/2024\/01\/Evolve-Urethane-Fixed-Weight-Barbells-grip.png 680w, https:\/\/store.evolve-fitness.eu\/wp-content\/uploads\/2024\/01\/Evolve-Urethane-Fixed-Weight-Barbells-grip-300x265.png 300w, https:\/\/store.evolve-fitness.eu\/wp-content\/uploads\/2024\/01\/Evolve-Urethane-Fixed-Weight-Barbells-grip-600x529.png 600w\" sizes=\"auto, (max-width: 680px) 100vw, 680px\" \/><\/figure>\n<\/div>\n\n\n\n<div class=\"wp-block-column is-vertically-aligned-center is-layout-flow wp-block-column-is-layout-flow\">\n<h3 class=\"wp-block-heading\" style=\"margin-bottom:var(--wp--preset--spacing--h-3-bottom)\">Maniglie zigrinate cromate dure<\/h3>\n\n\n\n<p><strong><em>Una presa che dura nel tempo<\/em><\/strong><\/p>\n\n\n\n<p>Sperimentate una presa e una prestazione senza pari con i bilancieri a peso fisso in uretano di Evolve. Caratterizzati da manici zigrinati e cromati, questi bilancieri offrono una tenuta costante anche durante gli esercizi pi\u00f9 impegnativi. Il design zigrinato assicura una presa solida, completata dalla cromatura che non solo migliora la presa ma aggiunge anche un elegante tocco di durata.<\/p>\n<\/div>\n<\/div>\n\n\n\n<div class=\"wp-block-columns alignwide is-layout-flex wp-container-core-columns-is-layout-c45ee707 wp-block-columns-is-layout-flex\" style=\"margin-bottom:var(--wp--preset--spacing--side-padding);padding-top:var(--wp--preset--spacing--side-padding)\">\n<div class=\"wp-block-column is-vertically-aligned-center is-layout-flow wp-block-column-is-layout-flow\">\n<h3 class=\"wp-block-heading\" style=\"margin-bottom:var(--wp--preset--spacing--h-3-bottom)\">Lavorazione di precisione<\/h3>\n\n\n\n<p><strong><em>Eccellenza costante<\/em><\/strong><\/p>\n\n\n\n<p style=\"margin-bottom:var(--wp--preset--spacing--tb-section-padding)\">Abbracciate la garanzia di un&#8217;eccellenza costante con i bilancieri a peso fisso in uretano Evolve, realizzati con precisione. Grazie a una costruzione meticolosa, questi bilancieri offrono un peso uniforme e prestazioni costanti, superando le opzioni standard che possono presentare discrepanze di peso.<\/p>\n\n\n\n<h3 class=\"wp-block-heading\" style=\"margin-bottom:var(--wp--preset--spacing--h-3-bottom)\">Sicurezza e affidabilit\u00e0<\/h3>\n\n\n\n<p><strong><em>Un&#8217;esperienza di allenamento coerente<\/em><\/strong><\/p>\n\n\n\n<p>Garantire la sicurezza e l&#8217;affidabilit\u00e0 \u00e8 fondamentale e il set di bilancieri a peso fisso dritto o curvo Evolve Urethane mantiene questo impegno. Composti da materiale uretanico di alta qualit\u00e0, atossico e inodore, questi bilancieri creano un ambiente di allenamento sicuro e attento alla salute. La loro struttura robusta riduce al minimo il rischio di rotture o scheggiature, riducendo il rischio di lesioni durante le sessioni di allenamento pi\u00f9 intense.<\/p>\n<\/div>\n\n\n\n<div class=\"wp-block-column is-vertically-aligned-center is-layout-flow wp-block-column-is-layout-flow\">\n<div class=\"wp-block-columns is-layout-flex wp-container-core-columns-is-layout-9d6595d7 wp-block-columns-is-layout-flex\">\n<div class=\"wp-block-column is-layout-flow wp-block-column-is-layout-flow\">\n<figure class=\"wp-block-image size-full is-style-rounded\"><img decoding=\"async\" src=\"https:\/\/evolve-fitness.eu\/wp-content\/uploads\/2023\/08\/Fixed-barbells-3.jpg\" alt=\"\" class=\"wp-image-992\"\/><\/figure>\n<\/div>\n<\/div>\n<\/div>\n<\/div>\n<\/section>\n","protected":false},"excerpt":{"rendered":"<p>Elevate la qualit\u00e0 della vostra palestra con il resistente e versatile set di bilancieri a peso fisso dritto o curvo Evolve Urethane. Realizzati in materiale uretanico di prima qualit\u00e0, questi bilancieri sono progettati per resistere all&#8217;usura e mantenere il loro aspetto. Potete personalizzare l&#8217;identit\u00e0 della vostra palestra con il vostro logo e i vostri colori, facendo risaltare il vostro locale. La sicurezza \u00e8 una priorit\u00e0: questi bilancieri sono realizzati in uretano sicuro e inodore. Il set \u00e8 disponibile in diverse opzioni di peso, da 10 kg a 55 kg, per soddisfare i diversi livelli di fitness. Si pu\u00f2 contare su peso e prestazioni costanti e i loghi trasparenti aggiungono un tocco di stile. Aggiornate l&#8217;offerta della vostra palestra con l&#8217;affidabile set di bilancieri a peso fisso dritto o curvo Evolve Urethane, che dimostra qualit\u00e0 ed eccellenza personalizzata.      <\/p>\n","protected":false},"featured_media":95288,"template":"","meta":{"_acf_changed":false,"inline_featured_image":false},"product_cat":[528,985,1341],"product_tag":[],"class_list":{"0":"post-50635","1":"product","2":"type-product","3":"status-publish","4":"has-post-thumbnail","6":"product_cat-pagina-iniziale","7":"product_cat-pesi-liberi","8":"product_cat-bilancieri-a-peso-fisso","10":"first","11":"instock","12":"shipping-taxable","13":"purchasable","14":"product-type-variable"},"acf":[],"_links":{"self":[{"href":"https:\/\/store.evolve-fitness.eu\/it\/wp-json\/wp\/v2\/product\/50635","targetHints":{"allow":["GET"]}}],"collection":[{"href":"https:\/\/store.evolve-fitness.eu\/it\/wp-json\/wp\/v2\/product"}],"about":[{"href":"https:\/\/store.evolve-fitness.eu\/it\/wp-json\/wp\/v2\/types\/product"}],"wp:featuredmedia":[{"embeddable":true,"href":"https:\/\/store.evolve-fitness.eu\/it\/wp-json\/wp\/v2\/media\/95288"}],"wp:attachment":[{"href":"https:\/\/store.evolve-fitness.eu\/it\/wp-json\/wp\/v2\/media?parent=50635"}],"wp:term":[{"taxonomy":"product_cat","embeddable":true,"href":"https:\/\/store.evolve-fitness.eu\/it\/wp-json\/wp\/v2\/product_cat?post=50635"},{"taxonomy":"product_tag","embeddable":true,"href":"https:\/\/store.evolve-fitness.eu\/it\/wp-json\/wp\/v2\/product_tag?post=50635"}],"curies":[{"name":"wp","href":"https:\/\/api.w.org\/{rel}","templated":true}]}}