{"id":48697,"date":"2024-01-18T08:39:39","date_gmt":"2024-01-18T08:39:39","guid":{"rendered":"https:\/\/store.evolve-fitness.eu\/product\/evolve-serie-ultra-selezionata-per-il-pettorale-e-il-delta-posteriore\/"},"modified":"2024-06-05T12:45:03","modified_gmt":"2024-06-05T12:45:03","slug":"evolve-serie-ultra-selezionata-per-il-pettorale-e-il-delta-posteriore","status":"publish","type":"product","link":"https:\/\/store.evolve-fitness.eu\/it\/prodotto\/evolve-serie-ultra-selezionata-per-il-pettorale-e-il-delta-posteriore\/","title":{"rendered":"Evolve Serie Ultra selezionata per il pettorale e il delta posteriore"},"content":{"rendered":"\n<section class=\"wp-block-group alignfull black-content has-white-color has-darkgray-background-color has-text-color has-background is-layout-constrained wp-block-group-is-layout-constrained\" style=\"padding-top:var(--wp--preset--spacing--section-bottom);padding-bottom:var(--wp--preset--spacing--section-bottom)\">\n<section class=\"wp-block-group alignfull black-content has-white-color has-darkgray-background-color has-text-color has-background is-layout-constrained wp-block-group-is-layout-constrained\" style=\"padding-top:var(--wp--preset--spacing--section-bottom);padding-bottom:var(--wp--preset--spacing--section-bottom)\">\n<div class=\"wp-block-columns alignwide mobile-reverse is-layout-flex wp-container-core-columns-is-layout-ca64bf2d wp-block-columns-is-layout-flex\" style=\"margin-bottom:var(--wp--preset--spacing--side-padding)\">\n<div class=\"wp-block-column is-vertically-aligned-center is-layout-flow wp-block-column-is-layout-flow\">\n<h3 class=\"wp-block-heading\" style=\"margin-bottom:var(--wp--preset--spacing--h-3-bottom)\">Benvenuti nella serie Ultra<\/h3>\n\n\n\n<p><strong><em>Conoscete le nostre apparecchiature della serie Ultra con un tour 3D 360 allo stato dell&#8217;arte<\/em><\/strong><\/p>\n\n\n\n<p>L&#8217;Evolve Ultra Series Selectorized pec Fly\/ Rear Delt, parte della Evolve Ultra Series, \u00e8 costruito per garantire comfort e prestazioni. La macchina \u00e8 stata progettata per la versatilit\u00e0 dell&#8217;esercizio, il supporto ergonomico e le opzioni di regolazione per le diverse dimensioni dell&#8217;utente. Il design \u00e8 esteticamente gradevole, con una finitura resistente e verniciata a polvere, e l&#8217;uso di cavi di alta qualit\u00e0 garantisce un funzionamento regolare.<\/p>\n<\/div>\n\n\n\n<div class=\"wp-block-column is-vertically-aligned-center is-layout-flow wp-block-column-is-layout-flow\">\n<figure class=\"wp-block-video\"><video autoplay=\"\" controls=\"\" loop=\"\" muted=\"\" src=\"https:\/\/evolve-fitness.eu\/wp-content\/uploads\/2023\/08\/Evolve-Ultra-Series-Selectorized-pec-Fly-Rear-Delt.mp4\"><\/video><\/figure>\n<\/div>\n<\/div>\n\n\n\n<div class=\"wp-block-columns alignwide mobile-reverse is-layout-flex wp-container-core-columns-is-layout-ca64bf2d wp-block-columns-is-layout-flex\" style=\"margin-bottom:var(--wp--preset--spacing--side-padding)\">\n<div class=\"wp-block-column is-vertically-aligned-center is-layout-flow wp-block-column-is-layout-flow\">\n<figure class=\"wp-block-video\"><video autoplay=\"\" controls=\"\" loop=\"\" muted=\"\" src=\"https:\/\/evolve-fitness.eu\/wp-content\/uploads\/2023\/08\/Evolve-Ultra-Series-Selectorized-pec-Fly-Rear-Delt-Ul-030-1.mp4\"><\/video><\/figure>\n<\/div>\n\n\n\n<div class=\"wp-block-column is-vertically-aligned-center is-layout-flow wp-block-column-is-layout-flow\">\n<h3 class=\"wp-block-heading\" style=\"margin-bottom:var(--wp--preset--spacing--h-3-bottom)\">Muscoli<\/h3>\n\n\n\n<p><strong><em>La macchina consente di allenare diversi gruppi muscolari<\/em><\/strong><\/p>\n\n\n\n<p><strong>Muscoli pettorali (petto)<\/strong>: Quando si uniscono le maniglie davanti al petto, si fanno lavorare soprattutto i muscoli pettorali maggiori. Questo esercizio aiuta a sviluppare e rafforzare il torace;  <strong>Deltoide anteriore (spalla anteriore)<\/strong>: Il movimento pec fly impegna i muscoli anteriori della spalla, favorendo lo sviluppo generale della spalla;  <strong>Deltoide posteriore (spalla posteriore)<\/strong>: Quando si esegue il volo del deltoide posteriore muovendo le braccia all&#8217;indietro, si agisce sui muscoli deltoidi posteriori, che sono i muscoli della parte posteriore delle spalle. Questo aiuta a migliorare la forza delle spalle e la postura;  <strong>Serrato anteriore<\/strong>: Il serratus anterior, situato sul lato della gabbia toracica, svolge un ruolo di stabilizzazione delle scapole durante l&#8217;esercizio del pec fly;  <strong>Tricipiti Brachii<\/strong>: I muscoli tricipiti della parte posteriore del braccio sono impegnati durante il movimento di pressione o di compressione del pec fly.<\/p>\n<\/div>\n<\/div>\n\n\n\n<div class=\"wp-block-columns alignwide mobile-reverse is-layout-flex wp-container-core-columns-is-layout-ca64bf2d wp-block-columns-is-layout-flex\" style=\"margin-bottom:var(--wp--preset--spacing--side-padding)\">\n<div class=\"wp-block-column is-vertically-aligned-center is-layout-flow wp-block-column-is-layout-flow\">\n<h3 class=\"wp-block-heading\" style=\"margin-bottom:var(--wp--preset--spacing--h-3-bottom)\">Doppia funzione<\/h3>\n\n\n\n<p><em>\n  <strong>Senza sforzo<\/strong>\n<\/em> <strong>\n  <em>formazione<\/em>\n<\/strong><\/p>\n\n\n\n<p style=\"margin-bottom:var(--wp--preset--spacing--tb-section-padding)\">L&#8217;Evolve Ultra Series Selectorized Pec Fly \/ Rear Delt \u00e8 un attrezzo versatile che ha una duplice funzione, in quanto si occupa dell&#8217;allenamento dei pettorali e dei deltoidi. Con il suo design elegante e moderno, \u00e8 una scelta interessante per persone con diversi livelli di esperienza e capacit\u00e0 di fitness. Una delle sue caratteristiche principali \u00e8 la presenza di sei posizioni regolabili su ciascuna mano, che ne migliora notevolmente la funzionalit\u00e0. Questa flessibilit\u00e0 consente agli utenti di passare senza sforzo dagli esercizi per i muscoli del petto a quelli per i muscoli deltoidi.<\/p>\n<\/div>\n\n\n\n<div class=\"wp-block-column is-vertically-aligned-center is-layout-flow wp-block-column-is-layout-flow\">\n<figure class=\"wp-block-video\"><video height=\"2560\" style=\"aspect-ratio: 1213 \/ 2560;\" width=\"1213\" autoplay=\"\" controls=\"\" loop=\"\" muted=\"\" src=\"https:\/\/evolve-fitness.eu\/wp-content\/uploads\/2023\/08\/EV-SC-UL-030-dual-function.mp4\"><\/video><\/figure>\n<\/div>\n<\/div>\n\n\n\n<div class=\"wp-block-columns alignwide mobile-reverse is-layout-flex wp-container-core-columns-is-layout-ca64bf2d wp-block-columns-is-layout-flex\" style=\"margin-bottom:var(--wp--preset--spacing--side-padding)\">\n<div class=\"wp-block-column is-vertically-aligned-center is-layout-flow wp-block-column-is-layout-flow\">\n<figure class=\"wp-block-image size-large\"><img decoding=\"async\" src=\"https:\/\/evolve-fitness.eu\/wp-content\/uploads\/2023\/08\/A7_08491-683x1024.jpg\" alt=\"\" class=\"wp-image-9102\"\/><\/figure>\n<\/div>\n\n\n\n<div class=\"wp-block-column is-vertically-aligned-center is-layout-flow wp-block-column-is-layout-flow\">\n<h3 class=\"wp-block-heading\" style=\"margin-bottom:var(--wp--preset--spacing--h-3-bottom)\">Impugnature multi-impugnatura<\/h3>\n\n\n\n<p><strong><em>Amplia le possibilit\u00e0 di esercizio<\/em><\/strong><\/p>\n\n\n\n<p style=\"margin-bottom:var(--wp--preset--spacing--tb-section-padding)\">Le maniglie a presa multipla della serie Evolve Ultra Selectorized Pec Fly \/ Rear Delt ampliano notevolmente le possibilit\u00e0 di esercizio. La parte orizzontale della maniglia \u00e8 progettata per impedire al gomito di ruotare verso l&#8217;interno, contribuendo a mantenere la stessa altezza per il gomito e la spalla. In questo modo si riduce la sollecitazione dei muscoli lombari e ci si concentra maggiormente sulla stimolazione dei tricipiti nella parte posteriore del braccio. La parte inferiore dell&#8217;impugnatura, che corre in verticale, \u00e8 progettata per evitare che il gomito si rivolga verso l&#8217;esterno quando si eseguono esercizi che coinvolgono il petto. Inoltre, stabilizza le scapole, impedisce la sovraestensione dell&#8217;articolazione della spalla durante i movimenti specifici e migliora la stimolazione dei muscoli del torace.<\/p>\n<\/div>\n<\/div>\n\n\n\n<div class=\"wp-block-columns alignwide mobile-reverse is-layout-flex wp-container-core-columns-is-layout-ca64bf2d wp-block-columns-is-layout-flex\" style=\"margin-bottom:var(--wp--preset--spacing--side-padding)\">\n<div class=\"wp-block-column is-vertically-aligned-center is-layout-flow wp-block-column-is-layout-flow\">\n<h3 class=\"wp-block-heading\" style=\"margin-bottom:var(--wp--preset--spacing--h-3-bottom)\">Sedili sagomati e regolazioni precise dei sedili<\/h3>\n\n\n\n<p><strong><em>Supporto ergonomico<\/em><\/strong><\/p>\n\n\n\n<p style=\"margin-bottom:var(--wp--preset--spacing--tb-section-padding)\">I sedili in poliuretano della serie Evolve Ultra, costruiti con un design modellato e un&#8217;imbottitura a doppia cucitura, offrono una durata e un comfort eccezionali. Sono progettati per offrire un supporto ergonomico alla colonna vertebrale e possono adattarsi a utenti di varie dimensioni. Inoltre, i cuscini per macchine resistenti in PU sono una scelta eccellente per la loro durata, il comfort, la facilit\u00e0 di manutenzione e l&#8217;economicit\u00e0 complessiva. Sono in grado di resistere alle sollecitazioni dell&#8217;allenamento della forza, offrendo al contempo una superficie di esercizio confortevole e igienica. Poich\u00e9 il sedile \u00e8 supportato da un&#8217;asta idraulica, la regolazione dell&#8217;altezza del sedile \u00e8 semplice e pu\u00f2 essere effettuata con una sola mano. Il sedile ha 18 posizioni di regolazione;<\/p>\n<\/div>\n\n\n\n<div class=\"wp-block-column is-vertically-aligned-center is-layout-flow wp-block-column-is-layout-flow\">\n<figure class=\"wp-block-video\"><video height=\"1200\" style=\"aspect-ratio: 1200 \/ 1200;\" width=\"1200\" autoplay=\"\" controls=\"\" loop=\"\" muted=\"\" src=\"https:\/\/evolve-fitness.eu\/wp-content\/uploads\/2023\/08\/Evolve-UL-030-Moulded-Seats-Precise-Seat-Adjustments.mp4\"><\/video><\/figure>\n<\/div>\n<\/div>\n\n\n\n<div class=\"wp-block-columns alignwide mobile-reverse is-layout-flex wp-container-core-columns-is-layout-ca64bf2d wp-block-columns-is-layout-flex\" style=\"margin-bottom:var(--wp--preset--spacing--side-padding)\">\n<div class=\"wp-block-column is-vertically-aligned-center is-layout-flow wp-block-column-is-layout-flow\">\n<figure class=\"wp-block-video\"><video height=\"1213\" style=\"aspect-ratio: 2560 \/ 1213;\" width=\"2560\" autoplay=\"\" controls=\"\" loop=\"\" muted=\"\" src=\"https:\/\/evolve-fitness.eu\/wp-content\/uploads\/2023\/08\/EV-SC-UL-030-Adjustable-Back-and-Chest-Rest-1.mp4\"><\/video><\/figure>\n<\/div>\n\n\n\n<div class=\"wp-block-column is-vertically-aligned-center is-layout-flow wp-block-column-is-layout-flow\">\n<h3 class=\"wp-block-heading\" style=\"margin-bottom:var(--wp--preset--spacing--h-3-bottom)\">Poggia schiena e petto regolabili<\/h3>\n\n\n\n<p><strong><em>Trovare la posizione perfetta<\/em><\/strong><\/p>\n\n\n\n<p style=\"margin-bottom:var(--wp--preset--spacing--tb-section-padding)\">La macchina selettiva Evolve Ultra Series Pec Fly \/ Rear Delt \u00e8 progettata per un&#8217;esperienza di allenamento confortevole e altamente efficace. Dispone di 6 diverse regolazioni dello schienale e del poggiatesta, che consentono di personalizzare la macchina in base alle proporzioni e alle preferenze del corpo. Questo livello di regolazione consente di trovare la posizione perfetta per lavorare sui muscoli pettorali e deltoidi posteriori con il massimo comfort ed efficienza.<\/p>\n<\/div>\n<\/div>\n\n\n\n<div class=\"wp-block-columns alignwide mobile-reverse is-layout-flex wp-container-core-columns-is-layout-ca64bf2d wp-block-columns-is-layout-flex\" style=\"margin-bottom:var(--wp--preset--spacing--side-padding)\">\n<div class=\"wp-block-column is-vertically-aligned-center is-layout-flow wp-block-column-is-layout-flow\">\n<h3 class=\"wp-block-heading\" style=\"margin-bottom:var(--wp--preset--spacing--h-3-bottom)\">Deposito di accessori<\/h3>\n\n\n\n<p><strong><em>Sicuro e facilmente accessibile<\/em><\/strong><\/p>\n\n\n\n<p>Mentre vi allenate, potete riporre comodamente la bottiglia d&#8217;acqua, il telefono e gli oggetti personali negli appositi supporti delle macchine della serie Evolve Ultra. Questi scomparti appositamente progettati consentono di avere un posto sicuro e facilmente accessibile per i propri effetti personali durante le sessioni di allenamento.<\/p>\n\n\n\n<p><strong><em>L&#8217;adesivo dell&#8217;esercizio: il vostro aiuto visivo<\/em><\/strong><\/p>\n\n\n\n<p>Le macchine della serie Evolve Ultra sono dotate di adesivi informativi che fungono da ausilio visivo, facilitando la navigazione tra le caratteristiche e le funzioni della macchina e migliorando l&#8217;esperienza di allenamento. Inoltre, fornisce indicazioni preziose sui vari gruppi muscolari che possono essere efficacemente lavorati sulla macchina, consentendo di ottenere il massimo dalla propria routine di fitness puntando su aree specifiche di interesse.<\/p>\n<\/div>\n\n\n\n<div class=\"wp-block-column is-vertically-aligned-center is-layout-flow wp-block-column-is-layout-flow\">\n<figure class=\"wp-block-video\"><video height=\"1213\" style=\"aspect-ratio: 2560 \/ 1213;\" width=\"2560\" autoplay=\"\" controls=\"\" loop=\"\" muted=\"\" src=\"https:\/\/evolve-fitness.eu\/wp-content\/uploads\/2023\/08\/EV-SC-UL-030-storage.mp4\"><\/video><\/figure>\n<\/div>\n<\/div>\n\n\n\n<div class=\"wp-block-columns alignwide mobile-reverse is-layout-flex wp-container-core-columns-is-layout-ca64bf2d wp-block-columns-is-layout-flex\" style=\"margin-bottom:var(--wp--preset--spacing--side-padding)\">\n<div class=\"wp-block-column is-vertically-aligned-center is-layout-flow wp-block-column-is-layout-flow\">\n<figure class=\"wp-block-image size-full\"><img decoding=\"async\" src=\"https:\/\/evolve-fitness.eu\/wp-content\/uploads\/2024\/01\/plate.webp\" alt=\"\" class=\"wp-image-9942\"\/><\/figure>\n<\/div>\n\n\n\n<div class=\"wp-block-column is-vertically-aligned-center is-layout-flow wp-block-column-is-layout-flow\">\n<h3 class=\"wp-block-heading\" style=\"margin-bottom:var(--wp--preset--spacing--h-3-bottom)\">Piastra di peso superiore<\/h3>\n\n\n\n<p><strong><em>Sfidare ulteriormente se stessi<\/em><\/strong><\/p>\n\n\n\n<p>Evolve Ultra Series Selectorized Pec Fly \/ Rear Delt \u00e8 dotato di due piastre di peso superiore da 2,5 kg che hanno un duplice scopo: migliorare le prestazioni dell&#8217;attrezzo. In primo luogo, estende la resistenza massima che la macchina pu\u00f2 fornire, consentendo agli utenti di sfidare ulteriormente se stessi nei loro allenamenti.<br\/>Inoltre, queste piastre di peso aggiuntive offrono un vantaggio unico, consentendo agli utenti di effettuare incrementi pi\u00f9 piccoli e pi\u00f9 precisi nella regolazione della resistenza, con ogni piastra che fornisce un aumento di 2,5 kg. Questa precisione nella selezione della resistenza consente alle persone di regolare con precisione gli allenamenti in base alle loro esigenze e ai loro obiettivi specifici, assicurando che ogni sessione di allenamento sia personalizzata per ottimizzare i risultati.<\/p>\n<\/div>\n<\/div>\n\n\n\n<div class=\"wp-block-columns alignwide mobile-reverse is-layout-flex wp-container-core-columns-is-layout-ca64bf2d wp-block-columns-is-layout-flex\" style=\"margin-bottom:var(--wp--preset--spacing--side-padding)\">\n<div class=\"wp-block-column is-vertically-aligned-center is-layout-flow wp-block-column-is-layout-flow\">\n<h3 class=\"wp-block-heading\" style=\"margin-bottom:var(--wp--preset--spacing--h-3-bottom)\">Movimento indipendente del braccio<\/h3>\n\n\n\n<p><strong><em>Flessibilit\u00e0 della formazione<\/em><\/strong><\/p>\n\n\n\n<p style=\"margin-bottom:var(--wp--preset--spacing--tb-section-padding)\">Le attrezzature per la forza della serie Evolve Ultra offrono la flessibilit\u00e0 di allenare ciascun braccio in modo indipendente, rispondendo alle esigenze individuali. Questa caratteristica unica consente di mantenere un allenamento equilibrato, anche se un braccio \u00e8 pi\u00f9 debole o infortunato. Il movimento indipendente favorisce lo sviluppo di una forza equilibrata e consente varie opzioni di allenamento.<\/p>\n<\/div>\n\n\n\n<div class=\"wp-block-column is-vertically-aligned-center is-layout-flow wp-block-column-is-layout-flow\">\n<figure class=\"wp-block-image size-large\"><img decoding=\"async\" src=\"https:\/\/evolve-fitness.eu\/wp-content\/uploads\/2023\/08\/EV-SC-UL-030-Moulded-Seats-Precise-Seat-Adjustments-1024x576.jpg\" alt=\"EV-SC-UL-030\" class=\"wp-image-9960\"\/><\/figure>\n<\/div>\n<\/div>\n\n\n\n<div class=\"wp-block-columns alignwide mobile-reverse is-layout-flex wp-container-core-columns-is-layout-ca64bf2d wp-block-columns-is-layout-flex\" style=\"margin-bottom:var(--wp--preset--spacing--side-padding)\">\n<div class=\"wp-block-column is-vertically-aligned-center is-layout-flow wp-block-column-is-layout-flow\">\n<figure class=\"wp-block-video\"><video height=\"1920\" style=\"aspect-ratio: 1920 \/ 1920;\" width=\"1920\" autoplay=\"\" controls=\"\" loop=\"\" muted=\"\" src=\"https:\/\/evolve-fitness.eu\/wp-content\/uploads\/2023\/10\/Evolve-Double-powder-coated-Frame.mp4\"><\/video><\/figure>\n<\/div>\n\n\n\n<div class=\"wp-block-column is-vertically-aligned-center is-layout-flow wp-block-column-is-layout-flow\">\n<h3 class=\"wp-block-heading\" style=\"margin-bottom:var(--wp--preset--spacing--h-3-bottom)\">Telaio con doppia verniciatura a polvere<\/h3>\n\n\n\n<p><strong><em>Perla verniciata a polvere elettrostatica<\/em><\/strong><\/p>\n\n\n\n<p>Le macchine di forza della serie Evolve Ultra, con telaio verniciato a polvere elettrostatica in nero perlato opaco, sono un esempio di forma e funzionalit\u00e0. Il suo fascino estetico \u00e8 esaltato dalla finitura nera opaca, mentre le sue caratteristiche pratiche, tra cui la resistenza all&#8217;attrito, le propriet\u00e0 anticorrosione e la resistenza ai graffi, ne fanno un compagno di fitness affidabile e duraturo.<\/p>\n<\/div>\n<\/div>\n\n\n\n<div class=\"wp-block-columns alignwide mobile-reverse is-layout-flex wp-container-core-columns-is-layout-ca64bf2d wp-block-columns-is-layout-flex\" style=\"margin-bottom:var(--wp--preset--spacing--side-padding)\">\n<div class=\"wp-block-column is-vertically-aligned-center is-layout-flow wp-block-column-is-layout-flow\">\n<h3 class=\"wp-block-heading\" style=\"margin-bottom:var(--wp--preset--spacing--h-3-bottom)\">Pila di peso<\/h3>\n\n\n\n<p><strong><em>Allenamento pi\u00f9 impegnativo<\/em><\/strong><\/p>\n\n\n\n<p>La macchina Evolve Ultra Series Selectorized Pec Fly \/ Rear Delt \u00e8 dotata di un livello di resistenza di 110 kg, ma \u00e8 anche possibile personalizzarla e aggiungerla a 122,5 kg per un&#8217;esperienza di allenamento ancora pi\u00f9 impegnativa. La pila di pesi completamente chiusa garantisce la sicurezza degli esercizi.<\/p>\n\n\n\n<p><strong><em>Gomma per impieghi gravosi<\/em><\/strong><\/p>\n\n\n\n<p>I robusti piedini in gomma della serie Evolve Ultra fungono da scudi protettivi per evitare potenziali danni ai pavimenti. Questi piedini in gomma per impieghi gravosi sono progettati per salvaguardare le superfici del pavimento da eventuali danni che potrebbero verificarsi durante l&#8217;uso. Inoltre, i piedini in gomma non solo offrono protezione, ma contribuiscono anche alla stabilit\u00e0.<\/p>\n<\/div>\n\n\n\n<div class=\"wp-block-column is-vertically-aligned-center is-layout-flow wp-block-column-is-layout-flow\">\n<figure class=\"wp-block-image size-full\"><img decoding=\"async\" src=\"https:\/\/evolve-fitness.eu\/wp-content\/uploads\/2024\/01\/stack.webp\" alt=\"\" class=\"wp-image-9940\"\/><\/figure>\n<\/div>\n<\/div>\n\n\n\n<div class=\"wp-block-columns alignwide mobile-reverse is-layout-flex wp-container-core-columns-is-layout-ca64bf2d wp-block-columns-is-layout-flex\" style=\"margin-bottom:var(--wp--preset--spacing--side-padding)\">\n<div class=\"wp-block-column is-vertically-aligned-center is-layout-flow wp-block-column-is-layout-flow\">\n<figure class=\"wp-block-image size-large\"><img decoding=\"async\" src=\"https:\/\/evolve-fitness.eu\/wp-content\/uploads\/2023\/08\/A7_08481-1024x683.jpg\" alt=\"\" class=\"wp-image-9109\"\/><\/figure>\n<\/div>\n\n\n\n<div class=\"wp-block-column is-vertically-aligned-center is-layout-flow wp-block-column-is-layout-flow\">\n<h3 class=\"wp-block-heading\" style=\"margin-bottom:var(--wp--preset--spacing--h-3-bottom)\">Cavo<\/h3>\n\n\n\n<p><strong><em>Qualit\u00e0 superiore<\/em><\/strong><\/p>\n\n\n\n<p>Le macchine della serie Evolve Ultra utilizzano cavi di qualit\u00e0 superiore, con sei fili principali e ogni filo \u00e8 composto da 19 fili attorcigliati insieme, materiale poliammide 12 (PA12) e un diametro di 5 mm. Questi cavi sono progettati per garantire resistenza e durata, con una forza di rottura di 9000 kN, che li rende la scelta preferita per le applicazioni in cui sono necessarie affidabilit\u00e0, durata e prestazioni eccezionali.Quando si passa da un esercizio all&#8217;altro, che si tratti di bicipiti curl, chest press, lat pulldown o qualsiasi altra attivit\u00e0 di potenziamento, le prestazioni eccezionali dei cavi della serie Evolve Ultra garantiscono movimenti fluidi e una resistenza costante, favorendo un&#8217;esperienza di allenamento efficace e piacevole.<\/p>\n<\/div>\n<\/div>\n<\/section>\n<\/section>\n","protected":false},"excerpt":{"rendered":"<p>Sperimentate un allenamento mirato ed efficace della parte superiore del corpo con la macchina selettorizzata Pec Fly\/Rear Delt, Ul-030 di Evolve Ultra Series. Elevate la vostra routine di fitness con questo attrezzo versatile dotato di movimento indipendente delle braccia per un impegno e una simmetria superiori. La protezione del peso completamente coperta garantisce la sicurezza senza compromettere lo stile, mentre la regolazione del sedile con una sola mano aumenta la comodit\u00e0 dell&#8217;utente. Realizzata con impugnature ottimali e un&#8217;elegante finitura opaca, questa macchina combina comfort, estetica e durata. Trasformate la vostra palestra con questo innovativo complemento che privilegia il comfort, la sicurezza e i risultati.<\/p>\n","protected":false},"featured_media":75742,"template":"","meta":{"_acf_changed":false,"inline_featured_image":false},"product_cat":[528,1143,1287],"product_tag":[],"class_list":{"0":"post-48697","1":"product","2":"type-product","3":"status-publish","4":"has-post-thumbnail","6":"product_cat-pagina-iniziale","7":"product_cat-macchine-selezionate","8":"product_cat-macchine-selettive-della-serie-ultra","10":"first","11":"outofstock","12":"shipping-taxable","13":"purchasable","14":"product-type-simple"},"acf":[],"_links":{"self":[{"href":"https:\/\/store.evolve-fitness.eu\/it\/wp-json\/wp\/v2\/product\/48697","targetHints":{"allow":["GET"]}}],"collection":[{"href":"https:\/\/store.evolve-fitness.eu\/it\/wp-json\/wp\/v2\/product"}],"about":[{"href":"https:\/\/store.evolve-fitness.eu\/it\/wp-json\/wp\/v2\/types\/product"}],"wp:featuredmedia":[{"embeddable":true,"href":"https:\/\/store.evolve-fitness.eu\/it\/wp-json\/wp\/v2\/media\/75742"}],"wp:attachment":[{"href":"https:\/\/store.evolve-fitness.eu\/it\/wp-json\/wp\/v2\/media?parent=48697"}],"wp:term":[{"taxonomy":"product_cat","embeddable":true,"href":"https:\/\/store.evolve-fitness.eu\/it\/wp-json\/wp\/v2\/product_cat?post=48697"},{"taxonomy":"product_tag","embeddable":true,"href":"https:\/\/store.evolve-fitness.eu\/it\/wp-json\/wp\/v2\/product_tag?post=48697"}],"curies":[{"name":"wp","href":"https:\/\/api.w.org\/{rel}","templated":true}]}}