{"id":47992,"date":"2024-01-18T07:14:23","date_gmt":"2024-01-18T07:14:23","guid":{"rendered":"https:\/\/store.evolve-fitness.eu\/product\/leg-curl-selettorizzati-della-serie-ultra-di-evolve\/"},"modified":"2024-06-05T12:51:19","modified_gmt":"2024-06-05T12:51:19","slug":"leg-curl-selettorizzati-della-serie-ultra-di-evolve","status":"publish","type":"product","link":"https:\/\/store.evolve-fitness.eu\/it\/prodotto\/leg-curl-selettorizzati-della-serie-ultra-di-evolve\/","title":{"rendered":"Leg Curl selettorizzati della serie Ultra di Evolve"},"content":{"rendered":"\n<section class=\"wp-block-group alignfull black-content has-white-color has-darkgray-background-color has-text-color has-background is-layout-constrained wp-block-group-is-layout-constrained\" style=\"padding-top:var(--wp--preset--spacing--section-bottom);padding-bottom:var(--wp--preset--spacing--section-bottom)\">\n<div class=\"wp-block-columns alignwide is-layout-flex wp-container-core-columns-is-layout-c45ee707 wp-block-columns-is-layout-flex\" style=\"margin-bottom:var(--wp--preset--spacing--side-padding);padding-top:var(--wp--preset--spacing--side-padding)\">\n<div class=\"wp-block-column is-vertically-aligned-center is-layout-flow wp-block-column-is-layout-flow\">\n<h3 class=\"wp-block-heading\">Benvenuti nella serie Ultra<\/h3>\n\n\n\n<p><strong><em>Conoscete le nostre apparecchiature della serie Ultra con un tour 3D 360 allo stato dell&#8217;arte<\/em><\/strong><\/p>\n\n\n\n<p>La chest press selettiva Evolve Ultra Series, che fa parte della serie Evolve Ultra, \u00e8 costruita per garantire comfort e prestazioni. La macchina \u00e8 stata progettata per la versatilit\u00e0 dell&#8217;esercizio, il supporto ergonomico e le opzioni di regolazione per le diverse dimensioni dell&#8217;utente. Il design \u00e8 esteticamente gradevole, con una finitura resistente e verniciata a polvere, e l&#8217;uso di cavi di alta qualit\u00e0 garantisce un funzionamento regolare.<\/p>\n<\/div>\n\n\n\n<div class=\"wp-block-column is-vertically-aligned-center is-layout-flow wp-block-column-is-layout-flow\">\n<figure class=\"wp-block-video\"><video autoplay=\"\" controls=\"\" loop=\"\" muted=\"\" src=\"https:\/\/evolve-fitness.eu\/wp-content\/uploads\/2023\/08\/Leg-Curl-Evolve-Ultra-Series-Selectorized.mp4\"><\/video><\/figure>\n<\/div>\n<\/div>\n\n\n\n<div class=\"wp-block-columns alignwide mobile-reverse is-layout-flex wp-container-core-columns-is-layout-ca64bf2d wp-block-columns-is-layout-flex\" style=\"margin-bottom:var(--wp--preset--spacing--side-padding)\">\n<div class=\"wp-block-column is-vertically-aligned-center is-layout-flow wp-block-column-is-layout-flow\">\n<figure class=\"wp-block-video\"><video height=\"1920\" style=\"aspect-ratio: 1920 \/ 1920;\" width=\"1920\" autoplay=\"\" controls=\"\" loop=\"\" muted=\"\" src=\"https:\/\/evolve-fitness.eu\/wp-content\/uploads\/2023\/08\/Evolve-Ultra-Series-Selectorized-Leg-Extension-Ul-140-2.mp4\"><\/video><\/figure>\n<\/div>\n\n\n\n<div class=\"wp-block-column is-vertically-aligned-center is-layout-flow wp-block-column-is-layout-flow\">\n<h3 class=\"wp-block-heading\" style=\"margin-bottom:var(--wp--preset--spacing--h-3-bottom)\">Muscoli<\/h3>\n\n\n\n<p><\/p>\n\n\n\n<p>La Evolve Ultra Series Lying Leg Curl Machine agisce principalmente sui seguenti muscoli:<br\/><br\/>Gli <strong>hamstring<\/strong>: Gli hamstrings, che consistono nei muscoli bicipite femorale, semitendinoso e semimembranoso, sono i muscoli principali che lavorano durante i leg curl. Questo esercizio isola e rafforza efficacemente i bicipiti femorali, in particolare i muscoli situati nella parte posteriore della coscia; <strong>i muscoli del polpaccio<\/strong>, compresi il gastrocnemio e il soleo, sono impegnati come stabilizzatori e muscoli secondari durante il movimento di leg curl, soprattutto quando si punta la punta dei piedi durante l&#8217;esercizio.<br\/><br\/>Sebbene l&#8217;attenzione principale della macchina sia rivolta ai tendini del ginocchio, essa impegna indirettamente anche i muscoli del polpaccio. Una forma corretta e movimenti controllati sono essenziali per massimizzare l&#8217;efficacia dei leg curl e ridurre il rischio di lesioni.<\/p>\n<\/div>\n<\/div>\n\n\n\n<div class=\"wp-block-columns alignwide is-layout-flex wp-container-core-columns-is-layout-c45ee707 wp-block-columns-is-layout-flex\" style=\"margin-bottom:var(--wp--preset--spacing--side-padding);padding-top:var(--wp--preset--spacing--side-padding)\">\n<div class=\"wp-block-column is-vertically-aligned-center is-layout-flow wp-block-column-is-layout-flow\">\n<h3 class=\"wp-block-heading\" style=\"margin-bottom:var(--wp--preset--spacing--h-3-bottom)\">Angolo di partenza regolabile<\/h3>\n\n\n\n<p><strong><em>Per altezze e dimensioni diverse<\/em><\/strong><\/p>\n\n\n\n<p style=\"margin-bottom:var(--wp--preset--spacing--tb-section-padding)\">L&#8217;angolo regolabile della posizione di partenza del Leg Curl da sdraiati di Evolve Ultra Series consente agli utenti di adattare gli esercizi di leg curl alle loro esigenze individuali. Con sei diverse posizioni tra cui scegliere, individui di varie dimensioni e livelli di flessibilit\u00e0 possono selezionare l&#8217;impostazione che meglio si adatta al loro comfort e alla gamma di movimenti. Questa funzione aiuta gli utenti a raggiungere un posizionamento e una postura corretti, adattandosi alle loro caratteristiche anatomiche uniche, riducendo il rischio di sforzi o lesioni.<\/p>\n<\/div>\n\n\n\n<div class=\"wp-block-column is-vertically-aligned-center is-layout-flow wp-block-column-is-layout-flow\">\n<figure class=\"wp-block-video\"><video autoplay=\"\" controls=\"\" loop=\"\" muted=\"\" src=\"https:\/\/evolve-fitness.eu\/wp-content\/uploads\/2023\/08\/Adjustable-angle-of-starting-position-UL-150.mp4\"><\/video><\/figure>\n<\/div>\n<\/div>\n\n\n\n<div class=\"wp-block-columns alignwide mobile-reverse is-layout-flex wp-container-core-columns-is-layout-ca64bf2d wp-block-columns-is-layout-flex\" style=\"margin-bottom:var(--wp--preset--spacing--side-padding)\">\n<div class=\"wp-block-column is-vertically-aligned-center is-layout-flow wp-block-column-is-layout-flow\">\n<figure class=\"wp-block-video\"><video autoplay=\"\" controls=\"\" loop=\"\" muted=\"\" src=\"https:\/\/evolve-fitness.eu\/wp-content\/uploads\/2023\/08\/Evolve-UL-150-Anatomically-Contoured.mp4\"><\/video><\/figure>\n<\/div>\n\n\n\n<div class=\"wp-block-column is-vertically-aligned-center is-layout-flow wp-block-column-is-layout-flow\">\n<h3 class=\"wp-block-heading\" style=\"margin-bottom:var(--wp--preset--spacing--h-3-bottom)\">Anatomicamente sagomato<\/h3>\n\n\n\n<p><strong><em>  8 Posizioni di regolazione<\/em><\/strong><\/p>\n\n\n\n<p style=\"margin-bottom:var(--wp--preset--spacing--tb-section-padding)\">La macchina per leg curl da sdraiati Evolve Ultra Series \u00e8 stata progettata tenendo conto della forma e delle curve naturali del corpo, in modo da garantire una vestibilit\u00e0 confortevole durante l&#8217;uso. I supporti sono dotati di un&#8217;ampia imbottitura, che aumenta il comfort dell&#8217;utente e riduce il rischio di fastidi o tensioni durante l&#8217;esercizio. La macchina consente una gamma naturale di movimenti durante l&#8217;esercizio, assicurando che gli utenti possano eseguire i leg curl con movimenti che imitano la biomeccanica naturale del corpo.<\/p>\n<\/div>\n<\/div>\n\n\n\n<div class=\"wp-block-columns alignwide is-layout-flex wp-container-core-columns-is-layout-c45ee707 wp-block-columns-is-layout-flex\" style=\"margin-bottom:var(--wp--preset--spacing--side-padding);padding-top:var(--wp--preset--spacing--side-padding)\">\n<div class=\"wp-block-column is-vertically-aligned-center is-layout-flow wp-block-column-is-layout-flow\">\n<h3 class=\"wp-block-heading\" style=\"margin-bottom:var(--wp--preset--spacing--h-3-bottom)\">Pila di peso<\/h3>\n\n\n\n<p><strong><em>Personalizzare e aggiungere<\/em><\/strong><\/p>\n\n\n\n<p style=\"margin-bottom:var(--wp--preset--spacing--tb-section-padding)\">La Leg Curl Machine selettiva della serie Ultra di Evolve, con 2 piastre di peso superiori da 2,5 kg, \u00e8 dotata di un pacco pesi da 110 kg, ma \u00e8 anche possibile personalizzarlo e aggiungerlo a 122,5 kg per un allenamento ancora pi\u00f9 impegnativo. La pila di pesi completamente chiusa garantisce la sicurezza degli esercizi.<\/p>\n<\/div>\n\n\n\n<div class=\"wp-block-column is-vertically-aligned-center is-layout-flow wp-block-column-is-layout-flow\">\n<figure class=\"wp-block-image size-full\"><img decoding=\"async\" src=\"https:\/\/evolve-fitness.eu\/wp-content\/uploads\/2024\/01\/stack.webp\" alt=\"\" class=\"wp-image-9940\"\/><\/figure>\n<\/div>\n<\/div>\n\n\n\n<div class=\"wp-block-columns alignwide are-vertically-aligned-center mobile-reverse is-layout-flex wp-container-core-columns-is-layout-e8158c2f wp-block-columns-is-layout-flex\" style=\"padding-top:var(--wp--preset--spacing--side-padding)\">\n<div class=\"wp-block-column is-vertically-aligned-center is-layout-flow wp-block-column-is-layout-flow\">\n<figure class=\"wp-block-video\"><video autoplay=\"\" controls=\"\" loop=\"\" muted=\"\" src=\"https:\/\/evolve-fitness.eu\/wp-content\/uploads\/2023\/08\/Evolve-UL-150-Adjustable-ankle-support.mp4\"><\/video><\/figure>\n<\/div>\n\n\n\n<div class=\"wp-block-column is-vertically-aligned-center is-layout-flow wp-block-column-is-layout-flow\">\n<h3 class=\"wp-block-heading\" style=\"margin-bottom:var(--wp--preset--spacing--h-3-bottom)\"><strong>Supporto regolabile per la caviglia<\/strong><\/h3>\n\n\n\n<p><strong><em><strong><em>Sicuro ed efficace<\/em><\/strong><\/em><\/strong><\/p>\n\n\n\n<p style=\"margin-bottom:var(--wp--preset--spacing--tb-section-padding)\">Il supporto regolabile per le caviglie offre un&#8217;ampia gamma di posizioni, consentendo agli utenti di regolare con precisione gli esercizi di leg curl in base alle proprie esigenze. Con sette impostazioni distinte, persone di diverse dimensioni e livelli di flessibilit\u00e0 possono scegliere l&#8217;angolo preciso che meglio si adatta al loro comfort e alla gamma di movimenti. Questa caratteristica promuove l&#8217;inclusivit\u00e0, consentendo a persone con diverse corporature, livelli di mobilit\u00e0 e obiettivi di fitness di trarre vantaggio dagli esercizi di leg curl della macchina.<\/p>\n<\/div>\n<\/div>\n\n\n\n<div class=\"wp-block-columns alignwide is-layout-flex wp-container-core-columns-is-layout-c45ee707 wp-block-columns-is-layout-flex\" style=\"margin-bottom:var(--wp--preset--spacing--side-padding);padding-top:var(--wp--preset--spacing--side-padding)\">\n<div class=\"wp-block-column is-vertically-aligned-center is-layout-flow wp-block-column-is-layout-flow\">\n<h3 class=\"wp-block-heading\" style=\"margin-bottom:var(--wp--preset--spacing--h-3-bottom)\">Telaio con doppia verniciatura a polvere<\/h3>\n\n\n\n<p><strong><em>Prevenzione dei danni<\/em><\/strong><\/p>\n\n\n\n<p style=\"margin-bottom:var(--wp--preset--spacing--tb-section-padding)\">Le macchine di forza della serie Evolve Ultra, con telaio verniciato a polvere elettrostatica in nero perlato opaco, sono un esempio di forma e funzionalit\u00e0. Il suo fascino estetico \u00e8 esaltato dalla finitura nera opaca, mentre le sue caratteristiche pratiche, tra cui la resistenza all&#8217;attrito, le propriet\u00e0 anticorrosione e la resistenza ai graffi, ne fanno un compagno di fitness affidabile e duraturo.<\/p>\n<\/div>\n\n\n\n<div class=\"wp-block-column is-vertically-aligned-center is-layout-flow wp-block-column-is-layout-flow\">\n<figure class=\"wp-block-video\"><video height=\"1920\" style=\"aspect-ratio: 1920 \/ 1920;\" width=\"1920\" autoplay=\"\" controls=\"\" loop=\"\" muted=\"\" src=\"https:\/\/evolve-fitness.eu\/wp-content\/uploads\/2023\/10\/Evolve-Double-powder-coated-Frame.mp4\"><\/video><\/figure>\n<\/div>\n<\/div>\n\n\n\n<div class=\"wp-block-columns alignwide is-layout-flex wp-container-core-columns-is-layout-c45ee707 wp-block-columns-is-layout-flex\" style=\"margin-bottom:var(--wp--preset--spacing--side-padding);padding-top:var(--wp--preset--spacing--side-padding)\">\n<div class=\"wp-block-column is-vertically-aligned-center is-layout-flow wp-block-column-is-layout-flow\">\n<figure class=\"wp-block-image size-full\"><img decoding=\"async\" src=\"https:\/\/evolve-fitness.eu\/wp-content\/uploads\/2024\/01\/plate.webp\" alt=\"\" class=\"wp-image-9942\"\/><\/figure>\n<\/div>\n\n\n\n<div class=\"wp-block-column is-vertically-aligned-center is-layout-flow wp-block-column-is-layout-flow\">\n<h3 class=\"wp-block-heading\" style=\"margin-bottom:var(--wp--preset--spacing--h-3-bottom)\">Piastra di peso superiore<\/h3>\n\n\n\n<p><strong><em>Per prestazioni migliori<\/em><\/strong> <\/p>\n\n\n\n<p style=\"margin-bottom:var(--wp--preset--spacing--tb-section-padding)\">La macchina per leg curl selezionata della serie Ultra di Evolve \u00e8 dotata di due piastre di peso superiori da 2,5 kg che hanno un duplice scopo: migliorare le prestazioni della macchina. In primo luogo, estende la resistenza massima che la macchina pu\u00f2 fornire, consentendo agli utenti di sfidare ulteriormente se stessi nei loro allenamenti. Inoltre, queste piastre di peso aggiuntive offrono un vantaggio unico, consentendo agli utenti di effettuare incrementi pi\u00f9 piccoli e pi\u00f9 precisi nella regolazione della resistenza, con ogni piastra che fornisce un aumento di 2,5 kg. Questa precisione nella selezione della resistenza consente alle persone di regolare con precisione gli allenamenti in base alle loro esigenze e ai loro obiettivi specifici, assicurando che ogni sessione di allenamento sia personalizzata per ottimizzare i risultati.<\/p>\n<\/div>\n<\/div>\n\n\n\n<div class=\"wp-block-columns alignwide is-layout-flex wp-container-core-columns-is-layout-c45ee707 wp-block-columns-is-layout-flex\" style=\"margin-bottom:var(--wp--preset--spacing--side-padding);padding-top:var(--wp--preset--spacing--side-padding)\">\n<div class=\"wp-block-column is-vertically-aligned-center is-layout-flow wp-block-column-is-layout-flow\">\n<h3 class=\"wp-block-heading\" style=\"margin-bottom:var(--wp--preset--spacing--h-3-bottom)\">Cavo<\/h3>\n\n\n\n<p><strong><em>Qualit\u00e0 superiore<\/em><\/strong><\/p>\n\n\n\n<p style=\"margin-bottom:var(--wp--preset--spacing--tb-section-padding)\">Le macchine della serie Evolve Ultra utilizzano cavi di qualit\u00e0 superiore, con sei fili principali e ogni filo \u00e8 composto da 19 fili attorcigliati insieme, materiale poliammide 12 (PA12) e un diametro di 5 mm. Questi cavi sono progettati per garantire resistenza e durata, con una forza di rottura di 9000 kN, che li rende la scelta preferita per le applicazioni in cui sono necessarie affidabilit\u00e0, durata e prestazioni eccezionali.Quando si passa da un esercizio all&#8217;altro, che si tratti di bicipiti curl, chest press, lat pulldown o qualsiasi altra attivit\u00e0 di potenziamento, le prestazioni eccezionali dei cavi della serie Evolve Ultra garantiscono movimenti fluidi e una resistenza costante, favorendo un&#8217;esperienza di allenamento efficace e piacevole.<\/p>\n<\/div>\n\n\n\n<div class=\"wp-block-column is-vertically-aligned-center is-layout-flow wp-block-column-is-layout-flow\">\n<figure class=\"wp-block-video\"><video height=\"600\" style=\"aspect-ratio: 680 \/ 600;\" width=\"680\" autoplay=\"\" controls=\"\" loop=\"\" muted=\"\" src=\"https:\/\/evolve-fitness.eu\/wp-content\/uploads\/2023\/10\/Evolve-cable.mp4\"><\/video><\/figure>\n<\/div>\n<\/div>\n<\/section>\n","protected":false},"excerpt":{"rendered":"<p>Migliorate l&#8217;allenamento delle gambe con il Leg Curl selettivo della serie Ultra di Evolve, UL-150. Questa macchina innovativa offre un comfort superiore grazie al sedile sagomato, una sicurezza senza soluzione di continuit\u00e0 grazie alla copertura del pacco pesi e regolazioni facili da effettuare con una sola mano. Provate oggi stesso il futuro del fitness.<\/p>\n","protected":false},"featured_media":75918,"template":"","meta":{"_acf_changed":false,"inline_featured_image":false},"product_cat":[528,1143,1287],"product_tag":[],"class_list":{"0":"post-47992","1":"product","2":"type-product","3":"status-publish","4":"has-post-thumbnail","6":"product_cat-pagina-iniziale","7":"product_cat-macchine-selezionate","8":"product_cat-macchine-selettive-della-serie-ultra","10":"first","11":"instock","12":"shipping-taxable","13":"purchasable","14":"product-type-simple"},"acf":[],"_links":{"self":[{"href":"https:\/\/store.evolve-fitness.eu\/it\/wp-json\/wp\/v2\/product\/47992","targetHints":{"allow":["GET"]}}],"collection":[{"href":"https:\/\/store.evolve-fitness.eu\/it\/wp-json\/wp\/v2\/product"}],"about":[{"href":"https:\/\/store.evolve-fitness.eu\/it\/wp-json\/wp\/v2\/types\/product"}],"wp:featuredmedia":[{"embeddable":true,"href":"https:\/\/store.evolve-fitness.eu\/it\/wp-json\/wp\/v2\/media\/75918"}],"wp:attachment":[{"href":"https:\/\/store.evolve-fitness.eu\/it\/wp-json\/wp\/v2\/media?parent=47992"}],"wp:term":[{"taxonomy":"product_cat","embeddable":true,"href":"https:\/\/store.evolve-fitness.eu\/it\/wp-json\/wp\/v2\/product_cat?post=47992"},{"taxonomy":"product_tag","embeddable":true,"href":"https:\/\/store.evolve-fitness.eu\/it\/wp-json\/wp\/v2\/product_tag?post=47992"}],"curies":[{"name":"wp","href":"https:\/\/api.w.org\/{rel}","templated":true}]}}