{"id":47723,"date":"2024-01-18T07:23:22","date_gmt":"2024-01-18T07:23:22","guid":{"rendered":"https:\/\/store.evolve-fitness.eu\/product\/leg-extension-selettiva-della-serie-evolve-ultra\/"},"modified":"2024-06-05T12:48:57","modified_gmt":"2024-06-05T12:48:57","slug":"leg-extension-selettiva-della-serie-evolve-ultra","status":"publish","type":"product","link":"https:\/\/store.evolve-fitness.eu\/it\/prodotto\/leg-extension-selettiva-della-serie-evolve-ultra\/","title":{"rendered":"Leg extension selettiva della serie Evolve Ultra"},"content":{"rendered":"\n<section class=\"wp-block-group alignfull black-content has-white-color has-darkgray-background-color has-text-color has-background is-layout-constrained wp-block-group-is-layout-constrained\" style=\"padding-top:var(--wp--preset--spacing--section-bottom);padding-bottom:var(--wp--preset--spacing--section-bottom)\">\n<div class=\"wp-block-columns alignwide is-layout-flex wp-container-core-columns-is-layout-c45ee707 wp-block-columns-is-layout-flex\" style=\"margin-bottom:var(--wp--preset--spacing--side-padding);padding-top:var(--wp--preset--spacing--side-padding)\">\n<div class=\"wp-block-column is-vertically-aligned-center is-layout-flow wp-block-column-is-layout-flow\">\n<h3 class=\"wp-block-heading\">Benvenuti nella serie Ultra<\/h3>\n\n\n\n<p><strong><em>Conoscete le nostre apparecchiature della serie Ultra con un tour 3D 360 allo stato dell&#8217;arte<\/em><\/strong><\/p>\n\n\n\n<p>La chest press selettiva Evolve Ultra Series, che fa parte della serie Evolve Ultra, \u00e8 costruita per garantire comfort e prestazioni. La macchina \u00e8 stata progettata per la versatilit\u00e0 dell&#8217;esercizio, il supporto ergonomico e le opzioni di regolazione per le diverse dimensioni dell&#8217;utente. Il design \u00e8 esteticamente gradevole, con una finitura resistente e verniciata a polvere, e l&#8217;uso di cavi di alta qualit\u00e0 garantisce un funzionamento regolare.<\/p>\n<\/div>\n\n\n\n<div class=\"wp-block-column is-vertically-aligned-center is-layout-flow wp-block-column-is-layout-flow\">\n<figure class=\"wp-block-video\"><video height=\"1899\" style=\"aspect-ratio: 1500 \/ 1899;\" width=\"1500\" autoplay=\"\" controls=\"\" loop=\"\" muted=\"\" src=\"https:\/\/evolve-fitness.eu\/wp-content\/uploads\/2023\/08\/Evolve-Ultra-Series-Selectorized-Leg-Extension.mp4\"><\/video><\/figure>\n<\/div>\n<\/div>\n\n\n\n<div class=\"wp-block-columns alignwide mobile-reverse is-layout-flex wp-container-core-columns-is-layout-ca64bf2d wp-block-columns-is-layout-flex\" style=\"margin-bottom:var(--wp--preset--spacing--side-padding)\">\n<div class=\"wp-block-column is-vertically-aligned-center is-layout-flow wp-block-column-is-layout-flow\">\n<figure class=\"wp-block-video\"><video height=\"1920\" style=\"aspect-ratio: 1920 \/ 1920;\" width=\"1920\" autoplay=\"\" controls=\"\" loop=\"\" muted=\"\" src=\"https:\/\/evolve-fitness.eu\/wp-content\/uploads\/2023\/08\/Evolve-Ultra-Series-Selectorized-Leg-Extension-Ul-140-2.mp4\"><\/video><\/figure>\n<\/div>\n\n\n\n<div class=\"wp-block-column is-vertically-aligned-center is-layout-flow wp-block-column-is-layout-flow\">\n<h3 class=\"wp-block-heading\" style=\"margin-bottom:var(--wp--preset--spacing--h-3-bottom)\">Muscoli<\/h3>\n\n\n\n<p>La macchina per la leg extension selettiva della serie Evolve Ultra si rivolge principalmente ai seguenti muscoli:<br\/><br\/><strong>Quadricipiti (muscoli anteriori della coscia)<\/strong>: I quadricipiti sono i muscoli principali che lavorano durante le estensioni delle gambe. Questo esercizio isola e rafforza efficacemente i quattro muscoli che compongono il gruppo dei quadricipiti: il vasto mediale, il vasto laterale, il vasto intermedio e il retto femorale; il <strong>sartorio<\/strong>: Anche il muscolo sartorio, il pi\u00f9 lungo del corpo, viene impegnato durante l&#8217;estensione delle gambe. Corre in diagonale lungo la parte anteriore della coscia e contribuisce alla flessione dell&#8217;anca e del ginocchio; <strong>Tensor Fasciae Latae (TFL)<\/strong>: il muscolo TFL, che corre lungo la parte laterale (esterna) della coscia, contribuisce alla flessione e all&#8217;abduzione dell&#8217;anca e svolge un ruolo di supporto durante l&#8217;estensione della gamba.<br\/><br\/>Sebbene le estensioni delle gambe siano rivolte principalmente a questi muscoli, entrano in gioco anche altri muscoli stabilizzatori secondari, come i flessori dell&#8217;anca, i muscoli del core e gli stabilizzatori intorno all&#8217;articolazione del ginocchio, per fornire supporto e mantenere una forma corretta durante l&#8217;esercizio.<\/p>\n<\/div>\n<\/div>\n\n\n\n<div class=\"wp-block-columns alignwide is-layout-flex wp-container-core-columns-is-layout-c45ee707 wp-block-columns-is-layout-flex\" style=\"margin-bottom:var(--wp--preset--spacing--side-padding);padding-top:var(--wp--preset--spacing--side-padding)\">\n<div class=\"wp-block-column is-vertically-aligned-center is-layout-flow wp-block-column-is-layout-flow\">\n<h3 class=\"wp-block-heading\" style=\"margin-bottom:var(--wp--preset--spacing--h-3-bottom)\">Pila di peso<\/h3>\n\n\n\n<p><strong><em>Personalizzare e aggiungere<\/em><\/strong><\/p>\n\n\n\n<p style=\"margin-bottom:var(--wp--preset--spacing--tb-section-padding)\">La macchina per leg extension selettiva Evolve Ultra Series, che include 2 piastre di peso superiore da 2,5 kg, \u00e8 dotata di un pacco pesi da 110 kg, ma \u00e8 anche possibile personalizzarlo e aggiungerlo a 122,5 kg per un&#8217;esperienza di allenamento ancora pi\u00f9 impegnativa. La pila di pesi completamente chiusa garantisce la sicurezza degli esercizi.<\/p>\n<\/div>\n\n\n\n<div class=\"wp-block-column is-vertically-aligned-center is-layout-flow wp-block-column-is-layout-flow\">\n<figure class=\"wp-block-image size-full\"><img decoding=\"async\" src=\"https:\/\/evolve-fitness.eu\/wp-content\/uploads\/2024\/01\/stack.webp\" alt=\"\" class=\"wp-image-9940\"\/><\/figure>\n<\/div>\n<\/div>\n\n\n\n<div class=\"wp-block-columns alignwide mobile-reverse is-layout-flex wp-container-core-columns-is-layout-ca64bf2d wp-block-columns-is-layout-flex\" style=\"margin-bottom:var(--wp--preset--spacing--side-padding)\">\n<div class=\"wp-block-column is-vertically-aligned-center is-layout-flow wp-block-column-is-layout-flow\">\n<figure class=\"wp-block-video\"><video autoplay=\"\" controls=\"\" loop=\"\" muted=\"\" src=\"https:\/\/evolve-fitness.eu\/wp-content\/uploads\/2023\/08\/Evolve-UL-140-Adjustable-back-rest.mp4\"><\/video><\/figure>\n<\/div>\n\n\n\n<div class=\"wp-block-column is-vertically-aligned-center is-layout-flow wp-block-column-is-layout-flow\">\n<h3 class=\"wp-block-heading\" style=\"margin-bottom:var(--wp--preset--spacing--h-3-bottom)\">Schienale regolabile<\/h3>\n\n\n\n<p><strong><em>  8 Posizioni di regolazione<\/em><\/strong><\/p>\n\n\n\n<p style=\"margin-bottom:var(--wp--preset--spacing--tb-section-padding)\">Lo schienale regolabile della macchina Evolve Ultra Series Selectorized Leg Extension, con 8 posizioni di regolazione, consente agli utenti di trovare la posizione pi\u00f9 comoda per il proprio corpo. Questa personalizzazione \u00e8 particolarmente vantaggiosa per le persone di altezza e proporzioni diverse. Garantisce che gli utenti possano eseguire le estensioni delle gambe con una postura corretta e senza fastidi, riducendo il rischio di sforzi o lesioni.<\/p>\n\n\n\n<p><strong><em><strong><em>  Rivestimento con doppia cucitura<\/em><\/strong><\/em><\/strong><\/p>\n\n\n\n<p style=\"margin-bottom:var(--wp--preset--spacing--tb-section-padding)\">I sedili in poliuretano della macchina Evolve Serie Ultra Selectorized Leg Extension, costruiti con un design modellato e un&#8217;imbottitura a doppia cucitura, offrono una durata e un comfort eccezionali. Sono progettati per offrire un supporto ergonomico. Inoltre, i cuscini per macchine resistenti in PU sono una scelta eccellente per la loro durata, il comfort, la facilit\u00e0 di manutenzione e l&#8217;economicit\u00e0 complessiva. Sono in grado di resistere alle sollecitazioni dell&#8217;allenamento della forza, offrendo al contempo una superficie di esercizio confortevole e igienica.<\/p>\n<\/div>\n<\/div>\n\n\n\n<div class=\"wp-block-columns alignwide is-layout-flex wp-container-core-columns-is-layout-c45ee707 wp-block-columns-is-layout-flex\" style=\"margin-bottom:var(--wp--preset--spacing--side-padding);padding-top:var(--wp--preset--spacing--side-padding)\">\n<div class=\"wp-block-column is-vertically-aligned-center is-layout-flow wp-block-column-is-layout-flow\">\n<h3 class=\"wp-block-heading\" style=\"margin-bottom:var(--wp--preset--spacing--h-3-bottom)\">Angolo di partenza regolabile<\/h3>\n\n\n\n<p><strong><em>Per altezze e dimensioni diverse<\/em><\/strong><\/p>\n\n\n\n<p style=\"margin-bottom:var(--wp--preset--spacing--tb-section-padding)\">L&#8217;angolo regolabile della posizione di partenza della macchina per la leg extension selettiva della serie Ultra di Evolve \u00e8 una caratteristica preziosa che migliora notevolmente l&#8217;efficacia e la versatilit\u00e0 di questa attrezzatura. L&#8217;angolo regolabile in 4 diverse posizioni consente agli utenti di impostare la posizione di partenza pi\u00f9 adatta alla flessibilit\u00e0 e all&#8217;ampiezza di movimento individuali. Ci\u00f2 significa che le persone con diversi livelli di flessibilit\u00e0 o mobilit\u00e0 possono adattare la macchina alle loro esigenze specifiche. \u00c8 particolarmente utile per adattarsi a utenti con corporature e capacit\u00e0 fisiche diverse.<\/p>\n<\/div>\n\n\n\n<div class=\"wp-block-column is-vertically-aligned-center is-layout-flow wp-block-column-is-layout-flow\">\n<figure class=\"wp-block-video\"><video autoplay=\"\" controls=\"\" loop=\"\" muted=\"\" src=\"https:\/\/evolve-fitness.eu\/wp-content\/uploads\/2023\/08\/EV-SC-UL-140-Angle.mp4\"><\/video><\/figure>\n<\/div>\n<\/div>\n\n\n\n<div class=\"wp-block-columns alignwide are-vertically-aligned-center mobile-reverse is-layout-flex wp-container-core-columns-is-layout-e8158c2f wp-block-columns-is-layout-flex\" style=\"padding-top:var(--wp--preset--spacing--side-padding)\">\n<div class=\"wp-block-column is-vertically-aligned-center is-layout-flow wp-block-column-is-layout-flow\">\n<figure class=\"wp-block-video\"><video autoplay=\"\" controls=\"\" loop=\"\" muted=\"\" src=\"https:\/\/evolve-fitness.eu\/wp-content\/uploads\/2023\/08\/Evolve-UL-140-Adjustable-ankle-support.mp4\"><\/video><\/figure>\n<\/div>\n\n\n\n<div class=\"wp-block-column is-vertically-aligned-center is-layout-flow wp-block-column-is-layout-flow\">\n<h3 class=\"wp-block-heading\" style=\"margin-bottom:var(--wp--preset--spacing--h-3-bottom)\"><strong>Supporto regolabile per la caviglia<\/strong><\/h3>\n\n\n\n<p><strong><em><strong><em>Sicuro ed efficace<\/em><\/strong><\/em><\/strong><\/p>\n\n\n\n<p style=\"margin-bottom:var(--wp--preset--spacing--tb-section-padding)\">Il mantenimento di un corretto allineamento del corpo \u00e8 essenziale per eseguire esercizi di leg extension sicuri ed efficaci. Il supporto regolabile per le caviglie, con 7 diverse posizioni di regolazione, favorisce un posizionamento corretto fissando le caviglie in modo da stabilizzare le ginocchia e le anche. In questo modo si riduce il rischio di lesioni, evitando movimenti innaturali e garantendo che l&#8217;esercizio sia rivolto principalmente ai quadricipiti (muscoli anteriori della coscia).<\/p>\n<\/div>\n<\/div>\n\n\n\n<div class=\"wp-block-columns alignwide is-layout-flex wp-container-core-columns-is-layout-c45ee707 wp-block-columns-is-layout-flex\" style=\"margin-bottom:var(--wp--preset--spacing--side-padding);padding-top:var(--wp--preset--spacing--side-padding)\">\n<div class=\"wp-block-column is-vertically-aligned-center is-layout-flow wp-block-column-is-layout-flow\">\n<h3 class=\"wp-block-heading\" style=\"margin-bottom:var(--wp--preset--spacing--h-3-bottom)\">Telaio con doppia verniciatura a polvere<\/h3>\n\n\n\n<p><strong><em>Prevenzione dei danni<\/em><\/strong><\/p>\n\n\n\n<p style=\"margin-bottom:var(--wp--preset--spacing--tb-section-padding)\">Le macchine di forza della serie Evolve Ultra, con telaio verniciato a polvere elettrostatica in nero perlato opaco, sono un esempio di forma e funzionalit\u00e0. Il suo fascino estetico \u00e8 esaltato dalla finitura nera opaca, mentre le sue caratteristiche pratiche, tra cui la resistenza all&#8217;attrito, le propriet\u00e0 anticorrosione e la resistenza ai graffi, ne fanno un compagno di fitness affidabile e duraturo.<\/p>\n<\/div>\n\n\n\n<div class=\"wp-block-column is-vertically-aligned-center is-layout-flow wp-block-column-is-layout-flow\">\n<figure class=\"wp-block-video\"><video height=\"1920\" style=\"aspect-ratio: 1920 \/ 1920;\" width=\"1920\" autoplay=\"\" controls=\"\" loop=\"\" muted=\"\" src=\"https:\/\/evolve-fitness.eu\/wp-content\/uploads\/2023\/10\/Evolve-Double-powder-coated-Frame.mp4\"><\/video><\/figure>\n<\/div>\n<\/div>\n\n\n\n<div class=\"wp-block-columns alignwide is-layout-flex wp-container-core-columns-is-layout-c45ee707 wp-block-columns-is-layout-flex\" style=\"margin-bottom:var(--wp--preset--spacing--side-padding);padding-top:var(--wp--preset--spacing--side-padding)\">\n<div class=\"wp-block-column is-vertically-aligned-center is-layout-flow wp-block-column-is-layout-flow\">\n<figure class=\"wp-block-video\"><video height=\"2560\" style=\"aspect-ratio: 1920 \/ 2560;\" width=\"1920\" autoplay=\"\" controls=\"\" loop=\"\" muted=\"\" src=\"https:\/\/evolve-fitness.eu\/wp-content\/uploads\/2023\/08\/EV-SC-UL-140-Storage-and-Stickers.mp4\"><\/video><\/figure>\n<\/div>\n\n\n\n<div class=\"wp-block-column is-vertically-aligned-center is-layout-flow wp-block-column-is-layout-flow\">\n<h3 class=\"wp-block-heading\" style=\"margin-bottom:var(--wp--preset--spacing--h-3-bottom)\">Adesivo per esercizi<\/h3>\n\n\n\n<p><strong><em>Perfetto per una navigazione pi\u00f9 semplice<\/em><\/strong><\/p>\n\n\n\n<p style=\"margin-bottom:var(--wp--preset--spacing--tb-section-padding)\">Le macchine della serie Evolve Ultra sono dotate di adesivi informativi che fungono da ausilio visivo, facilitando la navigazione tra le caratteristiche e le funzioni della macchina e migliorando l&#8217;esperienza di allenamento. Inoltre, fornisce indicazioni preziose sui vari gruppi muscolari che possono essere efficacemente lavorati sulla macchina, consentendo di ottenere il massimo dalla propria routine di fitness mirando a specifiche aree di interesse.<\/p>\n\n\n\n<p><strong><em>Comoda e pratica custodia per gli accessori<\/em><\/strong><\/p>\n\n\n\n<p style=\"margin-bottom:var(--wp--preset--spacing--tb-section-padding)\">Mentre vi allenate, potete riporre comodamente la bottiglia d&#8217;acqua, il telefono e gli oggetti personali negli appositi supporti delle macchine della serie Evolve Ultra. Questi scomparti appositamente progettati consentono di avere un posto sicuro e facilmente accessibile per i propri effetti personali durante le sessioni di allenamento.<\/p>\n<\/div>\n<\/div>\n\n\n\n<div class=\"wp-block-columns alignwide is-layout-flex wp-container-core-columns-is-layout-c45ee707 wp-block-columns-is-layout-flex\" style=\"margin-bottom:var(--wp--preset--spacing--side-padding);padding-top:var(--wp--preset--spacing--side-padding)\">\n<div class=\"wp-block-column is-vertically-aligned-center is-layout-flow wp-block-column-is-layout-flow\">\n<h3 class=\"wp-block-heading\" style=\"margin-bottom:var(--wp--preset--spacing--h-3-bottom)\">Cavo<\/h3>\n\n\n\n<p><strong><em>Qualit\u00e0 superiore<\/em><\/strong><\/p>\n\n\n\n<p style=\"margin-bottom:var(--wp--preset--spacing--tb-section-padding)\">Le macchine della serie Evolve Ultra utilizzano cavi di qualit\u00e0 superiore, con sei fili principali e ogni filo \u00e8 composto da 19 fili attorcigliati insieme, materiale poliammide 12 (PA12) e un diametro di 5 mm. Questi cavi sono progettati per garantire resistenza e durata, con una forza di rottura di 9000 kN, che li rende la scelta preferita per le applicazioni in cui sono necessarie affidabilit\u00e0, durata e prestazioni eccezionali.Quando si passa da un esercizio all&#8217;altro, che si tratti di bicipiti curl, chest press, lat pulldown o qualsiasi altra attivit\u00e0 di potenziamento, le prestazioni eccezionali dei cavi della serie Evolve Ultra garantiscono movimenti fluidi e una resistenza costante, favorendo un&#8217;esperienza di allenamento efficace e piacevole.<\/p>\n<\/div>\n\n\n\n<div class=\"wp-block-column is-vertically-aligned-center is-layout-flow wp-block-column-is-layout-flow\">\n<figure class=\"wp-block-video\"><video height=\"600\" style=\"aspect-ratio: 680 \/ 600;\" width=\"680\" autoplay=\"\" controls=\"\" loop=\"\" muted=\"\" src=\"https:\/\/evolve-fitness.eu\/wp-content\/uploads\/2023\/10\/Evolve-cable.mp4\"><\/video><\/figure>\n<\/div>\n<\/div>\n\n\n\n<div class=\"wp-block-columns alignwide is-layout-flex wp-container-core-columns-is-layout-c45ee707 wp-block-columns-is-layout-flex\" style=\"margin-bottom:var(--wp--preset--spacing--side-padding);padding-top:var(--wp--preset--spacing--side-padding)\">\n<div class=\"wp-block-column is-vertically-aligned-center is-layout-flow wp-block-column-is-layout-flow\">\n<figure class=\"wp-block-image size-full\"><img decoding=\"async\" src=\"https:\/\/evolve-fitness.eu\/wp-content\/uploads\/2024\/01\/plate.webp\" alt=\"\" class=\"wp-image-9942\"\/><\/figure>\n<\/div>\n\n\n\n<div class=\"wp-block-column is-vertically-aligned-center is-layout-flow wp-block-column-is-layout-flow\">\n<h3 class=\"wp-block-heading\" style=\"margin-bottom:var(--wp--preset--spacing--h-3-bottom)\">Piastra di peso superiore<\/h3>\n\n\n\n<p><strong><em>Per prestazioni migliori<\/em><\/strong> <\/p>\n\n\n\n<p style=\"margin-bottom:var(--wp--preset--spacing--tb-section-padding)\">La macchina per leg extension selettiva della serie Ultra di Evolve \u00e8 dotata di due piastre di peso superiore da 2,5 kg che hanno un duplice scopo: migliorare le prestazioni della macchina per esercizi. In primo luogo, estende la resistenza massima che la macchina pu\u00f2 fornire, consentendo agli utenti di sfidare ulteriormente se stessi nei loro allenamenti. Inoltre, queste piastre di peso aggiuntive offrono un vantaggio unico, consentendo agli utenti di effettuare incrementi pi\u00f9 piccoli e pi\u00f9 precisi nella regolazione della resistenza, con ogni piastra che fornisce un aumento di 2,5 kg. Questa precisione nella selezione della resistenza consente alle persone di regolare con precisione gli allenamenti in base alle loro esigenze e ai loro obiettivi specifici, assicurando che ogni sessione di allenamento sia personalizzata per ottimizzare i risultati.<\/p>\n<\/div>\n<\/div>\n<\/section>\n","protected":false},"excerpt":{"rendered":"<p>Migliorate l&#8217;allenamento delle gambe con l&#8217;estensione per gambe selettiva UL-140 di Evolve Ultra Series. Il comfort e la sicurezza sono garantiti da caratteristiche come i sedili sagomati e l&#8217;elegante finitura opaca. Provate la versatilit\u00e0 grazie alla regolazione del sedile con una sola mano e alle impugnature ottimali. Aggiornate la vostra palestra con questa attrezzatura innovativa ed elegante.<\/p>\n","protected":false},"featured_media":75893,"template":"","meta":{"_acf_changed":false,"inline_featured_image":false},"product_cat":[528,1143,1287],"product_tag":[],"class_list":{"0":"post-47723","1":"product","2":"type-product","3":"status-publish","4":"has-post-thumbnail","6":"product_cat-pagina-iniziale","7":"product_cat-macchine-selezionate","8":"product_cat-macchine-selettive-della-serie-ultra","10":"first","11":"instock","12":"shipping-taxable","13":"purchasable","14":"product-type-simple"},"acf":[],"_links":{"self":[{"href":"https:\/\/store.evolve-fitness.eu\/it\/wp-json\/wp\/v2\/product\/47723","targetHints":{"allow":["GET"]}}],"collection":[{"href":"https:\/\/store.evolve-fitness.eu\/it\/wp-json\/wp\/v2\/product"}],"about":[{"href":"https:\/\/store.evolve-fitness.eu\/it\/wp-json\/wp\/v2\/types\/product"}],"wp:featuredmedia":[{"embeddable":true,"href":"https:\/\/store.evolve-fitness.eu\/it\/wp-json\/wp\/v2\/media\/75893"}],"wp:attachment":[{"href":"https:\/\/store.evolve-fitness.eu\/it\/wp-json\/wp\/v2\/media?parent=47723"}],"wp:term":[{"taxonomy":"product_cat","embeddable":true,"href":"https:\/\/store.evolve-fitness.eu\/it\/wp-json\/wp\/v2\/product_cat?post=47723"},{"taxonomy":"product_tag","embeddable":true,"href":"https:\/\/store.evolve-fitness.eu\/it\/wp-json\/wp\/v2\/product_tag?post=47723"}],"curies":[{"name":"wp","href":"https:\/\/api.w.org\/{rel}","templated":true}]}}