{"id":47480,"date":"2024-01-18T06:49:23","date_gmt":"2024-01-18T06:49:23","guid":{"rendered":"https:\/\/store.evolve-fitness.eu\/product\/leg-press-hack-squat-selettorizzati-della-serie-evolve-ultra\/"},"modified":"2024-06-05T12:55:03","modified_gmt":"2024-06-05T12:55:03","slug":"leg-press-hack-squat-selettorizzati-della-serie-evolve-ultra","status":"publish","type":"product","link":"https:\/\/store.evolve-fitness.eu\/it\/prodotto\/leg-press-hack-squat-selettorizzati-della-serie-evolve-ultra\/","title":{"rendered":"Leg-Press \/ Hack Squat selettorizzati della serie Evolve Ultra"},"content":{"rendered":"\n<section class=\"wp-block-group alignfull black-content has-white-color has-darkgray-background-color has-text-color has-background is-layout-constrained wp-block-group-is-layout-constrained\" style=\"padding-top:var(--wp--preset--spacing--section-bottom);padding-bottom:var(--wp--preset--spacing--section-bottom)\">\n<div class=\"wp-block-columns alignwide is-layout-flex wp-container-core-columns-is-layout-c45ee707 wp-block-columns-is-layout-flex\" style=\"margin-bottom:var(--wp--preset--spacing--side-padding);padding-top:var(--wp--preset--spacing--side-padding)\">\n<div class=\"wp-block-column is-vertically-aligned-center is-layout-flow wp-block-column-is-layout-flow\">\n<h3 class=\"wp-block-heading\">Benvenuti nella serie Ultra<\/h3>\n\n\n\n<p><\/p>\n\n\n\n<p><strong><em>Conoscete le nostre apparecchiature della serie Ultra con un tour 3D 360 allo stato dell&#8217;arte<\/em><\/strong><\/p>\n\n\n\n<p>L&#8217;Evolve Ultra Series Selectorized Leg-Press \/ Hack Squat, parte della Evolve Ultra Series, \u00e8 costruito per garantire comfort e prestazioni. La macchina \u00e8 stata progettata per la versatilit\u00e0 dell&#8217;esercizio, il supporto ergonomico e le opzioni di regolazione per le diverse dimensioni dell&#8217;utente. Il design \u00e8 esteticamente gradevole, con una finitura resistente e verniciata a polvere, e l&#8217;uso di cavi di alta qualit\u00e0 garantisce un funzionamento regolare.<\/p>\n<\/div>\n\n\n\n<div class=\"wp-block-column is-vertically-aligned-center is-layout-flow wp-block-column-is-layout-flow\">\n<figure class=\"wp-block-video\"><video height=\"600\" style=\"aspect-ratio: 680 \/ 600;\" width=\"680\" autoplay=\"\" controls=\"\" loop=\"\" muted=\"\" src=\"https:\/\/evolve-fitness.eu\/wp-content\/uploads\/2023\/08\/Evolve-Ultra-Series-Selectorized-Leg-Press-Hack-Squat-1.mp4\"><\/video><\/figure>\n<\/div>\n<\/div>\n\n\n\n<div class=\"wp-block-columns alignwide mobile-reverse is-layout-flex wp-container-core-columns-is-layout-ca64bf2d wp-block-columns-is-layout-flex\" style=\"margin-bottom:var(--wp--preset--spacing--side-padding)\">\n<div class=\"wp-block-column is-vertically-aligned-center is-layout-flow wp-block-column-is-layout-flow\">\n<figure class=\"wp-block-video\"><video autoplay=\"\" controls=\"\" loop=\"\" muted=\"\" src=\"https:\/\/evolve-fitness.eu\/wp-content\/uploads\/2023\/08\/Evolve-Ultra-Series-Selectorized-Leg-Press-Hack-Squat-Ul-160.mp4\"><\/video><\/figure>\n<\/div>\n\n\n\n<div class=\"wp-block-column is-vertically-aligned-center is-layout-flow wp-block-column-is-layout-flow\">\n<h3 class=\"wp-block-heading\" style=\"margin-bottom:var(--wp--preset--spacing--h-3-bottom)\">Muscoli<\/h3>\n\n\n\n<p><strong><em>Obiettivi efficaci<\/em><\/strong><\/p>\n\n\n\n<p>La macchina Evolve Ultra Series Selectorized Leg-Press \/ Hack Squat agisce efficacemente su una serie di muscoli della parte inferiore del corpo, rappresentando un&#8217;opzione completa per l&#8217;allenamento della parte inferiore del corpo. I muscoli principali che lavorano su questa macchina sono<br\/><br\/><strong>Quadricipiti (muscoli anteriori della coscia)<\/strong>: I movimenti di leg-press e hack squat impegnano fortemente i quadricipiti, che sono i muscoli situati nella parte anteriore della coscia. Questi muscoli sono responsabili dell&#8217;estensione dell&#8217;articolazione del ginocchio;  <strong>Gli hamstring (muscoli posteriori della coscia)<\/strong>: Sebbene gli hamstrings non siano l&#8217;obiettivo principale, svolgono un ruolo di supporto in entrambi gli esercizi, aiutando a stabilizzare le articolazioni del ginocchio e dell&#8217;anca;  <strong>Gluteo Massimo (glutei)<\/strong>: Anche il gluteo massimo, il grande muscolo dei glutei, \u00e8 coinvolto nei movimenti di leg-press e hack squat. Favorisce l&#8217;estensione dell&#8217;articolazione dell&#8217;anca;  <strong>Adduttori (muscoli dell&#8217;interno coscia)<\/strong>: I muscoli adduttori, situati nella parte interna della coscia, contribuiscono alla stabilit\u00e0 degli esercizi di leg-press e hack squat;  <strong>Vitelli (Gastrocnemio e Soleo)<\/strong>: I muscoli del polpaccio svolgono un ruolo di stabilizzazione durante questi esercizi, soprattutto quando si eseguono gli hack squat con i talloni sollevati;  <strong>Flessori dell&#8217;anca<\/strong>: I muscoli flessori dell&#8217;anca, tra cui l&#8217;iliopsoas e il retto femorale, sono coinvolti nel sollevamento delle gambe durante i movimenti di leg-press e hack squat.<\/p>\n\n\n\n<p>Complessivamente, la macchina Evolve Ultra Series Selectorized Leg-Press \/ Hack Squat offre un allenamento completo per la parte inferiore del corpo, agendo su quadricipiti, bicipiti femorali, glutei, adduttori e, in parte, anche sui polpacci. Una forma corretta e movimenti controllati sono essenziali per massimizzare l&#8217;impegno muscolare e ridurre al minimo il rischio di lesioni.<\/p>\n<\/div>\n<\/div>\n\n\n\n<div class=\"wp-block-columns alignwide is-layout-flex wp-container-core-columns-is-layout-c45ee707 wp-block-columns-is-layout-flex\" style=\"margin-bottom:var(--wp--preset--spacing--side-padding);padding-top:var(--wp--preset--spacing--side-padding)\">\n<div class=\"wp-block-column is-vertically-aligned-center is-layout-flow wp-block-column-is-layout-flow\">\n<h3 class=\"wp-block-heading\" style=\"margin-bottom:var(--wp--preset--spacing--h-3-bottom)\">Posizione di partenza regolabile<\/h3>\n\n\n\n<p><strong><em>Per altezze e dimensioni diverse<\/em><\/strong><\/p>\n\n\n\n<p style=\"margin-bottom:var(--wp--preset--spacing--tb-section-padding)\">La macchina \u00e8 dotata di una posizione di partenza regolabile con nove diverse impostazioni. Questa adattabilit\u00e0 consente agli utenti di modificare la distanza tra la piattaforma e lo schienale, un fattore cruciale per ottenere un allineamento e una forma corretti durante gli esercizi di leg-press. Questa regolazione rende la macchina adatta a persone di diverse altezze e dimensioni, promuovendo l&#8217;inclusivit\u00e0 e la sicurezza.<\/p>\n<\/div>\n\n\n\n<div class=\"wp-block-column is-vertically-aligned-center is-layout-flow wp-block-column-is-layout-flow\">\n<figure class=\"wp-block-video\"><video height=\"600\" style=\"aspect-ratio: 680 \/ 600;\" width=\"680\" autoplay=\"\" controls=\"\" loop=\"\" muted=\"\" src=\"https:\/\/evolve-fitness.eu\/wp-content\/uploads\/2023\/08\/Evolve-UL-160-Adjustable-starting-position.mp4\"><\/video><\/figure>\n<\/div>\n<\/div>\n\n\n\n<div class=\"wp-block-columns alignwide mobile-reverse is-layout-flex wp-container-core-columns-is-layout-ca64bf2d wp-block-columns-is-layout-flex\" style=\"margin-bottom:var(--wp--preset--spacing--side-padding)\">\n<div class=\"wp-block-column is-vertically-aligned-center is-layout-flow wp-block-column-is-layout-flow\">\n<figure class=\"wp-block-video\"><video height=\"600\" style=\"aspect-ratio: 680 \/ 600;\" width=\"680\" autoplay=\"\" controls=\"\" loop=\"\" muted=\"\" src=\"https:\/\/evolve-fitness.eu\/wp-content\/uploads\/2023\/08\/Evolve-UL-160-Dual-function.mp4\"><\/video><\/figure>\n<\/div>\n\n\n\n<div class=\"wp-block-column is-vertically-aligned-center is-layout-flow wp-block-column-is-layout-flow\">\n<h3 class=\"wp-block-heading\" style=\"margin-bottom:var(--wp--preset--spacing--h-3-bottom)\">Doppia funzione<\/h3>\n\n\n\n<p><strong><em>Progettato per fornire<\/em><\/strong><\/p>\n\n\n\n<p style=\"margin-bottom:var(--wp--preset--spacing--tb-section-padding)\">La macchina selezionata Evolve Ultra Series a doppia funzione Leg-Press \/ Hack Squat \u00e8 un&#8217;attrezzatura fitness unica nel suo genere, progettata per fornire esercizi di leg-press e hack squat in un&#8217;unica soluzione, consentendo agli utenti di colpire efficacemente diversi muscoli delle gambe. Grazie alle cinque posizioni regolabili dello schienale, gli utenti possono modificare l&#8217;angolazione in base alle proprie preferenze e al proprio comfort. assicura che la macchina si adatti a utenti con diverse dimensioni del corpo e livelli di flessibilit\u00e0. Lo schienale regolabile consente di passare senza problemi dagli esercizi di leg-press a quelli di hack squat, offrendo un&#8217;esperienza di allenamento versatile.<\/p>\n<\/div>\n<\/div>\n\n\n\n<div class=\"wp-block-columns alignwide are-vertically-aligned-center mobile-reverse is-layout-flex wp-container-core-columns-is-layout-e8158c2f wp-block-columns-is-layout-flex\" style=\"padding-top:var(--wp--preset--spacing--side-padding)\">\n<div class=\"wp-block-column is-vertically-aligned-center is-layout-flow wp-block-column-is-layout-flow\">\n<h3 class=\"wp-block-heading\" style=\"margin-bottom:var(--wp--preset--spacing--h-3-bottom)\"><strong>Piattaforma in acciaio inox<\/strong><\/h3>\n\n\n\n<p><strong><em><strong><em>Superficie stabile e resistente<\/em><\/strong><\/em><\/strong><\/p>\n\n\n\n<p style=\"margin-bottom:var(--wp--preset--spacing--tb-section-padding)\">La macchina Evolve Serie Ultra Selectorized Leg-Press \/ Hack Squat vanta un&#8217;ampia piattaforma in acciaio inossidabile sagomata, che offre una superficie stabile e resistente per l&#8217;esecuzione di esercizi di leg-press e hack squat. L&#8217;ampio design offre ampio spazio per un&#8217;esperienza di allenamento confortevole, adattandosi a utenti di varie dimensioni. La struttura in acciaio inossidabile garantisce longevit\u00e0 e resistenza, rendendolo adatto a un uso rigoroso in ambienti commerciali o di palestra domestica. La piattaforma offre due diverse angolazioni per posizionare le caviglie durante l&#8217;esercizio. In questo modo gli utenti possono personalizzare l&#8217;angolo pi\u00f9 adatto al loro comfort e ai loro obiettivi di allenamento. Che si preferisca una leggera inclinazione o una posizione pi\u00f9 neutra, questa funzione garantisce un&#8217;esperienza di allenamento personalizzata ed efficace. L&#8217;inserimento di maniglie vicino alla piattaforma migliora notevolmente la facilit\u00e0 di salita e discesa dalla macchina.<\/p>\n<\/div>\n\n\n\n<div class=\"wp-block-column is-vertically-aligned-center is-layout-flow wp-block-column-is-layout-flow\">\n<figure class=\"wp-block-video\"><video height=\"563\" style=\"aspect-ratio: 1000 \/ 563;\" width=\"1000\" autoplay=\"\" controls=\"\" loop=\"\" muted=\"\" src=\"https:\/\/evolve-fitness.eu\/wp-content\/uploads\/2023\/08\/Evolve-UL-160-Stainless-steel-platform.mp4\"><\/video><\/figure>\n<\/div>\n<\/div>\n\n\n\n<div class=\"wp-block-columns alignwide are-vertically-aligned-center mobile-reverse is-layout-flex wp-container-core-columns-is-layout-e8158c2f wp-block-columns-is-layout-flex\" style=\"padding-top:var(--wp--preset--spacing--side-padding)\">\n<div class=\"wp-block-column is-vertically-aligned-center is-layout-flow wp-block-column-is-layout-flow\">\n<figure class=\"wp-block-video\"><video height=\"1703\" style=\"aspect-ratio: 2560 \/ 1703;\" width=\"2560\" autoplay=\"\" controls=\"\" loop=\"\" muted=\"\" src=\"https:\/\/evolve-fitness.eu\/wp-content\/uploads\/2023\/08\/Evolve-UL-160-Adjustable-distance-of-shoulders-rest.mp4\"><\/video><\/figure>\n<\/div>\n\n\n\n<div class=\"wp-block-column is-vertically-aligned-center is-layout-flow wp-block-column-is-layout-flow\">\n<h3 class=\"wp-block-heading\" style=\"margin-bottom:var(--wp--preset--spacing--h-3-bottom)\"><strong>Distanza regolabile dell&#8217;appoggio per le spalle<\/strong><\/h3>\n\n\n\n<p><strong><em><strong><em>Sicuro ed efficace<\/em><\/strong><\/em><\/strong><\/p>\n\n\n\n<p style=\"margin-bottom:var(--wp--preset--spacing--tb-section-padding)\">Oltre allo schienale, la macchina Evolve Ultra Series Selectorized Leg-Press \/ Hack Squat offre nove posizioni regolabili per il poggia spalle. Questa funzione consente agli utenti di modificare la distanza tra la piattaforma e l&#8217;appoggio per le spalle, garantendo un allineamento corretto durante gli esercizi di hack squat. Come la regolazione dello schienale, anche questa funzione consente di adattarsi a utenti con corporature e altezze diverse, migliorando l&#8217;esperienza di allenamento complessiva.<\/p>\n<\/div>\n<\/div>\n\n\n\n<div class=\"wp-block-columns alignwide is-layout-flex wp-container-core-columns-is-layout-c45ee707 wp-block-columns-is-layout-flex\" style=\"margin-bottom:var(--wp--preset--spacing--side-padding);padding-top:var(--wp--preset--spacing--side-padding)\">\n<div class=\"wp-block-column is-vertically-aligned-center is-layout-flow wp-block-column-is-layout-flow\">\n<h3 class=\"wp-block-heading\" style=\"margin-bottom:var(--wp--preset--spacing--h-3-bottom)\">Pila di peso<\/h3>\n\n\n\n<p><strong><em>Personalizzare e aggiungere<\/em><\/strong><\/p>\n\n\n\n<p style=\"margin-bottom:var(--wp--preset--spacing--tb-section-padding)\">La Leg Curl Machine selettiva della serie Ultra di Evolve, con 2 piastre di peso superiori da 2,5 kg, \u00e8 dotata di un pacco pesi da 110 kg, ma \u00e8 anche possibile personalizzarlo e aggiungerlo a 122,5 kg per un allenamento ancora pi\u00f9 impegnativo. La pila di pesi completamente chiusa garantisce la sicurezza degli esercizi.<\/p>\n<\/div>\n\n\n\n<div class=\"wp-block-column is-vertically-aligned-center is-layout-flow wp-block-column-is-layout-flow\">\n<figure class=\"wp-block-image size-full\"><img decoding=\"async\" src=\"https:\/\/evolve-fitness.eu\/wp-content\/uploads\/2024\/01\/stack.webp\" alt=\"\" class=\"wp-image-9940\"\/><\/figure>\n<\/div>\n<\/div>\n\n\n\n<div class=\"wp-block-columns alignwide is-layout-flex wp-container-core-columns-is-layout-c45ee707 wp-block-columns-is-layout-flex\" style=\"margin-bottom:var(--wp--preset--spacing--side-padding);padding-top:var(--wp--preset--spacing--side-padding)\">\n<div class=\"wp-block-column is-vertically-aligned-center is-layout-flow wp-block-column-is-layout-flow\">\n<figure class=\"wp-block-image size-large\"><img decoding=\"async\" src=\"https:\/\/evolve-fitness.eu\/wp-content\/uploads\/2023\/08\/A7_08555-1024x683.jpg\" alt=\"\" class=\"wp-image-8732\"\/><\/figure>\n<\/div>\n\n\n\n<div class=\"wp-block-column is-vertically-aligned-center is-layout-flow wp-block-column-is-layout-flow\">\n<h3 class=\"wp-block-heading\" style=\"margin-bottom:var(--wp--preset--spacing--h-3-bottom)\">Protezioni per pavimenti sagomate<\/h3>\n\n\n\n<p><strong><em>Prevenzione dei danni<\/em><\/strong><\/p>\n\n\n\n<p style=\"margin-bottom:var(--wp--preset--spacing--tb-section-padding)\">I robusti piedini in gomma della serie Evolve Ultra fungono da scudi protettivi per evitare potenziali danni ai pavimenti. Questi piedini in gomma per impieghi gravosi sono progettati per salvaguardare le superfici del pavimento da eventuali danni che potrebbero verificarsi durante l&#8217;uso. Inoltre, i piedini in gomma non solo offrono protezione, ma contribuiscono anche alla stabilit\u00e0.<\/p>\n<\/div>\n<\/div>\n\n\n\n<div class=\"wp-block-columns alignwide is-layout-flex wp-container-core-columns-is-layout-c45ee707 wp-block-columns-is-layout-flex\" style=\"margin-bottom:var(--wp--preset--spacing--side-padding);padding-top:var(--wp--preset--spacing--side-padding)\">\n<div class=\"wp-block-column is-vertically-aligned-center is-layout-flow wp-block-column-is-layout-flow\">\n<h3 class=\"wp-block-heading\" style=\"margin-bottom:var(--wp--preset--spacing--h-3-bottom)\">Piastra di peso superiore<\/h3>\n\n\n\n<p><strong><em>Per prestazioni migliori<\/em><\/strong> <\/p>\n\n\n\n<p style=\"margin-bottom:var(--wp--preset--spacing--tb-section-padding)\">La macchina Evolve Ultra Series Selectorized Leg-Press \/ Hack Squat \u00e8 dotata di due piastre di peso superiore da 2,5 kg che hanno un duplice scopo: migliorare le prestazioni della macchina. In primo luogo, estende la resistenza massima che la macchina pu\u00f2 fornire, consentendo agli utenti di sfidare ulteriormente se stessi nei loro allenamenti. Inoltre, queste piastre di peso aggiuntive offrono un vantaggio unico, consentendo agli utenti di effettuare incrementi pi\u00f9 piccoli e pi\u00f9 precisi nella regolazione della resistenza, con ogni piastra che fornisce un aumento di 2,5 kg. Questa precisione nella selezione della resistenza consente alle persone di regolare con precisione gli allenamenti in base alle loro esigenze e ai loro obiettivi specifici, assicurando che ogni sessione di allenamento sia personalizzata per ottimizzare i risultati.<\/p>\n<\/div>\n\n\n\n<div class=\"wp-block-column is-vertically-aligned-center is-layout-flow wp-block-column-is-layout-flow\">\n<figure class=\"wp-block-image size-full\"><img decoding=\"async\" src=\"https:\/\/evolve-fitness.eu\/wp-content\/uploads\/2024\/01\/plate.webp\" alt=\"\" class=\"wp-image-9942\"\/><\/figure>\n<\/div>\n<\/div>\n\n\n\n<div class=\"wp-block-columns alignwide is-layout-flex wp-container-core-columns-is-layout-c45ee707 wp-block-columns-is-layout-flex\" style=\"margin-bottom:var(--wp--preset--spacing--side-padding);padding-top:var(--wp--preset--spacing--side-padding)\">\n<div class=\"wp-block-column is-vertically-aligned-center is-layout-flow wp-block-column-is-layout-flow\">\n<figure class=\"wp-block-video\"><video height=\"1920\" style=\"aspect-ratio: 1920 \/ 1920;\" width=\"1920\" autoplay=\"\" controls=\"\" loop=\"\" muted=\"\" src=\"https:\/\/evolve-fitness.eu\/wp-content\/uploads\/2023\/10\/Evolve-Double-powder-coated-Frame.mp4\"><\/video><\/figure>\n<\/div>\n\n\n\n<div class=\"wp-block-column is-vertically-aligned-center is-layout-flow wp-block-column-is-layout-flow\">\n<h3 class=\"wp-block-heading\" style=\"margin-bottom:var(--wp--preset--spacing--h-3-bottom)\">Telaio con doppia verniciatura a polvere<\/h3>\n\n\n\n<p><strong><em>Prevenzione dei danni<\/em><\/strong><\/p>\n\n\n\n<p style=\"margin-bottom:var(--wp--preset--spacing--tb-section-padding)\">Le macchine di forza della serie Evolve Ultra, con telaio verniciato a polvere elettrostatica in nero perlato opaco, sono un esempio di forma e funzionalit\u00e0. Il suo fascino estetico \u00e8 esaltato dalla finitura nera opaca, mentre le sue caratteristiche pratiche, tra cui la resistenza all&#8217;attrito, le propriet\u00e0 anticorrosione e la resistenza ai graffi, ne fanno un compagno di fitness affidabile e duraturo.<\/p>\n<\/div>\n<\/div>\n\n\n\n<div class=\"wp-block-columns alignwide is-layout-flex wp-container-core-columns-is-layout-c45ee707 wp-block-columns-is-layout-flex\" style=\"margin-bottom:var(--wp--preset--spacing--side-padding);padding-top:var(--wp--preset--spacing--side-padding)\">\n<div class=\"wp-block-column is-vertically-aligned-center is-layout-flow wp-block-column-is-layout-flow\">\n<h3 class=\"wp-block-heading\" style=\"margin-bottom:var(--wp--preset--spacing--h-3-bottom)\">Cavo<\/h3>\n\n\n\n<p><strong><em>Qualit\u00e0 superiore<\/em><\/strong><\/p>\n\n\n\n<p style=\"margin-bottom:var(--wp--preset--spacing--tb-section-padding)\">Le macchine della serie Evolve Ultra utilizzano cavi di qualit\u00e0 superiore, con sei fili principali e ogni filo \u00e8 composto da 19 fili attorcigliati insieme, materiale poliammide 12 (PA12) e un diametro di 5 mm. Questi cavi sono progettati per garantire resistenza e durata, con una forza di rottura di 9000 kN, che li rende la scelta preferita per le applicazioni in cui sono necessarie affidabilit\u00e0, durata e prestazioni eccezionali.Quando si passa da un esercizio all&#8217;altro, che si tratti di bicipiti curl, chest press, lat pulldown o qualsiasi altra attivit\u00e0 di potenziamento, le prestazioni eccezionali dei cavi della serie Evolve Ultra garantiscono movimenti fluidi e una resistenza costante, favorendo un&#8217;esperienza di allenamento efficace e piacevole.<\/p>\n<\/div>\n\n\n\n<div class=\"wp-block-column is-vertically-aligned-center is-layout-flow wp-block-column-is-layout-flow\">\n<figure class=\"wp-block-video\"><video height=\"600\" style=\"aspect-ratio: 680 \/ 600;\" width=\"680\" controls=\"\" src=\"https:\/\/evolve-fitness.eu\/wp-content\/uploads\/2023\/10\/Evolve-cable.mp4\"><\/video><\/figure>\n<\/div>\n<\/div>\n<\/section>\n","protected":false},"excerpt":{"rendered":"<p>Elevate la vostra palestra con la Serie Ultra di Evolve UL-160 selezionata per Leg-Press\/Hack Squat. Scoprite il comfort, la versatilit\u00e0 e la sicurezza grazie al movimento indipendente delle braccia, al rivestimento del pacco pesi e alla finitura opaca. Passaggi agevoli grazie alla regolazione del sedile con una sola mano. Ridefinire gli allenamenti e attirare i clienti.<\/p>\n","protected":false},"featured_media":75943,"template":"","meta":{"_acf_changed":false,"inline_featured_image":false},"product_cat":[528,1143,1287],"product_tag":[],"class_list":{"0":"post-47480","1":"product","2":"type-product","3":"status-publish","4":"has-post-thumbnail","6":"product_cat-pagina-iniziale","7":"product_cat-macchine-selezionate","8":"product_cat-macchine-selettive-della-serie-ultra","10":"first","11":"instock","12":"shipping-taxable","13":"purchasable","14":"product-type-simple"},"acf":[],"_links":{"self":[{"href":"https:\/\/store.evolve-fitness.eu\/it\/wp-json\/wp\/v2\/product\/47480","targetHints":{"allow":["GET"]}}],"collection":[{"href":"https:\/\/store.evolve-fitness.eu\/it\/wp-json\/wp\/v2\/product"}],"about":[{"href":"https:\/\/store.evolve-fitness.eu\/it\/wp-json\/wp\/v2\/types\/product"}],"wp:featuredmedia":[{"embeddable":true,"href":"https:\/\/store.evolve-fitness.eu\/it\/wp-json\/wp\/v2\/media\/75943"}],"wp:attachment":[{"href":"https:\/\/store.evolve-fitness.eu\/it\/wp-json\/wp\/v2\/media?parent=47480"}],"wp:term":[{"taxonomy":"product_cat","embeddable":true,"href":"https:\/\/store.evolve-fitness.eu\/it\/wp-json\/wp\/v2\/product_cat?post=47480"},{"taxonomy":"product_tag","embeddable":true,"href":"https:\/\/store.evolve-fitness.eu\/it\/wp-json\/wp\/v2\/product_tag?post=47480"}],"curies":[{"name":"wp","href":"https:\/\/api.w.org\/{rel}","templated":true}]}}