{"id":46902,"date":"2024-01-17T12:42:22","date_gmt":"2024-01-17T12:42:22","guid":{"rendered":"https:\/\/store.evolve-fitness.eu\/product\/sollevamento-laterale-selettivo-della-serie-evolve-ultra-pettorale-in-piedi\/"},"modified":"2025-11-03T08:13:21","modified_gmt":"2025-11-03T08:13:21","slug":"sollevamento-laterale-selettivo-della-serie-evolve-ultra-pettorale-in-piedi","status":"publish","type":"product","link":"https:\/\/store.evolve-fitness.eu\/it\/prodotto\/sollevamento-laterale-selettivo-della-serie-evolve-ultra-pettorale-in-piedi\/","title":{"rendered":"Alzate laterali selettive della Serie Ultra di Evolve \/ Pettorali in piedi (UL-340)"},"content":{"rendered":"\n<section class=\"wp-block-group alignfull black-content has-white-color has-darkgray-background-color has-text-color has-background is-layout-constrained wp-block-group-is-layout-constrained\" style=\"padding-top:var(--wp--preset--spacing--section-bottom);padding-bottom:var(--wp--preset--spacing--section-bottom)\">\n<div class=\"wp-block-columns alignwide mobile-reverse is-layout-flex wp-container-core-columns-is-layout-ca64bf2d wp-block-columns-is-layout-flex\" style=\"margin-bottom:var(--wp--preset--spacing--side-padding)\">\n<div class=\"wp-block-column is-vertically-aligned-center is-layout-flow wp-block-column-is-layout-flow\">\n<h3 class=\"wp-block-heading\">Benvenuti nella serie Ultra<\/h3>\n\n\n\n<p><\/p>\n\n\n\n<p><strong><em>Conoscete le nostre apparecchiature della serie Ultra con un tour 3D 360 allo stato dell&#8217;arte<\/em><\/strong><\/p>\n\n\n\n<p>Il sollevatore laterale selettivo Evolve Ultra Series \/ Standing Pec Fly, parte della Evolve Ultra Series, \u00e8 costruito per garantire comfort e prestazioni. La macchina \u00e8 stata progettata per la versatilit\u00e0 dell&#8217;esercizio, il supporto ergonomico e le opzioni di regolazione per le diverse dimensioni dell&#8217;utente. Il design \u00e8 esteticamente gradevole, con una finitura resistente e verniciata a polvere, e l&#8217;uso di cavi di alta qualit\u00e0 garantisce un funzionamento regolare.<\/p>\n<\/div>\n\n\n\n<div class=\"wp-block-column is-vertically-aligned-center is-layout-flow wp-block-column-is-layout-flow\">\n<figure class=\"wp-block-video\"><video height=\"954\" style=\"aspect-ratio: 2016 \/ 954;\" width=\"2016\" autoplay=\"\" controls=\"\" loop=\"\" muted=\"\" src=\"https:\/\/evolve-fitness.eu\/wp-content\/uploads\/2023\/08\/Evolve-Ultra-Series-Selectorized-Lateral-Raise-Standing-Pec-Fly.mp4\"><\/video><\/figure>\n<\/div>\n<\/div>\n\n\n\n<div class=\"wp-block-columns alignwide mobile-reverse is-layout-flex wp-container-core-columns-is-layout-ca64bf2d wp-block-columns-is-layout-flex\" style=\"margin-bottom:var(--wp--preset--spacing--side-padding)\">\n<div class=\"wp-block-column is-vertically-aligned-center is-layout-flow wp-block-column-is-layout-flow\">\n<figure class=\"wp-block-video\"><video height=\"2048\" style=\"aspect-ratio: 1536 \/ 2048;\" width=\"1536\" autoplay=\"\" controls=\"\" loop=\"\" muted=\"\" src=\"https:\/\/evolve-fitness.eu\/wp-content\/uploads\/2023\/08\/EV-SC-UL-340-Main.mp4\"><\/video><\/figure>\n<\/div>\n\n\n\n<div class=\"wp-block-column is-vertically-aligned-center is-layout-flow wp-block-column-is-layout-flow\">\n<h3 class=\"wp-block-heading\" style=\"margin-bottom:var(--wp--preset--spacing--h-3-bottom)\">Muscoli<\/h3>\n\n\n\n<p><em><strong>La macchina a doppia funzione offre un approccio completo all&#8217;allenamento della parte superiore del corpo<\/strong><\/em><\/p>\n\n\n\n<p>La macchina selezionata Evolve Ultra Series per l&#8217;alzata laterale e la pettorina in piedi \u00e8 progettata per colpire due gruppi muscolari principali: <strong>Alzate laterali:<\/strong> Questo movimento fa lavorare principalmente i muscoli deltoidi delle spalle, in particolare i deltoidi medi (laterali). \u00c8 efficace per il rafforzamento delle spalle e la loro ampiezza; <strong>Standing Pec Fly:<\/strong> questo esercizio si concentra sui muscoli pettorali del torace. E&#8217; ottimo per lo sviluppo del torace, \u00e8 mirato al pettorale maggiore e aiuta a migliorare l&#8217;aspetto e la forza del torace in generale.<\/p>\n<\/div>\n<\/div>\n\n\n\n<div class=\"wp-block-columns alignwide mobile-reverse is-layout-flex wp-container-core-columns-is-layout-ca64bf2d wp-block-columns-is-layout-flex\" style=\"margin-bottom:var(--wp--preset--spacing--side-padding)\">\n<div class=\"wp-block-column is-vertically-aligned-center is-layout-flow wp-block-column-is-layout-flow\">\n<h3 class=\"wp-block-heading\" style=\"margin-bottom:var(--wp--preset--spacing--h-3-bottom)\">La sicurezza incontra lo stile<\/h3>\n\n\n\n<p><strong><em>Coprire completamente il coperchio della pila dei pesi<\/em><\/strong><\/p>\n\n\n\n<p>Per i proprietari di palestre e gli imprenditori del fitness, la sicurezza e l&#8217;estetica sono fondamentali. La serie Evolve Ultra \u00e8 dotata di una protezione per il peso completamente coperta, che combina perfettamente sicurezza e stile. Migliorando la sicurezza e prevenendo gli incidenti e mantenendo pulito lo spazio della palestra, questo telo \u00e8 un&#8217;aggiunta essenziale a qualsiasi struttura per il fitness. Migliorate l&#8217;estetica della vostra palestra e date la priorit\u00e0 alla sicurezza dei vostri clienti durante ogni sessione di allenamento.<\/p>\n<\/div>\n\n\n\n<div class=\"wp-block-column is-vertically-aligned-center is-layout-flow wp-block-column-is-layout-flow\">\n<figure class=\"wp-block-image size-large\"><img decoding=\"async\" src=\"https:\/\/evolve-fitness.eu\/wp-content\/uploads\/2023\/08\/A7_08509-683x1024.jpg\" alt=\"\" class=\"wp-image-8741\"\/><\/figure>\n<\/div>\n<\/div>\n\n\n\n<div class=\"wp-block-columns alignwide is-layout-flex wp-container-core-columns-is-layout-c45ee707 wp-block-columns-is-layout-flex\" style=\"margin-bottom:var(--wp--preset--spacing--side-padding);padding-top:var(--wp--preset--spacing--side-padding)\">\n<div class=\"wp-block-column is-vertically-aligned-center is-layout-flow wp-block-column-is-layout-flow\">\n<figure class=\"wp-block-image size-large\"><img decoding=\"async\" src=\"https:\/\/evolve-fitness.eu\/wp-content\/uploads\/2023\/08\/A7_08524-1024x685.jpg\" alt=\"\" class=\"wp-image-8737\"\/><\/figure>\n<\/div>\n\n\n\n<div class=\"wp-block-column is-vertically-aligned-center is-layout-flow wp-block-column-is-layout-flow\">\n<h3 class=\"wp-block-heading\" style=\"margin-bottom:var(--wp--preset--spacing--h-3-bottom)\">Elegante e resistente<\/h3>\n\n\n\n<p><strong><em>L&#8217;esclusiva finitura opaca della vernice<\/em><\/strong><\/p>\n\n\n\n<p style=\"margin-bottom:var(--wp--preset--spacing--tb-section-padding)\">La serie Ultra introduce una combinazione di sicurezza e stile con le pile di peso rivestite. Le coperture in plastica opaca danno priorit\u00e0 alla sicurezza dell&#8217;allenamento e aggiungono un tocco di eleganza allo spazio fitness. Se siete proprietari di una palestra o appassionati di fitness, apprezzerete l&#8217;aspetto estetico e la sicurezza che queste protezioni apportano alla vostra palestra.<\/p>\n<\/div>\n<\/div>\n\n\n\n<div class=\"wp-block-columns alignwide are-vertically-aligned-center mobile-reverse is-layout-flex wp-container-core-columns-is-layout-e8158c2f wp-block-columns-is-layout-flex\" style=\"padding-top:var(--wp--preset--spacing--side-padding)\">\n<div class=\"wp-block-column is-vertically-aligned-center is-layout-flow wp-block-column-is-layout-flow\">\n<h3 class=\"wp-block-heading\" style=\"margin-bottom:var(--wp--preset--spacing--h-3-bottom)\"><strong>Impugnature ottimali<\/strong><\/h3>\n\n\n\n<p><strong><em><strong><em>Elevare l&#8217;esperienza del fitness<\/em><\/strong><\/em><\/strong><\/p>\n\n\n\n<p style=\"margin-bottom:var(--wp--preset--spacing--tb-section-padding)\">Attirare e mantenere i clienti \u00e8 essenziale per i proprietari di palestre e i gestori di strutture fitness. La serie Evolve Ultra offre impugnature ottimali, meticolosamente progettate per garantire comfort e sicurezza. Migliorate l&#8217;esperienza di allenamento dei vostri clienti, mantenendoli impegnati e motivati a raggiungere i loro obiettivi di fitness presso la vostra struttura.<\/p>\n<\/div>\n\n\n\n<div class=\"wp-block-column is-vertically-aligned-center is-layout-flow wp-block-column-is-layout-flow\">\n<figure class=\"wp-block-image size-large\"><img decoding=\"async\" src=\"https:\/\/evolve-fitness.eu\/wp-content\/uploads\/2023\/08\/A7_08527-1024x683.jpg\" alt=\"\" class=\"wp-image-8739\"\/><\/figure>\n<\/div>\n<\/div>\n\n\n\n<div class=\"wp-block-columns alignwide are-vertically-aligned-center mobile-reverse is-layout-flex wp-container-core-columns-is-layout-e8158c2f wp-block-columns-is-layout-flex\" style=\"padding-top:var(--wp--preset--spacing--side-padding)\">\n<div class=\"wp-block-column is-vertically-aligned-center is-layout-flow wp-block-column-is-layout-flow\">\n<figure class=\"wp-block-image size-large\"><img decoding=\"async\" src=\"https:\/\/evolve-fitness.eu\/wp-content\/uploads\/2023\/08\/A7_08545-1024x683.jpg\" alt=\"\" class=\"wp-image-8734\"\/><\/figure>\n<\/div>\n\n\n\n<div class=\"wp-block-column is-vertically-aligned-center is-layout-flow wp-block-column-is-layout-flow\">\n<h3 class=\"wp-block-heading\">Movimento indipendente del braccio<\/h3>\n\n\n\n<p><\/p>\n\n\n\n<p><strong><em>Un cambiamento di gioco per la versatilit\u00e0<\/em><\/strong><\/p>\n\n\n\n<p>I proprietari di palestre e i gestori di strutture per il fitness capiscono la necessit\u00e0 di avere attrezzature versatili. La nostra serie Evolve Ultra introduce il movimento indipendente delle braccia, una funzione innovativa che consente agli utenti di disporre di una gamma di movimenti pi\u00f9 ampia. Questo innovativo complemento promuove un impegno muscolare e una simmetria superiori, rendendolo un must per gli appassionati di fitness che cercano esperienze di allenamento dinamiche. Elevate la reputazione della vostra palestra con attrezzature che consentano ai vostri clienti di raggiungere i loro obiettivi di fitness in modo efficace ed efficiente.<\/p>\n<\/div>\n<\/div>\n<\/section>\n","protected":false},"excerpt":{"rendered":"<p>Evolve Ultra Series UL-340 \u00e8 la macchina selezionata per le alzate laterali e le flessioni dei pettorali in piedi: un&#8217;innovazione assoluta nel campo delle attrezzature per il fitness. Elevate la vostra esperienza in palestra con questa macchina avanzata, progettata per colpire efficacemente i muscoli deltoidi laterali. Grazie al suo design incentrato sull&#8217;utente, al movimento indipendente del braccio e al comfort impeccabile, l&#8217;UL-340 assicura un allenamento senza pari. L&#8217;elegante finitura opaca, la regolazione del sedile con una sola mano e le impugnature ottimali ne fanno un must per i proprietari di palestre e gli appassionati di fitness. Scoprite la Serie Evolve Ultra UL-340 e ridefinite il vostro percorso di fitness con una miscela di tecnologia all&#8217;avanguardia e comfort eccezionale.<\/p>\n","protected":false},"featured_media":76093,"template":"","meta":{"_acf_changed":false,"inline_featured_image":false},"product_cat":[528,1143,1287],"product_tag":[],"class_list":{"0":"post-46902","1":"product","2":"type-product","3":"status-publish","4":"has-post-thumbnail","6":"product_cat-pagina-iniziale","7":"product_cat-macchine-selezionate","8":"product_cat-macchine-selettive-della-serie-ultra","10":"first","11":"instock","12":"shipping-taxable","13":"purchasable","14":"product-type-simple"},"acf":[],"_links":{"self":[{"href":"https:\/\/store.evolve-fitness.eu\/it\/wp-json\/wp\/v2\/product\/46902","targetHints":{"allow":["GET"]}}],"collection":[{"href":"https:\/\/store.evolve-fitness.eu\/it\/wp-json\/wp\/v2\/product"}],"about":[{"href":"https:\/\/store.evolve-fitness.eu\/it\/wp-json\/wp\/v2\/types\/product"}],"wp:featuredmedia":[{"embeddable":true,"href":"https:\/\/store.evolve-fitness.eu\/it\/wp-json\/wp\/v2\/media\/76093"}],"wp:attachment":[{"href":"https:\/\/store.evolve-fitness.eu\/it\/wp-json\/wp\/v2\/media?parent=46902"}],"wp:term":[{"taxonomy":"product_cat","embeddable":true,"href":"https:\/\/store.evolve-fitness.eu\/it\/wp-json\/wp\/v2\/product_cat?post=46902"},{"taxonomy":"product_tag","embeddable":true,"href":"https:\/\/store.evolve-fitness.eu\/it\/wp-json\/wp\/v2\/product_tag?post=46902"}],"curies":[{"name":"wp","href":"https:\/\/api.w.org\/{rel}","templated":true}]}}