{"id":46523,"date":"2024-01-17T12:31:39","date_gmt":"2024-01-17T12:31:39","guid":{"rendered":"https:\/\/store.evolve-fitness.eu\/product\/carrucola-doppia-regolabile-selettiva-della-serie-evolve-ultra\/"},"modified":"2024-03-14T01:41:27","modified_gmt":"2024-03-14T01:41:27","slug":"carrucola-doppia-regolabile-selettiva-della-serie-evolve-ultra","status":"publish","type":"product","link":"https:\/\/store.evolve-fitness.eu\/it\/prodotto\/carrucola-doppia-regolabile-selettiva-della-serie-evolve-ultra\/","title":{"rendered":"Carrucola doppia regolabile selettiva della serie Evolve Ultra"},"content":{"rendered":"\n<section class=\"wp-block-group alignfull black-content has-white-color has-darkgray-background-color has-text-color has-background is-layout-constrained wp-block-group-is-layout-constrained\" style=\"padding-top:var(--wp--preset--spacing--section-bottom);padding-bottom:var(--wp--preset--spacing--section-bottom)\">\n<div class=\"wp-block-columns alignwide mobile-reverse is-layout-flex wp-container-core-columns-is-layout-ca64bf2d wp-block-columns-is-layout-flex\" style=\"margin-bottom:var(--wp--preset--spacing--side-padding)\">\n<div class=\"wp-block-column is-vertically-aligned-center is-layout-flow wp-block-column-is-layout-flow\">\n<h3 class=\"wp-block-heading\">Benvenuti nella serie Ultra<\/h3>\n\n\n\n<p><\/p>\n\n\n\n<p><strong><em>Conoscete le nostre apparecchiature della serie Ultra con un tour 3D 360 allo stato dell&#8217;arte<\/em><\/strong><\/p>\n\n\n\n<p>La carrucola selettiva doppia regolabile Evolve Ultra Series, parte della Evolve Ultra Series, \u00e8 costruita per garantire comfort e prestazioni. La macchina \u00e8 stata progettata per la versatilit\u00e0 dell&#8217;esercizio, il supporto ergonomico e le opzioni di regolazione per le diverse dimensioni dell&#8217;utente. Il design \u00e8 esteticamente gradevole, con una finitura resistente e verniciata a polvere, e l&#8217;uso di cavi di alta qualit\u00e0 garantisce un funzionamento regolare.<\/p>\n<\/div>\n\n\n\n<div class=\"wp-block-column is-vertically-aligned-center is-layout-flow wp-block-column-is-layout-flow\">\n<figure class=\"wp-block-video\"><video height=\"600\" style=\"aspect-ratio: 680 \/ 600;\" width=\"680\" autoplay=\"\" controls=\"\" loop=\"\" muted=\"\" src=\"https:\/\/evolve-fitness.eu\/wp-content\/uploads\/2023\/08\/Abduction-Adduction-Evolve-Ultra-Series-Selectorized-2.mp4\"><\/video><\/figure>\n<\/div>\n<\/div>\n\n\n\n<div class=\"wp-block-columns alignwide is-layout-flex wp-container-core-columns-is-layout-c45ee707 wp-block-columns-is-layout-flex\" style=\"margin-bottom:var(--wp--preset--spacing--side-padding);padding-top:var(--wp--preset--spacing--side-padding)\">\n<div class=\"wp-block-column is-vertically-aligned-center is-layout-flow wp-block-column-is-layout-flow\">\n<figure class=\"wp-block-image size-large\"><img decoding=\"async\" src=\"https:\/\/evolve-fitness.eu\/wp-content\/uploads\/2023\/08\/Dual-Adjustable-Pulley-Evolve-Ultra-Series-Selectorize_PNG-1-1024x907.png\" alt=\"EV-SC-UL-210\" class=\"wp-image-10154\"\/><\/figure>\n<\/div>\n\n\n\n<div class=\"wp-block-column is-vertically-aligned-center is-layout-flow wp-block-column-is-layout-flow\">\n<h3 class=\"wp-block-heading\"><strong>DOPPIA VERNICIATURA A POLVERE<\/strong><\/h3>\n\n\n\n<p><strong><em><strong><em>Verniciato a polvere elettrostatica<\/em><\/strong><\/em><\/strong><\/p>\n\n\n\n<p style=\"margin-bottom:var(--wp--preset--spacing--tb-section-padding)\">Le macchine di forza della serie Evolve Ultra, con telaio verniciato a polvere elettrostatica in nero perlato opaco, sono un esempio di forma e funzionalit\u00e0. Il suo fascino estetico \u00e8 esaltato dalla finitura nera opaca, mentre le sue caratteristiche pratiche, tra cui la resistenza all&#8217;attrito, le propriet\u00e0 anticorrosione e la resistenza ai graffi, ne fanno un compagno di fitness affidabile e duraturo.<\/p>\n<\/div>\n<\/div>\n\n\n\n<div class=\"wp-block-columns alignwide are-vertically-aligned-center mobile-reverse is-layout-flex wp-container-core-columns-is-layout-e8158c2f wp-block-columns-is-layout-flex\" style=\"padding-top:var(--wp--preset--spacing--side-padding)\">\n<div class=\"wp-block-column is-vertically-aligned-center is-layout-flow wp-block-column-is-layout-flow\">\n<h3 class=\"wp-block-heading\" style=\"margin-bottom:var(--wp--preset--spacing--h-3-bottom)\"><strong>Impugnature ottimali<\/strong><\/h3>\n\n\n\n<p><strong><em><strong><em>Elevare l&#8217;esperienza del fitness<\/em><\/strong><\/em><\/strong><\/p>\n\n\n\n<p style=\"margin-bottom:var(--wp--preset--spacing--tb-section-padding)\">Attirare e mantenere i clienti \u00e8 essenziale per i proprietari di palestre e i gestori di strutture fitness. La serie Evolve Ultra offre impugnature ottimali, meticolosamente progettate per garantire comfort e sicurezza. Migliorate l&#8217;esperienza di allenamento dei vostri clienti, mantenendoli impegnati e motivati a raggiungere i loro obiettivi di fitness presso la vostra struttura.<\/p>\n<\/div>\n\n\n\n<div class=\"wp-block-column is-vertically-aligned-center is-layout-flow wp-block-column-is-layout-flow\">\n<figure class=\"wp-block-image size-large\"><img decoding=\"async\" src=\"https:\/\/evolve-fitness.eu\/wp-content\/uploads\/2023\/08\/Dual-Adjustable-Pulley-Evolve-Ultra-Series-Selectorized_PNG_front-1024x1024.png\" alt=\"EV-SC-UL-210\" class=\"wp-image-10149\"\/><\/figure>\n<\/div>\n<\/div>\n<\/section>\n","protected":false},"excerpt":{"rendered":"<p>Scoprite il massimo della versatilit\u00e0 e dell&#8217;innovazione con il carrucola doppio regolabile selettore della serie Ul-210 di Evolve. Elevate la vostra esperienza di fitness con il movimento indipendente delle braccia, una pila di pesi coperta per la sicurezza e lo stile e un design incentrato sull&#8217;utente. Rivoluzionate la vostra palestra con l&#8217;Ul-210 della serie Evolve Ultra.<\/p>\n","protected":false},"featured_media":46544,"template":"","meta":{"_acf_changed":false,"inline_featured_image":false},"product_cat":[528,1143,1287],"product_tag":[],"class_list":{"0":"post-46523","1":"product","2":"type-product","3":"status-publish","4":"has-post-thumbnail","6":"product_cat-pagina-iniziale","7":"product_cat-macchine-selezionate","8":"product_cat-macchine-selettive-della-serie-ultra","10":"first","11":"instock","12":"shipping-taxable","13":"purchasable","14":"product-type-simple"},"acf":[],"_links":{"self":[{"href":"https:\/\/store.evolve-fitness.eu\/it\/wp-json\/wp\/v2\/product\/46523","targetHints":{"allow":["GET"]}}],"collection":[{"href":"https:\/\/store.evolve-fitness.eu\/it\/wp-json\/wp\/v2\/product"}],"about":[{"href":"https:\/\/store.evolve-fitness.eu\/it\/wp-json\/wp\/v2\/types\/product"}],"wp:featuredmedia":[{"embeddable":true,"href":"https:\/\/store.evolve-fitness.eu\/it\/wp-json\/wp\/v2\/media\/46544"}],"wp:attachment":[{"href":"https:\/\/store.evolve-fitness.eu\/it\/wp-json\/wp\/v2\/media?parent=46523"}],"wp:term":[{"taxonomy":"product_cat","embeddable":true,"href":"https:\/\/store.evolve-fitness.eu\/it\/wp-json\/wp\/v2\/product_cat?post=46523"},{"taxonomy":"product_tag","embeddable":true,"href":"https:\/\/store.evolve-fitness.eu\/it\/wp-json\/wp\/v2\/product_tag?post=46523"}],"curies":[{"name":"wp","href":"https:\/\/api.w.org\/{rel}","templated":true}]}}